{"id":6646,"date":"2026-04-22T07:03:36","date_gmt":"2026-04-22T07:03:36","guid":{"rendered":""},"modified":"2026-04-22T07:03:44","modified_gmt":"2026-04-22T07:03:44","slug":"amoxil-8","status":"publish","type":"product","link":"https:\/\/www.pharmacy-content.com\/?product=amoxil-8&lang=sv","title":{"rendered":"Amoxil"},"content":{"rendered":"<p>Vanlig anv\u00e4ndning<br \/>\nAmoxil \u00e4r ett bredspektrumantibiotikum fr\u00e5n aminopenicillingruppen. Dess verkningsmekanism \u00e4r antibakteriell och best\u00e5r av h\u00e4mning av konstruktionen av bakteriecellsv\u00e4ggar som \u00e4r k\u00e4nsliga f\u00f6r Amoxicillin. Cellv\u00e4ggar tj\u00e4nar till att skydda bakterier fr\u00e5n milj\u00f6n, och verkan av Amoxicillin f\u00f6rhindrar deras f\u00f6r\u00f6kning. Amoxicillin kan vara effektivt mot H. influenzae, N. gonorr\u00e9, E. coli, Pneumokocker, Streptokocker och vissa stammar av stafylokocker. Mikroorganismer som producerar penicillas \u00e4r resistenta mot Amoxicillin. L\u00e4kemedlet \u00e4r inte aktivt mot mykobakterier, mycoplasmas, sl\u00e4ktet Rickettsia, svampar, am\u00f6ba, plasmodium, virus och \u00e4ven Pseudomonas aeruginosa och Proteus spp. (exklusive P. mirabilis).<\/p>\n<p>Dosering och anvisningar<br \/>\nTa exakt som din l\u00e4kare har ordinerat. Tala om f\u00f6r din l\u00e4kare innan du tar denna medicin om du \u00e4r allergisk mot cefalosporiner (Ceclor, Ceftin, Duricef, Keflex), har haft astma, allvarligt nedsatt lever- eller njurfunktion, bl\u00f6dning eller blodkoagulering, mononukleos eller n\u00e5gon typ av allergisk reaktion i historien. Du kan ta Amoxillin med eller utan mat. Tuggtabletten ska tuggas innan du sv\u00e4ljer den. Sv\u00e4lj Amoxillin kapslar hela med ett glas vatten.<\/p>\n<p>F\u00f6rsiktighets\u00e5tg\u00e4rder<br \/>\nDenna medicin minskar effekten av vissa preventivmedel. Forts\u00e4tt att ta detta l\u00e4kemedel \u00e4ven om du m\u00e5r bra, eftersom bakteriernas livscykel har vissa egenheter. Om du slutar ta l\u00e4kemedlet utan att slutf\u00f6ra behandlingsf\u00f6rloppet, kan det leda till ytterligare f\u00f6r\u00f6kning och produktion av stammar som \u00e4r resistenta mot denna medicin. Ge inte detta l\u00e4kemedel till personer som \u00e4r sjuka och har liknande symtom, eftersom deras sjukdom kan provoceras av andra typer av mikroorganismer. Antibiotiska l\u00e4kemedel kan orsaka diarr\u00e9; informera din l\u00e4kare om du har det. Om du ammar och tar Amoxicillin kan l\u00e4kemedlet uts\u00f6ndras i mj\u00f6lk och orsaka diarr\u00e9 hos ditt barn. Informera din l\u00e4kare om du lider av astma.<\/p>\n<p>Kontraindikationer<br \/>\nAllergi mot Amoxicillin eller mot n\u00e5got annat penicillinantibiotikum.<\/p>\n<p>M\u00f6jlig biverkning<br \/>\nF\u00f6rutom allergisymtom (n\u00e4sselfeber, svullnad, utslag), kan m\u00f6jliga reaktioner p\u00e5 Amoxicillin innefatta diarr\u00e9, yrsel, halsbr\u00e4nna, s\u00f6mnl\u00f6shet, illam\u00e5ende, kl\u00e5da, kr\u00e4kningar, f\u00f6rvirring, buksm\u00e4rtor och l\u00e4tta bl\u00e5m\u00e4rken.<\/p>\n<p>L\u00e4kemedelsinteraktion<br \/>\nAmoxicillin \u00e4r inte k\u00e4nt f\u00f6r att minska effekten av p-piller. Det \u00f6kar absorptionen av digoxin och toxiciteten av metotrexat. Uts\u00f6ndring av Amoxicillin genom njurarna bromsas av aspirin.<\/p>\n<p>Missad dos<br \/>\nTa aldrig en dubbel dos av detta l\u00e4kemedel. Om det n\u00e4stan \u00e4r dags f\u00f6r n\u00e4sta dos, hoppa \u00f6ver den missade portionen och forts\u00e4tt att ta medicinen enligt schemat.<\/p>\n<p>\u00d6verdosering<br \/>\nSymtom p\u00e5 \u00f6verdosering av Amoxicillin kan vara kr\u00e4kningar, illam\u00e5ende, diarr\u00e9 och st\u00f6rningar i vatten- och elektrolytbalansen . Kontakta din l\u00e4kare f\u00f6r hj\u00e4lp.<\/p>\n<p>F\u00f6rvaring<br \/>\nF\u00f6rvara i rumstemperatur mellan 59 och 86\u00b0F (15-30\u00b0C) borta fr\u00e5n ljus och fukt.<\/p>\n<p>Ansvarsfriskrivning<br \/>\nVi tillhandah\u00e5ller endast allm\u00e4n information om mediciner som inte t\u00e4cka alla riktningar, m\u00f6jliga l\u00e4kemedelsinteraktioner eller f\u00f6rsiktighets\u00e5tg\u00e4rder. Information p\u00e5 sidan kan inte anv\u00e4ndas f\u00f6r sj\u00e4lvbehandling och sj\u00e4lvdiagnos. Alla specifika instruktioner f\u00f6r en viss patient b\u00f6r \u00f6verenskommas med din v\u00e5rdr\u00e5dgivare eller l\u00e4kare som \u00e4r ansvarig f\u00f6r \u00e4rendet. Vi fr\u00e5ns\u00e4ger oss tillf\u00f6rlitligheten av denna information och eventuella misstag den kan inneh\u00e5lla. Vi ansvarar inte f\u00f6r n\u00e5gra direkta, indirekta, speciella eller andra indirekta skador till f\u00f6ljd av n\u00e5gon anv\u00e4ndning av informationen p\u00e5 denna webbplats och \u00e4ven f\u00f6r konsekvenserna av egenbehandling.<\/p>\n","protected":false},"excerpt":{"rendered":"<p>Amoxil Generisk \u00e4r ett antibiotikum fr\u00e5n penicillingruppen som anv\u00e4nds f\u00f6r att behandla infektioner som lunginflammation, gonorr\u00e9 orsakad av E. coli, salmonella, etc.<\/p>\n","protected":false},"featured_media":6555,"comment_status":"open","ping_status":"closed","template":"","meta":[],"product_brand":[],"product_cat":[315],"product_tag":[],"class_list":{"0":"post-6646","1":"product","2":"type-product","3":"status-publish","4":"has-post-thumbnail","6":"product_cat-antibiotika-sv","7":"pa_active_substance-amoxil","9":"first","10":"instock","11":"shipping-taxable","12":"product-type-variable"},"jetpack_sharing_enabled":true,"_links":{"self":[{"href":"https:\/\/www.pharmacy-content.com\/index.php?rest_route=\/wp\/v2\/product\/6646","targetHints":{"allow":["GET"]}}],"collection":[{"href":"https:\/\/www.pharmacy-content.com\/index.php?rest_route=\/wp\/v2\/product"}],"about":[{"href":"https:\/\/www.pharmacy-content.com\/index.php?rest_route=\/wp\/v2\/types\/product"}],"replies":[{"embeddable":true,"href":"https:\/\/www.pharmacy-content.com\/index.php?rest_route=%2Fwp%2Fv2%2Fcomments&post=6646"}],"wp:featuredmedia":[{"embeddable":true,"href":"https:\/\/www.pharmacy-content.com\/index.php?rest_route=\/wp\/v2\/media\/6555"}],"wp:attachment":[{"href":"https:\/\/www.pharmacy-content.com\/index.php?rest_route=%2Fwp%2Fv2%2Fmedia&parent=6646"}],"wp:term":[{"taxonomy":"product_brand","embeddable":true,"href":"https:\/\/www.pharmacy-content.com\/index.php?rest_route=%2Fwp%2Fv2%2Fproduct_brand&post=6646"},{"taxonomy":"product_cat","embeddable":true,"href":"https:\/\/www.pharmacy-content.com\/index.php?rest_route=%2Fwp%2Fv2%2Fproduct_cat&post=6646"},{"taxonomy":"product_tag","embeddable":true,"href":"https:\/\/www.pharmacy-content.com\/index.php?rest_route=%2Fwp%2Fv2%2Fproduct_tag&post=6646"}],"curies":[{"name":"wp","href":"https:\/\/api.w.org\/{rel}","templated":true}]}}