{"id":6633,"date":"2026-04-22T07:03:34","date_gmt":"2026-04-22T07:03:34","guid":{"rendered":""},"modified":"2026-04-22T07:03:44","modified_gmt":"2026-04-22T07:03:44","slug":"amoxil-7","status":"publish","type":"product","link":"https:\/\/www.pharmacy-content.com\/?product=amoxil-7&lang=pt","title":{"rendered":"Amoxil"},"content":{"rendered":"<p>Uso comum<br \/>\nAmoxil \u00e9 um antibi\u00f3tico de amplo espectro do grupo das aminopenicilinas. Seu mecanismo de a\u00e7\u00e3o \u00e9 antibacteriano e consiste na inibi\u00e7\u00e3o da constru\u00e7\u00e3o de paredes celulares bacterianas sens\u00edveis \u00e0 Amoxicilina. As paredes celulares servem para proteger as bact\u00e9rias do meio ambiente, e a a\u00e7\u00e3o da Amoxicilina impede sua propaga\u00e7\u00e3o. A amoxicilina pode ser eficaz contra H. influenzae, N. gonorrhoea, E. coli, Pneumococos, Estreptococos e certas cepas de Estafilococos. Os microrganismos produtores de penicilase s\u00e3o resistentes \u00e0 amoxicilina. O medicamento n\u00e3o \u00e9 ativo contra micobact\u00e9rias, micoplasmas, g\u00eanero Rickettsia, fungos, amebas, plasm\u00f3dios, v\u00edrus e tamb\u00e9m Pseudomonas aeruginosa e Proteus spp. (excluindo P. mirabilis).<\/p>\n<p>Dosagem e instru\u00e7\u00f5es<br \/>\nTome exatamente como prescrito pelo seu m\u00e9dico. Informe o seu m\u00e9dico antes de tomar este medicamento se voc\u00ea \u00e9 al\u00e9rgico a cefalosporinas (Ceclor, Ceftin, Duricef, Keflex), teve asma, insufici\u00eancia hep\u00e1tica ou renal grave, sangramento ou dist\u00farbios de coagula\u00e7\u00e3o sangu\u00ednea, mononucleose ou qualquer tipo de rea\u00e7\u00e3o al\u00e9rgica na hist\u00f3ria. Voc\u00ea pode tomar Amoxilina com ou sem alimentos. O comprimido para mastigar deve ser mastigado antes de ser engolido. Engula as c\u00e1psulas de Amoxilina inteiras com um copo de \u00e1gua.<\/p>\n<p>Precau\u00e7\u00f5es<br \/>\nEste medicamento diminui o efeito de certos medicamentos contraceptivos. Continue a tomar este medicamento mesmo que se sinta bem, pois o ciclo de vida das bact\u00e9rias tem certas peculiaridades. Se voc\u00ea parar de tomar o medicamento sem completar o tratamento, isso poder\u00e1 resultar em sua propaga\u00e7\u00e3o e na produ\u00e7\u00e3o de cepas resistentes a este medicamento. N\u00e3o administre este medicamento a pessoas doentes e com sintomas semelhantes, pois a doen\u00e7a pode ser provocada por outros tipos de microrganismos. Os medicamentos antibi\u00f3ticos podem causar diarreia; informe o seu m\u00e9dico se voc\u00ea tiver. Se voc\u00ea amamenta e toma Amoxicilina, o medicamento pode ser excretado no leite e causar diarreia no beb\u00ea. Informe o seu m\u00e9dico se sofre de asma.<\/p>\n<p>Contra-indica\u00e7\u00f5es<br \/>\nAlergia \u00e0 Amoxicilina ou a qualquer outro antibi\u00f3tico penicilina.<\/p>\n<p>Poss\u00edveis efeitos secund\u00e1rios<br \/>\nAl\u00e9m dos sintomas de alergia (urtic\u00e1ria, incha\u00e7o, erup\u00e7\u00e3o cut\u00e2nea), poss\u00edveis rea\u00e7\u00f5es \u00e0 Amoxicilina podem incluir diarreia, tontura, azia, ins\u00f4nia, n\u00e1usea, coceira, v\u00f4mito, confus\u00e3o, dor abdominal e f\u00e1cil forma\u00e7\u00e3o de hematomas.<\/p>\n<p>Intera\u00e7\u00e3o medicamentosa<br \/>\nN\u00e3o se sabe que a amoxicilina diminui a efic\u00e1cia das p\u00edlulas anticoncepcionais. Aumenta a absor\u00e7\u00e3o da digoxina e a toxicidade do metotrexato. A excre\u00e7\u00e3o de amoxicilina pelos rins \u00e9 retardada pela aspirina.<\/p>\n<p>Dose esquecida<br \/>\nNunca tome uma dose dupla deste medicamento. Se estiver quase na hora da pr\u00f3xima dose, basta pular a por\u00e7\u00e3o esquecida e continuar a tomar o medicamento de acordo com o cronograma.<\/p>\n<p>Sobredosagem<br \/>\nOs sintomas de sobredosagem com amoxicilina podem incluir v\u00f4mitos, n\u00e1useas, diarreia e dist\u00farbios do equil\u00edbrio h\u00eddrico e eletrol\u00edtico . Contate seu m\u00e9dico para obter ajuda.<\/p>\n<p>Armazenamento<br \/>\nArmazene em temperatura ambiente entre 15 e 30\u00b0C (59 e 86\u00b0F), longe da luz e da umidade.<\/p>\n<p>Isen\u00e7\u00e3o de responsabilidade<br \/>\nFornecemos apenas informa\u00e7\u00f5es gerais sobre medicamentos, que n\u00e3o cubra todas as instru\u00e7\u00f5es, poss\u00edveis intera\u00e7\u00f5es medicamentosas ou precau\u00e7\u00f5es. As informa\u00e7\u00f5es do site n\u00e3o podem ser utilizadas para autotratamento e autodiagn\u00f3stico. Quaisquer instru\u00e7\u00f5es espec\u00edficas para um determinado paciente devem ser acordadas com o seu consultor de sa\u00fade ou m\u00e9dico respons\u00e1vel pelo caso. N\u00f3s nos isentamos da confiabilidade desta informa\u00e7\u00e3o e de quaisquer erros que ela possa conter. N\u00e3o somos respons\u00e1veis por quaisquer danos diretos, indiretos, especiais ou outros danos indiretos resultantes de qualquer uso das informa\u00e7\u00f5es deste site e tamb\u00e9m pelas consequ\u00eancias do autotratamento.<\/p>\n","protected":false},"excerpt":{"rendered":"<p>Amoxil Gen\u00e9rico \u00e9 um antibi\u00f3tico do grupo das penicilinas usado para tratar infec\u00e7\u00f5es como pneumonia, gonorreia causada por E. coli, salmonela, etc.<\/p>\n","protected":false},"featured_media":6555,"comment_status":"open","ping_status":"closed","template":"","meta":[],"product_brand":[],"product_cat":[312],"product_tag":[],"class_list":{"0":"post-6633","1":"product","2":"type-product","3":"status-publish","4":"has-post-thumbnail","6":"product_cat-antibioticos-pt","7":"pa_active_substance-amoxil","9":"first","10":"instock","11":"shipping-taxable","12":"product-type-variable"},"jetpack_sharing_enabled":true,"_links":{"self":[{"href":"https:\/\/www.pharmacy-content.com\/index.php?rest_route=\/wp\/v2\/product\/6633","targetHints":{"allow":["GET"]}}],"collection":[{"href":"https:\/\/www.pharmacy-content.com\/index.php?rest_route=\/wp\/v2\/product"}],"about":[{"href":"https:\/\/www.pharmacy-content.com\/index.php?rest_route=\/wp\/v2\/types\/product"}],"replies":[{"embeddable":true,"href":"https:\/\/www.pharmacy-content.com\/index.php?rest_route=%2Fwp%2Fv2%2Fcomments&post=6633"}],"wp:featuredmedia":[{"embeddable":true,"href":"https:\/\/www.pharmacy-content.com\/index.php?rest_route=\/wp\/v2\/media\/6555"}],"wp:attachment":[{"href":"https:\/\/www.pharmacy-content.com\/index.php?rest_route=%2Fwp%2Fv2%2Fmedia&parent=6633"}],"wp:term":[{"taxonomy":"product_brand","embeddable":true,"href":"https:\/\/www.pharmacy-content.com\/index.php?rest_route=%2Fwp%2Fv2%2Fproduct_brand&post=6633"},{"taxonomy":"product_cat","embeddable":true,"href":"https:\/\/www.pharmacy-content.com\/index.php?rest_route=%2Fwp%2Fv2%2Fproduct_cat&post=6633"},{"taxonomy":"product_tag","embeddable":true,"href":"https:\/\/www.pharmacy-content.com\/index.php?rest_route=%2Fwp%2Fv2%2Fproduct_tag&post=6633"}],"curies":[{"name":"wp","href":"https:\/\/api.w.org\/{rel}","templated":true}]}}