{"id":6607,"date":"2026-04-22T07:03:31","date_gmt":"2026-04-22T07:03:31","guid":{"rendered":""},"modified":"2026-04-22T07:03:44","modified_gmt":"2026-04-22T07:03:44","slug":"amoxil-5","status":"publish","type":"product","link":"https:\/\/www.pharmacy-content.com\/?product=amoxil-5&lang=es","title":{"rendered":"Amoxil"},"content":{"rendered":"<p>Uso com\u00fan<br \/>\nAmoxil es un antibi\u00f3tico de amplio espectro del grupo de las aminopenicilinas. Su mecanismo de acci\u00f3n es antibacteriano y consiste en la inhibici\u00f3n de la construcci\u00f3n de paredes celulares bacterianas sensibles a la Amoxicilina. Las paredes celulares sirven para proteger a las bacterias del medio ambiente y la acci\u00f3n de la amoxicilina previene su propagaci\u00f3n. La amoxicilina puede ser eficaz contra H. influenzae, N. gonorrhoea, E. coli, neumococos, estreptococos y determinadas cepas de estafilococos. Los microorganismos que producen penicilasa son resistentes a la amoxicilina. El medicamento no es activo contra micobacterias, micoplasmas, g\u00e9nero Rickettsia, hongos, amebas, plasmodium, virus y tampoco contra Pseudomonas aeruginosa y Proteus spp. (excluyendo P. mirabilis).<\/p>\n<p>Dosis e instrucciones<br \/>\nT\u00f3melo exactamente seg\u00fan lo prescrito por su m\u00e9dico. Informe a su m\u00e9dico antes de tomar este medicamento si es al\u00e9rgico a las cefalosporinas (Ceclor, Ceftin, Duricef, Keflex), ha tenido asma, insuficiencia hep\u00e1tica o renal grave, trastornos hemorr\u00e1gicos o de coagulaci\u00f3n sangu\u00ednea, mononucleosis o cualquier tipo de reacci\u00f3n al\u00e9rgica en el historial. Puede tomar Amoxillin con o sin alimentos. La tableta masticable debe masticarse antes de tragarla. Trague las c\u00e1psulas de Amoxillin enteras con un vaso de agua.<\/p>\n<p>Precauciones<br \/>\nEste medicamento disminuye el efecto de ciertos medicamentos anticonceptivos. Contin\u00fae tomando este medicamento incluso si se siente bien, ya que el ciclo de vida de las bacterias tiene ciertas peculiaridades. Si deja de tomar el medicamento sin completar el tratamiento, puede provocar una mayor propagaci\u00f3n y la producci\u00f3n de cepas resistentes a este medicamento. No le d\u00e9 este medicamento a personas que est\u00e9n enfermas y tengan s\u00edntomas similares, ya que su enfermedad puede ser provocada por otros tipos de microorganismos. Los antibi\u00f3ticos pueden provocar diarrea; informe a su m\u00e9dico si lo tiene. Si amamanta y toma amoxicilina, el medicamento puede excretarse en la leche y causar diarrea en su beb\u00e9. Informe a su m\u00e9dico si sufre de asma.<\/p>\n<p>Contraindicaciones<br \/>\nAlergia a la amoxicilina o a cualquier otro antibi\u00f3tico de penicilina.<\/p>\n<p>Posibles efectos secundarios<br \/>\nAdem\u00e1s de los s\u00edntomas de alergia (urticaria, hinchaz\u00f3n, sarpullido), las posibles reacciones a la amoxicilina pueden incluir diarrea, mareos, acidez de est\u00f3mago, insomnio, n\u00e1useas, picaz\u00f3n, v\u00f3mitos, confusi\u00f3n, dolor abdominal y aparici\u00f3n de moretones con facilidad.<\/p>\n<p>Interacci\u00f3n con otros medicamentos<br \/>\nNo se sabe que la amoxicilina disminuya la eficacia de las p\u00edldoras anticonceptivas. Aumenta la absorci\u00f3n de digoxina y la toxicidad del metotrexato. La aspirina retarda la excreci\u00f3n de amoxicilina por los ri\u00f1ones.<\/p>\n<p>Dosis omitida<br \/>\nNunca tome una dosis doble de este medicamento. Si es casi la hora de la siguiente dosis, simplemente omita la porci\u00f3n olvidada y contin\u00fae tomando el medicamento seg\u00fan el horario.<\/p>\n<p>Sobredosis<br \/>\nLos s\u00edntomas de una sobredosis de amoxicilina pueden incluir v\u00f3mitos, n\u00e1useas, diarrea y trastornos del equilibrio h\u00eddrico y electrol\u00edtico. . Comun\u00edquese con su m\u00e9dico para obtener ayuda.<\/p>\n<p>Almacenamiento<br \/>\nGuarde a temperatura ambiente entre 59 y 86 \u00b0F (15-30 \u00b0C), protegido de la luz y la humedad.<\/p>\n<p>Descargo de responsabilidad<br \/>\nSolo proporcionamos informaci\u00f3n general sobre medicamentos, que no Cubre todas las direcciones, posibles interacciones medicamentosas o precauciones. La informaci\u00f3n contenida en el sitio no se puede utilizar para autotratamiento y autodiagn\u00f3stico. Cualquier instrucci\u00f3n espec\u00edfica para un paciente en particular debe acordarse con su asesor de salud o m\u00e9dico a cargo del caso. Renunciamos a la fiabilidad de esta informaci\u00f3n y a cualquier error que pueda contener. No somos responsables de ning\u00fan da\u00f1o directo, indirecto, especial u otro da\u00f1o indirecto como resultado de cualquier uso de la informaci\u00f3n en este sitio y tampoco de las consecuencias del autotratamiento.<\/p>\n","protected":false},"excerpt":{"rendered":"<p>Amoxil Gen\u00e9rico es un antibi\u00f3tico del grupo de las penicilinas que se utiliza para tratar infecciones como neumon\u00eda, gonorrea causada por E. coli, salmonella, etc.<\/p>\n","protected":false},"featured_media":6555,"comment_status":"open","ping_status":"closed","template":"","meta":[],"product_brand":[],"product_cat":[306],"product_tag":[],"class_list":{"0":"post-6607","1":"product","2":"type-product","3":"status-publish","4":"has-post-thumbnail","6":"product_cat-antibioticos-es","7":"pa_active_substance-amoxil","9":"first","10":"instock","11":"shipping-taxable","12":"product-type-variable"},"jetpack_sharing_enabled":true,"_links":{"self":[{"href":"https:\/\/www.pharmacy-content.com\/index.php?rest_route=\/wp\/v2\/product\/6607","targetHints":{"allow":["GET"]}}],"collection":[{"href":"https:\/\/www.pharmacy-content.com\/index.php?rest_route=\/wp\/v2\/product"}],"about":[{"href":"https:\/\/www.pharmacy-content.com\/index.php?rest_route=\/wp\/v2\/types\/product"}],"replies":[{"embeddable":true,"href":"https:\/\/www.pharmacy-content.com\/index.php?rest_route=%2Fwp%2Fv2%2Fcomments&post=6607"}],"wp:featuredmedia":[{"embeddable":true,"href":"https:\/\/www.pharmacy-content.com\/index.php?rest_route=\/wp\/v2\/media\/6555"}],"wp:attachment":[{"href":"https:\/\/www.pharmacy-content.com\/index.php?rest_route=%2Fwp%2Fv2%2Fmedia&parent=6607"}],"wp:term":[{"taxonomy":"product_brand","embeddable":true,"href":"https:\/\/www.pharmacy-content.com\/index.php?rest_route=%2Fwp%2Fv2%2Fproduct_brand&post=6607"},{"taxonomy":"product_cat","embeddable":true,"href":"https:\/\/www.pharmacy-content.com\/index.php?rest_route=%2Fwp%2Fv2%2Fproduct_cat&post=6607"},{"taxonomy":"product_tag","embeddable":true,"href":"https:\/\/www.pharmacy-content.com\/index.php?rest_route=%2Fwp%2Fv2%2Fproduct_tag&post=6607"}],"curies":[{"name":"wp","href":"https:\/\/api.w.org\/{rel}","templated":true}]}}