{"id":6408,"date":"2026-04-22T07:02:35","date_gmt":"2026-04-22T07:02:35","guid":{"rendered":""},"modified":"2026-04-22T07:02:43","modified_gmt":"2026-04-22T07:02:43","slug":"clitoris-7","status":"publish","type":"product","link":"https:\/\/www.pharmacy-content.com\/?product=clitoris-7&lang=pt","title":{"rendered":"Clitoris"},"content":{"rendered":"<p>Uso comum<br \/>\nA disfun\u00e7\u00e3o sexual em mulheres \u00e9 caracterizada por falta de desejo, excita\u00e7\u00e3o ou orgasmo. O Clitoris Feminino ajuda a aumentar a libido nas mulheres, aumenta a recorda\u00e7\u00e3o sexual, a sensibilidade \u00e0 estimula\u00e7\u00e3o, promove cl\u00edmax extraordin\u00e1rios e m\u00faltiplos, lubrifica\u00e7\u00e3o natural perfeita. Atua aumentando o fluxo sangu\u00edneo genital necess\u00e1rio e a complac\u00eancia vaginal, resultando em prazer intensificado durante o ato sexual.<\/p>\n<p>Dosagem e orienta\u00e7\u00e3o<br \/>\nTome por via oral, o efeito aparece 45 minutos ap\u00f3s a ingest\u00e3o e continua de 4 a 6 horas. N\u00e3o exceda a dose recomendada para evitar o agravamento dos efeitos colaterais.<\/p>\n<p>Precau\u00e7\u00f5es<br \/>\nEste medicamento \u00e9 eficaz em mulheres com menos de 50 anos. fazer uma histerectomia e menopausa. Consulte o seu m\u00e9dico se estiver gr\u00e1vida ou amamentando antes de tomar Clitoris Feminino.<\/p>\n<p>Contraindica\u00e7\u00e3o<br \/>\nN\u00e3o tome este medicamento se voc\u00ea for hipersens\u00edvel a ele.<\/p>\n<p>Poss\u00edveis efeitos colaterais<br \/>\nEste medicamento geralmente \u00e9 bem tolerado, mas alguns indiv\u00edduos podem apresentar rubor facial; dor de est\u00f4mago; sensibilidade \u00e0 luz; n\u00e1usea. Procure atendimento m\u00e9dico de emerg\u00eancia imediatamente se ocorrer algum dos efeitos colaterais graves.<\/p>\n<p>Intera\u00e7\u00e3o medicamentosa<br \/>\nO Clitoris feminino demonstrou potencializar os efeitos hipotensores dos nitratos e sua administra\u00e7\u00e3o a pacientes que usam nitratos org\u00e2nicos, regularmente e\/ou intermitentemente, em qualquer forma \u00e9, portanto, contra-indicada.<\/p>\n<p>Dose esquecida<br \/>\nTome a dose esquecida assim que se lembrar. Se estiver quase na hora da pr\u00f3xima dose, ignore-a e retorne ao seu esquema regular.<\/p>\n<p>Sobredosagem<br \/>\n\u00c9 necess\u00e1rio atendimento m\u00e9dico imediato caso voc\u00ea tenha tomado uma overdose do medicamento.<\/p>\n<p>Armazenamento<br \/>\nO Clitoris feminino deve ser guardado no quarto temperatura, entre 36-86 graus F em um recipiente fechado.<\/p>\n<p>Isen\u00e7\u00e3o de responsabilidade<br \/>\nFornecemos apenas informa\u00e7\u00f5es gerais sobre medicamentos que n\u00e3o cobrem todas as instru\u00e7\u00f5es, poss\u00edveis integra\u00e7\u00f5es de medicamentos ou precau\u00e7\u00f5es. As informa\u00e7\u00f5es do site n\u00e3o podem ser utilizadas para autotratamento e autodiagn\u00f3stico. Quaisquer instru\u00e7\u00f5es espec\u00edficas para um determinado paciente devem ser acordadas com o seu conselheiro de sa\u00fade ou m\u00e9dico respons\u00e1vel pelo caso. N\u00f3s nos isentamos da confiabilidade dessas informa\u00e7\u00f5es e dos erros que elas possam conter. N\u00e3o nos responsabilizamos por quaisquer danos diretos, indiretos, especiais ou outros danos indiretos resultantes de qualquer uso das informa\u00e7\u00f5es deste site e tamb\u00e9m pelas consequ\u00eancias do autotratamento.<\/p>\n","protected":false},"excerpt":{"rendered":"<p>Este medicamento Generic \u00e9 a vers\u00e3o feminina usada pelos homens. \u00c9 formulado especificamente para mulheres que desejam melhorar seu prazer sexual. O que faz \u00e9 aumentar o fluxo sangu\u00edneo para a vagina durante a rela\u00e7\u00e3o sexual. \u00c9 o principal respons\u00e1vel por desencadear o ato sexual, permitindo que voc\u00ea experimente uma experi\u00eancia sexual excitante e mais maravilhosa.<\/p>\n","protected":false},"featured_media":6372,"comment_status":"open","ping_status":"closed","template":"","meta":[],"product_brand":[],"product_cat":[252],"product_tag":[],"class_list":{"0":"post-6408","1":"product","2":"type-product","3":"status-publish","4":"has-post-thumbnail","6":"product_cat-disfuncao-sexual-pt","7":"pa_active_substance-sildenafilcitrate","9":"first","10":"instock","11":"shipping-taxable","12":"product-type-simple"},"jetpack_sharing_enabled":true,"_links":{"self":[{"href":"https:\/\/www.pharmacy-content.com\/index.php?rest_route=\/wp\/v2\/product\/6408","targetHints":{"allow":["GET"]}}],"collection":[{"href":"https:\/\/www.pharmacy-content.com\/index.php?rest_route=\/wp\/v2\/product"}],"about":[{"href":"https:\/\/www.pharmacy-content.com\/index.php?rest_route=\/wp\/v2\/types\/product"}],"replies":[{"embeddable":true,"href":"https:\/\/www.pharmacy-content.com\/index.php?rest_route=%2Fwp%2Fv2%2Fcomments&post=6408"}],"wp:featuredmedia":[{"embeddable":true,"href":"https:\/\/www.pharmacy-content.com\/index.php?rest_route=\/wp\/v2\/media\/6372"}],"wp:attachment":[{"href":"https:\/\/www.pharmacy-content.com\/index.php?rest_route=%2Fwp%2Fv2%2Fmedia&parent=6408"}],"wp:term":[{"taxonomy":"product_brand","embeddable":true,"href":"https:\/\/www.pharmacy-content.com\/index.php?rest_route=%2Fwp%2Fv2%2Fproduct_brand&post=6408"},{"taxonomy":"product_cat","embeddable":true,"href":"https:\/\/www.pharmacy-content.com\/index.php?rest_route=%2Fwp%2Fv2%2Fproduct_cat&post=6408"},{"taxonomy":"product_tag","embeddable":true,"href":"https:\/\/www.pharmacy-content.com\/index.php?rest_route=%2Fwp%2Fv2%2Fproduct_tag&post=6408"}],"curies":[{"name":"wp","href":"https:\/\/api.w.org\/{rel}","templated":true}]}}