{"id":6390,"date":"2026-04-22T07:02:32","date_gmt":"2026-04-22T07:02:32","guid":{"rendered":""},"modified":"2026-04-22T07:02:42","modified_gmt":"2026-04-22T07:02:42","slug":"clitoris-4","status":"publish","type":"product","link":"https:\/\/www.pharmacy-content.com\/?product=clitoris-4&lang=it","title":{"rendered":"Clitoris"},"content":{"rendered":"<p>Uso comune<br \/>\nLa disfunzione sessuale nelle donne \u00e8 caratterizzata da una mancanza di desiderio, eccitazione o orgasmo. Il Clitoris femminile aiuta ad aumentare la libido nelle donne, aumenta il richiamo sessuale, la sensibilit\u00e0 alla stimolazione, promuove climax straordinari e multipli, una perfetta lubrificazione naturale. Agisce aumentando il flusso sanguigno genitale richiesto e la compliance vaginale con conseguente piacere intensificato durante l&#8217;atto sessuale.<\/p>\n<p>Dosaggio e direzioni<br \/>\nPrendilo per via orale, l&#8217;effetto appare in 45 minuti dopo l&#8217;assunzione e continua 4-6 ore. Non superare la dose raccomandata per evitare il peggioramento degli effetti collaterali.<\/p>\n<p>Precauzioni<br \/>\nQuesto farmaco \u00e8 efficace nelle donne di et\u00e0 inferiore ai 50 anni. avere un&#8217;isterectomia e la menopausa. Consulta il tuo medico se sei incinta o stai allattando prima di prendere il Clitoris femminile.<\/p>\n<p>Controindicazione<br \/>\nNon assumere questo farmaco se sei ipersensibile ad esso.<\/p>\n<p>Possibili effetti collaterali<br \/>\nQuesto farmaco \u00e8 generalmente ben tollerato ma alcuni individui potrebbero manifestare rossore al viso; mal di stomaco; sensibilit\u00e0 alla luce; nausea. Rivolgersi immediatamente al medico di emergenza se si verifica uno qualsiasi degli effetti collaterali gravi.<\/p>\n<p>Interazione farmacologica<br \/>\n\u00c8 stato dimostrato che il Clitoris femminile potenzia gli effetti ipotensivi dei nitrati e la sua somministrazione a pazienti che utilizzano nitrati organici, regolarmente e\/o in modo intermittente, in qualsiasi forma \u00e8 quindi controindicata.<\/p>\n<p>Dose dimenticata<br \/>\nPrenda la dose dimenticata non appena se ne ricorda. Se \u00e8 quasi l&#8217;ora della dose successiva, saltala e torna al tuo programma normale.<\/p>\n<p>Sovradosaggio<br \/>\n\u00c8 necessaria assistenza medica immediata in caso di overdose del medicinale.<\/p>\n<p>Conservazione<br \/>\nIl Clitoris femminile deve essere conservato nella stanza temperatura, compresa tra 36 e 86 gradi F in un contenitore chiuso.<\/p>\n<p>Esonero di responsabilit\u00e0<br \/>\nForniamo solo informazioni generali sui farmaci che non coprono tutte le indicazioni, possibili integrazioni farmacologiche o precauzioni. Le informazioni presenti sul sito non possono essere utilizzate per l&#8217;autotrattamento e l&#8217;autodiagnosi. Eventuali istruzioni specifiche per un particolare paziente devono essere concordate con il proprio consulente sanitario o medico responsabile del caso. Decliniamo l&#8217;affidabilit\u00e0 di queste informazioni e gli errori che potrebbero contenere. Non siamo responsabili per eventuali danni diretti, indiretti, speciali o altri danni indiretti derivanti dall&#8217;uso delle informazioni contenute in questo sito e anche per le conseguenze dell&#8217;autotrattamento.<\/p>\n","protected":false},"excerpt":{"rendered":"<p>Questo farmaco Generic \u00e8 la versione femminile di quella usata per gli uomini. \u00c8 specificatamente formulato per le donne che desiderano migliorare il proprio piacere sessuale. Ci\u00f2 che fa \u00e8 migliorare il flusso sanguigno alla vagina durante il rapporto sessuale. \u00c8 principalmente responsabile dell&#8217;accensione dell&#8217;atto sessuale permettendoti di vivere un&#8217;esperienza sessuale emozionante e meravigliosa.<\/p>\n","protected":false},"featured_media":6372,"comment_status":"open","ping_status":"closed","template":"","meta":[],"product_brand":[],"product_cat":[243],"product_tag":[],"class_list":{"0":"post-6390","1":"product","2":"type-product","3":"status-publish","4":"has-post-thumbnail","6":"product_cat-disfunzione-sessuale-it","7":"pa_active_substance-sildenafilcitrate","9":"first","10":"instock","11":"shipping-taxable","12":"product-type-simple"},"jetpack_sharing_enabled":true,"_links":{"self":[{"href":"https:\/\/www.pharmacy-content.com\/index.php?rest_route=\/wp\/v2\/product\/6390","targetHints":{"allow":["GET"]}}],"collection":[{"href":"https:\/\/www.pharmacy-content.com\/index.php?rest_route=\/wp\/v2\/product"}],"about":[{"href":"https:\/\/www.pharmacy-content.com\/index.php?rest_route=\/wp\/v2\/types\/product"}],"replies":[{"embeddable":true,"href":"https:\/\/www.pharmacy-content.com\/index.php?rest_route=%2Fwp%2Fv2%2Fcomments&post=6390"}],"wp:featuredmedia":[{"embeddable":true,"href":"https:\/\/www.pharmacy-content.com\/index.php?rest_route=\/wp\/v2\/media\/6372"}],"wp:attachment":[{"href":"https:\/\/www.pharmacy-content.com\/index.php?rest_route=%2Fwp%2Fv2%2Fmedia&parent=6390"}],"wp:term":[{"taxonomy":"product_brand","embeddable":true,"href":"https:\/\/www.pharmacy-content.com\/index.php?rest_route=%2Fwp%2Fv2%2Fproduct_brand&post=6390"},{"taxonomy":"product_cat","embeddable":true,"href":"https:\/\/www.pharmacy-content.com\/index.php?rest_route=%2Fwp%2Fv2%2Fproduct_cat&post=6390"},{"taxonomy":"product_tag","embeddable":true,"href":"https:\/\/www.pharmacy-content.com\/index.php?rest_route=%2Fwp%2Fv2%2Fproduct_tag&post=6390"}],"curies":[{"name":"wp","href":"https:\/\/api.w.org\/{rel}","templated":true}]}}