{"id":6292,"date":"2026-04-22T07:02:01","date_gmt":"2026-04-22T07:02:01","guid":{"rendered":""},"modified":"2026-04-22T07:02:08","modified_gmt":"2026-04-22T07:02:08","slug":"abhiforce-fm-8","status":"publish","type":"product","link":"https:\/\/www.pharmacy-content.com\/?product=abhiforce-fm-8&lang=sv","title":{"rendered":"Abhiforce-FM"},"content":{"rendered":"<p>Abhiforce FM \u00e4r ett l\u00e4kemedel som kan hj\u00e4lpa till att bota problem med sexuell dysfunktion hos kvinnor. Ett s\u00e5dant sexuellt problem som uppst\u00e5r hos kvinnor \u00e4r k\u00e4nt som kvinnlig sexuell dysfunktion. <\/p>\n<p> Det h\u00e4r m\u00e4rket av l\u00e4kemedel kan ge kvinnor ett mycket h\u00f6gre blodfl\u00f6de i slidan, s\u00e5 att de kan uppn\u00e5 b\u00e4ttre och h\u00f6gkvalitativa extatiska orgasmer. Under det annalkande klimakteriet hos kvinnor minskar de sexuella k\u00e4nslorna eller f\u00f6rm\u00e5gan att uppn\u00e5 orgasmer gradvis.<\/p>\n<p> Kom ih\u00e5g att varje form av missbruk, s\u00e5som en potentiell \u00f6verdos av kvinnligt generiskt Sildenafil, kan orsaka en \u00f6verdos och i slut\u00e4ndan ge biverkningar som \u00e4r f\u00f6rknippade med l\u00e4kemedlet .<\/p>\n<p>Eftersom det \u00e4r ett allm\u00e4nt piller m\u00e5ste du sv\u00e4lja l\u00e4kemedlen med ett tidigare intag av vatten f\u00f6r att till\u00e5ta smidig passage till magen. Det som \u00e4r bra med denna medicin \u00e4r att du kan ta den n\u00e4r som helst p\u00e5 dygnet, oavsett om det \u00e4r natt eller dag, effekten av medicinen f\u00f6r\u00e4ndras inte. N\u00e4r effekterna av l\u00e4kemedlet \u00e4r borta har du inte l\u00e4ngre samma f\u00f6rdelar. Doseringen av l\u00e4kemedlet \u00e4r aktiv i cirka 6 timmar. <\/p>\n<p> \u00d6verdosera eller ta aldrig mer \u00e4n ett enda l\u00e4kemedel inom samma dag som du tar det f\u00f6rsta. Det \u00e4r ocks\u00e5 obligatoriskt att undvika alkohol under hela den aktiva tidslinjen f\u00f6r l\u00e4kemedlen f\u00f6r att undvika biverkningar.<\/p>\n<p> Biverkningar:<br \/>\nHuvudv\u00e4rk<br \/>\nYrsel<br \/>\nIllam\u00e5ende<br \/>\nDiarr\u00e9<br \/>\nKr\u00e4kningar<br \/>\nSuddig syn<br \/>\nHar hj\u00e4rtklappning<br \/>\n\u00d6kad svettning<br \/>\nMinskad h\u00f6rsinne <\/p>\n<p> F\u00f6rvaring<br \/>\n F\u00f6rvara dina mediciner i temperaturer under 30 grader och i en inte s\u00e5 fuktig milj\u00f6.<\/p>\n","protected":false},"excerpt":{"rendered":"<p>Abhiforce-FM Generisk f\u00f6rb\u00e4ttrar kvinnans sexualitet, \u00f6kar k\u00e4nsligheten f\u00f6r stimulering, g\u00f6r det m\u00f6jligt att n\u00e5 en intensiv sexuell tillfredsst\u00e4llelse.<\/p>\n","protected":false},"featured_media":6250,"comment_status":"open","ping_status":"closed","template":"","meta":[],"product_brand":[],"product_cat":[255],"product_tag":[],"class_list":{"0":"post-6292","1":"product","2":"type-product","3":"status-publish","4":"has-post-thumbnail","6":"product_cat-sexuell-dysfunktion-sv","7":"pa_active_substance-womensildenafil","9":"first","10":"instock","11":"shipping-taxable","12":"product-type-simple"},"jetpack_sharing_enabled":true,"_links":{"self":[{"href":"https:\/\/www.pharmacy-content.com\/index.php?rest_route=\/wp\/v2\/product\/6292","targetHints":{"allow":["GET"]}}],"collection":[{"href":"https:\/\/www.pharmacy-content.com\/index.php?rest_route=\/wp\/v2\/product"}],"about":[{"href":"https:\/\/www.pharmacy-content.com\/index.php?rest_route=\/wp\/v2\/types\/product"}],"replies":[{"embeddable":true,"href":"https:\/\/www.pharmacy-content.com\/index.php?rest_route=%2Fwp%2Fv2%2Fcomments&post=6292"}],"wp:featuredmedia":[{"embeddable":true,"href":"https:\/\/www.pharmacy-content.com\/index.php?rest_route=\/wp\/v2\/media\/6250"}],"wp:attachment":[{"href":"https:\/\/www.pharmacy-content.com\/index.php?rest_route=%2Fwp%2Fv2%2Fmedia&parent=6292"}],"wp:term":[{"taxonomy":"product_brand","embeddable":true,"href":"https:\/\/www.pharmacy-content.com\/index.php?rest_route=%2Fwp%2Fv2%2Fproduct_brand&post=6292"},{"taxonomy":"product_cat","embeddable":true,"href":"https:\/\/www.pharmacy-content.com\/index.php?rest_route=%2Fwp%2Fv2%2Fproduct_cat&post=6292"},{"taxonomy":"product_tag","embeddable":true,"href":"https:\/\/www.pharmacy-content.com\/index.php?rest_route=%2Fwp%2Fv2%2Fproduct_tag&post=6292"}],"curies":[{"name":"wp","href":"https:\/\/api.w.org\/{rel}","templated":true}]}}