{"id":6164,"date":"2026-04-22T07:00:52","date_gmt":"2026-04-22T07:00:52","guid":{"rendered":""},"modified":"2026-04-22T07:01:04","modified_gmt":"2026-04-22T07:01:04","slug":"priligy-5","status":"publish","type":"product","link":"https:\/\/www.pharmacy-content.com\/?product=priligy-5&lang=es","title":{"rendered":"Priligy"},"content":{"rendered":"<p>INDICATIONS<\/p>\n<p>Dapoxetine es un inhibidor selectivo de la recaptaci\u00f3n de serotonina que demostr\u00f3 eficacia en miles de pacientes con un problema de eyaculaci\u00f3n precoz. El aumenta los niveles de serotonina en el cerebro mejorando el control del paciente sobre la eyaculaci\u00f3n y tiene otros efectos beneficiosos sobre la vida sexual.<\/p>\n<p>INSTRUCCIONES<\/p>\n<p>Use Dapoxetine como es indcado por el m\u00e9dico. Tome Dapoxetine por v\u00eda oral con un vaso lleno de agua. Dapoxetine se toma generalmente una hora antes de la relaci\u00f3n sexual. No tome m\u00e1s de la dosis recomendada o lo tome con m\u00e1s frecuencia que una vez al d\u00eda.<\/p>\n<p>DOSIS<\/p>\n<p>Para la mayor\u00eda de los pacientes, la dosis inicial es 60 mg. El m\u00e9dico puede recetar Dapoxetine 30 mg o Dapoxetine 60 mg a Usted, aunque algunos pacientes pueden requerir Depoxetine 120 mg si no han respondido a la dosis original. Consulte con su m\u00e9dico si Usted tiene cualquiera pregunta sobre el uso de Dapoxetine.<\/p>\n<p>ALMACENAMIENTO<\/p>\n<p>Almacene Dapoxetine a temperatura ambiente lejos del calor, de la humedad y de la luz. Almacene Dapoxetine en un lugar seguro donde sus hijos no pueden llegarlo.<\/p>\n<p>M\u00c1S INFORMACI\u00d3N:<\/p>\n<p>Ingrediente activo: Clorhidrato de Dapoxetine.<\/p>\n<p>INFORMACI\u00d3N DE SEGURIDAD<\/p>\n<p>No use Dapoxetine si: Usted es al\u00e9rgico a cualquier ingrediente de Dapoxetine su m\u00e9dico recomienda a evitar la actividad sexual a causa de problemas card\u00edacos Usted est\u00e1 tomando nitratos (por ejemplo, isosorbide, nitroglicerina) en cualquiera forma (por ejemplo, tableta, c\u00e1psula, ung\u00fcento) o nitroprusiato Usted usa ciertas drogas recreativas llamadas &#8216;poppers&#8217; (por ejemplo, nitrato de amilo o nitrito, nitrato o nitrito de butilo) Contacte con su m\u00e9dico de una vez si algunas de estas condici\u00f3nes se apliquen a Usted.<\/p>\n<p>Algunas condiciones m\u00e9dicas pueden interactuar con Dapoxetine. D\u00edga a su m\u00e9dico o farmac\u00e9utico si tiene algunas de los siguientes condici\u00f3nes m\u00e9dicas: si toma cualquier medicamento recetado o medicamento sin receta, preparado herb\u00e1ceo o suplemento diet\u00e9tico si Usted tiene alergias a medicamentos, alimentos o otras sustancias si Usted tiene un pene deformado (por ejemplo, la enfermedad de Peyronie), problemas sangu\u00edneos celulares (por ejemplo, leucemia, anemia de c\u00e9lulas falciformes) o cualquiera otra condici\u00f3n que puede aumentar el riesgo de una erecci\u00f3n prolongada (priapismo) si Usted tiene antecedentes de una erecci\u00f3n prolongada (m\u00e1s de 4 horas) o dolorosa (priapismo) si Usted tiene antacadentes de problemas hep\u00e1ticos o renales, presi\u00f3n arterial alta o baja, \u00falceras, problemas de hemorragia, problemas card\u00edacos (por ejemplo, insuficiencia card\u00edaca, ritmo card\u00edaco irregular), o problemas de los vasos sangu\u00edneos si Usted tiene antecedentes de ataque cardiaco, accidente cerebrovascular, o ritmo card\u00edaco irregular amenazado a la vida especialmente en los \u00faltimos 6 meses.<\/p>\n<p>Algunos medicamentos pueden interactuar con Dapoxetine. Diga a el m\u00e9dico si toma otros medicamentos, especialmente algunos de los siguientes: Los alfa-bloqueadores (por ejemplo, doxazosina), medicamentos para la presi\u00f3n arterial alta, los nitratos (por ejemplo, isosorbide, nitroglicerina), o nitroprusiato porque la presi\u00f3n arterial muy baja, con mareos, vah\u00eddos; y desmayos pueden ocurrir Antif\u00fangicos azoles (por ejemplo, itraconazol), inhibidores de la proteasa de VIH (por ejemplo, ritonavir), antibi\u00f3ticos macr\u00f3lidos (por ejemplo, eritromicina), analg\u00e9sicos narc\u00f3ticos (por ejemplo, dihidrocode\u00edna) o telitromicina porque pueden aumentar el riesgo de efectos secundarios de Dapoxetine Bosentan o rifampicina, porque pueden disminuir la eficacia de la Dapoxetine. No es una lista completa de todas las interacciones que pueden ocurrir. Consulte con el m\u00e9dico si Dapoxetine puede interactuar con otros medicamentos que toma. Consulte con el m\u00e9dico antes de iniciar, detener o cambiar la dosis de cualquier medicamento.<\/p>\n<p>Informaci\u00f3n importante sobre seguridad:<\/p>\n<p>Dapoxetine puede causar mareos, somnolencia, desmayos, o visi\u00f3n borrosa. Estos efectos pueden empeorar si Usted toma Dapoxetine con alcohol o ciertos medicamentos. Use Dapoxetine con precauci\u00f3n. No conduzca o realice otras tareas posiblemente peligrosas hasta que sepa c\u00f3mo reacciona a Dapoxetine. Dapoxetine puede causar mareos, vah\u00eddos o desmayos; alcohol, tiempo caluroso, ejercicio, o fiebre pueden aumentar estos efectos. Para prevenirlos levantese o si\u00e9ntese lentamente, especialmente en la ma\u00f1ana. Si\u00e9ntese o acu\u00e9stese a la primera se\u00f1al de alguno de estos efectos. Los pacientes con problemas card\u00edacos que toman Dapoxetine pueden estar en mayor riesgo de efectos secundarios relacionados con el coraz\u00f3n, incluyendo ataque card\u00edaco o accidente cerebrovascular. Los s\u00edntomas de un ataque card\u00edaco pueden incluir dolor en el pecho, en los hombros, en el cuello o dolor en la mand\u00edbula, entumecimiento de un brazo o una pierna; mareos intensos, dolor de cabeza, n\u00e1useas, dolor de est\u00f3mago o v\u00f3mitos, cambios en la visi\u00f3n, sensaci\u00f3n de desmayo. Los s\u00edntomas de un derrame cerebral pueden incluir confusi\u00f3n, cambios en la visi\u00f3n o del habla, debilidad unilateral, o desmayo. Consulte con su m\u00e9dico o busque atenci\u00f3n m\u00e9dica inmediatamente si usted experimenta estos s\u00edntomas. Dapoxetine puede causar una erecci\u00f3n prolongada (por ejemplo, m\u00e1s de 4 horas) o dolorosa. Esto puede ocurrir tambien cuando no tiene relaciones sexuales. Si no tratado a tiempo, podr\u00eda acabar en problemas sexuales permanentes como la impotencia. Consulte con su m\u00e9dico inmediatamente si esto ocurre. Dapoxetine no detiene la propagaci\u00f3n del VIH o otras enfermedades de transmisi\u00f3n sexual (ETS) a otros por contacto sexual. Use m\u00e9todos anticonceptivos de barrera (por ejemplo, preservativos) si tiene la infecci\u00f3n por VIH o ETS. Dapoxetine no previene el embarazo. Si su pareja puede caer embarazada y quiere evitar el embarazo, use un m\u00e9todo efectivo de control de la natalidad. Dapoxetine infrecuente puede causar cambios en la visi\u00f3n leves, temporales (por ejemplo, la visi\u00f3n borrosa, sensibilidad para la luz, el color azul \/ verde de la visi\u00f3n). Consulte con su m\u00e9dico si los cambios de la visi\u00f3n persisten o son severos. No use otros medicamentos o tratamientos para la disfunci\u00f3n er\u00e9ctil, mientras que usted est\u00e1 tomando Dapoxetine sin consultar con su m\u00e9dico. Use Dapoxetine con precauci\u00f3n en los ancianos, porque pueden ser m\u00e1s sensibles a sus efectos. Dapoxetine no es recomendado para uso en pacientes menores de 18 a\u00f1os.<\/p>\n<p>EFECTOS SECUNDARIOS<\/p>\n<p>Todos los medicamentos pueden causar efectos secundarios, pero muchas personas no tienen estos efectos, o tienen efectos secundarios menores. Consulte con su m\u00e9dico si cualquier de estos efectos secundarios m\u00e1s comunes persiste o vuelve molesto: Mareos, somnolencia o insomnio, letargo, fatiga, temblores, agitaci\u00f3n, ansiedad, tendencias suicidas, man\u00eda, anorexia, sequedad de boca o hipersalivaci\u00f3n y diarrea, erupci\u00f3n cut\u00e1nea, urticaria.<\/p>\n<p>Busque atenci\u00f3n m\u00e9dica inmediatamente si alguno de estos efectos secundarios graves ocurre: El estado de excitaci\u00f3n, n\u00e1useas, v\u00f3mitos, calambres, convulsiones. No es una lista completa de efectos secundarios que pueden ocurrir. Si usted tiene preguntas sobre los efectos secundarios, contacte con el m\u00e9dico.<\/p>\n","protected":false},"excerpt":{"rendered":"<p>La eyaculaci\u00f3n precoz (EP) es una angustiosa disfunci\u00f3n sexual masculina, que puede tener lugar incluso a partir de tu primera relaci\u00f3n sexual, o desarrollarse m\u00e1s adelante en la vida. Los hombres que sufren de EP, parecen pasar por el mismo proceso de eyaculaci\u00f3n que otros hombres pasan, sin embargo, lo hacen m\u00e1s r\u00e1pidamente, y es m\u00e1s dif\u00edcil para los hombres controlar sus eyaculaciones.<\/p>\n","protected":false},"featured_media":6108,"comment_status":"open","ping_status":"closed","template":"","meta":[],"product_brand":[],"product_cat":[216],"product_tag":[],"class_list":{"0":"post-6164","1":"product","2":"type-product","3":"status-publish","4":"has-post-thumbnail","6":"product_cat-eyaculacion-precoz-es","7":"pa_active_substance-dapoxetine","9":"first","10":"instock","11":"shipping-taxable","12":"product-type-variable"},"jetpack_sharing_enabled":true,"_links":{"self":[{"href":"https:\/\/www.pharmacy-content.com\/index.php?rest_route=\/wp\/v2\/product\/6164","targetHints":{"allow":["GET"]}}],"collection":[{"href":"https:\/\/www.pharmacy-content.com\/index.php?rest_route=\/wp\/v2\/product"}],"about":[{"href":"https:\/\/www.pharmacy-content.com\/index.php?rest_route=\/wp\/v2\/types\/product"}],"replies":[{"embeddable":true,"href":"https:\/\/www.pharmacy-content.com\/index.php?rest_route=%2Fwp%2Fv2%2Fcomments&post=6164"}],"wp:featuredmedia":[{"embeddable":true,"href":"https:\/\/www.pharmacy-content.com\/index.php?rest_route=\/wp\/v2\/media\/6108"}],"wp:attachment":[{"href":"https:\/\/www.pharmacy-content.com\/index.php?rest_route=%2Fwp%2Fv2%2Fmedia&parent=6164"}],"wp:term":[{"taxonomy":"product_brand","embeddable":true,"href":"https:\/\/www.pharmacy-content.com\/index.php?rest_route=%2Fwp%2Fv2%2Fproduct_brand&post=6164"},{"taxonomy":"product_cat","embeddable":true,"href":"https:\/\/www.pharmacy-content.com\/index.php?rest_route=%2Fwp%2Fv2%2Fproduct_cat&post=6164"},{"taxonomy":"product_tag","embeddable":true,"href":"https:\/\/www.pharmacy-content.com\/index.php?rest_route=%2Fwp%2Fv2%2Fproduct_tag&post=6164"}],"curies":[{"name":"wp","href":"https:\/\/api.w.org\/{rel}","templated":true}]}}