{"id":6076,"date":"2026-04-22T07:00:07","date_gmt":"2026-04-22T07:00:07","guid":{"rendered":""},"modified":"2026-04-22T07:00:16","modified_gmt":"2026-04-22T07:00:16","slug":"dapoxy-6","status":"publish","type":"product","link":"https:\/\/www.pharmacy-content.com\/?product=dapoxy-6&lang=pl","title":{"rendered":"Dapoxy"},"content":{"rendered":"<p>Powszechne zastosowanie<br \/>\nDapoxya nale\u017cy do klasy selektywnych inhibitor\u00f3w wychwytu zwrotnego serotoniny (SSRI). Ten kr\u00f3tko dzia\u0142aj\u0105cy inhibitor stosowany jest w leczeniu przedwczesnego wytrysku u m\u0119\u017cczyzn.<\/p>\n<p>Dawkowanie i spos\u00f3b stosowania<br \/>\nDapoxy\u0119 nale\u017cy przyjmowa\u0107 doustnie, popijaj\u0105c szklank\u0105 wody, z posi\u0142kiem lub bez. Unikaj krojenia, kruszenia lub \u017cucia tego leku.<br \/>\nNie nale\u017cy stosowa\u0107 leku cz\u0119\u015bciej ni\u017c jest to przepisane. Nie nale\u017cy przerywa\u0107 jego stosowania, chyba \u017ce za rad\u0105 lekarza.<br \/>\nMo\u017ce min\u0105\u0107 troch\u0119 czasu, zanim lek zacznie dzia\u0142a\u0107.<br \/>\nSkonsultuj si\u0119 z lekarzem w sprawie w\u0142a\u015bciwej dla Ciebie dawki.<\/p>\n<p>\u015arodki ostro\u017cno\u015bci<br \/>\nPrzed za\u017cyciem Dapoxye nale\u017cy powiedzie\u0107 lekarzowi lub farmaceucie, je\u015bli masz na to alergi\u0119; lub je\u015bli masz inn\u0105 alergi\u0119.<br \/>\nPoinformuj swojego lekarza lub aptek\u0119, je\u015bli masz spl\u0105tanie w przebiegu choroby afektywnej dwubiegunowej, problemy z oczami, w\u0105trob\u0105 lub nerkami.<br \/>\nOsoby w podesz\u0142ym wieku mog\u0105 by\u0107 bardziej wra\u017cliwe na skutki uboczne leku.<br \/>\nW czasie ci\u0105\u017cy lek ten powinien by\u0107 stosowany wy\u0142\u0105cznie gdy jest to zdecydowanie konieczne.<br \/>\nPoniewa\u017c lek ten mo\u017ce wch\u0142ania\u0107 si\u0119 przez sk\u00f3r\u0119, kobiety w ci\u0105\u017cy lub mog\u0105ce zaj\u015b\u0107 w ci\u0105\u017c\u0119 nie powinny manipulowa\u0107 tym lekiem.<\/p>\n<p>Przeciwwskazania<br \/>\nDapoxyy nie powinny stosowa\u0107 kobiety w ci\u0105\u017cy\/karmi\u0105ce piersi\u0105 ani dzieci, a tak\u017ce osoby doros\u0142e u pacjent\u00f3w, u kt\u00f3rych wyst\u0105pi\u0142a reakcja nadwra\u017cliwo\u015bci na ten lek.<\/p>\n<p>Mo\u017cliwe skutki uboczne<br \/>\nNajcz\u0119stsze dzia\u0142ania niepo\u017c\u0105dane to szybkie i nieregularne t\u0119tno, dr\u017cenie, niepok\u00f3j, niewyra\u017ane widzenie, wymioty, gor\u0105czka, biegunka itp.<br \/>\nBardzo powa\u017cna reakcja alergiczna, rzadko wyst\u0119puj\u0105ca wyst\u0119puje. U wielu os\u00f3b stosuj\u0105cych ten lek nie wyst\u0119puj\u0105 powa\u017cne skutki uboczne.<br \/>\nW celu uzyskania dalszych szczeg\u00f3\u0142\u00f3w nale\u017cy zwr\u00f3ci\u0107 si\u0119 do lekarza lub farmaceuty.<br \/>\nW przypadku zauwa\u017cenia objaw\u00f3w niewymienionych tutaj, nale\u017cy skontaktowa\u0107 si\u0119 z lekarzem lub farmaceut\u0105.<\/p>\n<p>Interakcje lek\u00f3w<br \/>\nPoinformuj o tym lekarza lub farmaceut\u0119 farmaceut\u0105 wszystkich produkt\u00f3w zio\u0142owych na recept\u0119 i bez recepty, kt\u00f3re mo\u017cesz zastosowa\u0107 przed zastosowaniem tego leku.<br \/>\nDapoxya mo\u017ce wchodzi\u0107 w interakcje z:<br \/>\n* Inhibitorami MAO: Furazolidonem, Izokarboksazydem, Linezolidem, Moklobemidem, Tranylcypromin\u0105 itp.<br \/>\n* Leki przeciwarytmiczne: Propafenon, Chinidyna, itp<br \/>\n* Inhibitory wychwytu zwrotnego serotoniny i noradrenaliny (SNRI): deswenlafaksyna, duloksetyna, milnacipram, wenlafaksyna.<br \/>\n* Leki przeciwpsychotyczne (zwane tak\u017ce neuroleptykami): flufenazyna itp.<br \/>\n* Antagoni\u015bci receptora H2: cymetydyna, ranitydyna, famotydyna, nizatydyna itp.<br \/>\nW celu uzyskania dalszych informacji nale\u017cy zwr\u00f3ci\u0107 si\u0119 do lekarza lub farmaceuty.<\/p>\n<p>Pomini\u0119ta dawka<br \/>\nW przypadku pomini\u0119cia dawki nale\u017cy przyj\u0105\u0107 j\u0105 tak szybko, jak tylko sobie o tym przypomnisz. Je\u015bli zauwa\u017cysz, \u017ce zbli\u017ca si\u0119 pora przyj\u0119cia kolejnej dawki, pomi\u0144 pomini\u0119t\u0105 dawk\u0119 i powr\u00f3\u0107 do zwyk\u0142ego schematu dawkowania. Nie nale\u017cy stosowa\u0107 dawki dwukrotnie.<\/p>\n<p>Przedawkowanie<br \/>\nJe\u015bli uwa\u017casz, \u017ce zastosowa\u0142e\u015b zbyt du\u017c\u0105 dawk\u0119 tego leku, natychmiast zasi\u0119gnij porady lekarza. Objawy przedawkowania obejmuj\u0105 zwykle b\u00f3l w klatce piersiowej, nudno\u015bci, nieregularne bicie serca oraz uczucie oszo\u0142omienia lub omdlenia.<\/p>\n<p>Przechowywanie<br \/>\nLeki nale\u017cy przechowywa\u0107 w temperaturze pokojowej (20-25 stopni C), z dala od \u015bwiat\u0142a i \u015bwiat\u0142a wilgo\u0107. Nie przechowuj lek\u00f3w w \u0142azience. Wszystkie leki nale\u017cy przechowywa\u0107 z dala od dzieci i zwierz\u0105t domowych.<\/p>\n<p>Zastrze\u017cenie<br \/>\nPodajemy jedynie og\u00f3lne informacje na temat lek\u00f3w, kt\u00f3re nie obejmuj\u0105 wszystkich wskaz\u00f3wek, mo\u017cliwych po\u0142\u0105cze\u0144 lek\u00f3w ani \u015brodk\u00f3w ostro\u017cno\u015bci. Informacje zawarte na stronie nie mog\u0105 by\u0107 wykorzystywane do samodzielnego leczenia i autodiagnozy. Wszelkie szczeg\u00f3\u0142owe instrukcje dla konkretnego pacjenta nale\u017cy uzgodni\u0107 z doradc\u0105 ds. opieki zdrowotnej lub lekarzem prowadz\u0105cym dany przypadek. Zrzekamy si\u0119 wiarygodno\u015bci tych informacji i b\u0142\u0119d\u00f3w, jakie mog\u0105 one zawiera\u0107. Nie ponosimy odpowiedzialno\u015bci za jakiekolwiek bezpo\u015brednie, po\u015brednie, szczeg\u00f3lne lub inne po\u015brednie szkody powsta\u0142e w wyniku wykorzystania informacji zawartych na tej stronie, a tak\u017ce za konsekwencje samoleczenia.<\/p>\n","protected":false},"excerpt":{"rendered":"<p>Dapoxy to generyk dobrze znanej marki produktu Priligy. Dapoxy to lek stosowany w leczeniu przedwczesnego wytrysku i problem\u00f3w z nim zwi\u0105zanych. Substancj\u0105 czynn\u0105 leku jest dapoksetyna w dawce 60 mg, podobnie jak znany oryginalny produkt. Liczne badania kliniczne wykazuj\u0105 skuteczno\u015b\u0107 dapoksetyny w leczeniu przedwczesnego wytrysku.<\/p>\n","protected":false},"featured_media":6046,"comment_status":"open","ping_status":"closed","template":"","meta":[],"product_brand":[],"product_cat":[219],"product_tag":[],"class_list":{"0":"post-6076","1":"product","2":"type-product","3":"status-publish","4":"has-post-thumbnail","6":"product_cat-przedwczesny-wytrysk-pl","7":"pa_active_substance-dapoxetine","9":"first","10":"instock","11":"shipping-taxable","12":"product-type-simple"},"jetpack_sharing_enabled":true,"_links":{"self":[{"href":"https:\/\/www.pharmacy-content.com\/index.php?rest_route=\/wp\/v2\/product\/6076","targetHints":{"allow":["GET"]}}],"collection":[{"href":"https:\/\/www.pharmacy-content.com\/index.php?rest_route=\/wp\/v2\/product"}],"about":[{"href":"https:\/\/www.pharmacy-content.com\/index.php?rest_route=\/wp\/v2\/types\/product"}],"replies":[{"embeddable":true,"href":"https:\/\/www.pharmacy-content.com\/index.php?rest_route=%2Fwp%2Fv2%2Fcomments&post=6076"}],"wp:featuredmedia":[{"embeddable":true,"href":"https:\/\/www.pharmacy-content.com\/index.php?rest_route=\/wp\/v2\/media\/6046"}],"wp:attachment":[{"href":"https:\/\/www.pharmacy-content.com\/index.php?rest_route=%2Fwp%2Fv2%2Fmedia&parent=6076"}],"wp:term":[{"taxonomy":"product_brand","embeddable":true,"href":"https:\/\/www.pharmacy-content.com\/index.php?rest_route=%2Fwp%2Fv2%2Fproduct_brand&post=6076"},{"taxonomy":"product_cat","embeddable":true,"href":"https:\/\/www.pharmacy-content.com\/index.php?rest_route=%2Fwp%2Fv2%2Fproduct_cat&post=6076"},{"taxonomy":"product_tag","embeddable":true,"href":"https:\/\/www.pharmacy-content.com\/index.php?rest_route=%2Fwp%2Fv2%2Fproduct_tag&post=6076"}],"curies":[{"name":"wp","href":"https:\/\/api.w.org\/{rel}","templated":true}]}}