{"id":6037,"date":"2026-04-22T06:58:55","date_gmt":"2026-04-22T06:58:55","guid":{"rendered":""},"modified":"2026-04-22T06:59:00","modified_gmt":"2026-04-22T06:59:00","slug":"venopecia-10","status":"publish","type":"product","link":"https:\/\/www.pharmacy-content.com\/?product=venopecia-10&lang=cs","title":{"rendered":"Venopecia"},"content":{"rendered":"<p>B\u011b\u017en\u00e9 pou\u017eit\u00ed<br \/>\nVenopecia je \u00fa\u010dinn\u00fd, reverzibiln\u00ed, selektivn\u00ed inhibitor fosfodiester\u00e1zy typu 5 (PDE 5) specifick\u00fd pro cyklick\u00fd guanosinmonofosf\u00e1t (cGMP). Kdy\u017e sexu\u00e1ln\u00ed stimulace zp\u016fsob\u00ed lok\u00e1ln\u00ed uvol\u0148ov\u00e1n\u00ed oxidu dusnat\u00e9ho, inhibice PDE 5 Venopecia vede ke zv\u00fd\u0161en\u00ed hladin cGMP v kavern\u00f3zn\u00edm t\u011ble penisu. V\u00fdsledkem je uvoln\u011bn\u00ed hladk\u00e9ho svalstva tepen a pr\u016ftok krve do tk\u00e1n\u00ed penisu, kter\u00fd zp\u016fsobuje erekci. Venopecie nem\u00e1 \u017e\u00e1dn\u00fd \u00fa\u010dinek, pokud chyb\u00ed sexu\u00e1ln\u00ed stimulace. Venopecia zlep\u0161uje erekci a umo\u017e\u0148uje dos\u00e1hnout \u00fasp\u011b\u0161n\u00e9ho pohlavn\u00edho styku. L\u00e9k p\u016fsob\u00ed po dobu 36 hodin. Pokud je p\u0159\u00edtomno sexu\u00e1ln\u00ed vzru\u0161en\u00ed, \u00fa\u010dinek se dostavuje i po 16 minut\u00e1ch po u\u017eit\u00ed l\u00e9ku.<\/p>\n<p>D\u00e1vkov\u00e1n\u00ed a sm\u011br<br \/>\nDoporu\u010den\u00e1 d\u00e1vka Venopecia je 20 mg, m\u011bla by se u\u017e\u00edt alespo\u0148 16 minut p\u0159ed sexu\u00e1ln\u00ed aktivitou. \u00da\u010dinek p\u0159etrv\u00e1v\u00e1 po dobu 36 hodin. U\u017e\u00edvejte Venopeciu jednou denn\u011b a nep\u0159ekra\u010dujte doporu\u010denou d\u00e1vku.<\/p>\n<p>Bezpe\u010dnostn\u00ed opat\u0159en\u00ed<br \/>\nVhodn\u011bj\u0161\u00ed je neu\u017e\u00edvat Venopeciu s grapefruitovou \u0161\u0165\u00e1vou, alkoholick\u00fdmi n\u00e1poji, tab\u00e1kem. Pokud kou\u0159\u00edte tab\u00e1k a sou\u010dasn\u011b u\u017e\u00edv\u00e1te Venopeciu, m\u016f\u017ee to v\u00e9st ke stavu zvan\u00e9mu NAION (n\u00e1hl\u00e1 ztr\u00e1ta zraku souvisej\u00edc\u00ed s o\u010dn\u00edm nervem). P\u0159ed u\u017eit\u00edm p\u0159\u00edpravku Venopecia informujte sv\u00e9ho l\u00e9ka\u0159e, pokud m\u00e1te abnorm\u00e1ln\u00ed penis, v\u010detn\u011b zak\u0159iven\u00e9ho penisu a vrozen\u00fdch vad penisu, m\u00e1te onemocn\u011bn\u00ed koron\u00e1rn\u00edch tepen, arytmii, anginu pectoris, srde\u010dn\u00ed infarkt nebo srde\u010dn\u00ed selh\u00e1n\u00ed, hypo- nebo hypertenzi, krv\u00e1cen\u00ed, \u017ealude\u010dn\u00ed v\u0159edy, cukrovku, hyperlipid\u00e9mie (nadbytek lipid\u016f v krvi), srpkovit\u00e1 an\u00e9mie, selh\u00e1n\u00ed jater nebo ledvin v anamn\u00e9ze.<\/p>\n<p>Kontraindikace<br \/>\nVenopecie je kontraindikov\u00e1na u pacient\u016f, kte\u0159\u00ed u\u017e\u00edvaj\u00ed jakoukoli formu organick\u00fdch nitr\u00e1t\u016f, a to bu\u010f pravideln\u011b a\/nebo p\u0159eru\u0161ovan\u011b. m\u016f\u017ee zes\u00edlit hypotenzn\u00ed \u00fa\u010dinek nitr\u00e1t\u016f.<\/p>\n<p>Mo\u017en\u00e9 vedlej\u0161\u00ed \u00fa\u010dinky<br \/>\nNej\u010dast\u011bj\u0161\u00edmi vedlej\u0161\u00edmi \u00fa\u010dinky Venopecie jsou z\u010derven\u00e1n\u00ed obli\u010deje (zarudnut\u00ed), bolesti hlavy, \u017ealude\u010dn\u00ed nevolnost, pr\u016fjem, p\u0159\u00edznaky podobn\u00e9 ch\u0159ipce a nevolnost. Ve vz\u00e1cn\u011bj\u0161\u00edch p\u0159\u00edpadech se m\u016f\u017ee objevit n\u00edzk\u00fd krevn\u00ed tlak, rozmazan\u00e9 vid\u011bn\u00ed a zm\u011bny barevn\u00e9ho vid\u011bn\u00ed a abnorm\u00e1ln\u00ed ejakulace. Mo\u017en\u00e9 jsou i prodlou\u017een\u00e9 erekce nebo priapismus (bolestiv\u00e9 erekce trvaj\u00edc\u00ed d\u00e9le ne\u017e 6 hodin). Pokud je va\u0161e erekce del\u0161\u00ed ne\u017e 4 hodiny, vyhledejte okam\u017eitou l\u00e9ka\u0159skou pomoc, proto\u017ee m\u016f\u017ee trvale po\u0161kodit v\u00e1\u0161 penis. Bylo hl\u00e1\u0161eno zhor\u0161en\u00ed srde\u010dn\u00edch probl\u00e9m\u016f u pacient\u016f s ji\u017e existuj\u00edc\u00edm srde\u010dn\u00edm onemocn\u011bn\u00edm u\u017e\u00edvaj\u00edc\u00edm p\u0159\u00edpravek Venopecia.<\/p>\n<p>L\u00e9kov\u00e9 interakce<br \/>\nSou\u010dasn\u00e9 pod\u00e1v\u00e1n\u00ed s l\u00e9ky obsahuj\u00edc\u00edmi organick\u00e9 nitr\u00e1ty m\u016f\u017ee zp\u016fsobit t\u011b\u017ekou hypotenzi, kter\u00e1 je v n\u011bkter\u00fdch p\u0159\u00edpadech nebezpe\u010dn\u00e1. Vyhn\u011bte se u\u017e\u00edv\u00e1n\u00ed Calis s l\u00e9ky, jako je erythrityltetranitr\u00e1t, isosorbiddinitr\u00e1t, isosorbidmononitr\u00e1t, nitroglycerin, pentaerythritoltetranitr\u00e1t. Hladiny a toxicitu Venopecia zvy\u0161uj\u00ed erythromycin, ketokonazol (Nizoral), itrakonazol (Sporanox), indinavir (Crixivan) a ritonavir (Norvir). Informujte sv\u00e9ho l\u00e9ka\u0159e, pokud u\u017e\u00edv\u00e1te atazanavir, bunazosin, klarithromycin, doxazosin, erythromycin, indinavir, itrakonazol, ketokonazol, moxisylyte, nefazodon, nelfinavir, fenoxybenzamin, fentolamin, prazosin, saquinavir, p\u0159\u00edpravek Udilosmazin, telithromycin, kter\u00fd m\u016f\u017ee vy\u017eadovat d\u00e1vku, jako je v\u00e1\u0161 Terazosmazin, telithromycin, korekce.<\/p>\n<p>Vynechan\u00e1 d\u00e1vka<br \/>\nVynechan\u00e1 d\u00e1vka se nep\u0159edpokl\u00e1d\u00e1, pokud se Venopecia u\u017e\u00edv\u00e1 k l\u00e9\u010db\u011b erektiln\u00ed dysfunkce, proto\u017ee se pou\u017e\u00edv\u00e1 v p\u0159\u00edpad\u011b pot\u0159eby.<\/p>\n<p>P\u0159ed\u00e1vkov\u00e1n\u00ed<br \/>\nP\u0159ed\u00e1vkov\u00e1n\u00ed Venopecia zp\u016fsobuje p\u0159\u00edznaky popsan\u00e9 jako vedlej\u0161\u00ed \u00fa\u010dinky. Okam\u017eit\u011b vyhledejte l\u00e9ka\u0159skou pomoc, pokud jste podle sv\u00e9ho n\u00e1zoru u\u017eili p\u0159\u00edli\u0161 mnoho tohoto l\u00e9ku.<\/p>\n<p>Skladujte<br \/>\nSkladujte p\u0159i pokojov\u00e9 teplot\u011b mimo vlhkost, slune\u010dn\u00ed sv\u011btlo, d\u011bti a dom\u00e1c\u00ed zv\u00ed\u0159ata v t\u011bsn\u00e9 n\u00e1dob\u011b.<\/p>\n<p>Prohl\u00e1\u0161en\u00ed<br \/>\nPoskytujeme pouze obecn\u00e9 informace o l\u00e9c\u00edch, kter\u00e9 nepokr\u00fdvaj\u00ed v\u0161echny sm\u011bry, mo\u017en\u00e1 integrace l\u00e9k\u016f nebo preventivn\u00ed opat\u0159en\u00ed. Informace na m\u00edst\u011b nelze pou\u017e\u00edt pro samol\u00e9\u010dbu a autodiagnostiku. Jak\u00e9koli specifick\u00e9 pokyny pro konkr\u00e9tn\u00edho pacienta by m\u011bly b\u00fdt dohodnuty se sv\u00fdm zdravotn\u00edm poradcem nebo l\u00e9ka\u0159em, kter\u00fd m\u00e1 na starosti dan\u00fd p\u0159\u00edpad. Odm\u00edt\u00e1me spolehlivost t\u011bchto informac\u00ed a chyby, kter\u00e9 by mohly obsahovat.<\/p>\n","protected":false},"excerpt":{"rendered":"<p>Venopecia Generic se pou\u017e\u00edv\u00e1 k l\u00e9\u010db\u011b vypad\u00e1v\u00e1n\u00ed vlas\u016f (mu\u017esk\u00e9ho typu). Pou\u017e\u00edv\u00e1 se tak\u00e9 k l\u00e9\u010db\u011b rakoviny prostaty a benign\u00ed hyperplazie prostaty.<\/p>\n","protected":false},"featured_media":5983,"comment_status":"open","ping_status":"closed","template":"","meta":[],"product_brand":[],"product_cat":[201],"product_tag":[],"class_list":{"0":"post-6037","1":"product","2":"type-product","3":"status-publish","4":"has-post-thumbnail","6":"product_cat-vypadavani-vlasu-cs","7":"pa_active_substance-finasteride","9":"first","10":"instock","11":"shipping-taxable","12":"product-type-simple"},"jetpack_sharing_enabled":true,"_links":{"self":[{"href":"https:\/\/www.pharmacy-content.com\/index.php?rest_route=\/wp\/v2\/product\/6037","targetHints":{"allow":["GET"]}}],"collection":[{"href":"https:\/\/www.pharmacy-content.com\/index.php?rest_route=\/wp\/v2\/product"}],"about":[{"href":"https:\/\/www.pharmacy-content.com\/index.php?rest_route=\/wp\/v2\/types\/product"}],"replies":[{"embeddable":true,"href":"https:\/\/www.pharmacy-content.com\/index.php?rest_route=%2Fwp%2Fv2%2Fcomments&post=6037"}],"wp:featuredmedia":[{"embeddable":true,"href":"https:\/\/www.pharmacy-content.com\/index.php?rest_route=\/wp\/v2\/media\/5983"}],"wp:attachment":[{"href":"https:\/\/www.pharmacy-content.com\/index.php?rest_route=%2Fwp%2Fv2%2Fmedia&parent=6037"}],"wp:term":[{"taxonomy":"product_brand","embeddable":true,"href":"https:\/\/www.pharmacy-content.com\/index.php?rest_route=%2Fwp%2Fv2%2Fproduct_brand&post=6037"},{"taxonomy":"product_cat","embeddable":true,"href":"https:\/\/www.pharmacy-content.com\/index.php?rest_route=%2Fwp%2Fv2%2Fproduct_cat&post=6037"},{"taxonomy":"product_tag","embeddable":true,"href":"https:\/\/www.pharmacy-content.com\/index.php?rest_route=%2Fwp%2Fv2%2Fproduct_tag&post=6037"}],"curies":[{"name":"wp","href":"https:\/\/api.w.org\/{rel}","templated":true}]}}