{"id":5949,"date":"2026-04-22T06:58:36","date_gmt":"2026-04-22T06:58:36","guid":{"rendered":""},"modified":"2026-04-22T06:58:42","modified_gmt":"2026-04-22T06:58:42","slug":"propecia-8","status":"publish","type":"product","link":"https:\/\/www.pharmacy-content.com\/sv\/product\/propecia-8\/","title":{"rendered":"Propecia"},"content":{"rendered":"<p>Vanlig anv\u00e4ndning<br \/>\nPropecia anv\u00e4nds f\u00f6r att behandla benign prostatahyperplasi (BPH), \u00e4ven k\u00e4nd som benign prostataf\u00f6rstoring (BEP). Detta l\u00e4kemedel hj\u00e4lper till att kontrollera dina symtom, minska urinretention och minska risken f\u00f6r att beh\u00f6va opereras.<br \/>\nDosering och v\u00e4gledning<br \/>\nTa Propecia genom munnen med ett glas vatten, med eller utan mat. Undvik att sk\u00e4ra, krossa eller tugga detta l\u00e4kemedel.<br \/>\nKonsultera din l\u00e4kare ang\u00e5ende r\u00e4tt dos f\u00f6r dig.<br \/>\nF\u00f6rsiktighets\u00e5tg\u00e4rder<br \/>\nInnan du tar Propecia, ber\u00e4tta f\u00f6r din l\u00e4kare eller apotekspersonal om du \u00e4r allergisk mot Propeciae eller Dutasteride; eller om du har andra allergier.<br \/>\nEftersom detta l\u00e4kemedel kan absorberas av huden, b\u00f6r kvinnor som \u00e4r gravida eller kan bli gravida inte manipulera detta l\u00e4kemedel.<br \/>\nKontraindikationer<br \/>\nPropecia b\u00f6r inte anv\u00e4ndas av kvinnor eller barn eller av patienterna har visat en reaktion av \u00f6verk\u00e4nslighet mot Propeciae.<br \/>\nM\u00f6jlig biverkning<br \/>\nDe vanligaste biverkningarna \u00e4r yrsel, ovanlig svaghet, d\u00e5sighet, s\u00f6mnsv\u00e5righeter, suddig syn, rinnande n\u00e4sa eller problem med utl\u00f6sning.<br \/>\nSluta anv\u00e4nda Propecia och ring din l\u00e4kare omedelbart om du har n\u00e5gon av dessa allvarliga biverkningar: en sm\u00e4rtsam eller l\u00e5ngvarig erektion av penis, sv\u00e5r yrsel eller svimning.<br \/>\nEn mycket allvarlig allergisk reaktion intr\u00e4ffar s\u00e4llan.<br \/>\nOm du m\u00e4rker biverkningar som inte anges h\u00e4r, kontakta din l\u00e4kare eller apotekspersonal.<br \/>\nL\u00e4kemedelsinteraktion<br \/>\nInga l\u00e4kemedelsinteraktioner av klinisk betydelse har identifierats.<br \/>\nBer\u00e4tta f\u00f6r din l\u00e4kare eller apotekspersonal om alla receptbelagda och receptfria\/v\u00e4xtbaserade produkter du kan anv\u00e4nda innan du anv\u00e4nder detta l\u00e4kemedel.<br \/>\nMissad dos<br \/>\nOm du har missat din dos, ta den som snart du kommer ih\u00e5g. Om du ser att det snart \u00e4r dags f\u00f6r n\u00e4sta dos, hoppa \u00f6ver den missade dosen och \u00e5teruppta ditt vanliga doseringsschema. Ta inte din dos tv\u00e5 g\u00e5nger.<br \/>\n\u00d6verdosering<br \/>\nOm du tror att du har anv\u00e4nt f\u00f6r mycket av detta l\u00e4kemedel, s\u00f6k akut l\u00e4karv\u00e5rd omedelbart. Symtomen p\u00e5 \u00f6verdosering inkluderar vanligtvis br\u00f6stsm\u00e4rtor, illam\u00e5ende, oregelbunden hj\u00e4rtrytm och k\u00e4nsla av yrsel eller svimning.<br \/>\nF\u00f6rvaring<br \/>\nF\u00f6rvara dina mediciner i rumstemperatur mellan 20-25 grader C (68-77 grader F) borta fr\u00e5n ljus och fukt. F\u00f6rvara dem inte i badrummet. H\u00e5ll alla droger utom r\u00e4ckh\u00e5ll f\u00f6r barn och husdjur.<br \/>\nAnsvarsfriskrivning<br \/>\nVi tillhandah\u00e5ller endast allm\u00e4n information om mediciner som inte t\u00e4cker alla riktningar, m\u00f6jliga l\u00e4kemedelsintegrationer eller f\u00f6rsiktighets\u00e5tg\u00e4rder. Information p\u00e5 sidan kan inte anv\u00e4ndas f\u00f6r sj\u00e4lvbehandling och sj\u00e4lvdiagnos. Eventuella specifika instruktioner f\u00f6r en viss patient b\u00f6r \u00f6verenskommas med din h\u00e4lsor\u00e5dgivare eller l\u00e4kare som \u00e4r ansvarig f\u00f6r \u00e4rendet. Vi fr\u00e5ns\u00e4ger oss tillf\u00f6rlitligheten av denna information och eventuella misstag den kan inneh\u00e5lla. Vi ansvarar inte f\u00f6r n\u00e5gra direkta, indirekta, speciella eller andra indirekta skador till f\u00f6ljd av n\u00e5gon anv\u00e4ndning av informationen p\u00e5 denna webbplats och \u00e4ven f\u00f6r konsekvenser av egenbehandling.<\/p>\n","protected":false},"excerpt":{"rendered":"<p>Propecia Generic anv\u00e4nds f\u00f6r att behandla h\u00e5ravfall (manligt m\u00f6nster). Anv\u00e4nds \u00e4ven f\u00f6r att behandla prostatacancer och benign prostatahyperplasi.<\/p>\n","protected":false},"featured_media":5872,"comment_status":"open","ping_status":"closed","template":"","meta":[],"product_brand":[],"product_cat":[195],"product_tag":[],"class_list":{"0":"post-5949","1":"product","2":"type-product","3":"status-publish","4":"has-post-thumbnail","6":"product_cat-haravfall-sv","7":"pa_active_substance-finasteride","9":"first","10":"instock","11":"shipping-taxable","12":"product-type-variable"},"jetpack_sharing_enabled":true,"_links":{"self":[{"href":"https:\/\/www.pharmacy-content.com\/wp-json\/wp\/v2\/product\/5949","targetHints":{"allow":["GET"]}}],"collection":[{"href":"https:\/\/www.pharmacy-content.com\/wp-json\/wp\/v2\/product"}],"about":[{"href":"https:\/\/www.pharmacy-content.com\/wp-json\/wp\/v2\/types\/product"}],"replies":[{"embeddable":true,"href":"https:\/\/www.pharmacy-content.com\/wp-json\/wp\/v2\/comments?post=5949"}],"wp:featuredmedia":[{"embeddable":true,"href":"https:\/\/www.pharmacy-content.com\/wp-json\/wp\/v2\/media\/5872"}],"wp:attachment":[{"href":"https:\/\/www.pharmacy-content.com\/wp-json\/wp\/v2\/media?parent=5949"}],"wp:term":[{"taxonomy":"product_brand","embeddable":true,"href":"https:\/\/www.pharmacy-content.com\/wp-json\/wp\/v2\/product_brand?post=5949"},{"taxonomy":"product_cat","embeddable":true,"href":"https:\/\/www.pharmacy-content.com\/wp-json\/wp\/v2\/product_cat?post=5949"},{"taxonomy":"product_tag","embeddable":true,"href":"https:\/\/www.pharmacy-content.com\/wp-json\/wp\/v2\/product_tag?post=5949"}],"curies":[{"name":"wp","href":"https:\/\/api.w.org\/{rel}","templated":true}]}}