{"id":5927,"date":"2026-04-22T06:58:33","date_gmt":"2026-04-22T06:58:33","guid":{"rendered":""},"modified":"2026-04-22T06:58:42","modified_gmt":"2026-04-22T06:58:42","slug":"propecia-6","status":"publish","type":"product","link":"https:\/\/www.pharmacy-content.com\/?product=propecia-6&lang=pl","title":{"rendered":"Propecia"},"content":{"rendered":"<p>Powszechne zastosowanie<br \/>\nFinasteryd stosuje si\u0119 w leczeniu \u0142agodnego rozrostu gruczo\u0142u krokowego (BPH), znanego r\u00f3wnie\u017c jako \u0142agodne powi\u0119kszenie prostaty (BEP). Lek ten pomaga kontrolowa\u0107 objawy, zmniejsza\u0107 zatrzymanie moczu i zmniejsza\u0107 ryzyko konieczno\u015bci operacji.<br \/>\nDawkowanie i spos\u00f3b stosowania<br \/>\nLek Propecia nale\u017cy przyjmowa\u0107 doustnie, popijaj\u0105c szklank\u0105 wody, z posi\u0142kiem lub bez. Nale\u017cy unika\u0107 krojenia, kruszenia lub \u017cucia tego leku.<br \/>\nSkonsultuj si\u0119 z lekarzem w sprawie w\u0142a\u015bciwej dawki dla Ciebie.<br \/>\n\u015arodki ostro\u017cno\u015bci<br \/>\nPrzed przyj\u0119ciem leku Propecia nale\u017cy powiedzie\u0107 lekarzowi lub aptekarzowi, je\u015bli pacjent ma uczulenie na finasteryd lub dutasteryd; lub je\u015bli masz inn\u0105 alergi\u0119.<br \/>\nPoniewa\u017c ten lek mo\u017ce by\u0107 wch\u0142aniany przez sk\u00f3r\u0119, kobiety w ci\u0105\u017cy lub mog\u0105ce zaj\u015b\u0107 w ci\u0105\u017c\u0119 nie powinny manipulowa\u0107 tym lekiem.<br \/>\nPrzeciwwskazania<br \/>\nPropecia nie powinien by\u0107 stosowany przez kobiety i dzieci, a tak\u017ce przez pacjent\u00f3w po wykazaniu reakcji nadwra\u017cliwo\u015bci na finasteryd.<br \/>\nMo\u017cliwe skutki uboczne<br \/>\nNajcz\u0119stsze dzia\u0142ania niepo\u017c\u0105dane to zawroty g\u0142owy, niezwyk\u0142e os\u0142abienie, senno\u015b\u0107, problemy ze snem, niewyra\u017ane widzenie, katar lub problemy z wytryskiem.<br \/>\nPrzesta\u0144 stosowa\u0107 Propecia i natychmiast skontaktuj si\u0119 z lekarzem je\u015bli u pacjenta wyst\u0105pi kt\u00f3rekolwiek z tych powa\u017cnych dzia\u0142a\u0144 niepo\u017c\u0105danych: bolesny lub d\u0142ugotrwa\u0142y wzw\u00f3d pr\u0105cia, silne zawroty g\u0142owy lub omdlenia.<br \/>\nRzadko wyst\u0119puje bardzo powa\u017cna reakcja alergiczna.<br \/>\nW przypadku zauwa\u017cenia objaw\u00f3w nie wymienionych tutaj, nale\u017cy skontaktowa\u0107 si\u0119 z lekarzem lub farmaceut\u0105.<br \/>\nInterakcje lek\u00f3w<br \/>\nNie zidentyfikowano \u017cadnych interakcji lek\u00f3w o znaczeniu klinicznym.<br \/>\nPowiedz swojemu lekarzowi lub farmaceucie o wszystkich produktach zio\u0142owych na recept\u0119 i bez recepty, kt\u00f3rych mo\u017cesz u\u017cy\u0107 przed zastosowaniem tego leku.<br \/>\nPomini\u0119ta dawka<br \/>\nJe\u015bli pomin\u0105\u0142e\u015b dawk\u0119, za\u017cyj j\u0105 jak najszybciej jak tylko sobie przypomnisz. Je\u015bli zauwa\u017cysz, \u017ce zbli\u017ca si\u0119 pora przyj\u0119cia kolejnej dawki, pomi\u0144 pomini\u0119t\u0105 dawk\u0119 i powr\u00f3\u0107 do zwyk\u0142ego schematu dawkowania. Nie nale\u017cy stosowa\u0107 dawki dwukrotnie.<br \/>\nPrzedawkowanie<br \/>\nJe\u015bli uwa\u017casz, \u017ce zastosowa\u0142e\u015b zbyt du\u017c\u0105 dawk\u0119 tego leku, natychmiast zasi\u0119gnij porady lekarza. Objawy przedawkowania obejmuj\u0105 zwykle b\u00f3l w klatce piersiowej, nudno\u015bci, nieregularne bicie serca oraz uczucie oszo\u0142omienia lub omdlenia.<br \/>\nPrzechowywanie<br \/>\nLeki nale\u017cy przechowywa\u0107 w temperaturze pokojowej (20-25 stopni C), z dala od \u015bwiat\u0142a i wilgoci. Nie przechowuj ich w \u0142azience. Wszystkie leki nale\u017cy przechowywa\u0107 poza zasi\u0119giem dzieci i zwierz\u0105t domowych.<br \/>\nZastrze\u017cenie<br \/>\nPodajemy jedynie og\u00f3lne informacje o lekach, kt\u00f3re nie obejmuj\u0105 wszystkich wskaz\u00f3wek, mo\u017cliwych po\u0142\u0105cze\u0144 lek\u00f3w ani \u015brodk\u00f3w ostro\u017cno\u015bci. Informacje zawarte na stronie nie mog\u0105 by\u0107 wykorzystywane do samodzielnego leczenia i autodiagnozy. Wszelkie szczeg\u00f3\u0142owe instrukcje dla konkretnego pacjenta nale\u017cy uzgodni\u0107 z doradc\u0105 ds. opieki zdrowotnej lub lekarzem prowadz\u0105cym dany przypadek. Zrzekamy si\u0119 wiarygodno\u015bci tych informacji i wszelkich b\u0142\u0119d\u00f3w, jakie mog\u0105 one zawiera\u0107. Nie ponosimy odpowiedzialno\u015bci za jakiekolwiek bezpo\u015brednie, po\u015brednie, specjalne lub inne po\u015brednie szkody powsta\u0142e w wyniku wykorzystania informacji zawartych na tej stronie, a tak\u017ce za konsekwencje samoleczenia.<\/p>\n","protected":false},"excerpt":{"rendered":"<p>Propecia Generic jest stosowana w leczeniu wypadania w\u0142os\u00f3w (typ m\u0119ski). Jest r\u00f3wnie\u017c stosowana w leczeniu raka prostaty i \u0142agodnego rozrostu prostaty.<\/p>\n","protected":false},"featured_media":5872,"comment_status":"open","ping_status":"closed","template":"","meta":[],"product_brand":[],"product_cat":[189],"product_tag":[],"class_list":{"0":"post-5927","1":"product","2":"type-product","3":"status-publish","4":"has-post-thumbnail","6":"product_cat-wypadanie-wlosow-pl","7":"pa_active_substance-finasteride","9":"first","10":"instock","11":"shipping-taxable","12":"product-type-variable"},"jetpack_sharing_enabled":true,"_links":{"self":[{"href":"https:\/\/www.pharmacy-content.com\/index.php?rest_route=\/wp\/v2\/product\/5927","targetHints":{"allow":["GET"]}}],"collection":[{"href":"https:\/\/www.pharmacy-content.com\/index.php?rest_route=\/wp\/v2\/product"}],"about":[{"href":"https:\/\/www.pharmacy-content.com\/index.php?rest_route=\/wp\/v2\/types\/product"}],"replies":[{"embeddable":true,"href":"https:\/\/www.pharmacy-content.com\/index.php?rest_route=%2Fwp%2Fv2%2Fcomments&post=5927"}],"wp:featuredmedia":[{"embeddable":true,"href":"https:\/\/www.pharmacy-content.com\/index.php?rest_route=\/wp\/v2\/media\/5872"}],"wp:attachment":[{"href":"https:\/\/www.pharmacy-content.com\/index.php?rest_route=%2Fwp%2Fv2%2Fmedia&parent=5927"}],"wp:term":[{"taxonomy":"product_brand","embeddable":true,"href":"https:\/\/www.pharmacy-content.com\/index.php?rest_route=%2Fwp%2Fv2%2Fproduct_brand&post=5927"},{"taxonomy":"product_cat","embeddable":true,"href":"https:\/\/www.pharmacy-content.com\/index.php?rest_route=%2Fwp%2Fv2%2Fproduct_cat&post=5927"},{"taxonomy":"product_tag","embeddable":true,"href":"https:\/\/www.pharmacy-content.com\/index.php?rest_route=%2Fwp%2Fv2%2Fproduct_tag&post=5927"}],"curies":[{"name":"wp","href":"https:\/\/api.w.org\/{rel}","templated":true}]}}