{"id":5916,"date":"2026-04-22T06:58:32","date_gmt":"2026-04-22T06:58:32","guid":{"rendered":""},"modified":"2026-04-22T06:58:42","modified_gmt":"2026-04-22T06:58:42","slug":"propecia-5","status":"publish","type":"product","link":"https:\/\/www.pharmacy-content.com\/es\/product\/propecia-5\/","title":{"rendered":"Propecia"},"content":{"rendered":"<p>Propiedades<br \/>\nEl Finasteride se emplea en el tratamiento de la p\u00e9rdida de pelo (la calvicie masculina). Se debe administrar s\u00f3lo en las personas adultas. El Finasteride se puede tambi\u00e9n emplear en el tratamiento del c\u00e1ncer prost\u00e1tico y en el agrandamiento benigno de la pr\u00f3stata.<br \/>\nEn los estudios cl\u00ednicos la Propecia se ha manifestado eficaz tanto en el \u00e1rea de la coronilla como en la l\u00ednea del crecimiento de pelo.<\/p>\n<p>Posolog\u00eda y m\u00e9todo de administraci\u00f3n<br \/>\nLa Propecia se toma oralmente con un vaso de agua, con o sin comidas. Por favor evite quebrantar, cortar o masticar el comprimido en la boca.<br \/>\nConsulte al m\u00e9dico autorizado en cuanto a la selecci\u00f3n de la dosis individual para usted.<\/p>\n<p>Precauciones<br \/>\nAntes de tomar la Propecia av\u00edsele al m\u00e9dico o al farmac\u00e9utico si tiene alerg\u00edas al Finasteride o al Dutasteride; u otras medicaciones.<br \/>\nComo esta medicaci\u00f3n puede absorberse por la piel, a las mujeres embarazadas o las madres lactantes no se les recomienda abusarla.<\/p>\n<p>Contraindicaciones<br \/>\nEl Finasteride no puede administrarse a mujeres ni a ni\u00f1os ni a pacientes que hayan manifestado hipersensibilidad al Finasteride.<\/p>\n<p>Reacciones adversas posibles<br \/>\nLas reacciones adversas m\u00e1s comunes ser\u00e1n: mareos, languidez ins\u00f3lita, somnolencia, sue\u00f1o so\u00f1oliente, visi\u00f3n borrosa, resfriado, o problemas de eyaculaci\u00f3n.<br \/>\nPare la administraci\u00f3n de Finasteride y llame a su m\u00e9dico si percibe cualquiera de estos efectos colaterales: erecci\u00f3n penil dolorosa o que dura m\u00e1s de 4 horas continuas, mareos graves o desmayo.<br \/>\nEs muy raro sufrir una reacci\u00f3n al\u00e9rgica grave con este f\u00e1rmaco. Sin embargo, busque atenci\u00f3n m\u00e9dica urgente si presenta s\u00edntomas de reacci\u00f3n al\u00e9rgica grave como: erupci\u00f3n, picor\/hinchaz\u00f3n (particularmente en cara, lengua o garganta), mareos graves, dificultad para respirar.<br \/>\nEn caso de reacciones no mencionadas, llame a su m\u00e9dico o farmac\u00e9utico.<\/p>\n<p>Interacci\u00f3n con otras drogas<br \/>\nAv\u00edsele al m\u00e9dico o farmac\u00e9utico sobre todos los productos herb\u00e1ceos prescritos y no prescritos antes de iniciar este tratamiento.<\/p>\n<p>Dosis omitida<br \/>\nSi olvida tomar una dosis, t\u00f3mela tan pronto como lo recuerde. Si ya casi es hora de la siguiente dosis, descarte la omitida y siga con el horario normal. Nunca duplique la dosis.<\/p>\n<p>Sobredosis<br \/>\nSi cree haber tomado una sobredosis, busque atenci\u00f3n m\u00e9dica de urgencia inmediatamente. Los s\u00edntomas pueden incluir dolor en el pecho, n\u00e1useas, palpitaciones irregulares, mareo o p\u00e9rdida de consciencia.<\/p>\n<p>Almacenamiento<br \/>\nLas medicinas deben guardarse a temperatura ambiente entre 20 y 25 grados cent\u00edgrados (68-77 grados Fahrenheit). No exponer a rayos solares ni a humedad excesiva. No conservar en el cuarto de ba\u00f1o. Mantener fuera del alcance de ni\u00f1os y animales dom\u00e9sticos.<\/p>\n<p>Descargo de responsabilidades<br \/>\nProveemos informaci\u00f3n general sobre medicamentos sin cubrir todas las recomendaciones, posibles interacciones ni precauciones. La informaci\u00f3n de esta p\u00e1gina web no es \u00fatil para autotratamiento ni autodiagn\u00f3stico. Todas las recomendaciones espec\u00edficas deben ser gestionadas con el coordinador de salud p\u00fablica o m\u00e9dico encargado. Renunciamos a toda responsabilidad sobre la fiabilidad del material y por da\u00f1os directos o indirectos derivados de su uso o del autotratamiento.<\/p>\n","protected":false},"excerpt":{"rendered":"<p>Propecia se utiliza para tratar la p\u00e9rdida de cabello (patr\u00f3n masculino). Tambi\u00e9n se utiliza para tratar el c\u00e1ncer de pr\u00f3stata y la hiperplasia prost\u00e1tica benigna.<\/p>\n","protected":false},"featured_media":5872,"comment_status":"open","ping_status":"closed","template":"","meta":[],"product_brand":[],"product_cat":[186],"product_tag":[],"class_list":{"0":"post-5916","1":"product","2":"type-product","3":"status-publish","4":"has-post-thumbnail","6":"product_cat-perdida-de-cabello-es","7":"pa_active_substance-finasteride","9":"first","10":"instock","11":"shipping-taxable","12":"product-type-variable"},"jetpack_sharing_enabled":true,"_links":{"self":[{"href":"https:\/\/www.pharmacy-content.com\/wp-json\/wp\/v2\/product\/5916","targetHints":{"allow":["GET"]}}],"collection":[{"href":"https:\/\/www.pharmacy-content.com\/wp-json\/wp\/v2\/product"}],"about":[{"href":"https:\/\/www.pharmacy-content.com\/wp-json\/wp\/v2\/types\/product"}],"replies":[{"embeddable":true,"href":"https:\/\/www.pharmacy-content.com\/wp-json\/wp\/v2\/comments?post=5916"}],"wp:featuredmedia":[{"embeddable":true,"href":"https:\/\/www.pharmacy-content.com\/wp-json\/wp\/v2\/media\/5872"}],"wp:attachment":[{"href":"https:\/\/www.pharmacy-content.com\/wp-json\/wp\/v2\/media?parent=5916"}],"wp:term":[{"taxonomy":"product_brand","embeddable":true,"href":"https:\/\/www.pharmacy-content.com\/wp-json\/wp\/v2\/product_brand?post=5916"},{"taxonomy":"product_cat","embeddable":true,"href":"https:\/\/www.pharmacy-content.com\/wp-json\/wp\/v2\/product_cat?post=5916"},{"taxonomy":"product_tag","embeddable":true,"href":"https:\/\/www.pharmacy-content.com\/wp-json\/wp\/v2\/product_tag?post=5916"}],"curies":[{"name":"wp","href":"https:\/\/api.w.org\/{rel}","templated":true}]}}