{"id":5853,"date":"2026-04-22T06:58:15","date_gmt":"2026-04-22T06:58:15","guid":{"rendered":""},"modified":"2026-04-22T06:58:22","modified_gmt":"2026-04-22T06:58:22","slug":"finasteride-8","status":"publish","type":"product","link":"https:\/\/www.pharmacy-content.com\/?product=finasteride-8&lang=sv","title":{"rendered":"Finasteride"},"content":{"rendered":"<p>Vanlig anv\u00e4ndning<br \/>\nFinasterid anv\u00e4nds f\u00f6r att behandla h\u00e5ravfall (manligt m\u00f6nster). Den f\u00e5r endast anv\u00e4ndas av vuxna m\u00e4n. Finasteride kan ocks\u00e5 anv\u00e4ndas f\u00f6r att behandla prostatacancer och benign prostatahyperplasi.<br \/>\nI kliniska studier har Propecia visat sig fungera p\u00e5 b\u00e5de kronomr\u00e5det och h\u00e5rf\u00e4stet.<\/p>\n<p>Dosering och riktning<br \/>\nTa Propecia genom munnen med ett glas vatten, med eller utan mat. Undvik att sk\u00e4ra, krossa eller tugga detta l\u00e4kemedel.<br \/>\nKonsultera din l\u00e4kare ang\u00e5ende r\u00e4tt dos f\u00f6r dig.<\/p>\n<p>F\u00f6rsiktighets\u00e5tg\u00e4rder<br \/>\nInnan du tar Propecia ber\u00e4tta f\u00f6r din l\u00e4kare eller apotekspersonal om du \u00e4r allergisk mot Finasteride eller Dutasteride; eller om du har andra allergier.<br \/>\nEftersom detta l\u00e4kemedel kan absorberas av huden, b\u00f6r kvinnor som \u00e4r gravida eller kan bli gravida inte manipulera detta l\u00e4kemedel.<\/p>\n<p>Kontraindikationer<br \/>\nPropecia ska inte anv\u00e4ndas av kvinnor eller barn eller av patienter som har visat en reaktion av \u00f6verk\u00e4nslighet mot Finasteride.<\/p>\n<p>M\u00f6jlig biverkning<br \/>\nDe vanligaste biverkningarna \u00e4r yrsel, ovanlig svaghet, d\u00e5sighet, s\u00f6mnsv\u00e5righeter, suddig syn, rinnande n\u00e4sa eller problem med utl\u00f6sning.<br \/>\nSluta anv\u00e4nda Finasteride och ring din l\u00e4kare omedelbart om du har n\u00e5gon av dessa allvarliga biverkningar: peniserektion som \u00e4r sm\u00e4rtsam eller varar i 4 timmar eller l\u00e4ngre, sv\u00e5r yrsel eller svimning.<br \/>\nEn mycket allvarlig allergisk reaktion intr\u00e4ffar s\u00e4llan.<br \/>\nOm du m\u00e4rker effekterna som inte anges h\u00e4r, kontakta din l\u00e4kare eller apotekspersonal.<\/p>\n<p>L\u00e4kemedelsinteraktion<br \/>\nBer\u00e4tta f\u00f6r din l\u00e4kare eller apotekspersonal om alla receptbelagda och receptfria\/v\u00e4xtbaserade produkter du kan anv\u00e4nda innan du anv\u00e4nder detta l\u00e4kemedel.<\/p>\n<p>Missad dos<\/p>\n<p>Om du har missat din dos, ta den s\u00e5 fort du kommer ih\u00e5g. Om du ser att det snart \u00e4r dags f\u00f6r n\u00e4sta dos, hoppa \u00f6ver den missade dosen och \u00e5teruppta ditt vanliga doseringsschema. Ta inte din dos tv\u00e5 g\u00e5nger.<\/p>\n<p>\u00d6verdosering<br \/>\nOm du tror att du har anv\u00e4nt f\u00f6r mycket av detta l\u00e4kemedel, s\u00f6k omedelbart akut l\u00e4karv\u00e5rd. Symtomen p\u00e5 \u00f6verdosering inkluderar vanligtvis br\u00f6stsm\u00e4rtor, illam\u00e5ende, oregelbunden hj\u00e4rtrytm och k\u00e4nsla av yrsel eller svimning.<\/p>\n<p>F\u00f6rvaring<br \/>\nF\u00f6rvara dina l\u00e4kemedel i rumstemperatur mellan 20-25 grader C (68-77 grader F) borta fr\u00e5n ljus och fukt. F\u00f6rvara dem inte i badrummet. H\u00e5ll alla droger utom r\u00e4ckh\u00e5ll f\u00f6r barn och husdjur.<\/p>\n<p>Ansvarsfriskrivning<br \/>\nVi tillhandah\u00e5ller endast allm\u00e4n information om mediciner som inte t\u00e4cker alla riktningar, m\u00f6jliga l\u00e4kemedelsintegrationer eller f\u00f6rsiktighets\u00e5tg\u00e4rder. Information p\u00e5 webbplatsen kan inte anv\u00e4ndas f\u00f6r sj\u00e4lvbehandling och sj\u00e4lvdiagnos. Eventuella specifika instruktioner f\u00f6r en viss patient b\u00f6r \u00f6verenskommas med din h\u00e4lsor\u00e5dgivare eller l\u00e4kare som \u00e4r ansvarig f\u00f6r \u00e4rendet. Vi fr\u00e5ns\u00e4ger oss tillf\u00f6rlitligheten av denna information och misstag den kan inneh\u00e5lla. Vi ansvarar inte f\u00f6r n\u00e5gra direkta, indirekta, speciella eller andra indirekta skador till f\u00f6ljd av n\u00e5gon anv\u00e4ndning av informationen p\u00e5 denna webbplats och \u00e4ven f\u00f6r konsekvenser av egenbehandling.<\/p>\n","protected":false},"excerpt":{"rendered":"<p>Finasteride anv\u00e4nds vid behandling av benign prostatahyperplasi. Det hj\u00e4lper till att krympa storleken p\u00e5 den f\u00f6rstorade prostatak\u00f6rteln och lindrar symtom som sv\u00e5righeter att kissa, akut behov av att kissa och of\u00f6rm\u00e5ga att h\u00e5lla urinen.<\/p>\n","protected":false},"featured_media":5811,"comment_status":"open","ping_status":"closed","template":"","meta":[],"product_brand":[],"product_cat":[195],"product_tag":[],"class_list":{"0":"post-5853","1":"product","2":"type-product","3":"status-publish","4":"has-post-thumbnail","6":"product_cat-haravfall-sv","7":"pa_active_substance-finasteride","9":"first","10":"instock","11":"shipping-taxable","12":"product-type-simple"},"jetpack_sharing_enabled":true,"_links":{"self":[{"href":"https:\/\/www.pharmacy-content.com\/index.php?rest_route=\/wp\/v2\/product\/5853","targetHints":{"allow":["GET"]}}],"collection":[{"href":"https:\/\/www.pharmacy-content.com\/index.php?rest_route=\/wp\/v2\/product"}],"about":[{"href":"https:\/\/www.pharmacy-content.com\/index.php?rest_route=\/wp\/v2\/types\/product"}],"replies":[{"embeddable":true,"href":"https:\/\/www.pharmacy-content.com\/index.php?rest_route=%2Fwp%2Fv2%2Fcomments&post=5853"}],"wp:featuredmedia":[{"embeddable":true,"href":"https:\/\/www.pharmacy-content.com\/index.php?rest_route=\/wp\/v2\/media\/5811"}],"wp:attachment":[{"href":"https:\/\/www.pharmacy-content.com\/index.php?rest_route=%2Fwp%2Fv2%2Fmedia&parent=5853"}],"wp:term":[{"taxonomy":"product_brand","embeddable":true,"href":"https:\/\/www.pharmacy-content.com\/index.php?rest_route=%2Fwp%2Fv2%2Fproduct_brand&post=5853"},{"taxonomy":"product_cat","embeddable":true,"href":"https:\/\/www.pharmacy-content.com\/index.php?rest_route=%2Fwp%2Fv2%2Fproduct_cat&post=5853"},{"taxonomy":"product_tag","embeddable":true,"href":"https:\/\/www.pharmacy-content.com\/index.php?rest_route=%2Fwp%2Fv2%2Fproduct_tag&post=5853"}],"curies":[{"name":"wp","href":"https:\/\/api.w.org\/{rel}","templated":true}]}}