{"id":5847,"date":"2026-04-22T06:58:15","date_gmt":"2026-04-22T06:58:15","guid":{"rendered":""},"modified":"2026-04-22T06:58:22","modified_gmt":"2026-04-22T06:58:22","slug":"finasteride-7","status":"publish","type":"product","link":"https:\/\/www.pharmacy-content.com\/?product=finasteride-7&lang=pt","title":{"rendered":"Finasteride"},"content":{"rendered":"<p>Uso comum<br \/>\nA finasterida \u00e9 usada para tratar queda de cabelo (padr\u00e3o masculino). Deve ser usado apenas por homens adultos. A finasterida tamb\u00e9m pode ser usada para tratar c\u00e2ncer de pr\u00f3stata e hiperplasia prost\u00e1tica benigna.<br \/>\nEm estudos cl\u00ednicos, Propecia demonstrou funcionar tanto na \u00e1rea da coroa quanto na linha do cabelo.<\/p>\n<p>Dosagem e orienta\u00e7\u00e3o<br \/>\nTome Propecia por via oral com um copo de \u00e1gua, com ou sem comida. Evite cortar, esmagar ou mastigar este medicamento.<br \/>\nConsulte o seu m\u00e9dico sobre a dose adequada para voc\u00ea.<\/p>\n<p>Precau\u00e7\u00f5es<br \/>\nAntes de tomar Propecia informe o seu m\u00e9dico ou farmac\u00eautico se voc\u00ea \u00e9 al\u00e9rgico a Finasterida ou Dutasterida; ou se tiver outras alergias.<br \/>\nComo este medicamento pode ser absorvido pela pele, mulheres gr\u00e1vidas ou que possam engravidar n\u00e3o devem manipular este medicamento.<\/p>\n<p>Contra-indica\u00e7\u00f5es<br \/>\nPropecia n\u00e3o deve ser utilizado por mulheres ou crian\u00e7as, bem como por pacientes que demonstraram uma rea\u00e7\u00e3o de hipersensibilidade \u00e0 finasterida.<\/p>\n<p>Poss\u00edveis efeitos colaterais<br \/>\nOs efeitos colaterais mais comuns s\u00e3o tonturas, fraqueza incomum, sonol\u00eancia, dificuldade para dormir, vis\u00e3o turva, coriza ou problemas de ejacula\u00e7\u00e3o.<br \/>\nPare de usar finasterida e ligue para seu m\u00e9dico. m\u00e9dico imediatamente se tiver algum destes efeitos secund\u00e1rios graves: ere\u00e7\u00e3o do p\u00e9nis dolorosa ou que dura 4 horas ou mais, tonturas graves ou desmaios.<br \/>\nRaramente ocorre uma rea\u00e7\u00e3o al\u00e9rgica muito grave.<br \/>\nCaso note os efeitos n\u00e3o listados aqui, entre em contato com seu m\u00e9dico ou farmac\u00eautico.<\/p>\n<p>Intera\u00e7\u00e3o medicamentosa<br \/>\nInforme ao seu m\u00e9dico ou farmac\u00eautico todos os produtos fitoter\u00e1picos prescritos e n\u00e3o prescritos que voc\u00ea pode usar antes de usar este medicamento.<\/p>\n<p>Dose esquecida<\/p>\n<p>Se voc\u00ea perdeu sua dose, tome-a assim que voc\u00ea se lembrar. Se voc\u00ea perceber que est\u00e1 pr\u00f3ximo da hora da pr\u00f3xima dose, pule a dose esquecida e retome seu esquema posol\u00f3gico habitual. N\u00e3o tome a sua dose duas vezes.<\/p>\n<p>Sobredosagem<br \/>\nSe pensa que utilizou demasiado deste medicamento, procure atendimento m\u00e9dico de emerg\u00eancia imediatamente. Os sintomas de sobredosagem geralmente incluem dor no peito, n\u00e1useas, batimentos card\u00edacos irregulares e sensa\u00e7\u00e3o de tontura ou desmaio.<\/p>\n<p>Armazenamento<br \/>\nGuarde os seus medicamentos \u00e0 temperatura ambiente entre 20-25 graus C (68-77 graus F), longe da luz e umidade. N\u00e3o os guarde no banheiro. Mantenha todos os medicamentos longe do alcance de crian\u00e7as e animais de estima\u00e7\u00e3o.<\/p>\n<p>Isen\u00e7\u00e3o de responsabilidade<br \/>\nFornecemos apenas informa\u00e7\u00f5es gerais sobre medicamentos que n\u00e3o cobrem todas as instru\u00e7\u00f5es, poss\u00edveis integra\u00e7\u00f5es de medicamentos ou precau\u00e7\u00f5es. As informa\u00e7\u00f5es do site n\u00e3o podem ser utilizadas para autotratamento e autodiagn\u00f3stico. Quaisquer instru\u00e7\u00f5es espec\u00edficas para um determinado paciente devem ser acordadas com o seu conselheiro de sa\u00fade ou m\u00e9dico respons\u00e1vel pelo caso. N\u00f3s nos isentamos da confiabilidade dessas informa\u00e7\u00f5es e dos erros que elas possam conter. N\u00e3o nos responsabilizamos por quaisquer danos diretos, indiretos, especiais ou outros danos indiretos resultantes de qualquer uso das informa\u00e7\u00f5es deste site e tamb\u00e9m pelas consequ\u00eancias do autotratamento.<\/p>\n","protected":false},"excerpt":{"rendered":"<p>Finasteride \u00e9 usado no tratamento da hiperplasia prost\u00e1tica benigna. Ajuda a diminuir o tamanho da pr\u00f3stata aumentada e alivia sintomas como dificuldade em urinar, necessidade urgente de urinar e incapacidade de reter a urina.<\/p>\n","protected":false},"featured_media":5811,"comment_status":"open","ping_status":"closed","template":"","meta":[],"product_brand":[],"product_cat":[192],"product_tag":[],"class_list":{"0":"post-5847","1":"product","2":"type-product","3":"status-publish","4":"has-post-thumbnail","6":"product_cat-queda-de-cabelo-pt","7":"pa_active_substance-finasteride","9":"first","10":"instock","11":"shipping-taxable","12":"product-type-simple"},"jetpack_sharing_enabled":true,"_links":{"self":[{"href":"https:\/\/www.pharmacy-content.com\/index.php?rest_route=\/wp\/v2\/product\/5847","targetHints":{"allow":["GET"]}}],"collection":[{"href":"https:\/\/www.pharmacy-content.com\/index.php?rest_route=\/wp\/v2\/product"}],"about":[{"href":"https:\/\/www.pharmacy-content.com\/index.php?rest_route=\/wp\/v2\/types\/product"}],"replies":[{"embeddable":true,"href":"https:\/\/www.pharmacy-content.com\/index.php?rest_route=%2Fwp%2Fv2%2Fcomments&post=5847"}],"wp:featuredmedia":[{"embeddable":true,"href":"https:\/\/www.pharmacy-content.com\/index.php?rest_route=\/wp\/v2\/media\/5811"}],"wp:attachment":[{"href":"https:\/\/www.pharmacy-content.com\/index.php?rest_route=%2Fwp%2Fv2%2Fmedia&parent=5847"}],"wp:term":[{"taxonomy":"product_brand","embeddable":true,"href":"https:\/\/www.pharmacy-content.com\/index.php?rest_route=%2Fwp%2Fv2%2Fproduct_brand&post=5847"},{"taxonomy":"product_cat","embeddable":true,"href":"https:\/\/www.pharmacy-content.com\/index.php?rest_route=%2Fwp%2Fv2%2Fproduct_cat&post=5847"},{"taxonomy":"product_tag","embeddable":true,"href":"https:\/\/www.pharmacy-content.com\/index.php?rest_route=%2Fwp%2Fv2%2Fproduct_tag&post=5847"}],"curies":[{"name":"wp","href":"https:\/\/api.w.org\/{rel}","templated":true}]}}