{"id":5829,"date":"2026-04-22T06:58:11","date_gmt":"2026-04-22T06:58:11","guid":{"rendered":""},"modified":"2026-04-22T06:58:22","modified_gmt":"2026-04-22T06:58:22","slug":"finasteride-4","status":"publish","type":"product","link":"https:\/\/www.pharmacy-content.com\/?product=finasteride-4&lang=it","title":{"rendered":"Finasteride"},"content":{"rendered":"<p>Uso comune<\/p>\n<p>Finasteride \u00e8 usato per trattare la perdita di capelli (modello maschile). Deve essere utilizzato solo da uomini adulti. Finasteride pu\u00f2 anche essere usato per curare il cancro della prostata e dell&#8217;iperplasia prostatica benigna. Negli studi clinici Finasteride ha dimostrato di lavorare su entrambi nell&#8217;area della corona e l&#8217;attaccatura dei capelli.<\/p>\n<p>Dosaggio e direzioni<\/p>\n<p>Prendere Finasteride per bocca con un bicchiere d&#8217;acqua, con o senza cibo. Evitare il taglio, schiacciamento o masticare questo medicinale. Consultare il proprio medico riguardo dose adeguata per te.<\/p>\n<p>Precauzioni<\/p>\n<p>Prima di prendere Finasteride avvisare il medico o il farmacista se \u00e8 allergico alla finasteride o dutasteride, o se avete altre allergie. Poich\u00e9 questo farmaco pu\u00f2 essere assorbito dalla pelle, le donne che sono incinte o possono diventare incinte non devono maneggiare questa medicina.<\/p>\n<p>Controindicazioni<\/p>\n<p>Finasteride non deve essere utilizzato da donne o bambini, nonch\u00e9 dai pazienti che hanno dimostrato una reazione di ipersensibilit\u00e0 alla Finasteride.<\/p>\n<p>Possibili effetti collaterali<\/p>\n<p>Gli effetti collaterali pi\u00f9 comuni sono vertigini, debolezza insolite, sonnolenza, disturbi del sonno, visione offuscata, naso che cola, o problemi di eiaculazione. Smettere di usare Finasteride e chiamare subito il medico se si dispone di uno qualsiasi di questi gravi effetti collaterali: erezione del pene che \u00e8 doloroso e dura 4 ore o pi\u00f9, forti capogiri o svenimento. Una reazione allergica molto grave si verifica raramente. Nel caso in cui si notano gli effetti non elencati qui, contattare il medico o il farmacista.<\/p>\n<p>Interazione farmacologica<\/p>\n<p>Informi il medico o il farmacista di tutti i prescrizione e nonprescription \/ prodotti di erboristeria si possono utilizzare prima di utilizzare questo farmaco.<\/p>\n<p>Dose<\/p>\n<p>Se ha dimenticato la sua dose, la prenda non appena se ne ricorda. Se \u00e8 vicino il momento della dose successiva, salti la dose e riprendere il consueto schema di dosaggio. Non prendere la dose due volte.<\/p>\n<p>Overdose<\/p>\n<p>Se si pensa di aver usato troppo di questo medicinale rivolgersi ad un medico di emergenza subito. I sintomi di sovradosaggio di solito includono dolore al petto, nausea, battito cardiaco irregolare, e sensazione di testa leggera o svenimento.<\/p>\n<p>Storage<\/p>\n<p>Conservare i farmaci a temperatura ambiente tra i 68-77 \u00b0F (20-25 \u00b0C) lontano dalla luce e dall&#8217;umidit\u00e0. Non riporli in bagno. Conservare tutti i farmaci lontano dalla portata dei bambini e animali domestici.<\/p>\n<p>Disclaimer<\/p>\n<p>Noi forniamo solo informazioni di carattere generale su farmaci che non copre tutte le direzioni, integrazioni farmacologiche, o precauzioni. Informazioni presso il sito non pu\u00f2 essere utilizzato per l&#8217;auto-trattamento e di auto-diagnosi. Eventuali istruzioni specifiche per un particolare paziente deve essere concordato con il proprio consulente sanitario o medico incaricato del caso. Decliniamo l&#8217;affidabilit\u00e0 di queste informazioni e potrebbe contenere errori. Noi non siamo responsabili per qualsiasi danno diretto, indiretto, speciale o altre indiretta, a seguito di qualsiasi uso delle informazioni su questo sito e anche per le conseguenze di auto-trattamento.<\/p>\n","protected":false},"excerpt":{"rendered":"<p>Finasteride si usa per il trattamento della calvizie maschile. Viene prescritta anche per il trattamento del cancro alla prostata e dell\u2019iperplasia prostatica benigna.<\/p>\n","protected":false},"featured_media":5811,"comment_status":"open","ping_status":"closed","template":"","meta":[],"product_brand":[],"product_cat":[183],"product_tag":[],"class_list":{"0":"post-5829","1":"product","2":"type-product","3":"status-publish","4":"has-post-thumbnail","6":"product_cat-perdita-di-capelli-it","7":"pa_active_substance-finasteride","9":"first","10":"instock","11":"shipping-taxable","12":"product-type-simple"},"jetpack_sharing_enabled":true,"_links":{"self":[{"href":"https:\/\/www.pharmacy-content.com\/index.php?rest_route=\/wp\/v2\/product\/5829","targetHints":{"allow":["GET"]}}],"collection":[{"href":"https:\/\/www.pharmacy-content.com\/index.php?rest_route=\/wp\/v2\/product"}],"about":[{"href":"https:\/\/www.pharmacy-content.com\/index.php?rest_route=\/wp\/v2\/types\/product"}],"replies":[{"embeddable":true,"href":"https:\/\/www.pharmacy-content.com\/index.php?rest_route=%2Fwp%2Fv2%2Fcomments&post=5829"}],"wp:featuredmedia":[{"embeddable":true,"href":"https:\/\/www.pharmacy-content.com\/index.php?rest_route=\/wp\/v2\/media\/5811"}],"wp:attachment":[{"href":"https:\/\/www.pharmacy-content.com\/index.php?rest_route=%2Fwp%2Fv2%2Fmedia&parent=5829"}],"wp:term":[{"taxonomy":"product_brand","embeddable":true,"href":"https:\/\/www.pharmacy-content.com\/index.php?rest_route=%2Fwp%2Fv2%2Fproduct_brand&post=5829"},{"taxonomy":"product_cat","embeddable":true,"href":"https:\/\/www.pharmacy-content.com\/index.php?rest_route=%2Fwp%2Fv2%2Fproduct_cat&post=5829"},{"taxonomy":"product_tag","embeddable":true,"href":"https:\/\/www.pharmacy-content.com\/index.php?rest_route=%2Fwp%2Fv2%2Fproduct_tag&post=5829"}],"curies":[{"name":"wp","href":"https:\/\/api.w.org\/{rel}","templated":true}]}}