{"id":5823,"date":"2026-04-22T06:58:11","date_gmt":"2026-04-22T06:58:11","guid":{"rendered":""},"modified":"2026-04-22T06:58:22","modified_gmt":"2026-04-22T06:58:22","slug":"finasteride-3","status":"publish","type":"product","link":"https:\/\/www.pharmacy-content.com\/?product=finasteride-3&lang=fr","title":{"rendered":"Finasteride"},"content":{"rendered":"<p>Usage g\u00e9n\u00e9ral<\/p>\n<p>Finasteride est utilis\u00e9 pour traiter l&#8217;alop\u00e9cie (le dessin m\u00e2le). Il doit \u00eatre utilis\u00e9 seulement par les hommes adultes. Finasteride peut aussi \u00eatre utilis\u00e9 pour traiter le cancer de prostate et prostatic bienveillant hyperplasia. Dans les \u00e9tudes cliniques on a montr\u00e9 que Finasteride a travaill\u00e9 tant sur la r\u00e9gion de couronne que sur la naissance des cheveux.<\/p>\n<p>Dosage et administration<\/p>\n<p>Prenez Finasteride par la bouche avec un verre d&#8217;eau, avec ou sans nourriture. \u00c9vitez de couper, \u00e9crasant ou m\u00e2cher cette m\u00e9decine. Consultez votre m\u00e9decin traitant concernant la dose convenable pour vous.<\/p>\n<p>Pr\u00e9cautions<\/p>\n<p>Avant de prendre Finasteride dites \u00e0 votre m\u00e9decin traitant ou chimiste si vous \u00eates allergique \u00e0 Finasteride ou \u00e0 Dutasteride; ou si vous avez d&#8217;autres allergies. Comme ce m\u00e9dicament peut \u00eatre absorb\u00e9 par la peau, les femmes qui sont enceintes ou peuvent devenir enceintes ne devraient pas manipuler cette m\u00e9decine.<\/p>\n<p>Contre-indications<\/p>\n<p>Finasteride ne devrait pas \u00eatre utilis\u00e9 par les femmes ou les enfants aussi bien que par les patients ayant d\u00e9montr\u00e9 une r\u00e9action d&#8217;hypersensibilit\u00e9 \u00e0 Finasteride.<\/p>\n<p>Effet secondaire possible<\/p>\n<p>Les effets secondaires possibles les plus communs sont le vertige, la faiblesse inhabituelle, la somnolence, le sommeil de probl\u00e8me, une vision brouill\u00e9e, le nez qui coule, ou les probl\u00e8mes d\u2019\u00e9jaculation. Arr\u00eatez d&#8217;utiliser Finasteride et appelez votre docteur imm\u00e9diatement si vous avez n&#8217;importe lequel de ces effets secondaires possibles s\u00e9rieux : l&#8217;\u00e9rection p\u00e9nienne douloureuse ou qui dure plus de 4 heures, vertiges s\u00e9v\u00e8res ou \u00e9vanouissement. Une r\u00e9action allergique tr\u00e8s s\u00e9rieuse se produit rarement. Dans le cas o\u00f9 vous remarquez des effets non \u00e9num\u00e9r\u00e9s ici, contactez votre m\u00e9decin traitant ou pharmacien.<\/p>\n<p>Action r\u00e9ciproque de m\u00e9dicament<\/p>\n<p>Dites \u00e0 votre m\u00e9decin traitant ou pharmacien de tous les produits de non-prescription et de prescription \/ les produits faits avec des herbes que vous pouvez utiliser avant d&#8217;utiliser cette m\u00e9dication.<\/p>\n<p>Omission de dose<\/p>\n<p>Si vous manquez une dose, prenez-la aussit\u00f4t que vous vous en apercevez. Si c&#8217;est pr\u00e8s de l&#8217;heure de la dose suivante, sautez la dose manqu\u00e9e et reprenez votre programme de dosage ordinaire. Ne doublez pas la dose pour vous rattraper. Appelez votre m\u00e9decin traitant si vous oubliez 2 doses ou plus d&#8217;affil\u00e9e.<\/p>\n<p>Surdosage<\/p>\n<p>Si vous croyez que vous avez utilis\u00e9 trop de cette m\u00e9decine, cherchez l&#8217;attention de secours d&#8217;urgence tout de suite. Les sympt\u00f4mes d&#8217;overdose incluent habituellement la douleur de poitrine, la naus\u00e9e, le battement de coeur irr\u00e9gulier et le sentiment d&#8217;\u00e9tourdissement ou l&#8217;\u00e9vanouissement.<\/p>\n<p>Conservation<\/p>\n<p>Conservez vos m\u00e9decines \u00e0 la temp\u00e9rature ambiante entre 68-77 degr\u00e9s F (20-25 degr\u00e9s C) loin de la lumi\u00e8re et de l&#8217;humidit\u00e9. Ne les conservez pas dans la salle de bains. Tenez tous les m\u00e9dicaments hors de port\u00e9e des enfants et des animaux de compagnie.<\/p>\n<p>Disclaimer (avis de non responsabilit\u00e9)<\/p>\n<p>Nous fournissons des renseignements \u00e0 caract\u00e8res uniquement g\u00e9n\u00e9raux sur les m\u00e9dicaments qui n\u2019englobent pas tous les domaines, les polyvalences possibles du m\u00e9dicament, ou les pr\u00e9cautions. Les renseignements sur le site ne peuvent \u00eatre utilis\u00e9s pour un traitement personnel et un diagnostic personnel. Toute instruction sp\u00e9cifique pour un patient particulier devrait \u00eatre consult\u00e9e avec votre conseiller de soins de sant\u00e9 ou votre m\u00e9decin responsable du cas. Nous refusons toute r\u00e9f\u00e9rence au caract\u00e8re ind\u00e9niable de ces renseignements et des erreurs qu&#8217;ils pourraient contenir. Nous ne sommes pas responsables de tout dommage direct ou indirect, sp\u00e9cial ou d\u2019autre dommage \u00e0 la suite de toute utilisation des renseignements sur ce site et \u00e9galement pour les cons\u00e9quences de l\u2019auto-traitement.<\/p>\n","protected":false},"excerpt":{"rendered":"<p>Finasteride est utilis\u00e9 contre la perte de cheveux (chez l\u2019homme). Il est \u00e9galement utilis\u00e9 dans le traitement du cancer de la prostate et l&#8217;hyperplasie b\u00e9nigne de la prostate.<\/p>\n","protected":false},"featured_media":5811,"comment_status":"open","ping_status":"closed","template":"","meta":[],"product_brand":[],"product_cat":[180],"product_tag":[],"class_list":{"0":"post-5823","1":"product","2":"type-product","3":"status-publish","4":"has-post-thumbnail","6":"product_cat-chute-de-cheveux-fr","7":"pa_active_substance-finasteride","9":"first","10":"instock","11":"shipping-taxable","12":"product-type-simple"},"jetpack_sharing_enabled":true,"_links":{"self":[{"href":"https:\/\/www.pharmacy-content.com\/index.php?rest_route=\/wp\/v2\/product\/5823","targetHints":{"allow":["GET"]}}],"collection":[{"href":"https:\/\/www.pharmacy-content.com\/index.php?rest_route=\/wp\/v2\/product"}],"about":[{"href":"https:\/\/www.pharmacy-content.com\/index.php?rest_route=\/wp\/v2\/types\/product"}],"replies":[{"embeddable":true,"href":"https:\/\/www.pharmacy-content.com\/index.php?rest_route=%2Fwp%2Fv2%2Fcomments&post=5823"}],"wp:featuredmedia":[{"embeddable":true,"href":"https:\/\/www.pharmacy-content.com\/index.php?rest_route=\/wp\/v2\/media\/5811"}],"wp:attachment":[{"href":"https:\/\/www.pharmacy-content.com\/index.php?rest_route=%2Fwp%2Fv2%2Fmedia&parent=5823"}],"wp:term":[{"taxonomy":"product_brand","embeddable":true,"href":"https:\/\/www.pharmacy-content.com\/index.php?rest_route=%2Fwp%2Fv2%2Fproduct_brand&post=5823"},{"taxonomy":"product_cat","embeddable":true,"href":"https:\/\/www.pharmacy-content.com\/index.php?rest_route=%2Fwp%2Fv2%2Fproduct_cat&post=5823"},{"taxonomy":"product_tag","embeddable":true,"href":"https:\/\/www.pharmacy-content.com\/index.php?rest_route=%2Fwp%2Fv2%2Fproduct_tag&post=5823"}],"curies":[{"name":"wp","href":"https:\/\/api.w.org\/{rel}","templated":true}]}}