{"id":5817,"date":"2026-04-22T06:58:10","date_gmt":"2026-04-22T06:58:10","guid":{"rendered":""},"modified":"2026-04-22T06:58:22","modified_gmt":"2026-04-22T06:58:22","slug":"finasteride-2","status":"publish","type":"product","link":"https:\/\/www.pharmacy-content.com\/?product=finasteride-2&lang=de","title":{"rendered":"Finasteride"},"content":{"rendered":"<p>Allgemeine Anwendung<br \/>\nFinasterid wird zur Behandlung von Haarausfall (m\u00e4nnlich) eingesetzt. Es darf nur von erwachsenen M\u00e4nnern verwendet werden. Finasterid kann auch zur Behandlung von Prostatakrebs und gutartiger Prostatahyperplasie eingesetzt werden.<br \/>\nIn klinischen Studien wurde gezeigt, dass Propecia sowohl im Scheitelbereich als auch am Haaransatz wirkt.<\/p>\n<p>Dosierung und Anwendung<br \/>\nNehmen Sie Propecia oral mit einem Glas Wasser ein oder ohne Essen. Vermeiden Sie es, dieses Arzneimittel zu schneiden, zu zerdr\u00fccken oder zu kauen.<br \/>\nFragen Sie Ihren Arzt bez\u00fcglich der richtigen Dosierung f\u00fcr Sie.<\/p>\n<p>Vorsichtsma\u00dfnahmen<br \/>\nBevor Sie Propecia einnehmen, informieren Sie Ihren Arzt oder Apotheker, wenn Sie allergisch gegen Finasterid oder Dutasterid sind; oder wenn Sie andere Allergien haben.<br \/>\nDa dieses Medikament von der Haut absorbiert werden kann, sollten Frauen, die schwanger sind oder schwanger werden k\u00f6nnten, dieses Medikament nicht anwenden.<\/p>\n<p>Kontraindikationen<br \/>\nPropecia sollte nicht von Frauen oder Kindern sowie von anderen Personen angewendet werden Patienten, die eine \u00dcberempfindlichkeitsreaktion auf Finasterid gezeigt haben.<\/p>\n<p>M\u00f6gliche Nebenwirkung<br \/>\nDie h\u00e4ufigsten Nebenwirkungen sind Schwindel, ungew\u00f6hnliche Schw\u00e4che, Schl\u00e4frigkeit, Schlafst\u00f6rungen, verschwommenes Sehen, laufende Nase oder Probleme beim Samenerguss.<br \/>\nBeenden Sie die Anwendung von Finasterid und rufen Sie Ihren Arzt an Informieren Sie sofort Ihren Arzt, wenn bei Ihnen eine dieser schwerwiegenden Nebenwirkungen auftritt: Eine schmerzhafte oder 4 Stunden oder l\u00e4nger anhaltende Peniserektion, starker Schwindel oder Ohnmacht.<br \/>\nEine sehr schwerwiegende allergische Reaktion tritt selten auf.<br \/>\nFalls Sie hier nicht aufgef\u00fchrte Nebenwirkungen bemerken, Wenden Sie sich an Ihren Arzt oder Apotheker.<\/p>\n<p>Wechselwirkungen mit anderen Arzneimitteln<br \/>\nInformieren Sie Ihren Arzt oder Apotheker \u00fcber alle verschreibungspflichtigen und nicht verschreibungspflichtigen\/pflanzlichen Produkte, die Sie m\u00f6glicherweise verwenden, bevor Sie dieses Medikament einnehmen.<\/p>\n<p>Verpasste Dosis<\/p>\n<p>Wenn Sie Ihre Dosis vergessen haben, nehmen Sie sie ein sobald du dich erinnerst. Wenn Sie sehen, dass es bald Zeit f\u00fcr die n\u00e4chste Dosis ist, lassen Sie die vergessene Dosis aus und fahren Sie mit Ihrem gewohnten Dosierungsplan fort. Nehmen Sie Ihre Dosis nicht zweimal ein.<\/p>\n<p>\u00dcberdosierung<br \/>\nWenn Sie glauben, zu viel von diesem Arzneimittel eingenommen zu haben, suchen Sie sofort einen Notarzt auf. Zu den Symptomen einer \u00dcberdosierung geh\u00f6ren normalerweise Brustschmerzen, \u00dcbelkeit, unregelm\u00e4\u00dfiger Herzschlag und Benommenheit oder Ohnmacht.<\/p>\n<p>Aufbewahrung<br \/>\nBewahren Sie Ihre Arzneimittel bei Raumtemperatur zwischen 20 und 25 \u00b0C (68\u201377 \u00b0F) und vor Licht gesch\u00fctzt auf Feuchtigkeit. Bewahren Sie sie nicht im Badezimmer auf. Bewahren Sie alle Medikamente au\u00dferhalb der Reichweite von Kindern und Haustieren auf.<\/p>\n<p>Haftungsausschluss<br \/>\nWir stellen nur allgemeine Informationen zu Medikamenten zur Verf\u00fcgung, die nicht alle Anweisungen, m\u00f6gliche Medikamentenkombinationen oder Vorsichtsma\u00dfnahmen abdecken. Die Informationen auf der Website k\u00f6nnen nicht zur Selbstbehandlung und Selbstdiagnose verwendet werden. Spezifische Anweisungen f\u00fcr einen bestimmten Patienten sollten mit Ihrem Gesundheitsberater oder dem f\u00fcr den Fall zust\u00e4ndigen Arzt vereinbart werden. Wir lehnen die Zuverl\u00e4ssigkeit dieser Informationen und die darin enthaltenen Fehler ab. Wir haften nicht f\u00fcr direkte, indirekte, besondere oder sonstige indirekte Sch\u00e4den, die sich aus der Nutzung der Informationen auf dieser Website ergeben und auch nicht f\u00fcr Folgen der Selbstbehandlung.<\/p>\n","protected":false},"excerpt":{"rendered":"<p>Finasteride wird zur Behandlung der gutartigen Prostatahyperplasie eingesetzt. Es hilft, die vergr\u00f6\u00dferte Prostata zu verkleinern und lindert Symptome wie Schwierigkeiten beim Wasserlassen, dringenden Harndrang und die Unf\u00e4higkeit, den Urin zu halten.<\/p>\n","protected":false},"featured_media":5811,"comment_status":"open","ping_status":"closed","template":"","meta":[],"product_brand":[],"product_cat":[177],"product_tag":[],"class_list":{"0":"post-5817","1":"product","2":"type-product","3":"status-publish","4":"has-post-thumbnail","6":"product_cat-haarausfall-de","7":"pa_active_substance-finasteride","9":"first","10":"instock","11":"shipping-taxable","12":"product-type-simple"},"jetpack_sharing_enabled":true,"_links":{"self":[{"href":"https:\/\/www.pharmacy-content.com\/index.php?rest_route=\/wp\/v2\/product\/5817","targetHints":{"allow":["GET"]}}],"collection":[{"href":"https:\/\/www.pharmacy-content.com\/index.php?rest_route=\/wp\/v2\/product"}],"about":[{"href":"https:\/\/www.pharmacy-content.com\/index.php?rest_route=\/wp\/v2\/types\/product"}],"replies":[{"embeddable":true,"href":"https:\/\/www.pharmacy-content.com\/index.php?rest_route=%2Fwp%2Fv2%2Fcomments&post=5817"}],"wp:featuredmedia":[{"embeddable":true,"href":"https:\/\/www.pharmacy-content.com\/index.php?rest_route=\/wp\/v2\/media\/5811"}],"wp:attachment":[{"href":"https:\/\/www.pharmacy-content.com\/index.php?rest_route=%2Fwp%2Fv2%2Fmedia&parent=5817"}],"wp:term":[{"taxonomy":"product_brand","embeddable":true,"href":"https:\/\/www.pharmacy-content.com\/index.php?rest_route=%2Fwp%2Fv2%2Fproduct_brand&post=5817"},{"taxonomy":"product_cat","embeddable":true,"href":"https:\/\/www.pharmacy-content.com\/index.php?rest_route=%2Fwp%2Fv2%2Fproduct_cat&post=5817"},{"taxonomy":"product_tag","embeddable":true,"href":"https:\/\/www.pharmacy-content.com\/index.php?rest_route=%2Fwp%2Fv2%2Fproduct_tag&post=5817"}],"curies":[{"name":"wp","href":"https:\/\/api.w.org\/{rel}","templated":true}]}}