{"id":5786,"date":"2026-04-22T06:58:00","date_gmt":"2026-04-22T06:58:00","guid":{"rendered":""},"modified":"2026-04-22T06:58:05","modified_gmt":"2026-04-22T06:58:05","slug":"clomid-7","status":"publish","type":"product","link":"https:\/\/www.pharmacy-content.com\/?product=clomid-7&lang=pt","title":{"rendered":"Clomid"},"content":{"rendered":"<p>Uso comum<\/p>\n<p>Clofi \u00e9 um antiestrog\u00eanio n\u00e3o ester\u00f3ide. O mecanismo de sua a\u00e7\u00e3o consiste em uma liga\u00e7\u00e3o espec\u00edfica ao receptor de estrog\u00eanio no ov\u00e1rio e na hip\u00f3fise. Em pacientes com baixos n\u00edveis de estrog\u00eanio no organismo causa efeito estrog\u00eanico e em pacientes com n\u00edveis elevados de estrog\u00eanio causa efeito antiestrog\u00eanio. Suas pequenas doses aumentam a secre\u00e7\u00e3o de gonadotrofinas (prolactina, horm\u00f4nio fol\u00edculo estimulante, FSH e horm\u00f4nio estimulador de c\u00e9lulas intersticiais), estimula a ovula\u00e7\u00e3o; em grandes doses retarda a secre\u00e7\u00e3o de gonadotrofinas. Toda a a\u00e7\u00e3o do Clofi consiste em estimular a ocorr\u00eancia da ovula\u00e7\u00e3o e preparar o corpo para a gravidez. Este medicamento pode ser usado em pacientes do sexo masculino com infertilidade causada por baixa produ\u00e7\u00e3o de espermatozoides.<\/p>\n<p>Posologia e orienta\u00e7\u00e3o<\/p>\n<p>Clofi \u00e9 administrado para estimular a ovula\u00e7\u00e3o 50 mg 1 vez ao dia ao deitar, a partir do 5\u00ba dia de gesta\u00e7\u00e3o. o ciclo menstrual durante 5 dias (na aus\u00eancia do ciclo &#8211; a qualquer momento). Em caso de nenhum efeito (a ovula\u00e7\u00e3o n\u00e3o ocorre em 30 dias) aumentar a dose para 150 mg\/dia ou prolongar o curso para 10 dias. Tome exatamente como prescrito, n\u00e3o tome o medicamento em grandes quantidades.<\/p>\n<p>Precau\u00e7\u00f5es<\/p>\n<p>Antes de tomar Clofi avise seu m\u00e9dico se voc\u00ea j\u00e1 teve alguma rea\u00e7\u00e3o al\u00e9rgica ao clomifeno, doen\u00e7as hep\u00e1ticas, depress\u00e3o mental, tromboflebite . Este medicamento pode causar problemas de vis\u00e3o, tonturas ou vertigens, esteja especialmente atento se precisar dirigir ou operar m\u00e1quinas que exijam alta concentra\u00e7\u00e3o de aten\u00e7\u00e3o.<\/p>\n<p>Contra-indica\u00e7\u00f5es<\/p>\n<p>Hipersensibilidade, insufici\u00eancia hep\u00e1tica ou renal , metrorragia de etiologia desconhecida, cistos ovarianos, neoplasias de \u00f3rg\u00e3os genitais, tumor ou hipofun\u00e7\u00e3o da hip\u00f3fise, endometriose, insufici\u00eancia ovariana juntamente com hiperprolactinemia, gravidez.<\/p>\n<p>Poss\u00edvel efeito colateral<\/p>\n<p>Juntamente com sintomas de alergia, como incha\u00e7o dos l\u00e1bios, l\u00edngua ou face ou urtic\u00e1ria em alguns pacientes podem aparecer as seguintes condi\u00e7\u00f5es: aumento dos ov\u00e1rios apresentando-se como dor abdominal ou p\u00e9lvica, rubor, n\u00e1usea, v\u00f4mito ou diarreia, vis\u00e3o turva, dor de cabe\u00e7a, sangramento uterino anormal.<\/p>\n<p>Intera\u00e7\u00e3o medicamentosa<\/p>\n<p>Informe seu m\u00e9dico e operadores de laborat\u00f3rio sobre todos os medicamentos e produtos fitoter\u00e1picos que voc\u00ea est\u00e1 tomando se for tratado com Clofi.<\/p>\n<p>Dose esquecida<\/p>\n<p>Se voc\u00ea esqueceu uma dose, tome-a como assim que voc\u00ea se lembrar, mas n\u00e3o se estiver quase na hora da pr\u00f3xima ingest\u00e3o de acordo com sua programa\u00e7\u00e3o. Nesse caso, pule a dose esquecida. N\u00e3o tente compensar uma dose esquecida tomando uma dose extra.<\/p>\n<p>Sobredose<\/p>\n<p>Se voc\u00ea suspeitar que tomou muito medicamento, procure atendimento m\u00e9dico imediato.<\/p>\n<p>Armazenamento<\/p>\n<p>Armazene o Clofi em local seco, longe da luz solar, em temperatura ambiente entre 15-30 C (59-86 F).<\/p>\n<p>Isen\u00e7\u00e3o de responsabilidade<\/p>\n<p>Fornecemos apenas informa\u00e7\u00f5es gerais sobre medicamentos que n\u00e3o cobrem todas as dire\u00e7\u00f5es, poss\u00edveis integra\u00e7\u00f5es de medicamentos ou precau\u00e7\u00f5es. As informa\u00e7\u00f5es do site n\u00e3o podem ser utilizadas para autotratamento e autodiagn\u00f3stico. As instru\u00e7\u00f5es espec\u00edficas para um determinado paciente devem ser acordadas com o seu conselheiro de sa\u00fade ou m\u00e9dico respons\u00e1vel pelo caso. N\u00f3s nos isentamos da confiabilidade dessas informa\u00e7\u00f5es e dos erros que elas possam conter. N\u00e3o nos responsabilizamos por quaisquer danos diretos, indiretos, especiais ou outros danos indiretos resultantes de qualquer uso das informa\u00e7\u00f5es deste site e tamb\u00e9m pelas consequ\u00eancias do autotratamento.<\/p>\n","protected":false},"excerpt":{"rendered":"<p>Clofi Generic \u00e9 um medicamento para fertilidade, usado para estimular a produ\u00e7\u00e3o de FSH e LH e, assim, os ov\u00e1rios para produzir \u00f3vulos em dist\u00farbios ovarianos.<\/p>\n","protected":false},"featured_media":5750,"comment_status":"open","ping_status":"closed","template":"","meta":[],"product_brand":[],"product_cat":[162],"product_tag":[],"class_list":{"0":"post-5786","1":"product","2":"type-product","3":"status-publish","4":"has-post-thumbnail","6":"product_cat-estimulante-ovulatorio-pt","7":"pa_active_substance-clomifen","9":"first","10":"instock","11":"shipping-taxable","12":"product-type-variable"},"jetpack_sharing_enabled":true,"_links":{"self":[{"href":"https:\/\/www.pharmacy-content.com\/index.php?rest_route=\/wp\/v2\/product\/5786","targetHints":{"allow":["GET"]}}],"collection":[{"href":"https:\/\/www.pharmacy-content.com\/index.php?rest_route=\/wp\/v2\/product"}],"about":[{"href":"https:\/\/www.pharmacy-content.com\/index.php?rest_route=\/wp\/v2\/types\/product"}],"replies":[{"embeddable":true,"href":"https:\/\/www.pharmacy-content.com\/index.php?rest_route=%2Fwp%2Fv2%2Fcomments&post=5786"}],"wp:featuredmedia":[{"embeddable":true,"href":"https:\/\/www.pharmacy-content.com\/index.php?rest_route=\/wp\/v2\/media\/5750"}],"wp:attachment":[{"href":"https:\/\/www.pharmacy-content.com\/index.php?rest_route=%2Fwp%2Fv2%2Fmedia&parent=5786"}],"wp:term":[{"taxonomy":"product_brand","embeddable":true,"href":"https:\/\/www.pharmacy-content.com\/index.php?rest_route=%2Fwp%2Fv2%2Fproduct_brand&post=5786"},{"taxonomy":"product_cat","embeddable":true,"href":"https:\/\/www.pharmacy-content.com\/index.php?rest_route=%2Fwp%2Fv2%2Fproduct_cat&post=5786"},{"taxonomy":"product_tag","embeddable":true,"href":"https:\/\/www.pharmacy-content.com\/index.php?rest_route=%2Fwp%2Fv2%2Fproduct_tag&post=5786"}],"curies":[{"name":"wp","href":"https:\/\/api.w.org\/{rel}","templated":true}]}}