{"id":5774,"date":"2026-04-22T06:57:58","date_gmt":"2026-04-22T06:57:58","guid":{"rendered":""},"modified":"2026-04-22T06:58:05","modified_gmt":"2026-04-22T06:58:05","slug":"clomid-5","status":"publish","type":"product","link":"https:\/\/www.pharmacy-content.com\/?product=clomid-5&lang=es","title":{"rendered":"Clomid"},"content":{"rendered":"<p>Uso com\u00fan<\/p>\n<p>Clomid (clomifeno) es un medicamento que aumenta las probabilidades de embarazo al ayudar al cuerpo a producir un \u00f3vulo (ovulaci\u00f3n). La ovulaci\u00f3n es la fase del ciclo menstrual en la que el ovario libera un \u00f3vulo. Este medicamento trata la ovulaci\u00f3n irregular o ausente en mujeres que buscan un embarazo.<\/p>\n<p>Dosis y modo de empleo<\/p>\n<p>Tome este medicamento por v\u00eda oral con un vaso de agua. Siga las instrucciones de la etiqueta del medicamento. T\u00f3melo exactamente como se indica durante el n\u00famero exacto de d\u00edas recetados. Tome sus dosis a intervalos regulares. La mayor\u00eda de las mujeres toman este medicamento durante un per\u00edodo de 5 d\u00edas, pero la duraci\u00f3n del tratamiento puede ajustarse. Su equipo de atenci\u00f3n m\u00e9dica le indicar\u00e1 la fecha de inicio del tratamiento y le dar\u00e1 instrucciones sobre su uso adecuado. No tome el medicamento con una frecuencia mayor a la indicada.<\/p>\n<p>Precauciones<\/p>\n<p>Aseg\u00farese de comprender c\u00f3mo y cu\u00e1ndo usar este medicamento. Es importante saber cu\u00e1ndo est\u00e1 ovulando y cu\u00e1ndo tener relaciones sexuales. Esto aumentar\u00e1 las probabilidades de embarazo. Visite a su equipo de atenci\u00f3n m\u00e9dica para realizar controles regulares sobre su progreso. Es posible que necesite an\u00e1lisis para controlar sus niveles hormonales en sangre o an\u00e1lisis de orina caseros para detectar la ovulaci\u00f3n. Asista a todas sus citas. Deje de tomar este medicamento de inmediato y contacte a su equipo m\u00e9dico si cree que est\u00e1 embarazada. Este medicamento no es para uso prolongado. La mayor\u00eda de las mujeres que se benefician de este medicamento lo hacen dentro de los primeros tres ciclos (meses). Su equipo m\u00e9dico monitorear\u00e1 su estado. Este medicamento generalmente se usa para un total de 6 ciclos de tratamiento.<\/p>\n<p>Contraindicaciones<\/p>\n<p>Enfermedad de las gl\u00e1ndulas suprarrenales, Enfermedad de los vasos sangu\u00edneos o co\u00e1gulos de sangre, Quiste en el ovario, Endometriosis, Enfermedad hep\u00e1tica, C\u00e1ncer de ovario, Enfermedad de la gl\u00e1ndula pituitaria, Sangrado vaginal no evaluado, Reacci\u00f3n al\u00e9rgica o inusual al clomifeno, otros medicamentos, alimentos, colorantes o conservantes, Embarazo (no debe usarse si ya est\u00e1 embarazada), Lactancia materna.<\/p>\n<p>Posibles efectos secundarios<\/p>\n<p>Efectos secundarios que debe informar a su equipo de atenci\u00f3n m\u00e9dica lo antes posible: Reacciones al\u00e9rgicas: sarpullido, picaz\u00f3n, urticaria, hinchaz\u00f3n de la cara, labios, lengua o garganta. Cambios en la visi\u00f3n. S\u00edndrome de hiperestimulaci\u00f3n ov\u00e1rica: dolor estomacal o p\u00e9lvico, distensi\u00f3n abdominal, n\u00e1useas, v\u00f3mitos, diarrea, aumento de peso. Pancreatitis: dolor estomacal intenso que se extiende a la espalda o empeora despu\u00e9s de comer o al tocarlo, fiebre, n\u00e1useas, v\u00f3mitos.<\/p>\n<p>Efectos secundarios que generalmente no requieren atenci\u00f3n m\u00e9dica (inf\u00f3rmelo a su equipo de atenci\u00f3n m\u00e9dica si persisten o son molestos): Dolor o sensibilidad en los senos. Dolor de cabeza. Sofocos. Ciclos menstruales irregulares o manchado.<\/p>\n<p>Interacci\u00f3n con otros medicamentos<\/p>\n<p>Suplementos herbales o diet\u00e9ticos, como la cimic\u00edfuga (o cohosh azul), la cimic\u00edfuga (o cohosh negro), el sauzgatillo o la DHEA. Prasterona. Es posible que esta lista no describa todas las posibles interacciones. Proporcione a su profesional de la salud una lista de todos los medicamentos, hierbas medicinales, medicamentos sin receta o suplementos diet\u00e9ticos que usa.<\/p>\n<p>Dosis olvidada<\/p>\n<p>Si olvida una dosis, t\u00f3mela lo antes posible. Si es casi la hora de su siguiente dosis, tome solo esa dosis. No tome dosis dobles ni adicionales.<\/p>\n<p>Sobredosis<\/p>\n<p>Si cree que ha tomado demasiado de este medicamento, comun\u00edquese con un centro de control de intoxicaciones o una sala de emergencias de inmediato.<\/p>\n<p>Almacenamiento<\/p>\n<p>Mant\u00e9ngase fuera del alcance de los ni\u00f1os. Conservar a temperatura ambiente, entre 15 y 30 \u00b0C (59 y 86 \u00b0F). Proteger del calor, la luz y la humedad. Deseche el medicamento no utilizado despu\u00e9s de la fecha de caducidad.<\/p>\n","protected":false},"excerpt":{"rendered":"<p>Clomid es un medicamento para la fertilidad, que se utiliza para estimular la producci\u00f3n de FSH y LH, y por este medio los ovarios producen \u00f3vulos cuando existe un trastorno ov\u00e1rico.<\/p>\n","protected":false},"featured_media":5750,"comment_status":"open","ping_status":"closed","template":"","meta":[],"product_brand":[],"product_cat":[156],"product_tag":[],"class_list":{"0":"post-5774","1":"product","2":"type-product","3":"status-publish","4":"has-post-thumbnail","6":"product_cat-estimulante-ovulatorio-es","7":"pa_active_substance-clomifen","9":"first","10":"instock","11":"shipping-taxable","12":"product-type-variable"},"jetpack_sharing_enabled":true,"_links":{"self":[{"href":"https:\/\/www.pharmacy-content.com\/index.php?rest_route=\/wp\/v2\/product\/5774","targetHints":{"allow":["GET"]}}],"collection":[{"href":"https:\/\/www.pharmacy-content.com\/index.php?rest_route=\/wp\/v2\/product"}],"about":[{"href":"https:\/\/www.pharmacy-content.com\/index.php?rest_route=\/wp\/v2\/types\/product"}],"replies":[{"embeddable":true,"href":"https:\/\/www.pharmacy-content.com\/index.php?rest_route=%2Fwp%2Fv2%2Fcomments&post=5774"}],"wp:featuredmedia":[{"embeddable":true,"href":"https:\/\/www.pharmacy-content.com\/index.php?rest_route=\/wp\/v2\/media\/5750"}],"wp:attachment":[{"href":"https:\/\/www.pharmacy-content.com\/index.php?rest_route=%2Fwp%2Fv2%2Fmedia&parent=5774"}],"wp:term":[{"taxonomy":"product_brand","embeddable":true,"href":"https:\/\/www.pharmacy-content.com\/index.php?rest_route=%2Fwp%2Fv2%2Fproduct_brand&post=5774"},{"taxonomy":"product_cat","embeddable":true,"href":"https:\/\/www.pharmacy-content.com\/index.php?rest_route=%2Fwp%2Fv2%2Fproduct_cat&post=5774"},{"taxonomy":"product_tag","embeddable":true,"href":"https:\/\/www.pharmacy-content.com\/index.php?rest_route=%2Fwp%2Fv2%2Fproduct_tag&post=5774"}],"curies":[{"name":"wp","href":"https:\/\/api.w.org\/{rel}","templated":true}]}}