{"id":5768,"date":"2026-04-22T06:57:57","date_gmt":"2026-04-22T06:57:57","guid":{"rendered":""},"modified":"2026-04-22T06:58:05","modified_gmt":"2026-04-22T06:58:05","slug":"clomid-4","status":"publish","type":"product","link":"https:\/\/www.pharmacy-content.com\/?product=clomid-4&lang=it","title":{"rendered":"Clomid"},"content":{"rendered":"<p>Uso comune<\/p>\n<p>Clomid (Clomifene) \u00e8 un farmaco che aumenta le tue possibilit\u00e0 di gravidanza aiutando il tuo corpo a produrre un ovulo (ovulazione). L&#8217;ovulazione \u00e8 una fase del ciclo mestruale in cui l&#8217;ovaio rilascia un ovulo. Questo farmaco tratta l&#8217;ovulazione irregolare o assente tra le persone che cercano di rimanere incinte.<\/p>\n<p>Dosaggio e indicazioni<\/p>\n<p>Assumi questo farmaco per via orale con un bicchiere d&#8217;acqua. Segui le indicazioni sull&#8217;etichetta della prescrizione. Assumi esattamente come indicato per il numero esatto di giorni prescritti. Assumi le tue dosi a intervalli regolari. La maggior parte delle donne assume questo farmaco per un periodo di 5 giorni, ma la durata del trattamento pu\u00f2 essere modificata. Il tuo team di assistenza ti dar\u00e0 una data di inizio per questo farmaco e ti dar\u00e0 istruzioni sull&#8217;uso corretto. Non assumere il farmaco pi\u00f9 spesso di quanto indicato.<\/p>\n<p>Precauzioni<\/p>\n<p>Assicurati di capire come e quando usare questo farmaco. Devi sapere quando stai ovulando e quando avere rapporti sessuali. Ci\u00f2 aumenter\u00e0 le possibilit\u00e0 di una gravidanza. Visita il tuo team di assistenza per controlli regolari sui tuoi progressi. Potresti aver bisogno di test per controllare i livelli ormonali nel sangue o potresti dover usare test delle urine a casa per verificare l&#8217;ovulazione. Cerca di rispettare tutti gli appuntamenti. Interrompi subito l&#8217;assunzione di questo farmaco e contatta il tuo team sanitario se pensi di essere incinta. Questo farmaco non \u00e8 per uso a lungo termine. La maggior parte delle donne che traggono beneficio da questo farmaco lo fanno entro i primi tre cicli (mesi). Il tuo team sanitario monitorer\u00e0 le tue condizioni. Questo farmaco viene solitamente utilizzato per un totale di 6 cicli di trattamento.<\/p>\n<p>Controindicazioni<\/p>\n<p>Malattia delle ghiandole surrenali, Malattia dei vasi sanguigni o coaguli di sangue, Cisti sull&#8217;ovaio, Endometriosi, Malattia del fegato, Tumore ovarico, Malattia della ghiandola pituitaria, Sanguinamento vaginale non valutato, Una reazione insolita o allergica al clomifene, ad altri farmaci, alimenti, coloranti o conservanti, Incinta (non deve essere usato se sei gi\u00e0 incinta), Allattamento.<\/p>\n<p>Possibile effetto collaterale<\/p>\n<p>Effetti collaterali che dovresti segnalare al tuo team sanitario il prima possibile: Reazioni allergiche: eruzione cutanea, prurito, orticaria, gonfiore di viso, labbra, lingua o gola. Alterazione della vista. Sindrome da iperstimolazione ovarica: dolore allo stomaco o alla pelvi, gonfiore, nausea, vomito, diarrea, aumento di peso. Pancreatite: forte dolore allo stomaco che si diffonde alla schiena o peggiora dopo aver mangiato o quando viene toccato, febbre, nausea, vomito.<\/p>\n<p>Effetti collaterali che solitamente non richiedono attenzione medica (segnala al tuo team di assistenza se continuano o sono fastidiosi): Dolore o sensibilit\u00e0 al seno. Mal di testa. Vampate di calore. Cicli mestruali irregolari o spotting.<\/p>\n<p>Interazione farmacologica<\/p>\n<p>Integratori erboristici o dietetici, come cimicifuga blu, cimicifuga nera, agnocasto o DHEA. Prasterone. Questo elenco potrebbe non descrivere tutte le possibili interazioni. Fornisci al tuo medico un elenco di tutti i medicinali, erbe, farmaci da banco o integratori alimentari che usi.<\/p>\n<p>Dose saltata<\/p>\n<p>Se salti una dose, prendila il prima possibile. Se \u00e8 quasi ora della dose successiva, prendi solo quella dose. Non prendere dosi doppie o extra.<\/p>\n<p>Sovradosaggio<\/p>\n<p>Se pensi di aver assunto una dose eccessiva di questo medicinale, contatta subito un centro antiveleni o un pronto soccorso.<\/p>\n<p>Conservazione<\/p>\n<p>Tenere fuori dalla portata dei bambini. Conservare a temperatura ambiente tra 15 e 30 gradi C (59 e 86 gradi F). Proteggere da calore, luce e umidit\u00e0. Gettare via qualsiasi medicinale non utilizzato dopo la data di scadenza.<\/p>\n","protected":false},"excerpt":{"rendered":"<p>Clomid \u00e8 un farmaco per il trattamento dell\u2019infertilit\u00e0 femminile, usato per stimolare la produzione dell\u2019FSH e dell\u2019LH e quindi il rilascio degli ovuli da parte delle ovaie.<\/p>\n","protected":false},"featured_media":5750,"comment_status":"open","ping_status":"closed","template":"","meta":[],"product_brand":[],"product_cat":[153],"product_tag":[],"class_list":{"0":"post-5768","1":"product","2":"type-product","3":"status-publish","4":"has-post-thumbnail","6":"product_cat-stimolante-ovarico-it","7":"pa_active_substance-clomifen","9":"first","10":"instock","11":"shipping-taxable","12":"product-type-variable"},"jetpack_sharing_enabled":true,"_links":{"self":[{"href":"https:\/\/www.pharmacy-content.com\/index.php?rest_route=\/wp\/v2\/product\/5768","targetHints":{"allow":["GET"]}}],"collection":[{"href":"https:\/\/www.pharmacy-content.com\/index.php?rest_route=\/wp\/v2\/product"}],"about":[{"href":"https:\/\/www.pharmacy-content.com\/index.php?rest_route=\/wp\/v2\/types\/product"}],"replies":[{"embeddable":true,"href":"https:\/\/www.pharmacy-content.com\/index.php?rest_route=%2Fwp%2Fv2%2Fcomments&post=5768"}],"wp:featuredmedia":[{"embeddable":true,"href":"https:\/\/www.pharmacy-content.com\/index.php?rest_route=\/wp\/v2\/media\/5750"}],"wp:attachment":[{"href":"https:\/\/www.pharmacy-content.com\/index.php?rest_route=%2Fwp%2Fv2%2Fmedia&parent=5768"}],"wp:term":[{"taxonomy":"product_brand","embeddable":true,"href":"https:\/\/www.pharmacy-content.com\/index.php?rest_route=%2Fwp%2Fv2%2Fproduct_brand&post=5768"},{"taxonomy":"product_cat","embeddable":true,"href":"https:\/\/www.pharmacy-content.com\/index.php?rest_route=%2Fwp%2Fv2%2Fproduct_cat&post=5768"},{"taxonomy":"product_tag","embeddable":true,"href":"https:\/\/www.pharmacy-content.com\/index.php?rest_route=%2Fwp%2Fv2%2Fproduct_tag&post=5768"}],"curies":[{"name":"wp","href":"https:\/\/api.w.org\/{rel}","templated":true}]}}