{"id":5731,"date":"2026-04-22T06:57:42","date_gmt":"2026-04-22T06:57:42","guid":{"rendered":""},"modified":"2026-04-22T06:57:48","modified_gmt":"2026-04-22T06:57:48","slug":"terpafen-8","status":"publish","type":"product","link":"https:\/\/www.pharmacy-content.com\/sv\/product\/terpafen-8\/","title":{"rendered":"Terpafen"},"content":{"rendered":"<p>Vanlig anv\u00e4ndning<\/p>\n<p>Terpafen \u00e4r en icke-steroid anti\u00f6strogen. Mekanismen f\u00f6r dess verkan best\u00e5r i en specifik bindning med receptorn f\u00f6r \u00f6strogen i \u00e4ggstockar och hypofis. Hos patienter med l\u00e5ga \u00f6strogenniv\u00e5er i organismen orsakar det \u00f6strogeneffekt och hos patienter med h\u00f6ga \u00f6strogenniv\u00e5er orsakar det anti\u00f6strogeneffekt. Dess sm\u00e5 doser \u00f6kar uts\u00f6ndringen av gonadotropiner (prolaktin, follikelstimulerande hormon, FSH och interstitiellt cellstimulerande hormon), stimulerar \u00e4gglossningen; i stora doser saktar uts\u00f6ndringen av gonadotropiner. I hela \u00e5tg\u00e4rden av Terpafen best\u00e5r i stimulering av \u00e4gglossning att intr\u00e4ffa och f\u00f6rbereder kroppen f\u00f6r graviditet. Denna medicin kan anv\u00e4ndas f\u00f6r manliga patienter med infertilitet orsakad av l\u00e5g produktion av spermier.<\/p>\n<p>Dosering och riktning<\/p>\n<p>Terpafen administreras f\u00f6r att stimulera \u00e4gglossning 50 mg 1 g\u00e5ng om dagen vid s\u00e4ngg\u00e5endet, fr\u00e5n och med den 5:e dagen av menstruationscykeln under 5 dagar (i avsaknad av cykeln &#8211; n\u00e4r som helst). I h\u00e4ndelse av ingen effekt (\u00e4gglossning sker inte inom 30 dagar) \u00f6ka dosen till 150 mg \/ dag eller f\u00f6rl\u00e4ng kuren till 10 dagar. Ta exakt som f\u00f6reskrivet, ta inte medicinen i st\u00f6rre m\u00e4ngder.<\/p>\n<p>F\u00f6rsiktighets\u00e5tg\u00e4rder<\/p>\n<p>Innan du tar Terpafen meddela din l\u00e4kare om du n\u00e5gonsin har haft n\u00e5gon allergisk reaktion mot klomifen, leversjukdomar, mental depression, tromboflebit . Detta l\u00e4kemedel kan orsaka synproblem, yrsel eller yrsel, var s\u00e4rskilt uppm\u00e4rksam om du beh\u00f6ver k\u00f6ra bil eller anv\u00e4nda maskiner som kr\u00e4ver h\u00f6g koncentration av uppm\u00e4rksamhet.<\/p>\n<p>Kontraindikationer<\/p>\n<p>\u00d6verk\u00e4nslighet, lever- eller njursvikt , metrorragi av ok\u00e4nd etiologi, ovariecystor, neoplasmer i k\u00f6nsorgan, tum\u00f6r eller hypofunktion av hypofysen, endometrios, ovariesvikt tillsammans med hyperprolaktinemi, graviditet.<\/p>\n<p>M\u00f6jlig biverkning<\/p>\n<p>Tillsammans med allergisymtom som t.ex. svullnad av l\u00e4ppar, tunga eller ansikte eller n\u00e4sselfeber hos vissa patienter kan upptr\u00e4da i f\u00f6ljande tillst\u00e5nd: \u00e4ggstocksf\u00f6rstoring som visar sig som buk- eller b\u00e4ckensm\u00e4rta, rodnad, illam\u00e5ende, kr\u00e4kningar eller diarr\u00e9, suddig syn, huvudv\u00e4rk, onormal livmoderbl\u00f6dning.<\/p>\n<p>L\u00e4kemedelsinteraktion<\/p>\n<p>Informera din l\u00e4kare och laboratorieoperat\u00f6rer om alla mediciner och v\u00e4xtbaserade produkter du tar om du behandlas med Terpafen.<\/p>\n<p>Missad dos<\/p>\n<p>Om du har missat en dos, ta den som snart du kommer ih\u00e5g, men inte om det n\u00e4stan \u00e4r dags f\u00f6r n\u00e4sta intag enligt ditt schema. I s\u00e5 fall hoppa \u00f6ver den missade dosen. F\u00f6rs\u00f6k inte ta igen en missad dos genom att ta en extra dos.<\/p>\n<p>\u00d6verdosering<\/p>\n<p>Om du misst\u00e4nker att du tagit f\u00f6r mycket av medicinen s\u00f6k omedelbar l\u00e4karv\u00e5rd.<\/p>\n<p>F\u00f6rvaring<\/p>\n<p>F\u00f6rvara Terpafen p\u00e5 en torr plats borta fr\u00e5n solljus i rumstemperatur mellan 15-30 C (59-86 F).<\/p>\n<p>Friskrivningsfriskrivning<\/p>\n<p>Vi tillhandah\u00e5ller endast allm\u00e4n information om mediciner som inte t\u00e4cker alla riktningar, m\u00f6jliga l\u00e4kemedelsintegrationer eller f\u00f6rsiktighets\u00e5tg\u00e4rder. Information p\u00e5 webbplatsen kan inte anv\u00e4ndas f\u00f6r sj\u00e4lvbehandling och sj\u00e4lvdiagnos. De specifika instruktionerna f\u00f6r en viss patient b\u00f6r \u00f6verenskommas med din h\u00e4lsov\u00e5rdsr\u00e5dgivare eller l\u00e4kare som \u00e4r ansvarig f\u00f6r \u00e4rendet. Vi fr\u00e5ns\u00e4ger oss tillf\u00f6rlitligheten av denna information och misstag den kan inneh\u00e5lla. Vi ansvarar inte f\u00f6r n\u00e5gra direkta, indirekta, speciella eller andra indirekta skador till f\u00f6ljd av n\u00e5gon anv\u00e4ndning av informationen p\u00e5 denna webbplats och \u00e4ven f\u00f6r konsekvenser av egenbehandling.<\/p>\n","protected":false},"excerpt":{"rendered":"<p>Terpafen Generic \u00e4r ett l\u00e4kemedel som anv\u00e4nds f\u00f6r att \u00f6ka fertiliteten. L\u00e4kemedlets aktiva ingrediens, klomifen (varje tablett inneh\u00e5ller 50 mg), utl\u00f6ser \u00e4gglossning. Den underliggande farmakologiska effekten \u00e4r stimuleringen av gonadotropinbildande celler av den aktiva ingrediensen klomifen, som simulerar en brist p\u00e5 k\u00f6nshormoner i kroppen.<\/p>\n","protected":false},"featured_media":5689,"comment_status":"open","ping_status":"closed","template":"","meta":[],"product_brand":[],"product_cat":[165],"product_tag":[],"class_list":{"0":"post-5731","1":"product","2":"type-product","3":"status-publish","4":"has-post-thumbnail","6":"product_cat-agglossningsstimulerande-medel-sv","7":"pa_active_substance-clomifen","9":"first","10":"instock","11":"shipping-taxable","12":"product-type-simple"},"jetpack_sharing_enabled":true,"_links":{"self":[{"href":"https:\/\/www.pharmacy-content.com\/wp-json\/wp\/v2\/product\/5731","targetHints":{"allow":["GET"]}}],"collection":[{"href":"https:\/\/www.pharmacy-content.com\/wp-json\/wp\/v2\/product"}],"about":[{"href":"https:\/\/www.pharmacy-content.com\/wp-json\/wp\/v2\/types\/product"}],"replies":[{"embeddable":true,"href":"https:\/\/www.pharmacy-content.com\/wp-json\/wp\/v2\/comments?post=5731"}],"wp:featuredmedia":[{"embeddable":true,"href":"https:\/\/www.pharmacy-content.com\/wp-json\/wp\/v2\/media\/5689"}],"wp:attachment":[{"href":"https:\/\/www.pharmacy-content.com\/wp-json\/wp\/v2\/media?parent=5731"}],"wp:term":[{"taxonomy":"product_brand","embeddable":true,"href":"https:\/\/www.pharmacy-content.com\/wp-json\/wp\/v2\/product_brand?post=5731"},{"taxonomy":"product_cat","embeddable":true,"href":"https:\/\/www.pharmacy-content.com\/wp-json\/wp\/v2\/product_cat?post=5731"},{"taxonomy":"product_tag","embeddable":true,"href":"https:\/\/www.pharmacy-content.com\/wp-json\/wp\/v2\/product_tag?post=5731"}],"curies":[{"name":"wp","href":"https:\/\/api.w.org\/{rel}","templated":true}]}}