{"id":573,"date":"2026-04-22T06:40:07","date_gmt":"2026-04-22T06:40:07","guid":{"rendered":""},"modified":"2026-04-22T06:40:51","modified_gmt":"2026-04-22T06:40:51","slug":"cialis-3","status":"publish","type":"product","link":"https:\/\/www.pharmacy-content.com\/?product=cialis-3&lang=fr","title":{"rendered":"Cialis"},"content":{"rendered":"<p>Quel est ce m\u00e9dicament?<\/p>\n<p>TADALAFIL est utilis\u00e9 pour le traitement des probl\u00e8mes \u00e9rectiles chez l\u2019homme. De plus, il est pr\u00e9sentement en Phase 3 des essais cliniques pour le traitement de l&#8217;hypertension art\u00e9rielle pulmonaire.<\/p>\n<p>Que devrais-je mentionner \u00e0 mon professionnel de la sant\u00e9 avant de prendre ce m\u00e9dicament?<\/p>\n<p>Il doit savoir si vous avez l\u2019une des conditions suivantes: probl\u00e8mes de vision ou des yeux, incluant la malade h\u00e9r\u00e9ditaire rare appel\u00e9e retinitis pigmentosa (r\u00e9tinite pigmentaire) maladie du coeur, angine, pouls irr\u00e9gulier, des ant\u00e9c\u00e9dants d\u2019attaque cardiaque ou autres probl\u00e8mes cardiaques haute ou basse pression sanguine maladie du foie ou des reins accident vasculaire c\u00e9r\u00e9bral (AVC) une r\u00e9action inhabituelle ou allergique au tadalafil, \u00e0 d\u2019autres m\u00e9dicaments, aliments, colorants ou pr\u00e9servatifs si vous \u00eates enceinte ou que vous essayez de tomber enceinte si vous allaitez<\/p>\n<p>Comment devrais-je prendre ce m\u00e9dicament?<\/p>\n<p>Prenez ce m\u00e9dicament par voie orale avec un verre d\u2019eau. Vous pouvez prendre ce m\u00e9dicament avec ou sans nourriture. La dose est habituellement prise 30 \u00e0 60 minutes avant le d\u00e9but de l\u2019activit\u00e9 sexuelle. Vous ne devriez pas prendre plus d\u2019une dose par jour. Ne prenez pas ce m\u00e9dicament plus souvent qu\u2019il vous est indiqu\u00e9.<\/p>\n<p>Parlez \u00e0 votre p\u00e9diatre concernant l&#8217;utilisation de ce m\u00e9dicament chez les enfants. Une attention sp\u00e9ciale peut \u00eatre requise.<\/p>\n<p>Surdosage:<\/p>\n<p>Si vous croyez avoir pris une dose excessive de ce m\u00e9dicament, contactez un centre anti-poison ou une urgence d\u2019h\u00f4pital le plus t\u00f4t possible.<\/p>\n<p>NOTEZ:<\/p>\n<p>Ce m\u00e9dicament est uniquement pour vous, ne le partagez pas avec autrui.<\/p>\n<p>Que dois-je faire si j\u2019oublie de prendre une dose?<\/p>\n<p>Si vous oubliez une dose, vous pouvez la prendre lorsque vous remarquez l\u2019oubli, mais ne prenez pas plus d\u2019une dose par jour.<\/p>\n<p>Qu\u2019est-ce qui peut interagir avec ce m\u00e9dicament?<\/p>\n<p>Ne prenez pas ce m\u00e9dicament avec l\u2019un ou plusieurs des \u00e9l\u00e9ments suivants: nitrates tels que amyl nitrite, isosorbide dinitrate, isosorbide mononitrate, nitroglyc\u00e9rine<\/p>\n<p>Ce m\u00e9dicament peut \u00e9galement interagir avec les \u00e9l\u00e9ments suivants: certains m\u00e9dicaments pour la haute pression sanguine certains m\u00e9dicaments pour le traitement d\u2019une infection au VIH ou le SIDA certains m\u00e9dicaments pour le traitement d\u2019une infection \u00e0 champignon ou \u00e0 levure, tels que le fluconazole, itraconazole, k\u00e9toconazole et voriconazole certains m\u00e9dicaments pour les convulsions tels que la carbamaz\u00e9pine, ph\u00e9nyto\u00efne et ph\u00e9nobarbital jus de pamplemousse les antibiotiques macrolides tels que la clarithromycine, \u00e9rythromycine, trol\u00e9andomycine les m\u00e9dicaments pour les probl\u00e8mes de prostate rifabutine, rifampine or rifapentine<\/p>\n<p>Cette liste n\u2019est pas exhaustive. Fournissez \u00e0 vos professionnels de la sant\u00e9 une liste de tous les m\u00e9dicaments, herbes, m\u00e9dicaments sans prescription et suppl\u00e9ments alimentaires que vous utilisez. Mentionnez-leur \u00e9galement si vous fumez, buvez de l\u2019alcool ou utilisez des drogues ill\u00e9gales. Certains de ces \u00e9l\u00e9ments peuvent interagir avec vos m\u00e9dicaments.<\/p>\n<p>\u00c0 quels \u00e9l\u00e9ments devrais-je \u00eatre vigilant pendant la prise de ce m\u00e9dicament?<\/p>\n<p>Si vous remarquez un quelconque changement dans votre vision pendant la prise de ce m\u00e9dicament, appelez votre m\u00e9decin ou professionnel de la sant\u00e9 le plus t\u00f4t possible. Cessez l\u2019utilisation de ce m\u00e9dicament et appelez votre m\u00e9decin ou professionnel de la sant\u00e9 imm\u00e9diatement si vous avez une perte de vision dans un oeil ou les deux yeux.<\/p>\n<p>Appelez votre m\u00e9decin ou professionnel de la sant\u00e9 imm\u00e9diatement si votre \u00e9rection dure plus de 4 heures ou si elle devient douloureuse. Cela pourrait \u00eatre signe d\u2019un probl\u00e8me s\u00e9rieux et cela se doit d\u2019\u00eatre trait\u00e9 imm\u00e9diatement pour pr\u00e9venir des dommages permanents.<\/p>\n<p>Si vous ressentez des sympt\u00f4mes de naus\u00e9e, d\u2019\u00e9tourdissements, de douleurs \u00e0 la poitrine ou au bras lors du commencement de la relation sexuelle apr\u00e8s avoir pris ce m\u00e9dicament, vous devriez cesser l\u2019activit\u00e9 sexuelle et appelez votre m\u00e9decin ou professionnel de la sant\u00e9 le plus t\u00f4t possible.<\/p>\n<p>Ne buvez pas d\u2019alcool \u00e0 exc\u00e8s (par exemple: 5 verres de vin ou 5 onces de whisky) lorsque vous prenez ce m\u00e9dicament. Lorsque pris \u00e0 exc\u00e8s, l\u2019alcool peut augmenter vos chances d\u2019avoir des maux de t\u00eate ou des \u00e9tourdissements, une augmentation du pouls ou une chute de pression.<\/p>\n<p>L\u2019utilisation de ce m\u00e9dicament ne vous prot\u00e8ge ni vous, ni votre partenaire d\u2019une infection au VIH (le virus qui cause le SIDA) ou d\u2019autres maladies transmises sexuellement.<\/p>\n<p>Quels sont les effets secondaires que je pourrais observer lors de l\u2019utilisation de ce m\u00e9dicament?<\/p>\n<p>Voici les effets secondaires que vous devriez mentionner \u00e0 votre m\u00e9decin ou professionnel de la sant\u00e9 le plus t\u00f4t possible: r\u00e9actions allergiques telles qu\u2019une irritation de la peau, des d\u00e9mangeaisons de la peau, de l\u2019urticaire, de l\u2019enflure au visage, aux l\u00e8vres ou \u00e0 la langue probl\u00e8mes respiratoires changement dans l\u2019ou\u00efe douleur \u00e0 la poitrine pouls rapide, irr\u00e9gulier<\/p>\n<p>Voici les effets secondaires qui ne n\u00e9cessitent habituellement pas d\u2019attention m\u00e9dicale (informez-en votre m\u00e9decin ou professionnel de la sant\u00e9 si les sympt\u00f4mes persistent ou sont d\u00e9sagr\u00e9ables): douleur au dos \u00e9tourdissements rougissement maux de t\u00eate indigestion douleurs musculaires congestion nasale ou \u00e9coulement nasal<\/p>\n<p>Cette liste n\u2019est pas exhaustive.<\/p>\n<p>O\u00f9 puis-je conserver ce m\u00e9dicament?<\/p>\n<p>Garder hors de la port\u00e9e des enfants.<\/p>\n<p>Entreposer \u00e0 la temp\u00e9rature ambiante entre 15 et 30 degr\u00e9s Celsius (59 et 86 degr\u00e9s Fahrenheit). Jeter toutes doses non utilis\u00e9es apr\u00e8s la date d\u2019expiration.<\/p>\n","protected":false},"excerpt":{"rendered":"<p>Cialis am\u00e9liore l&#8217;\u00e9rection et aide \u00e0 l\u2019accomplissement des rapports sexuels.<\/p>\n","protected":false},"featured_media":497,"comment_status":"open","ping_status":"closed","template":"","meta":[],"product_brand":[],"product_cat":[120],"product_tag":[],"class_list":{"0":"post-573","1":"product","2":"type-product","3":"status-publish","4":"has-post-thumbnail","6":"product_cat-dysfonction-erectile-fr","7":"pa_active_substance-tadalafil","9":"first","10":"instock","11":"shipping-taxable","12":"product-type-simple"},"jetpack_sharing_enabled":true,"_links":{"self":[{"href":"https:\/\/www.pharmacy-content.com\/index.php?rest_route=\/wp\/v2\/product\/573","targetHints":{"allow":["GET"]}}],"collection":[{"href":"https:\/\/www.pharmacy-content.com\/index.php?rest_route=\/wp\/v2\/product"}],"about":[{"href":"https:\/\/www.pharmacy-content.com\/index.php?rest_route=\/wp\/v2\/types\/product"}],"replies":[{"embeddable":true,"href":"https:\/\/www.pharmacy-content.com\/index.php?rest_route=%2Fwp%2Fv2%2Fcomments&post=573"}],"wp:featuredmedia":[{"embeddable":true,"href":"https:\/\/www.pharmacy-content.com\/index.php?rest_route=\/wp\/v2\/media\/497"}],"wp:attachment":[{"href":"https:\/\/www.pharmacy-content.com\/index.php?rest_route=%2Fwp%2Fv2%2Fmedia&parent=573"}],"wp:term":[{"taxonomy":"product_brand","embeddable":true,"href":"https:\/\/www.pharmacy-content.com\/index.php?rest_route=%2Fwp%2Fv2%2Fproduct_brand&post=573"},{"taxonomy":"product_cat","embeddable":true,"href":"https:\/\/www.pharmacy-content.com\/index.php?rest_route=%2Fwp%2Fv2%2Fproduct_cat&post=573"},{"taxonomy":"product_tag","embeddable":true,"href":"https:\/\/www.pharmacy-content.com\/index.php?rest_route=%2Fwp%2Fv2%2Fproduct_tag&post=573"}],"curies":[{"name":"wp","href":"https:\/\/api.w.org\/{rel}","templated":true}]}}