{"id":5707,"date":"2026-04-22T06:57:39","date_gmt":"2026-04-22T06:57:39","guid":{"rendered":""},"modified":"2026-04-22T06:57:48","modified_gmt":"2026-04-22T06:57:48","slug":"terpafen-4","status":"publish","type":"product","link":"https:\/\/www.pharmacy-content.com\/?product=terpafen-4&lang=it","title":{"rendered":"Terpafen"},"content":{"rendered":"<p>Uso comune<\/p>\n<p>Terpafen \u00e8 un antiestrogeno non steroideo. Il meccanismo della sua azione consiste nel legame specifico con il recettore per gli estrogeni nell&#8217;ovaio e nell&#8217;ipofisi. Nei pazienti con bassi livelli di estrogeni nell\u2019organismo provoca un effetto estrogeno e in quelli con alti livelli di estrogeni provoca un effetto antiestrogeno. Le sue piccole dosi aumentano la secrezione di gonadotropine (prolattina, ormone follicolo stimolante, FSH e ormone stimolante le cellule interstiziali), stimola l&#8217;ovulazione; in grandi dosi rallenta la secrezione di gonadotropine. Nel complesso l&#8217;azione di Terpafen consiste nella stimolazione dell&#8217;ovulazione e nella preparazione del corpo alla gravidanza. Questo farmaco pu\u00f2 essere utilizzato per pazienti di sesso maschile con infertilit\u00e0 causata da una bassa produzione di sperma.<\/p>\n<p>Dosaggio e direzioni<\/p>\n<p>Terpafen viene somministrato per stimolare l&#8217;ovulazione 50 mg 1 volta al giorno prima di coricarsi, a partire dal 5\u00b0 giorno di il ciclo mestruale per 5 giorni (in assenza del ciclo &#8211; in qualsiasi momento). In caso di nessun effetto (l&#8217;ovulazione non avviene entro 30 giorni) aumentare la dose a 150 mg\/die o allungare il decorso a 10 giorni. Prendi esattamente come prescritto, non prendere il farmaco in quantit\u00e0 maggiori.<\/p>\n<p>Precauzioni<\/p>\n<p>Prima di prendere Terpafen, informa il tuo medico se hai mai avuto reazioni allergiche al clomifene, malattie del fegato, depressione mentale, tromboflebite . Questo farmaco pu\u00f2 causare problemi alla vista, vertigini o stordimento, prestare particolare attenzione se \u00e8 necessario guidare o utilizzare macchinari che richiedono un&#8217;elevata concentrazione di attenzione.<\/p>\n<p>Controindicazioni<\/p>\n<p>Ipersensibilit\u00e0, insufficienza epatica o renale , metrorragia di eziologia sconosciuta, cisti ovariche, neoplasie degli organi genitali, tumore o ipofunzione dell&#8217;ipofisi, endometriosi, insufficienza ovarica insieme a iperprolattinemia, gravidanza.<\/p>\n<p>Possibili effetti collaterali<\/p>\n<p>Insieme a sintomi allergici come gonfiore delle labbra, della lingua o del viso o orticaria in alcuni pazienti possono verificarsi le seguenti condizioni: ingrossamento ovarico che si manifesta come dolore addominale o pelvico, vampate di calore, nausea, vomito o diarrea, visione offuscata, mal di testa, sanguinamento uterino anomalo.<\/p>\n<p>Interazione farmacologica<\/p>\n<p>Informa il tuo medico e gli operatori di laboratorio di tutti i farmaci e prodotti a base di erbe che stai assumendo se sei in trattamento con Terpafen.<\/p>\n<p>Dose mancata<\/p>\n<p>Se hai dimenticato una dose, prendila come non appena te ne ricordi, ma non se \u00e8 quasi l&#8217;ora dell&#8217;assunzione successiva secondo il tuo programma. Se \u00e8 cos\u00ec, salti la dose dimenticata. Non cercare di compensare la dose dimenticata prendendone una extra.<\/p>\n<p>Sovradosaggio<\/p>\n<p>Se sospetti di aver preso una quantit\u00e0 eccessiva del farmaco, cerca assistenza medica immediata.<\/p>\n<p>Conservazione<\/p>\n<p>Conservare Terpafen in un luogo asciutto, lontano dalla luce solare, a temperatura ambiente compresa tra 15 e 30 C (59-86 F).<\/p>\n<p>Disclaimer<\/p>\n<p>Forniamo solo informazioni generali sui farmaci che non coprono tutte le indicazioni, eventuali integrazioni farmacologiche o precauzioni. Le informazioni presenti sul sito non possono essere utilizzate per l&#8217;autotrattamento e l&#8217;autodiagnosi. Le istruzioni specifiche per un particolare paziente devono essere concordate con il proprio consulente sanitario o medico incaricato del caso. Decliniamo l&#8217;affidabilit\u00e0 di queste informazioni e gli errori che potrebbero contenere. Non siamo responsabili per eventuali danni diretti, indiretti, speciali o altri danni indiretti derivanti dall&#8217;uso delle informazioni contenute in questo sito e anche per le conseguenze dell&#8217;autotrattamento.<\/p>\n","protected":false},"excerpt":{"rendered":"<p>Terpafen Generic \u00e8 un farmaco utilizzato per aumentare la fertilit\u00e0. Il principio attivo del farmaco, il clomifene (ogni compressa contiene 50 mg), innesca l&#8217;ovulazione. L&#8217;effetto farmacologico sottostante \u00e8 la stimolazione delle cellule produttrici di gonadotropine da parte del principio attivo clomifene, che simula una mancanza di ormoni sessuali nel corpo.<\/p>\n","protected":false},"featured_media":5689,"comment_status":"open","ping_status":"closed","template":"","meta":[],"product_brand":[],"product_cat":[153],"product_tag":[],"class_list":{"0":"post-5707","1":"product","2":"type-product","3":"status-publish","4":"has-post-thumbnail","6":"product_cat-stimolante-ovarico-it","7":"pa_active_substance-clomifen","9":"first","10":"instock","11":"shipping-taxable","12":"product-type-simple"},"jetpack_sharing_enabled":true,"_links":{"self":[{"href":"https:\/\/www.pharmacy-content.com\/index.php?rest_route=\/wp\/v2\/product\/5707","targetHints":{"allow":["GET"]}}],"collection":[{"href":"https:\/\/www.pharmacy-content.com\/index.php?rest_route=\/wp\/v2\/product"}],"about":[{"href":"https:\/\/www.pharmacy-content.com\/index.php?rest_route=\/wp\/v2\/types\/product"}],"replies":[{"embeddable":true,"href":"https:\/\/www.pharmacy-content.com\/index.php?rest_route=%2Fwp%2Fv2%2Fcomments&post=5707"}],"wp:featuredmedia":[{"embeddable":true,"href":"https:\/\/www.pharmacy-content.com\/index.php?rest_route=\/wp\/v2\/media\/5689"}],"wp:attachment":[{"href":"https:\/\/www.pharmacy-content.com\/index.php?rest_route=%2Fwp%2Fv2%2Fmedia&parent=5707"}],"wp:term":[{"taxonomy":"product_brand","embeddable":true,"href":"https:\/\/www.pharmacy-content.com\/index.php?rest_route=%2Fwp%2Fv2%2Fproduct_brand&post=5707"},{"taxonomy":"product_cat","embeddable":true,"href":"https:\/\/www.pharmacy-content.com\/index.php?rest_route=%2Fwp%2Fv2%2Fproduct_cat&post=5707"},{"taxonomy":"product_tag","embeddable":true,"href":"https:\/\/www.pharmacy-content.com\/index.php?rest_route=%2Fwp%2Fv2%2Fproduct_tag&post=5707"}],"curies":[{"name":"wp","href":"https:\/\/api.w.org\/{rel}","templated":true}]}}