{"id":5701,"date":"2026-04-22T06:57:38","date_gmt":"2026-04-22T06:57:38","guid":{"rendered":""},"modified":"2026-04-22T06:57:48","modified_gmt":"2026-04-22T06:57:48","slug":"terpafen-3","status":"publish","type":"product","link":"https:\/\/www.pharmacy-content.com\/?product=terpafen-3&lang=fr","title":{"rendered":"Terpafen"},"content":{"rendered":"<p>Usage courant<\/p>\n<p>Terpafen est un anti-\u0153strog\u00e8ne non st\u00e9ro\u00efdien. Le m\u00e9canisme de son action consiste en une liaison sp\u00e9cifique avec le r\u00e9cepteur des \u0153strog\u00e8nes dans l&#8217;ovaire et l&#8217;hypophis. Chez les patients ayant de faibles niveaux d&#8217;\u0153strog\u00e8nes dans l&#8217;organisme, il provoque un effet \u0153strog\u00e8ne et chez ceux ayant des niveaux \u00e9lev\u00e9s d&#8217;\u0153strog\u00e8nes, il provoque un effet anti-\u0153strog\u00e8ne. Ses petites doses augmentent la s\u00e9cr\u00e9tion de gonadotrophines (prolactine, hormone folliculo-stimulante, FSH et hormone interstitielle stimulant les cellules), stimulent l&#8217;ovulation ; \u00e0 fortes doses, il ralentit la s\u00e9cr\u00e9tion des gonadotrophines. Dans toute l\u2019action de Terpafen consiste \u00e0 stimuler l\u2019ovulation et \u00e0 pr\u00e9parer le corps \u00e0 la grossesse. Ce m\u00e9dicament peut \u00eatre utilis\u00e9 chez les patients masculins souffrant d&#8217;infertilit\u00e9 caus\u00e9e par une faible production de spermatozo\u00efdes.<\/p>\n<p>Posologie et administration<\/p>\n<p>Terpafen est administr\u00e9 pour stimuler l&#8217;ovulation \u00e0 raison de 50 mg 1 fois par jour au coucher, \u00e0 partir du 5\u00e8me jour du mois. le cycle menstruel pendant 5 jours (en l&#8217;absence de cycle &#8211; \u00e0 tout moment). En cas d&#8217;absence d&#8217;effet (l&#8217;ovulation ne se produit pas dans les 30 jours), augmenter la dose \u00e0 150 mg\/jour ou prolonger la cure \u00e0 10 jours. Prenez exactement comme prescrit, ne prenez pas le m\u00e9dicament en plus grande quantit\u00e9.<\/p>\n<p>Pr\u00e9cautions<\/p>\n<p>Avant de prendre Terpafen, informez votre m\u00e9decin si vous avez d\u00e9j\u00e0 eu une r\u00e9action allergique au clomif\u00e8ne, une maladie du foie, une d\u00e9pression mentale, une thrombophl\u00e9bite. . Ce m\u00e9dicament peut provoquer des probl\u00e8mes de vision, des \u00e9tourdissements ou des \u00e9tourdissements. Soyez particuli\u00e8rement attentif si vous devez conduire ou utiliser des machines qui n\u00e9cessitent une concentration \u00e9lev\u00e9e d&#8217;attention.<\/p>\n<p>Contre-indications<\/p>\n<p>Hypersensibilit\u00e9, insuffisance h\u00e9patique ou r\u00e9nale , m\u00e9trorragies d&#8217;\u00e9tiologie inconnue, kystes ovariens, n\u00e9oplasmes des organes g\u00e9nitaux, tumeur ou hypofonction de l&#8217;hypophyse, endom\u00e9triose, insuffisance ovarienne accompagn\u00e9e d&#8217;hyperprolactin\u00e9mie, grossesse.<\/p>\n<p>Effets secondaires possibles<\/p>\n<p>Associ\u00e9s \u00e0 des sympt\u00f4mes d&#8217;allergie tels que un gonflement des l\u00e8vres, de la langue ou du visage ou de l&#8217;urticaire chez certaines patientes peut appara\u00eetre dans les conditions suivantes : hypertrophie des ovaires se manifestant par des douleurs abdominales ou pelviennes, des bouff\u00e9es vasomotrices, des naus\u00e9es, des vomissements ou de la diarrh\u00e9e, une vision floue, des maux de t\u00eate, des saignements ut\u00e9rins anormaux.<\/p>\n<p>Interaction m\u00e9dicamenteuse<\/p>\n<p>Informez votre m\u00e9decin et les op\u00e9rateurs de laboratoire de tous les m\u00e9dicaments et produits \u00e0 base de plantes que vous prenez si vous \u00eates trait\u00e9 par Terpafen.<\/p>\n<p>Dose oubli\u00e9e<\/p>\n<p>Si vous avez oubli\u00e9 une dose, prenez-la comme d\u00e8s que vous vous en souvenez, mais pas s&#8217;il est presque l&#8217;heure de la prochaine prise selon votre emploi du temps. Si c&#8217;est le cas, sautez la dose oubli\u00e9e. N&#8217;essayez pas de rattraper une dose oubli\u00e9e en en prenant une suppl\u00e9mentaire.<\/p>\n<p>Surdosage<\/p>\n<p>Si vous pensez que vous avez pris trop de m\u00e9dicament, consultez imm\u00e9diatement un m\u00e9decin.<\/p>\n<p>Stockage<\/p>\n<p>Conservez Terpafen dans un endroit sec, \u00e0 l&#8217;abri du soleil, \u00e0 une temp\u00e9rature ambiante comprise entre 15 et 30 C (59 et 86 F).<\/p>\n<p>Avis de non-responsabilit\u00e9<\/p>\n<p>Nous fournissons uniquement des informations g\u00e9n\u00e9rales sur les m\u00e9dicaments qui ne couvrent pas toutes les directions, les int\u00e9grations possibles de m\u00e9dicaments ou les pr\u00e9cautions. Les informations pr\u00e9sentes sur le site ne peuvent pas \u00eatre utilis\u00e9es pour l\u2019auto-traitement et l\u2019autodiagnostic. Les instructions sp\u00e9cifiques pour un patient particulier doivent \u00eatre convenues avec votre conseiller en soins de sant\u00e9 ou votre m\u00e9decin en charge du cas. Nous d\u00e9clinons la fiabilit\u00e9 de ces informations et des erreurs qu&#8217;elles pourraient contenir. Nous ne sommes pas responsables de tout dommage direct, indirect, sp\u00e9cial ou autre indirect r\u00e9sultant de toute utilisation des informations pr\u00e9sentes sur ce site ainsi que des cons\u00e9quences de l&#8217;auto-traitement.<\/p>\n","protected":false},"excerpt":{"rendered":"<p>Terpafen Generic est un m\u00e9dicament utilis\u00e9 pour augmenter la fertilit\u00e9. L&#8217;ingr\u00e9dient actif du m\u00e9dicament, le clomif\u00e8ne (chaque comprim\u00e9 contient 50 mg), d\u00e9clenche l&#8217;ovulation. L&#8217;effet pharmacologique sous-jacent est la stimulation des cellules productrices de gonadotrophines par le principe actif clomif\u00e8ne, qui simule un manque d&#8217;hormones sexuelles dans le corps.<\/p>\n","protected":false},"featured_media":5689,"comment_status":"open","ping_status":"closed","template":"","meta":[],"product_brand":[],"product_cat":[150],"product_tag":[],"class_list":{"0":"post-5701","1":"product","2":"type-product","3":"status-publish","4":"has-post-thumbnail","6":"product_cat-stimulant-de-lovulation-fr","7":"pa_active_substance-clomifen","9":"first","10":"instock","11":"shipping-taxable","12":"product-type-simple"},"jetpack_sharing_enabled":true,"_links":{"self":[{"href":"https:\/\/www.pharmacy-content.com\/index.php?rest_route=\/wp\/v2\/product\/5701","targetHints":{"allow":["GET"]}}],"collection":[{"href":"https:\/\/www.pharmacy-content.com\/index.php?rest_route=\/wp\/v2\/product"}],"about":[{"href":"https:\/\/www.pharmacy-content.com\/index.php?rest_route=\/wp\/v2\/types\/product"}],"replies":[{"embeddable":true,"href":"https:\/\/www.pharmacy-content.com\/index.php?rest_route=%2Fwp%2Fv2%2Fcomments&post=5701"}],"wp:featuredmedia":[{"embeddable":true,"href":"https:\/\/www.pharmacy-content.com\/index.php?rest_route=\/wp\/v2\/media\/5689"}],"wp:attachment":[{"href":"https:\/\/www.pharmacy-content.com\/index.php?rest_route=%2Fwp%2Fv2%2Fmedia&parent=5701"}],"wp:term":[{"taxonomy":"product_brand","embeddable":true,"href":"https:\/\/www.pharmacy-content.com\/index.php?rest_route=%2Fwp%2Fv2%2Fproduct_brand&post=5701"},{"taxonomy":"product_cat","embeddable":true,"href":"https:\/\/www.pharmacy-content.com\/index.php?rest_route=%2Fwp%2Fv2%2Fproduct_cat&post=5701"},{"taxonomy":"product_tag","embeddable":true,"href":"https:\/\/www.pharmacy-content.com\/index.php?rest_route=%2Fwp%2Fv2%2Fproduct_tag&post=5701"}],"curies":[{"name":"wp","href":"https:\/\/api.w.org\/{rel}","templated":true}]}}