{"id":5595,"date":"2026-04-22T06:57:13","date_gmt":"2026-04-22T06:57:13","guid":{"rendered":""},"modified":"2026-04-22T06:57:18","modified_gmt":"2026-04-22T06:57:18","slug":"vitara-9","status":"publish","type":"product","link":"https:\/\/www.pharmacy-content.com\/?product=vitara-9&lang=nl","title":{"rendered":"Vitara"},"content":{"rendered":"<p>Algemeen gebruik<br \/>\nVitara is een oraal medicijn dat wordt gebruikt om erectiestoornissen te behandelen. Seksuele stimulatie veroorzaakt de productie en afgifte van stikstofmonoxide uit de zenuwuiteinden van de holle lichamen van de penis, waardoor het enzym guanylaatcyclase wordt geactiveerd. Guanylaatcyclase is op zijn beurt verantwoordelijk voor de productie van cyclisch guanosinemonofosfaat (cGMP). Het cGMP veroorzaakt verwijding en ontspanning van de bloedvaten die bloed naar de penis transporteren. Vitara voorkomt dat het fosfodi\u00ebsterase-5-enzym cGMP vernietigt en helpt zo de bloedtoevoer naar de penis te ondersteunen.<\/p>\n<p>Dosering en richting<br \/>\nDe aanbevolen dosis Vitara is 10 mg per dag, ingenomen een uur v\u00f3\u00f3r de geslachtsgemeenschap. Als er geen bijwerkingen optreden, kan de dosering worden verhoogd tot 20 mg. In geval van bijwerkingen wordt de dosis verlaagd tot 5 mg per dag. Neem niet meer dan \u00e9\u00e9n tabblad Vitara per dag.<\/p>\n<p>Voorzorgsmaatregelen<br \/>\nVitara is niet onderzocht bij mensen met hart- en vaatziekten, dus het verdient de voorkeur om Vitara te vermijden bij pati\u00ebnten die een beroerte, hartfalen of een hartaanval hebben. in de geschiedenis en vooral in de afgelopen zes maanden. Voordat u Vitara inneemt, moet u uw arts op de hoogte stellen als u nier- of leverproblemen heeft, een bloedingsstoornis, een maagzweer of een erfelijke netvliesaandoening zoals retinitis pigmentosa, een allergische reactie op dit geneesmiddel of andere geneesmiddelen, vervorming van de penis zoals angulatie, caverneuze fibrose (ziekte van Peyronie), evenals bij ziekten die bijdragen aan de ontwikkeling van priapisme (sikkelcelanemie, multipel myeloom, leukemie of leukemie).<\/p>\n<p>Contra-indicaties<br \/>\nVitara is gecontra-indiceerd bij pati\u00ebnten met overgevoeligheid voor de ingredi\u00ebnten, degenen die worden behandeld met organische nitraten, bij pati\u00ebnten jonger dan 16 jaar, of bij pati\u00ebnten die HIV-proteaseremmers gebruiken, zoals indinavir en ritonavir.<\/p>\n<p>Mogelijke bijwerking<br \/>\nVitara wordt doorgaans goed verdragen en eventuele bijwerkingen zijn van voorbijgaande aard. De meest voorkomende bijwerkingen zijn: hoofdpijn, blozen (hyperemie van de persoon); veel voorkomend; duizeligheid, diarree, misselijkheid, verstopte neus. Zeldzamere en soms voorkomende bijwerkingen zijn lichtgevoeligheid van de huid, hypertensie, rugpijn, tranende ogen, hypotensie, spierpijn, priapisme.<\/p>\n<p>Interactie tussen geneesmiddelen<br \/>\nHet metabolisme van Vitara wordt geremd door erytromycine, ketoconazol (Nizoral), itraconazol (Sporanox), indinavir ( Crixivan) en ritonavir (Norvir). Vitara verlaagt de concentratie van ritonavir en indinavir. Bij pati\u00ebnten die worden behandeld met nitraten kan Vitara de pijn op de borst verergeren door de hartslag te verhogen en de bloeddruk te verlagen. Vitara kan de bloeddrukverlagende effecten van alfablokkers (terazosine of hytrin) versterken. Vitara mag nooit worden toegediend aan pati\u00ebnten die worden behandeld met organische nitraten.<\/p>\n<p>Gemiste dosis<br \/>\nVitara wordt ingenomen wanneer dat nodig is, maar niet vaker dan eenmaal per dag, dus een gemiste dosis wordt niet verondersteld.<\/p>\n<p>Overdosis<br \/>\nSymptomen van een overdosis zijn onder meer pijn bij het innemen van de dosis. de rug, kaak, arm, blindheid, wazig zien, pijn of ongemak op de borst, verminderd zicht, wazig zien.<\/p>\n<p>Opslag<br \/>\nBewaren bij kamertemperatuur tussen 15-30 C (59-86 F), uit de buurt van kinderen, huisdieren, vocht en zonlicht.<\/p>\n<p>Disclaimer<br \/>\nWe bieden alleen algemene informatie over medicijnen die niet alle richtingen, mogelijke medicijnintegraties of voorzorgsmaatregelen bestrijkt. Informatie op de site kan niet worden gebruikt voor zelfbehandeling en zelfdiagnose. Specifieke instructies voor een bepaalde pati\u00ebnt moeten worden overeengekomen met uw gezondheidszorgadviseur of de met de zaak belaste arts. Wij wijzen de betrouwbaarheid van deze informatie en fouten die deze zou kunnen bevatten af. Wij zijn niet verantwoordelijk voor enige directe, indirecte, bijzondere of andere indirecte schade als gevolg van enig gebruik van de informatie op deze site en ook voor de gevolgen van zelfbehandeling.<\/p>\n","protected":false},"excerpt":{"rendered":"<p>Vitara Generic wordt gebruikt om erectiestoornissen bij mannen te behandelen. Het verhoogt de bloedtoevoer naar de penis om mannen te helpen een erectie te krijgen. Het werkt door de bloedvaten in uw penis te helpen ontspannen, waardoor er bloed in uw penis kan stromen als u seksueel opgewonden raakt.<\/p>\n","protected":false},"featured_media":5467,"comment_status":"open","ping_status":"closed","template":"","meta":[],"product_brand":[],"product_cat":[138],"product_tag":[],"class_list":{"0":"post-5595","1":"product","2":"type-product","3":"status-publish","4":"has-post-thumbnail","6":"product_cat-erectiestoornis-nl","7":"pa_active_substance-vardenafil","9":"first","10":"instock","11":"shipping-taxable","12":"product-type-variable"},"jetpack_sharing_enabled":true,"_links":{"self":[{"href":"https:\/\/www.pharmacy-content.com\/index.php?rest_route=\/wp\/v2\/product\/5595","targetHints":{"allow":["GET"]}}],"collection":[{"href":"https:\/\/www.pharmacy-content.com\/index.php?rest_route=\/wp\/v2\/product"}],"about":[{"href":"https:\/\/www.pharmacy-content.com\/index.php?rest_route=\/wp\/v2\/types\/product"}],"replies":[{"embeddable":true,"href":"https:\/\/www.pharmacy-content.com\/index.php?rest_route=%2Fwp%2Fv2%2Fcomments&post=5595"}],"wp:featuredmedia":[{"embeddable":true,"href":"https:\/\/www.pharmacy-content.com\/index.php?rest_route=\/wp\/v2\/media\/5467"}],"wp:attachment":[{"href":"https:\/\/www.pharmacy-content.com\/index.php?rest_route=%2Fwp%2Fv2%2Fmedia&parent=5595"}],"wp:term":[{"taxonomy":"product_brand","embeddable":true,"href":"https:\/\/www.pharmacy-content.com\/index.php?rest_route=%2Fwp%2Fv2%2Fproduct_brand&post=5595"},{"taxonomy":"product_cat","embeddable":true,"href":"https:\/\/www.pharmacy-content.com\/index.php?rest_route=%2Fwp%2Fv2%2Fproduct_cat&post=5595"},{"taxonomy":"product_tag","embeddable":true,"href":"https:\/\/www.pharmacy-content.com\/index.php?rest_route=%2Fwp%2Fv2%2Fproduct_tag&post=5595"}],"curies":[{"name":"wp","href":"https:\/\/api.w.org\/{rel}","templated":true}]}}