{"id":4892,"date":"2026-04-22T06:55:23","date_gmt":"2026-04-22T06:55:23","guid":{"rendered":""},"modified":"2026-04-22T06:55:59","modified_gmt":"2026-04-22T06:55:59","slug":"vidalista-4","status":"publish","type":"product","link":"https:\/\/www.pharmacy-content.com\/?product=vidalista-4&lang=it","title":{"rendered":"Vidalista"},"content":{"rendered":"<p>Uso comune<\/p>\n<p>La compressa di Vidalista \u00e8 usata per trattare la disfunzione erettile (DE) negli uomini e l&#8217;ipertensione arteriosa polmonare (PAH). Aumenta il flusso sanguigno al pene per aiutare gli uomini ad avere un&#8217;erezione. Nella PAH, rilassa o allarga i vasi sanguigni all&#8217;interno dei polmoni, il che riduce la pressione sanguigna nei polmoni.<\/p>\n<p>Dosaggio e indicazioni<\/p>\n<p>Le linee guida generali per l&#8217;assunzione di Vidalista sono:<br \/>\nAssumere Vidalista circa 30-60 minuti prima dell&#8217;attivit\u00e0 sessuale pianificata.<br \/>\nIngerire la compressa con acqua o succo; non schiacciarla, masticarla o romperla.<br \/>\nPu\u00f2 essere assunto con o senza cibo, ma assumerla a stomaco vuoto pu\u00f2 aiutare ad agire pi\u00f9 velocemente.<br \/>\nNon assumere pi\u00f9 di una compressa nell&#8217;arco di 24 ore.<\/p>\n<p>Precauzioni<\/p>\n<p>Malattia epatica: le persone con patologie epatiche preesistenti potrebbero avere difficolt\u00e0 a elaborare Vidalista, quindi i medici di solito prescrivono dosaggi inferiori.<br \/>\nCompromissione renale: le persone con problemi renali devono essere monitorate per prevenire ulteriori danni renali. Di solito vengono raccomandate dosi basse all&#8217;inizio.<br \/>\nLe compresse di Vidalista non sono consigliate per le donne e i loro effetti sulle donne che allattano non sono stati ampiamente studiati.<br \/>\nEvitare il consumo di succo di pompelmo e alcol durante l&#8217;assunzione di Vidalista, poich\u00e9 possono avere effetti avversi.<\/p>\n<p>Controindicazioni<\/p>\n<p>La compressa di Vidalista pu\u00f2 essere pericolosa se assunta insieme a medicinali chiamati nitrati (spesso somministrati per il dolore al petto). Non assumere questo medicinale se si hanno gravi problemi cardiaci o epatici, se si \u00e8 avuto di recente un ictus o un infarto o se si ha la pressione bassa. Informa il tuo medico se soffri di questi o altri problemi di salute prima di assumerlo.<\/p>\n<p>Possibili effetti collaterali<\/p>\n<p>La maggior parte degli effetti collaterali non richiede alcuna attenzione medica e scompare quando il tuo corpo si adatta al medicinale. Consulta il tuo medico se persistono o se ti preoccupano.<br \/>\nEffetti collaterali comuni di Vidalista:<br \/>\nMal di schiena<br \/>\nNausea<br \/>\nVampate di calore (sensazione di calore al viso, alle orecchie, al collo e al tronco)<br \/>\nMal di testa<br \/>\nVisione offuscata<br \/>\nDolore muscolare<br \/>\nMal di stomaco<br \/>\nInfezione delle vie respiratorie<\/p>\n<p>Interazione farmacologica<\/p>\n<p>Evitare di assumere farmaci per l&#8217;angina (nitrati), antibiotici (eritromicina), anticonvulsivanti (fenitoina), antimicotici (ketoconazolo) e farmaci per l&#8217;ipertensione polmonare (riociguat). Questi farmaci possono alterare la sicurezza e l&#8217;efficacia di Vidalista.<\/p>\n<p>Dose dimenticata<\/p>\n<p>Se si dimentica una dose di Vidalista, prenderla non appena se ne ricorda. Ma, se la dose successiva \u00e8 vicina, salta la dose dimenticata e riprendi il regime di dosaggio regolare.<\/p>\n<p>Sovradosaggio<\/p>\n<p>Il sovradosaggio di Vidalista pu\u00f2 causare perdita della vista, cambiamenti nel colore della vista, visione offuscata, ronzio nelle orecchie, un&#8217;erezione che dura pi\u00f9 a lungo. Questi sintomi devono essere gestiti come un&#8217;emergenza in un ambiente ospedaliero. Pertanto, \u00e8 essenziale attenersi scrupolosamente alla dose prescritta.<\/p>\n<p>Conservazione<\/p>\n<p>Conservare a temperatura ambiente lontano da umidit\u00e0, luce solare, bambini e animali domestici in un contenitore ermetico.<\/p>\n","protected":false},"excerpt":{"rendered":"<p>Vidalista migliora l\u2019erezione e permette di avere un rapporto sessuale soddisfacente.<\/p>\n","protected":false},"featured_media":4784,"comment_status":"open","ping_status":"closed","template":"","meta":[],"product_brand":[],"product_cat":[123],"product_tag":[],"class_list":{"0":"post-4892","1":"product","2":"type-product","3":"status-publish","4":"has-post-thumbnail","6":"product_cat-disfunzione-erettile-it","7":"pa_active_substance-tadalafil","9":"first","10":"instock","11":"shipping-taxable","12":"product-type-simple"},"jetpack_sharing_enabled":true,"_links":{"self":[{"href":"https:\/\/www.pharmacy-content.com\/index.php?rest_route=\/wp\/v2\/product\/4892","targetHints":{"allow":["GET"]}}],"collection":[{"href":"https:\/\/www.pharmacy-content.com\/index.php?rest_route=\/wp\/v2\/product"}],"about":[{"href":"https:\/\/www.pharmacy-content.com\/index.php?rest_route=\/wp\/v2\/types\/product"}],"replies":[{"embeddable":true,"href":"https:\/\/www.pharmacy-content.com\/index.php?rest_route=%2Fwp%2Fv2%2Fcomments&post=4892"}],"wp:featuredmedia":[{"embeddable":true,"href":"https:\/\/www.pharmacy-content.com\/index.php?rest_route=\/wp\/v2\/media\/4784"}],"wp:attachment":[{"href":"https:\/\/www.pharmacy-content.com\/index.php?rest_route=%2Fwp%2Fv2%2Fmedia&parent=4892"}],"wp:term":[{"taxonomy":"product_brand","embeddable":true,"href":"https:\/\/www.pharmacy-content.com\/index.php?rest_route=%2Fwp%2Fv2%2Fproduct_brand&post=4892"},{"taxonomy":"product_cat","embeddable":true,"href":"https:\/\/www.pharmacy-content.com\/index.php?rest_route=%2Fwp%2Fv2%2Fproduct_cat&post=4892"},{"taxonomy":"product_tag","embeddable":true,"href":"https:\/\/www.pharmacy-content.com\/index.php?rest_route=%2Fwp%2Fv2%2Fproduct_tag&post=4892"}],"curies":[{"name":"wp","href":"https:\/\/api.w.org\/{rel}","templated":true}]}}