{"id":482,"date":"2026-04-22T06:39:48","date_gmt":"2026-04-22T06:39:48","guid":{"rendered":""},"modified":"2026-04-22T06:39:53","modified_gmt":"2026-04-22T06:39:53","slug":"ed-power-trio-4","status":"publish","type":"product","link":"https:\/\/www.pharmacy-content.com\/it\/product\/ed-power-trio-4\/","title":{"rendered":"ED Power Trio"},"content":{"rendered":"<p>Uso comune<br \/>\nIl componente principale del ED Power Trio \u00e8 il citrato di sildenafil.<br \/>\nIl citrato di sildenafil influisce sulla risposta alla stimolazione sessuale. Agisce potenziando il rilassamento della muscolatura liscia mediante ossido nitrico, una sostanza chimica che viene normalmente rilasciata in risposta alla stimolazione sessuale. Questo rilassamento della muscolatura liscia consente un aumento del flusso sanguigno in determinate aree del pene, il che porta all&#8217;erezione. Il citrato di sildenafil viene utilizzato per il trattamento della disfunzione erettile (impotenza) negli uomini e dell&#8217;ipertensione arteriosa polmonare. Il citrato di sildenafil pu\u00f2 anche essere usato per altri scopi non elencati qui sopra.<br \/>\nDosaggio e direzione<br \/>\nSolitamente, la dose raccomandata di ED Power Trio \u00e8 di 50 mg. Viene assunto circa 0,5-1 ora prima dell&#8217;attivit\u00e0 sessuale. Non assumere ED Power Trio pi\u00f9 di una volta al giorno. Un pasto ricco di grassi pu\u00f2 ritardare il tempo di azione di questo farmaco. Cerca di non mangiare pompelmo o bere succo di pompelmo mentre sei in trattamento con citrato di sildenafil.<br \/>\nPrecauzioni<br \/>\nPrima di iniziare a prendere il citrato di sildenafil, informa il tuo medico o farmacista se sei allergico ad esso o se hai altre allergie. Le persone anziane possono essere pi\u00f9 sensibili agli effetti collaterali del farmaco.<\/p>\n<p>Controindicazioni<br \/>\nIl ED Power Trio \u00e8 controindicato nei pazienti che assumono un altro medicinale per trattare l&#8217;impotenza o che usano un medicinale a base di nitrati per il dolore al petto o problemi cardiaci. Questo medicinale non deve essere assunto da donne e bambini, cos\u00ec come nei pazienti con nota ipersensibilit\u00e0 a qualsiasi componente della compressa.<\/p>\n<p>Possibili effetti collaterali<br \/>\nGli effetti collaterali pi\u00f9 comuni sono mal di testa, vampate di calore, bruciore di stomaco, disturbi di stomaco, congestione nasale, vertigini, sensazione di svenimento o diarrea. Una reazione allergica grave a questo farmaco \u00e8 molto rara, ma cerca immediatamente assistenza medica se si verifica. Molte persone che usano questo medicinale non hanno effetti collaterali gravi. Nel caso tu notassi effetti collaterali non elencati qui sopra, contatta il tuo medico o farmacista.<\/p>\n<p>Interazioni farmacologiche<br \/>\nQuesto farmaco non deve essere usato con nitrati e droghe ricreative chiamate poppers contenenti nitrito di amile o butile; farmaci alfa-bloccanti; altri farmaci per l&#8217;impotenza; farmaci per l&#8217;ipertensione arteriosa, ecc. Consulta il tuo medico o farmacista per ulteriori dettagli.<br \/>\nIl Cialis Generico contiene Tadalafil .<br \/>\n\u00c8 un inibitore selettivo, reversibile ed efficace della fosfodiesterasi di tipo 5 (PDE 5) specifico per il monofosfato di guanosina ciclico (cGMP). Quando la stimolazione sessuale provoca il rilascio locale di ossido nitrico, l&#8217;inibizione della PDE 5 da parte del Cialis porta ad un aumento dei livelli di cGMP nel corpo cavernoso del pene. Ci\u00f2 comporta il rilassamento della muscolatura liscia arteriosa e il flusso sanguigno nei tessuti del pene che provoca l&#8217;erezione. Il Cialis non ha effetto in assenza di stimolazione sessuale. Il Cialis migliora l&#8217;erezione e consente di raggiungere un rapporto sessuale con successo. Il farmaco agisce per 36 ore. Se c&#8217;\u00e8 eccitazione sessuale, l&#8217;effetto appare anche dopo 16 minuti dall&#8217;assunzione del farmaco.<br \/>\nDosaggio e direzione<br \/>\nLa dose raccomandata di Cialis \u00e8 di 20 mg e dovrebbe essere assunta almeno 16 minuti prima dell&#8217;attivit\u00e0 sessuale. L&#8217;effetto persiste per 36 ore. Assumere il Cialis una volta al giorno e non superare la dose raccomandata<br \/>\nPrecauzioni<br \/>\n\u00c8 preferibile non utilizzare il Cialis con succo di pompelmo, bevande alcoliche, tabacco. Se fumi tabacco e assumi contemporaneamente il Cialis, ci\u00f2 pu\u00f2 portare a una condizione chiamata NAION (perdita improvvisa della vista correlata al nervo ottico). Informa il tuo medico prima di prendere il Cialis se hai un pene anomalo, incluso un pene curvo e difetti congeniti del pene, hai avuto malattie coronariche, aritmie, angina pectoris, attacco di cuore o insufficienza cardiaca, ipo- o ipertensione, sanguinamento, ulcere gastriche, diabete, iperlipidemia (eccesso di lipidi nel sangue), anemia falciforme, insufficienza epatica o renale nella storia.<\/p>\n<p>Controindicazioni<br \/>\nIl Cialis \u00e8 controindicato nei pazienti che utilizzano qualsiasi forma di nitrato organico, sia regolarmente che\/o intermittentemente in quanto \u00e8 in grado di potenziare l&#8217;effetto ipotensivo dei nitrati.<\/p>\n<p>Possibili effetti collaterali<br \/>\nGli effetti collaterali pi\u00f9 comuni del Cialis sono rossore del viso (arrossamento), mal di testa, disturbi di stomaco, diarrea, sintomi influenzali e nausea. Nei casi pi\u00f9 rari possono verificarsi bassa pressione sanguigna, visione offuscata e cambiamenti nella visione dei colori e eiaculazione anomala. Sono possibili anche erezioni prolungate o priapismo (erezioni dolorose che durano pi\u00f9 di 6 ore). Se la tua erezione dura pi\u00f9 di 4 ore, cerca immediatamente assistenza medica in quanto potrebbe danneggiare permanentemente il tuo pene. \u00c8 stato segnalato un aggravamento dei problemi cardiaci nei pazienti con malattie cardiache preesistenti che utilizzano il Cialis.<\/p>\n<p>Interazioni farmacologiche<br \/>\nLa co-somministrazione con farmaci contenenti nitrati organici pu\u00f2 causare grave ipotensione che \u00e8 pericolosa in alcuni casi. Evitare di prendere Calis con farmaci come Erythrityl Tetranitrate, Isosorbide Dinitrate, Isosorbide Mononitrate, Nitroglicerina, Pentaeritritolo Tetranitrato. I livelli e la tossicit\u00e0 del Cialis sono aumentati da eritromicina, ketoconazolo (Nizoral), itraconazolo (Sporanox), indinavir (Crixivan) e ritonavir (Norvir). Informa il tuo medico se stai assumendo Atazanavir, Bunazosin, Claritromicina, Doxazosin, Eritromicina, Indinavir, Itraconazolo, Ketoconazolo, Moxisilito, Nefazodone, Nelfinavir, Fenossibenziarnina, Fenossitolamina, Prazosin, Saquinavir, Telitromicina, Terazosina, Trimazosina, Urapidil poich\u00e9 la tua dose di Cialis potrebbe richiedere correzione.<\/p>\n<p>Levitra con principio attivo Vardenafil \u00e8 un farmaco per via orale usato per trattare la disfunzione erettile.<br \/>\nLa stimolazione sessuale provoca la produzione e il rilascio di ossido nitrico dalle terminazioni nervose dei corpi cavernosi del pene attivando cos\u00ec l&#8217;enzima guanilato ciclasi. La guanilato ciclasi, a sua volta, \u00e8 responsabile della produzione di monofosfato di guanosina ciclico (cGMP). Il cGMP provoca il dilatazione e il rilassamento dei vasi sanguigni che trasportano il sangue al pene. Levitra impedisce all&#8217;enzima fosfodiesterasi-5 di distruggere il cGMP e quindi aiuta a sostenere il flusso sanguigno al pene.<br \/>\nDosaggio e direzione<br \/>\nLa dose raccomandata di Levitra \u00e8 di 10 mg al giorno, da assumere un&#8217;ora prima del rapporto sessuale. Se non si verificano effetti collaterali, il dosaggio pu\u00f2 essere aumentato fino a 20 mg. In caso di effetti avversi, la dose viene ridotta a 5 mg al giorno. Non prendere pi\u00f9 di una compressa di Levitra al giorno.<br \/>\nPrecauzioni<br \/>\nIl Levitra non \u00e8 stato studiato nelle persone con malattie cardiovascolari, quindi \u00e8 preferibile evitare il Levitra nei pazienti che hanno avuto un ictus o insufficienza cardiaca, o un attacco di cuore nella storia e soprattutto nell&#8217;ultimo semestre. Prima di prendere il Levitra, informa il tuo medico se hai problemi ai reni o al fegato, un disturbo emorragico, un&#8217;ulcera allo stomaco, o un disordine retinico ereditario come la retinite pigmentosa, reazione allergica a questo medicinale o ad altri medicinali, deformazione del pene come angolazione, fibrosi cavernosa (malattia di Peyronie), cos\u00ec come nelle malattie che contribuiscono allo sviluppo del priapismo (anemia falciforme, mieloma multiplo, leucemia, o leucemia).<\/p>\n<p>Controindicazioni<br \/>\nIl Levitra \u00e8 controindicato nei pazienti con ipersensibilit\u00e0 ai suoi ingredienti, quelli trattati con nitrati organici, nei pazienti sotto i 16 anni o in quelli che assumono inibitori della proteasi dell&#8217;HIV come indinavir e ritonavir.<\/p>\n<p>Possibili effetti collaterali<br \/>\nIl Levitra \u00e8 generalmente ben tollerato e gli effetti collaterali, se presenti, sono transitori. Gli effetti collaterali pi\u00f9 frequenti sono: mal di testa, vampate di calore (iperemia del viso); frequente; vertigini, fenomeno diarrea, nausea, congestione nasale. Effetti collaterali pi\u00f9 rari e non comuni sono fotosensibilit\u00e0 della pelle, ipertensione, mal di schiena, occhi acquosi, ipotensione, mialgia, priapismo.<\/p>\n<p>Interazione farmacologica<br \/>\nIl metabolismo del Levitra \u00e8 inibito da eritromicina, ketoconazolo (Nizoral), itraconazolo (Sporanox), indinavir (Crixivan) e ritonavir (Norvir). Levitra riduce la concentrazione di ritonavir e indinavir. Nei pazienti trattati con nitrati, il Levitra pu\u00f2 aggravare il dolore al petto aumentando la frequenza cardiaca e abbassando la pressione sanguigna. Levitra \u00e8 in grado di esagerare gli effetti di abbassamento della pressione sanguigna dei farmaci alfa-bloccanti (terazosina o Hytrin). Il Levitra non deve mai essere somministrato ai pazienti trattati con nitrati organici.<br \/>\nDose persa<br \/>\nI farmaci descritti vengono utilizzati all&#8217;occorrenza, quindi \u00e8 improbabile che tu segua un programma di dosaggio.<\/p>\n<p>Sovradosaggio<br \/>\nSe pensi di aver usato troppo di questo medicinale, cerca immediatamente assistenza medica di emergenza. I sintomi da sovradosaggio di solito includono dolore al petto, nausea, battito cardiaco irregolare e sensazione di svenimento o svenimento.<\/p>\n<p>Conservazione<br \/>\nConservare i farmaci a temperatura ambiente tra 68-77 gradi F (20-25 gradi C) lontano dalla luce e dall&#8217;umidit\u00e0. Non conservare i farmaci in bagno. Tenere tutti i farmaci fuori dalla portata dei bambini e degli animali domestici.<\/p>\n<p>Disclaimer<br \/>\nForniamo solo informazioni generali sui farmaci, che non coprono tutte le direzioni, le interazioni farmacologiche possibili o le precauzioni. Le informazioni sul sito non possono essere utilizzate per l&#8217;autotrattamento e l&#8217;auto-diagnosi. Eventuali istruzioni specifiche per un paziente particolare devono essere concordate con il proprio consulente per la salute o il medico responsabile del caso. Decliniamo l&#8217;affidabilit\u00e0 di queste informazioni e di eventuali errori che potrebbero contenere. Non siamo responsabili di alcun danno diretto, indiretto, speciale o altro danno indiretto a seguito di qualsiasi uso delle informazioni su questo sito e anche per le conseguenze dell&#8217;autotrattamento.<\/p>\n","protected":false},"excerpt":{"rendered":"<p>10 pillole di Viagra (100 mg) Generico + 10 pillole di Cialis (20 mg) Generico + 10 pillole di Levitra (20 mg) Generico. Risparmia<\/p>\n","protected":false},"featured_media":476,"comment_status":"open","ping_status":"closed","template":"","meta":[],"product_brand":[],"product_cat":[123],"product_tag":[],"class_list":{"0":"post-482","1":"product","2":"type-product","3":"status-publish","4":"has-post-thumbnail","6":"product_cat-disfunzione-erettile-it","7":"pa_active_substance-sildenafil","8":"pa_active_substance-tadalafil","9":"pa_active_substance-vardenafil","11":"first","12":"instock","13":"shipping-taxable","14":"product-type-variable"},"jetpack_sharing_enabled":true,"_links":{"self":[{"href":"https:\/\/www.pharmacy-content.com\/wp-json\/wp\/v2\/product\/482","targetHints":{"allow":["GET"]}}],"collection":[{"href":"https:\/\/www.pharmacy-content.com\/wp-json\/wp\/v2\/product"}],"about":[{"href":"https:\/\/www.pharmacy-content.com\/wp-json\/wp\/v2\/types\/product"}],"replies":[{"embeddable":true,"href":"https:\/\/www.pharmacy-content.com\/wp-json\/wp\/v2\/comments?post=482"}],"wp:featuredmedia":[{"embeddable":true,"href":"https:\/\/www.pharmacy-content.com\/wp-json\/wp\/v2\/media\/476"}],"wp:attachment":[{"href":"https:\/\/www.pharmacy-content.com\/wp-json\/wp\/v2\/media?parent=482"}],"wp:term":[{"taxonomy":"product_brand","embeddable":true,"href":"https:\/\/www.pharmacy-content.com\/wp-json\/wp\/v2\/product_brand?post=482"},{"taxonomy":"product_cat","embeddable":true,"href":"https:\/\/www.pharmacy-content.com\/wp-json\/wp\/v2\/product_cat?post=482"},{"taxonomy":"product_tag","embeddable":true,"href":"https:\/\/www.pharmacy-content.com\/wp-json\/wp\/v2\/product_tag?post=482"}],"curies":[{"name":"wp","href":"https:\/\/api.w.org\/{rel}","templated":true}]}}