{"id":480,"date":"2026-04-22T06:39:48","date_gmt":"2026-04-22T06:39:48","guid":{"rendered":""},"modified":"2026-04-22T06:39:52","modified_gmt":"2026-04-22T06:39:52","slug":"ed-power-trio-3","status":"publish","type":"product","link":"https:\/\/www.pharmacy-content.com\/?product=ed-power-trio-3&lang=fr","title":{"rendered":"ED Power Trio"},"content":{"rendered":"<p>Utilisation courante<br \/>\nLe composant principal du ED Power Trio est le citrate de sild\u00e9nafil.<br \/>\nLe citrate de sild\u00e9nafil agit sur la r\u00e9ponse \u00e0 la stimulation sexuelle. Il agit en am\u00e9liorant la relaxation des muscles lisses en utilisant l&#8217;oxyde nitrique, un produit chimique qui est normalement lib\u00e9r\u00e9 en r\u00e9ponse \u00e0 la stimulation sexuelle. Cette relaxation des muscles lisses permet un flux sanguin accru dans certaines zones du p\u00e9nis, ce qui entra\u00eene une \u00e9rection. Le citrate de sild\u00e9nafil est utilis\u00e9 pour le traitement de la dysfonction \u00e9rectile (impuissance) chez les hommes et de l&#8217;hypertension art\u00e9rielle pulmonaire. Le citrate de sild\u00e9nafil peut \u00e9galement \u00eatre utilis\u00e9 \u00e0 d&#8217;autres fins non mentionn\u00e9es ci-dessus.<br \/>\nDosage et direction<br \/>\nG\u00e9n\u00e9ralement, la dose recommand\u00e9e de ED Power Trio est de 50 mg. Il est pris environ 0,5 \u00e0 1 heure avant l&#8217;activit\u00e9 sexuelle. Ne prenez pas de ED Power Trio plus d&#8217;une fois par jour. Un repas riche en graisses peut retarder le d\u00e9but de l&#8217;effet de ce m\u00e9dicament. Essayez de ne pas manger de pamplemousse ni de boire de jus de pamplemousse pendant que vous \u00eates trait\u00e9 avec du citrate de sild\u00e9nafil.<br \/>\nPr\u00e9cautions<br \/>\nAvant de commencer \u00e0 prendre du citrate de sild\u00e9nafil, informez votre m\u00e9decin ou votre pharmacien si vous y \u00eates allergique ou si vous avez d&#8217;autres allergies. Les personnes \u00e2g\u00e9es peuvent \u00eatre plus sensibles aux effets secondaires du m\u00e9dicament.<\/p>\n<p>Contre-indications<br \/>\nLe ED Power Trio est contre-indiqu\u00e9 chez les patients prenant un autre m\u00e9dicament pour traiter l&#8217;impuissance ou utilisant un m\u00e9dicament \u00e0 base de nitrate pour les douleurs thoraciques ou les probl\u00e8mes cardiaques. Ce m\u00e9dicament ne doit pas \u00eatre pris par les femmes et les enfants, ainsi que chez les patients pr\u00e9sentant une hypersensibilit\u00e9 connue \u00e0 l&#8217;un des composants du comprim\u00e9.<\/p>\n<p>Effet secondaire possible<br \/>\nLes effets secondaires les plus courants sont les maux de t\u00eate, les bouff\u00e9es de chaleur, les br\u00fblures d&#8217;estomac, les troubles gastro-intestinaux, la congestion nasale, les vertiges, les \u00e9tourdissements ou la diarrh\u00e9e. Une r\u00e9action allergique grave \u00e0 ce m\u00e9dicament est tr\u00e8s rare, mais demandez imm\u00e9diatement de l&#8217;aide m\u00e9dicale si elle se produit. De nombreuses personnes utilisant ce m\u00e9dicament n&#8217;ont pas d&#8217;effets secondaires graves. Si vous remarquez des effets secondaires non mentionn\u00e9s ci-dessus, contactez votre m\u00e9decin ou votre pharmacien.<\/p>\n<p>Interaction m\u00e9dicamenteuse<br \/>\nCe m\u00e9dicament ne doit pas \u00eatre utilis\u00e9 avec des nitrates et des drogues r\u00e9cr\u00e9atives appel\u00e9es poppers contenant du nitrite d&#8217;amyle ou de butyle ; des m\u00e9dicaments alpha-bloquants ; d&#8217;autres m\u00e9dicaments pour l&#8217;impuissance ; des m\u00e9dicaments contre l&#8217;hypertension art\u00e9rielle, etc. Consultez votre m\u00e9decin ou votre pharmacien pour plus de d\u00e9tails.<br \/>\nLe Cialis g\u00e9n\u00e9rique contient du tadalafil .<br \/>\nC&#8217;est un inhibiteur efficace, r\u00e9versible et s\u00e9lectif de la phosphodiest\u00e9rase de type 5 (PDE 5) sp\u00e9cifique au monophosphate de guanosine cyclique (cGMP). Lorsque la stimulation sexuelle provoque la lib\u00e9ration locale d&#8217;oxyde nitrique, l&#8217;inhibition de la PDE 5 par le Cialis entra\u00eene une augmentation des taux de cGMP dans le corps caverneux du p\u00e9nis. Cela entra\u00eene la relaxation des muscles lisses art\u00e9riels et le flux sanguin vers les tissus du p\u00e9nis qui provoque des \u00e9rections. Le Cialis n&#8217;a aucun effet lorsque la stimulation sexuelle est absente. Le Cialis am\u00e9liore l&#8217;\u00e9rection et permet d&#8217;obtenir un rapport sexuel r\u00e9ussi. Le m\u00e9dicament agit pendant 36 heures. Si une excitation sexuelle est pr\u00e9sente, l&#8217;effet appara\u00eet m\u00eame apr\u00e8s 16 minutes apr\u00e8s la prise du m\u00e9dicament.<br \/>\nDosage et direction<br \/>\nLa dose recommand\u00e9e de Cialis est de 20 mg, \u00e0 prendre au moins 16 minutes avant l&#8217;activit\u00e9 sexuelle. L&#8217;effet persiste pendant 36 heures. Prenez Cialis une fois par jour et ne d\u00e9passez pas la dose recommand\u00e9e<br \/>\nPr\u00e9cautions<br \/>\nIl est pr\u00e9f\u00e9rable de ne pas utiliser Cialis avec du jus de pamplemousse, des boissons alcoolis\u00e9es, du tabac. Si vous fumez du tabac et prenez du Cialis en m\u00eame temps, cela peut entra\u00eener une condition appel\u00e9e NOIAN (perte soudaine de la vision li\u00e9e au nerf optique). Informez votre m\u00e9decin avant de prendre du Cialis si vous avez un p\u00e9nis anormal, y compris un p\u00e9nis courb\u00e9 et des malformations cong\u00e9nitales du p\u00e9nis, avez eu une maladie coronarienne, des arythmies, de l&#8217;angine de poitrine, une crise cardiaque ou une insuffisance cardiaque, une hypo- ou une hypertension, des saignements, des ulc\u00e8res d&#8217;estomac, du diab\u00e8te, une hyperlipid\u00e9mie (exc\u00e8s de lipides dans le sang), une an\u00e9mie falciforme, une insuffisance h\u00e9patique ou r\u00e9nale dans les ant\u00e9c\u00e9dents.<\/p>\n<p>Contre-indications<br \/>\nCialis est contre-indiqu\u00e9 chez les patients utilisant une forme quelconque de nitrate organique, soit r\u00e9guli\u00e8rement et\/ou de mani\u00e8re intermittente, car il est capable de potentialiser l&#8217;effet hypotenseur des nitrates.<\/p>\n<p>Effets secondaires possibles<br \/>\nLes effets secondaires les plus courants du Cialis sont les rougeurs du visage (rougeurs), les maux de t\u00eate, les troubles gastro-intestinaux, la diarrh\u00e9e, les sympt\u00f4mes grippaux et les naus\u00e9es. Dans des cas plus rares, une pression art\u00e9rielle basse, une vision floue et des changements de vision des couleurs, et une \u00e9jaculation anormale peuvent survenir. Des \u00e9rections prolong\u00e9es ou un priapisme (\u00e9rections douloureuses durant plus de 6 heures) sont \u00e9galement possibles. Si votre \u00e9rection dure plus de 4 heures, demandez imm\u00e9diatement une assistance m\u00e9dicale, car cela peut endommager d\u00e9finitivement votre p\u00e9nis. L&#8217;aggravation des probl\u00e8mes cardiaques chez les patients atteints de maladies cardiaques pr\u00e9existantes utilisant du Cialis a \u00e9t\u00e9 rapport\u00e9e.<\/p>\n<p>Interaction m\u00e9dicamenteuse<br \/>\nLa co-administration avec des m\u00e9dicaments contenant des nitrates organiques peut provoquer une hypotension s\u00e9v\u00e8re, ce qui est dangereux dans certains cas. \u00c9vitez de prendre Calis avec des m\u00e9dicaments tels que l&#8217;\u00e9rythritol t\u00e9tranitrate, le dinitrate d&#8217;isosorbide, le mononitrate d&#8217;isosorbide, la nitroglyc\u00e9rine, le t\u00e9tranitrate de penta\u00e9rythritol. Les niveaux et la toxicit\u00e9 du Cialis sont augment\u00e9s par l&#8217;\u00e9rythromycine, le k\u00e9toconazole (Nizoral), l&#8217;itraconazole (Sporanox), l&#8217;indinavir (Crixivan) et le ritonavir (Norvir). Informez votre m\u00e9decin si vous prenez de l&#8217;atazanavir, du bunazosin, de la clarithromycine, du doxazosin, de l&#8217;\u00e9rythromycine, de l&#8217;indinavir, de l&#8217;itraconazole, du k\u00e9toconazole, du moxisylyte, du n\u00e9fazodone, du nelfinavir, de la ph\u00e9noxybenzamine, de la phentolamine, de la prazosine, du saquinavir, de la t\u00e9lithromycine, du t\u00e9razosine, du trimazosin, de l&#8217;urapidil, car votre dose de Cialis peut n\u00e9cessiter une correction.e.<\/p>\n<p>Levitra avec l&#8217;ingr\u00e9dient actif Vard\u00e9nafil est un m\u00e9dicament oral utilis\u00e9 pour traiter la dysfonction \u00e9rectile.<br \/>\nLa stimulation sexuelle provoque la production et la lib\u00e9ration d&#8217;oxyde nitrique des terminaisons nerveuses des corps caverneux du p\u00e9nis, activant ainsi l&#8217;enzyme guanylate cyclase. La guanylate cyclase est \u00e0 son tour responsable de la production de monophosphate de guanosine cyclique (cGMP). Le cGMP provoque l&#8217;\u00e9largissement et la relaxation des vaisseaux sanguins transportant le sang vers le p\u00e9nis. Levitra emp\u00eache l&#8217;enzyme phosphodiest\u00e9rase-5 de d\u00e9truire le cGMP et aide ainsi \u00e0 maintenir le flux sanguin vers le p\u00e9nis.<br \/>\nDosage et direction<br \/>\nLa dose recommand\u00e9e de Levitra est de 10 mg par jour, prise une heure avant le rapport sexuel. Si aucun effet secondaire n&#8217;est ressenti, la posologie peut \u00eatre augment\u00e9e jusqu&#8217;\u00e0 20 mg. En cas d&#8217;effets ind\u00e9sirables, la dose est r\u00e9duite \u00e0 5 mg par jour. Ne prenez pas plus d&#8217;un comprim\u00e9 de Levitra par jour.<br \/>\nPr\u00e9cautions<br \/>\nLe Levitra n&#8217;a pas \u00e9t\u00e9 \u00e9tudi\u00e9 chez les personnes souffrant de maladies cardiovasculaires, il est donc pr\u00e9f\u00e9rable d&#8217;\u00e9viter le Levitra chez les patients ayant fait un AVC ou une insuffisance cardiaque, ou ayant eu une crise cardiaque dans les ant\u00e9c\u00e9dents, surtout au cours des six derniers mois. Avant de prendre Levitra, informez votre m\u00e9decin si vous avez des probl\u00e8mes r\u00e9naux ou h\u00e9patiques, un trouble de la coagulation, un ulc\u00e8re d&#8217;estomac, ou un trouble r\u00e9tinien h\u00e9r\u00e9ditaire tel que la r\u00e9tinite pigmentaire, une r\u00e9action allergique \u00e0 ce m\u00e9dicament ou \u00e0 tout autre m\u00e9dicament, une d\u00e9formation du p\u00e9nis telle que l&#8217;angulation, une fibrose caverneuse (maladie de La Peyronie), ainsi que dans les maladies contribuant au d\u00e9veloppement du priapisme (an\u00e9mie falciforme, my\u00e9lome multiple, leuc\u00e9mie, ou leuc\u00e9mie).<\/p>\n<p>Contre-indications<br \/>\nLevitra est contre-indiqu\u00e9 chez les patients hypersensibles \u00e0 ses ingr\u00e9dients, chez ceux trait\u00e9s par des nitrates organiques, chez les patients de moins de 16 ans, ou chez ceux qui prennent des inhibiteurs de la prot\u00e9ase du VIH tels que l&#8217;indinavir et le ritonavir.<\/p>\n<p>Effet secondaire possible<br \/>\nLevitra est g\u00e9n\u00e9ralement bien tol\u00e9r\u00e9 et les effets secondaires, s&#8217;ils surviennent, sont transitoires. Les effets secondaires les plus fr\u00e9quents sont : maux de t\u00eate, rougeurs (hyper\u00e9mie du visage) ; fr\u00e9quents ; vertiges, ph\u00e9nom\u00e8ne diarrh\u00e9ique, naus\u00e9es, congestion nasale. Des effets ind\u00e9sirables plus rares et moins courants sont la photosensibilit\u00e9 de la peau, l&#8217;hypertension art\u00e9rielle, les douleurs dorsales, les yeux larmoyants, l&#8217;hypotension, les myalgies, le priapisme.<\/p>\n<p>Interaction m\u00e9dicamenteuse<br \/>\nLe m\u00e9tabolisme du Levitra est inhib\u00e9 par l&#8217;\u00e9rythromycine, le k\u00e9toconazole (Nizoral), l&#8217;itraconazole (Sporanox), l&#8217;indinavir (Crixivan) et le ritonavir (Norvir). Levitra r\u00e9duit la concentration de ritonavir et d&#8217;indinavir. Chez les patients trait\u00e9s par des nitrates, Levitra peut aggraver les douleurs thoraciques en augmentant le rythme cardiaque et en abaissant la pression art\u00e9rielle. Levitra est capable d&#8217;exag\u00e9rer les effets de r\u00e9duction de la pression art\u00e9rielle des m\u00e9dicaments alpha-bloquants (t\u00e9ratrosine ou Hytrin). Levitra ne doit jamais \u00eatre administr\u00e9 chez les patients trait\u00e9s par des nitrates organiques.<br \/>\nDose oubli\u00e9e<br \/>\nles m\u00e9dicaments d\u00e9crits sont utilis\u00e9s au besoin, vous ne serez donc probablement pas sur un sch\u00e9ma posologique.<\/p>\n<p>Surdosage<br \/>\nSi vous pensez avoir utilis\u00e9 trop de ce m\u00e9dicament, cherchez imm\u00e9diatement une aide m\u00e9dicale d&#8217;urgence. Les sympt\u00f4mes de surdosage comprennent g\u00e9n\u00e9ralement des douleurs thoraciques, des naus\u00e9es, des battements de coeur irr\u00e9guliers et des sensations de vertige ou d&#8217;\u00e9vanouissement.<\/p>\n<p>Stockage<br \/>\nConservez vos m\u00e9dicaments \u00e0 temp\u00e9rature ambiante entre 68 et 77 degr\u00e9s F (20 et 25 degr\u00e9s C) \u00e0 l&#8217;abri de la lumi\u00e8re et de l&#8217;humidit\u00e9. Ne conservez pas les m\u00e9dicaments dans la salle de bain. Gardez tous les m\u00e9dicaments hors de port\u00e9e des enfants et des animaux de compagnie.<\/p>\n<p>Clause de non-responsabilit\u00e9<br \/>\nNous ne fournissons que des informations g\u00e9n\u00e9rales sur les m\u00e9dicaments, qui ne couvrent pas toutes les directions, les int\u00e9grations m\u00e9dicamenteuses possibles, ou les pr\u00e9cautions. Les informations sur le site ne peuvent pas \u00eatre utilis\u00e9es pour l&#8217;auto-traitement et l&#8217;auto-diagnostic. Toutes les instructions sp\u00e9cifiques pour un patient particulier doivent \u00eatre convenues avec votre conseiller en soins de sant\u00e9 ou votre m\u00e9decin en charge du cas. Nous d\u00e9clinons la responsabilit\u00e9 de cette information et des erreurs qu&#8217;elle pourrait contenir. Nous ne sommes pas responsables des dommages directs, indirects, sp\u00e9ciaux ou autres dommages indirects r\u00e9sultant de l&#8217;utilisation de l&#8217;information sur ce site et \u00e9galement pour les cons\u00e9quences de l&#8217;auto-traitement.<\/p>\n","protected":false},"excerpt":{"rendered":"<p>10 comprim\u00e9s de Viagra (100 mg) G\u00e9n\u00e9rique + 10 comprim\u00e9s de Cialis (20 mg) G\u00e9n\u00e9rique + 10 comprim\u00e9s de Levitra (20 mg) G\u00e9n\u00e9rique. \u00c9conomisez<\/p>\n","protected":false},"featured_media":476,"comment_status":"open","ping_status":"closed","template":"","meta":[],"product_brand":[],"product_cat":[120],"product_tag":[],"class_list":{"0":"post-480","1":"product","2":"type-product","3":"status-publish","4":"has-post-thumbnail","6":"product_cat-dysfonction-erectile-fr","7":"pa_active_substance-sildenafil","8":"pa_active_substance-tadalafil","9":"pa_active_substance-vardenafil","11":"first","12":"instock","13":"shipping-taxable","14":"product-type-variable"},"jetpack_sharing_enabled":true,"_links":{"self":[{"href":"https:\/\/www.pharmacy-content.com\/index.php?rest_route=\/wp\/v2\/product\/480","targetHints":{"allow":["GET"]}}],"collection":[{"href":"https:\/\/www.pharmacy-content.com\/index.php?rest_route=\/wp\/v2\/product"}],"about":[{"href":"https:\/\/www.pharmacy-content.com\/index.php?rest_route=\/wp\/v2\/types\/product"}],"replies":[{"embeddable":true,"href":"https:\/\/www.pharmacy-content.com\/index.php?rest_route=%2Fwp%2Fv2%2Fcomments&post=480"}],"wp:featuredmedia":[{"embeddable":true,"href":"https:\/\/www.pharmacy-content.com\/index.php?rest_route=\/wp\/v2\/media\/476"}],"wp:attachment":[{"href":"https:\/\/www.pharmacy-content.com\/index.php?rest_route=%2Fwp%2Fv2%2Fmedia&parent=480"}],"wp:term":[{"taxonomy":"product_brand","embeddable":true,"href":"https:\/\/www.pharmacy-content.com\/index.php?rest_route=%2Fwp%2Fv2%2Fproduct_brand&post=480"},{"taxonomy":"product_cat","embeddable":true,"href":"https:\/\/www.pharmacy-content.com\/index.php?rest_route=%2Fwp%2Fv2%2Fproduct_cat&post=480"},{"taxonomy":"product_tag","embeddable":true,"href":"https:\/\/www.pharmacy-content.com\/index.php?rest_route=%2Fwp%2Fv2%2Fproduct_tag&post=480"}],"curies":[{"name":"wp","href":"https:\/\/api.w.org\/{rel}","templated":true}]}}