{"id":478,"date":"2026-04-22T06:39:47","date_gmt":"2026-04-22T06:39:47","guid":{"rendered":""},"modified":"2026-04-22T06:39:52","modified_gmt":"2026-04-22T06:39:52","slug":"ed-power-trio-2","status":"publish","type":"product","link":"https:\/\/www.pharmacy-content.com\/?product=ed-power-trio-2&lang=de","title":{"rendered":"ED Power Trio"},"content":{"rendered":"<p>Gemeinsame Verwendung<br \/>\nDer Hauptbestandteil von ED Power Trio ist Sildenafilcitrat.<br \/>\nSildenafilcitrat beeinflusst die Reaktion auf sexuelle Stimulation. Es wirkt, indem es die Entspannung der glatten Muskulatur durch Stickstoffmonoxid verst\u00e4rkt, eine Chemikalie, die normalerweise als Reaktion auf sexuelle Stimulation freigesetzt wird. Diese Entspannung der glatten Muskulatur erm\u00f6glicht einen erh\u00f6hten Blutfluss in bestimmte Bereiche des Penis, was zu einer Erektion f\u00fchrt. Sildenafilcitrat wird zur Behandlung von erektiler Dysfunktion (Impotenz) bei M\u00e4nnern und pulmonaler arterieller Hypertonie angewendet. Sildenafilcitrat kann auch f\u00fcr andere Zwecke verwendet werden, die hier nicht aufgef\u00fchrt sind.<br \/>\nDosierung und Anleitung<br \/>\nNormalerweise betr\u00e4gt die empfohlene Dosis von ED Power Trio 50 mg. Es wird etwa 0,5-1 Stunde vor dem Geschlechtsverkehr eingenommen. Nehmen Sie ED Power Trio nicht \u00f6fter als einmal t\u00e4glich ein. Eine fettreiche Mahlzeit kann die Wirkung dieses Arzneimittels verz\u00f6gern. Versuchen Sie w\u00e4hrend der Behandlung mit Sildenafilcitrat nicht, Grapefruit zu essen oder Grapefruitsaft zu trinken.<br \/>\nVorsichtsma\u00dfnahmen<br \/>\nBevor Sie mit der Einnahme von Sildenafilcitrat beginnen, informieren Sie Ihren Arzt oder Apotheker, wenn Sie allergisch dagegen sind oder andere Allergien haben. \u00c4ltere Menschen k\u00f6nnen empfindlicher auf die Nebenwirkungen des Arzneimittels reagieren.<\/p>\n<p>Kontraindikationen<br \/>\nED Power Trio ist kontraindiziert bei Patienten, die ein anderes Medikament zur Behandlung von Impotenz einnehmen oder ein Nitratmedikament gegen Brustschmerzen oder Herzprobleme verwenden. Dieses Medikament sollte nicht von Frauen und Kindern eingenommen werden, sowie von Patienten mit bekannter \u00dcberempfindlichkeit gegen\u00fcber einem Bestandteil der Tablette.<\/p>\n<p>M\u00f6gliche Nebenwirkungen<br \/>\nDie h\u00e4ufigsten Nebenwirkungen sind Kopfschmerzen, R\u00f6tung, Sodbrennen, Magenverstimmung, verstopfte Nase, Schwindel, Benommenheit oder Durchfall. Eine schwerwiegende allergische Reaktion auf dieses Medikament ist sehr selten, suchen Sie jedoch sofort medizinische Hilfe auf, wenn sie auftritt. Viele Menschen, die dieses Medikament einnehmen, haben keine ernsthaften Nebenwirkungen. Wenn Sie Nebenwirkungen bemerken, die hier nicht aufgef\u00fchrt sind, kontaktieren Sie Ihren Arzt oder Apotheker.<\/p>\n<p>Wechselwirkung mit anderen Medikamenten<br \/>\nDieses Medikament sollte nicht mit Nitraten und Freizeitdrogen namens Poppers kombiniert werden, die Amyl- oder Butylnitrit enthalten; Alpha-Blocker-Medikamente; andere Medikamente gegen Impotenz; Blutdruckmedikamente usw. Konsultieren Sie Ihren Arzt oder Apotheker f\u00fcr weitere Details.<br \/>\nCialis Generic enth\u00e4lt Tadalafil .<br \/>\nEs ist ein wirksamer, reversibler, selektiver Hemmer der Phosphodiesterase vom Typ 5 (PDE 5), der spezifisch f\u00fcr cyclisches Guanosinmonophosphat (cGMP) ist. Wenn sexuelle Stimulation eine lokale Freisetzung von Stickstoffmonoxid verursacht, f\u00fchrt die Hemmung von PDE 5 durch Cialis zu einem Anstieg der cGMP-Spiegel im Schwellk\u00f6rper des Penis. Dies f\u00fchrt zur Entspannung der glatten Muskulatur der Arterien und zum Blutfluss in die Gewebe des Penis, was Erektionen verursacht. Cialis hat keine Wirkung, wenn keine sexuelle Stimulation vorliegt. Cialis verbessert die Erektion und erm\u00f6glicht einen erfolgreichen Geschlechtsverkehr. Das Medikament wirkt w\u00e4hrend 36 Stunden. Wenn sexuelle Erregung vorliegt, tritt der Effekt auch nach 16 Minuten nach Einnahme des Medikaments auf.<br \/>\nDosierung und Anleitung<br \/>\nDie empfohlene Dosis von Cialis betr\u00e4gt 20 mg und sollte mindestens 16 Minuten vor dem Geschlechtsverkehr eingenommen werden. Die Wirkung h\u00e4lt w\u00e4hrend 36 Stunden an. Nehmen Sie Cialis einmal t\u00e4glich ein und \u00fcberschreiten Sie nicht die empfohlene Dosis<br \/>\nVorsichtsma\u00dfnahmen<br \/>\nEs ist besser, Cialis nicht mit Grapefruitsaft, alkoholischen Getr\u00e4nken, Tabak zu verwenden. Wenn Sie Tabak rauchen und gleichzeitig Cialis einnehmen, kann dies zu einem Zustand f\u00fchren, der als NAION (pl\u00f6tzlicher mit dem Sehnerv verbundener Sehverlust) bezeichnet wird. Informieren Sie Ihren Arzt vor der Einnahme von Cialis, wenn Sie einen abnormen Penis haben, einschlie\u00dflich gebogenem Penis und angeborenen Fehlbildungen des Penis, koronare Herzkrankheit, Arrhythmie, Angina pectoris, Herzinfarkt oder Herzinsuffizienz, Hypo- oder Hypertonie, Blutungen, Magengeschw\u00fcre, Diabetes, Hyperlipid\u00e4mie (\u00dcberschuss an Lipiden im Blut), Sichelzellenan\u00e4mie, Leber- oder Nierenversagen in der Vorgeschichte.<\/p>\n<p>Kontraindikationen<br \/>\nCialis ist kontraindiziert bei Patienten, die regelm\u00e4\u00dfig und\/oder intermittierend eine organische Nitratform verwenden, da es den hypotonen Effekt von Nitraten verst\u00e4rken kann.<\/p>\n<p>M\u00f6gliche Nebenwirkungen<br \/>\nDie h\u00e4ufigsten Nebenwirkungen von Cialis sind Gesichtsr\u00f6tungen (R\u00f6tung), Kopfschmerzen, Magenverstimmung, Durchfall, grippe\u00e4hnliche Symptome und \u00dcbelkeit. In selteneren F\u00e4llen k\u00f6nnen niedriger Blutdruck, verschwommenes Sehen und Ver\u00e4nderungen der Farbwahrnehmung sowie abnorme Ejakulation auftreten. Prolongierte Erektionen oder Priapismus (schmerzhafte Erektionen von mehr als 6 Stunden Dauer) sind ebenfalls m\u00f6glich. Wenn Ihre Erektion l\u00e4nger als 4 Stunden dauert, suchen Sie sofort medizinische Hilfe auf, da dies Ihren Penis dauerhaft sch\u00e4digen kann. Eine Verschlechterung von Herzproblemen bei Patienten mit bestehender Herzkrankheit unter Verwendung von Cialis wurde berichtet.<\/p>\n<p>Wechselwirkung mit anderen Medikamenten<br \/>\nDie Kombination mit Medikamenten, die organische Nitrate enthalten, kann in einigen F\u00e4llen zu schwerwiegendem Bluthochdruck f\u00fchren, der gef\u00e4hrlich ist. Vermeiden Sie die Einnahme von Calis mit Medikamenten wie Erythrityltetranitrat, Isosorbidmononitrat, Isosorbidmononitrat, Nitroglycerin, Pentaerythrityltetranitrat. Die Wirkung und Toxizit\u00e4t von Cialis werden durch Erythromycin, Ketoconazol (Nizoral), Itraconazol (Sporanox), Indinavir (Crixivan) und Ritonavir (Norvir) erh\u00f6ht. Informieren Sie Ihren Arzt, wenn Sie Atazanavir, Bunazosin, Clarithromycin, Doxazosin, Erythromycin, Indinavir, Itraconazol, Ketoconazol, Moxisylyt, Nefazodon, Nelfinavir, Phenoxybenzamin, Phentolamin, Prazosin, Saquinavir, Telithromycin, Terazosin, Trimazosin, Urapidil einnehmen, da Ihre Cialis-Dosis m\u00f6glicherweise korrigiert werden muss.e.<\/p>\n<p>Levitra mit dem Wirkstoff Vardenafil ist ein oral einzunehmendes Medikament zur Behandlung von erektiler Dysfunktion.<br \/>\nSexuelle Stimulation f\u00fchrt zur Produktion und Freisetzung von Stickstoffmonoxid aus den Nervenenden der Schwellk\u00f6rper des Penis, wodurch das Enzym Guanylatcyclase aktiviert wird. Guanylatcyclase ist wiederum verantwortlich f\u00fcr die Produktion von zyklischem Guanosinmonophosphat (cGMP). Das cGMP f\u00fchrt zur Erweiterung und Entspannung der Blutgef\u00e4\u00dfe, die Blut zum Penis transportieren. Levitra verhindert, dass das Enzym Phosphodiesterase-5 cGMP zerst\u00f6rt, und unterst\u00fctzt so den Blutfluss zum Penis.<br \/>\nDosierung und Anleitung<br \/>\nDie empfohlene Dosis von Levitra betr\u00e4gt 10 mg pro Tag, eine Stunde vor dem Geschlechtsverkehr eingenommen. Wenn keine Nebenwirkungen auftreten, kann die Dosierung auf 20 mg erh\u00f6ht werden. Bei Nebenwirkungen wird die Dosis auf 5 mg t\u00e4glich reduziert. Nehmen Sie nicht mehr als eine Tablette Levitra pro Tag ein.<br \/>\nVorsichtsma\u00dfnahmen<br \/>\nLevitra wurde bei Menschen mit Herz-Kreislauf-Erkrankungen nicht untersucht, daher ist es ratsam, Levitra zu vermeiden, wenn bei Patienten ein Schlaganfall oder Herzinsuffizienz, oder ein Herzinfarkt in der Vorgeschichte und insbesondere innerhalb der letzten sechs Monate vorliegt. Informieren Sie Ihren Arzt vor der Einnahme von Levitra, wenn Sie Nieren- oder Leberprobleme, eine Blutungsst\u00f6rung, ein Magengeschw\u00fcr oder eine erbliche Netzhauterkrankung wie Retinitis pigmentosa haben, allergisch auf dieses Medikament oder andere Medikamente reagieren, eine Deformation des Penis wie eine Verkr\u00fcmmung, kavern\u00f6se Fibrose (Peyronie-Krankheit), sowie bei Erkrankungen, die zur Entwicklung von Priapismus beitragen (Sichelzellenan\u00e4mie, Multiples Myelom, Leuk\u00e4mie oder Leuk\u00e4mie).<\/p>\n<p>Kontraindikationen<br \/>\nLevitra ist kontraindiziert bei Patienten mit \u00dcberempfindlichkeit gegen\u00fcber seinen Bestandteilen, bei Personen, die mit organischen Nitraten behandelt werden, bei Patienten unter 16 Jahren oder solchen, die HIV-Protease-Inhibitoren wie Indinavir und Ritonavir einnehmen.<\/p>\n<p>M\u00f6gliche Nebenwirkungen<br \/>\nLevitra wird in der Regel gut vertragen, und wenn Nebenwirkungen auftreten, sind sie vor\u00fcbergehend. Die h\u00e4ufigsten Nebenwirkungen sind: Kopfschmerzen, R\u00f6tung (Hyper\u00e4mie der Person); h\u00e4ufig; Schwindel, Durchfall, \u00dcbelkeit, verstopfte Nase. Seltenere und ungew\u00f6hnlichere Nebenwirkungen sind Lichtempfindlichkeit der Haut, Hypertonie, R\u00fcckenschmerzen, tr\u00e4nende Augen, Hypotonie, Myalgie, Priapismus.<\/p>\n<p>Wechselwirkung mit anderen Medikamenten<br \/>\nDer Metabolismus von Levitra wird durch Erythromycin, Ketoconazol (Nizoral), Itraconazol (Sporanox), Indinavir (Crixivan) und Ritonavir (Norvir) gehemmt. Levitra reduziert die Konzentration von Ritonavir und Indinavir. Bei Patienten, die mit Nitraten behandelt werden, kann Levitra Brustschmerzen verschlimmern, indem es die Herzfrequenz erh\u00f6ht und den Blutdruck senkt. Levitra kann die blutdrucksenkenden Wirkungen von alpha-Blocker-Medikamenten (Terazosin oder Hytrin) \u00fcbertreiben. Levitra sollte niemals bei Patienten angewendet werden, die mit organischen Nitraten behandelt werden.<br \/>\nVerpasste Dosis<br \/>\nDie beschriebenen Arzneimittel werden bei Bedarf angewendet, sodass Sie wahrscheinlich keinen festen Dosierungsplan haben.<\/p>\n<p>\u00dcberdosis<br \/>\nWenn Sie glauben, dass Sie zu viel von diesem Medikament eingenommen haben, suchen Sie sofort \u00e4rztliche Hilfe auf. Die Symptome einer \u00dcberdosierung umfassen normalerweise Brustschmerzen, \u00dcbelkeit, unregelm\u00e4\u00dfigen Herzschlag und ein Gef\u00fchl von Benommenheit oder Ohnmacht.<\/p>\n<p>Lagerung<br \/>\nBewahren Sie Ihre Medikamente bei Raumtemperatur zwischen 68 und 77 Grad F (20-25 Grad C) vor Licht und Feuchtigkeit gesch\u00fctzt auf. Lagern Sie die Medikamente nicht im Badezimmer. Halten Sie alle Medikamente von Kindern und Haustieren fern.<\/p>\n<p>Haftungsausschluss<br \/>\nWir bieten nur allgemeine Informationen \u00fcber Medikamente, die nicht alle Richtungen, m\u00f6gliche Arzneimittelwechselwirkungen oder Vorsichtsma\u00dfnahmen abdecken. Die Informationen auf der Website k\u00f6nnen nicht zur Selbstbehandlung und Selbstdiagnose verwendet werden. Alle spezifischen Anweisungen f\u00fcr einen bestimmten Patienten sollten mit Ihrem Gesundheitsberater oder Arzt vereinbart werden, der Ihren Fall betreut. Wir lehnen die Zuverl\u00e4ssigkeit dieser Informationen und eventuelle Fehler darin ab. Wir sind nicht verantwortlich f\u00fcr direkte, indirekte, spezielle oder andere indirekte Sch\u00e4den, die aus der Verwendung der Informationen auf dieser Website und auch aus Folgen einer Selbstbehandlung resultieren.<\/p>\n","protected":false},"excerpt":{"rendered":"<p>10 Viagra-Tabletten (100 mg) Generisch + 10 Cialis-Tabletten (20 mg) Generisch + 10 Levitra-Tabletten (20 mg) Generisch. Speichern<\/p>\n","protected":false},"featured_media":476,"comment_status":"open","ping_status":"closed","template":"","meta":[],"product_brand":[],"product_cat":[117],"product_tag":[],"class_list":{"0":"post-478","1":"product","2":"type-product","3":"status-publish","4":"has-post-thumbnail","6":"product_cat-erektile-dysfunktion-de","7":"pa_active_substance-sildenafil","8":"pa_active_substance-tadalafil","9":"pa_active_substance-vardenafil","11":"first","12":"instock","13":"shipping-taxable","14":"product-type-variable"},"jetpack_sharing_enabled":true,"_links":{"self":[{"href":"https:\/\/www.pharmacy-content.com\/index.php?rest_route=\/wp\/v2\/product\/478","targetHints":{"allow":["GET"]}}],"collection":[{"href":"https:\/\/www.pharmacy-content.com\/index.php?rest_route=\/wp\/v2\/product"}],"about":[{"href":"https:\/\/www.pharmacy-content.com\/index.php?rest_route=\/wp\/v2\/types\/product"}],"replies":[{"embeddable":true,"href":"https:\/\/www.pharmacy-content.com\/index.php?rest_route=%2Fwp%2Fv2%2Fcomments&post=478"}],"wp:featuredmedia":[{"embeddable":true,"href":"https:\/\/www.pharmacy-content.com\/index.php?rest_route=\/wp\/v2\/media\/476"}],"wp:attachment":[{"href":"https:\/\/www.pharmacy-content.com\/index.php?rest_route=%2Fwp%2Fv2%2Fmedia&parent=478"}],"wp:term":[{"taxonomy":"product_brand","embeddable":true,"href":"https:\/\/www.pharmacy-content.com\/index.php?rest_route=%2Fwp%2Fv2%2Fproduct_brand&post=478"},{"taxonomy":"product_cat","embeddable":true,"href":"https:\/\/www.pharmacy-content.com\/index.php?rest_route=%2Fwp%2Fv2%2Fproduct_cat&post=478"},{"taxonomy":"product_tag","embeddable":true,"href":"https:\/\/www.pharmacy-content.com\/index.php?rest_route=%2Fwp%2Fv2%2Fproduct_tag&post=478"}],"curies":[{"name":"wp","href":"https:\/\/api.w.org\/{rel}","templated":true}]}}