{"id":4735,"date":"2026-04-22T06:54:57","date_gmt":"2026-04-22T06:54:57","guid":{"rendered":""},"modified":"2026-04-22T06:55:08","modified_gmt":"2026-04-22T06:55:08","slug":"viagra-soft-3","status":"publish","type":"product","link":"https:\/\/www.pharmacy-content.com\/?product=viagra-soft-3&lang=fr","title":{"rendered":"Viagra Soft"},"content":{"rendered":"<p>Quel est ce m\u00e9dicament?<\/p>\n<p>Sild\u00e9nafil en comprim\u00e9s \u00e0 m\u00e2cher est \u00e9quivalent au Citrate de Sild\u00e9nafil r\u00e9gulier. Ce m\u00e9dicament est utilis\u00e9 pour traiter les probl\u00e8mes \u00e9rectiles chez les hommes. Les comprim\u00e9s sont absorb\u00e9s directement dans la circulation sanguine. Par cons\u00e9quent, ils n\u00e9cessitent un dosage beaucoup plus faible pour obtenir les m\u00eames r\u00e9sultats.<\/p>\n<p>Comment devrais-je prendre ce m\u00e9dicament?<\/p>\n<p>Le Citrate de Sild\u00e9nafil en comprim\u00e9s \u00e0 m\u00e2cher entre dans la circulation sanguine environ 15 \u00e0 20 minutes apr\u00e8s l&#8217;ingestion. La dose est g\u00e9n\u00e9ralement prise de 30 \u00e0 45 minutes avant l&#8217;activit\u00e9 sexuelle. Pour certains hommes, un demi comprim\u00e9 est ad\u00e9quat pour obtenir les r\u00e9sultats d\u00e9sir\u00e9s.<\/p>\n<p>Vous ne devriez pas prendre plus d\u2019une dose par jour.<\/p>\n<p>Surdosage: Si vous croyez avoir pris une dose excessive de ce m\u00e9dicament, contactez un centre anti-poison ou une urgence d\u2019h\u00f4pital le plus t\u00f4t possible.<\/p>\n<p>NOTE: Ce m\u00e9dicament est uniquement pour vous, ne le partagez pas avec autrui.<\/p>\n<p>Que devrais-je mentionner \u00e0 mon professionnel de la sant\u00e9 avant de prendre ce m\u00e9dicament?<\/p>\n<p>Il doit savoir si vous avez l\u2019une des conditions suivantes:<br \/>\nprobl\u00e8mes de vision ou des yeux, incluant la malade h\u00e9r\u00e9ditaire rare appel\u00e9e retinitis pigmentosa (r\u00e9tinite pigmentaire)<br \/>\nmaladie du coeur, angine, haute ou basse pression sanguine, des ant\u00e9c\u00e9dants d\u2019attaque cardiaque ou autres probl\u00e8mes cardiaques<br \/>\nmaladie des reins<br \/>\nmaladie du foie<br \/>\naccident vasculaire c\u00e9r\u00e9bral<br \/>\nune r\u00e9action inhabituelle ou allergique au sild\u00e9nafil, \u00e0 d\u2019autres m\u00e9dicaments, aliments, colorants ou pr\u00e9servatifs<br \/>\nsi vous \u00eates enceinte ou que vous essayez de tomber enceinte<br \/>\nsi vous allaitez<\/p>\n<p>Qu\u2019est-ce qui peut interagir avec ce m\u00e9dicament?<\/p>\n<p>Ne prenez pas ce m\u00e9dicament avec l\u2019un ou plusieurs des \u00e9l\u00e9ments suivants:<br \/>\ncisapride<br \/>\nnitrate de methscopolamine<br \/>\nnitrates tels que amyl nitrite, isosorbide dinitrate, isosorbide mononitrate, nitroglyc\u00e9rine<br \/>\nnitroprusside<br \/>\nautres produits de sild\u00e9nafil (Revatio, Sildigra, Eriacta, etc.)<\/p>\n<p>Ce m\u00e9dicament peut \u00e9galement interagir avec les \u00e9l\u00e9ments suivants:<br \/>\ncertains m\u00e9dicaments pour la haute pression sanguine<br \/>\ncertains m\u00e9dicaments pour le traitement d\u2019une infection au VIH ou le SIDA<br \/>\ncertains m\u00e9dicaments pour le traitement d\u2019une infection \u00e0 champignon ou \u00e0 levure, tels que le fluconazole, itraconazole, k\u00e9toconazole et voriconazole<br \/>\ncim\u00e9tidine<br \/>\n\u00e9rythromycine<br \/>\nrifampine<\/p>\n<p>Cette liste n\u2019est pas exhaustive. Fournissez \u00e0 vos professionnels de la sant\u00e9 une liste de tous les m\u00e9dicaments, herbes, m\u00e9dicaments sans prescription et suppl\u00e9ments alimentaires que vous utilisez. Mentionnez-leur \u00e9galement si vous fumez, buvez de l\u2019alcool ou utilisez des drogues ill\u00e9gales. Certains de ces \u00e9l\u00e9ments peuvent interagir avec vos m\u00e9dicaments.<\/p>\n<p>\u00c0 quels \u00e9l\u00e9ments devrais-je \u00eatre vigilant pendant la prise de ce m\u00e9dicament?<\/p>\n<p>Si vous remarquez un quelconque changement dans votre vision pendant la prise de ce m\u00e9dicament, appelez votre m\u00e9decin ou professionnel de la sant\u00e9 imm\u00e9diatement.<\/p>\n<p>Appelez votre m\u00e9decin ou professionnel de la sant\u00e9 imm\u00e9diatement si votre \u00e9rection dure plus de 4 heures ou si elle devient douloureuse. Cela pourrait \u00eatre signe d\u2019un probl\u00e8me s\u00e9rieux et cela se doit d\u2019\u00eatre trait\u00e9 imm\u00e9diatement pour pr\u00e9venir des dommages permanents.<\/p>\n<p>Si vous ressentez des sympt\u00f4mes de naus\u00e9e, d\u2019\u00e9tourdissements, de douleurs \u00e0 la poitrine ou au bras lors du commencement de la relation sexuelle apr\u00e8s avoir pris ce m\u00e9dicament, vous devriez cesser l\u2019activit\u00e9 sexuelle et appelez votre m\u00e9decin ou professionnel de la sant\u00e9 le plus t\u00f4t possible.<\/p>\n<p>L\u2019utilisation de ce m\u00e9dicament ne vous prot\u00e8ge ni vous, ni votre partenaire d\u2019une infection au VIH (le virus qui cause le SIDA) ou d\u2019autres maladies transmises sexuellement.<\/p>\n<p>Quels sont les effets secondaires que je pourrais observer lors de l\u2019utilisation de ce m\u00e9dicament?<\/p>\n<p>Voici les effets secondaires que vous devriez mentionner \u00e0 votre m\u00e9decin ou professionnel de la sant\u00e9 le plus t\u00f4t possible:<br \/>\nr\u00e9actions allergiques telles qu\u2019une irritation de la peau, des d\u00e9mangeaisons de la peau, de l\u2019urticaire, de l\u2019enflure au visage, aux l\u00e8vres ou \u00e0 la langue<br \/>\nprobl\u00e8mes respiratoires<br \/>\nchangements dans l\u2019ou\u00efe<br \/>\nchangements dans la vision, vision floue, difficult\u00e9 \u00e0 discerner la couleur bleue de la couleur verte<br \/>\ndouleur \u00e0 la poitrine<br \/>\npouls rapide, irr\u00e9gulier<br \/>\nhommes: \u00e9rection prolong\u00e9e ou douloureuse (qui dure pendant plus de 4 heures)<br \/>\nconvulsions<\/p>\n<p>Voici les effets secondaires qui ne n\u00e9cessitent habituellement pas d\u2019attention m\u00e9dicale (informez-en votre m\u00e9decin ou professionnel de la sant\u00e9 si les sympt\u00f4mes persistent ou sont d\u00e9sagr\u00e9ables):<br \/>\ndiarrh\u00e9e<br \/>\nrougissement<br \/>\nmaux de t\u00eate<br \/>\nindigestion<br \/>\ncongestion ou \u00e9coulement nasal<\/p>\n<p>Cette liste n\u2019est pas exhaustive.<\/p>\n<p>O\u00f9 puis-je conserver ce m\u00e9dicament?<\/p>\n<p>Garder hors de la port\u00e9e des enfants.<\/p>\n<p>Entreposer \u00e0 la temp\u00e9rature ambiante entre 15 et 30 degr\u00e9s Celsius (59 et 86 degr\u00e9s Fahrenheit). Jeter toutes doses non utilis\u00e9es apr\u00e8s la date d\u2019expiration.<\/p>\n","protected":false},"excerpt":{"rendered":"<p>Viagra Soft est un comprim\u00e9 \u00e0 croquer. Absorb\u00e9 plus rapidement via la circulation sanguine, il agit plus rapidement. Il est indiqu\u00e9 dans le traitement des probl\u00e8mes d&#8217;\u00e9rection. Il faut environ une demi-heure pour qu\u2019il fasse effet. L&#8217;effet dure ensuite pendant environ quatre heures.<\/p>\n","protected":false},"featured_media":4723,"comment_status":"open","ping_status":"closed","template":"","meta":[],"product_brand":[],"product_cat":[120],"product_tag":[],"class_list":{"0":"post-4735","1":"product","2":"type-product","3":"status-publish","4":"has-post-thumbnail","6":"product_cat-dysfonction-erectile-fr","7":"pa_active_substance-sildenafil","9":"first","10":"instock","11":"shipping-taxable","12":"product-type-simple"},"jetpack_sharing_enabled":true,"_links":{"self":[{"href":"https:\/\/www.pharmacy-content.com\/index.php?rest_route=\/wp\/v2\/product\/4735","targetHints":{"allow":["GET"]}}],"collection":[{"href":"https:\/\/www.pharmacy-content.com\/index.php?rest_route=\/wp\/v2\/product"}],"about":[{"href":"https:\/\/www.pharmacy-content.com\/index.php?rest_route=\/wp\/v2\/types\/product"}],"replies":[{"embeddable":true,"href":"https:\/\/www.pharmacy-content.com\/index.php?rest_route=%2Fwp%2Fv2%2Fcomments&post=4735"}],"wp:featuredmedia":[{"embeddable":true,"href":"https:\/\/www.pharmacy-content.com\/index.php?rest_route=\/wp\/v2\/media\/4723"}],"wp:attachment":[{"href":"https:\/\/www.pharmacy-content.com\/index.php?rest_route=%2Fwp%2Fv2%2Fmedia&parent=4735"}],"wp:term":[{"taxonomy":"product_brand","embeddable":true,"href":"https:\/\/www.pharmacy-content.com\/index.php?rest_route=%2Fwp%2Fv2%2Fproduct_brand&post=4735"},{"taxonomy":"product_cat","embeddable":true,"href":"https:\/\/www.pharmacy-content.com\/index.php?rest_route=%2Fwp%2Fv2%2Fproduct_cat&post=4735"},{"taxonomy":"product_tag","embeddable":true,"href":"https:\/\/www.pharmacy-content.com\/index.php?rest_route=%2Fwp%2Fv2%2Fproduct_tag&post=4735"}],"curies":[{"name":"wp","href":"https:\/\/api.w.org\/{rel}","templated":true}]}}