{"id":4704,"date":"2026-04-22T06:54:44","date_gmt":"2026-04-22T06:54:44","guid":{"rendered":""},"modified":"2026-04-22T06:54:48","modified_gmt":"2026-04-22T06:54:48","slug":"valif-oral-jelly-8","status":"publish","type":"product","link":"https:\/\/www.pharmacy-content.com\/sv\/product\/valif-oral-jelly-8\/","title":{"rendered":"Valif Oral Jelly"},"content":{"rendered":"<p>Vanligt bruk<\/p>\n<p>Detta \u00e4r ett kraftfullt l\u00e4kemedel f\u00f6r att behandla erektil dysfunktion. Det fungerar bara om det finns sexuell stimulans. Sexuell upphetsning frig\u00f6r kv\u00e4veoxid fr\u00e5n nerv\u00e4ndarna i penisens kavern\u00f6sa kroppar och aktiverar enzymet guanylatcyklas. Guanylatcyklas \u00e4r i sin tur ansvarig f\u00f6r produktionen av cykliskt guanosinmonofosfat (cGMP). P\u00e5 grund av cGMP vidgas blodk\u00e4rlen som f\u00f6rser penis med blod och slappnar av. Valif f\u00f6rhindrar fosfodiesteras-5 enzym fr\u00e5n att f\u00f6rst\u00f6ra cGMP och hj\u00e4lper p\u00e5 s\u00e5 s\u00e4tt att st\u00f6dja blodfl\u00f6det till penis.<\/p>\n<p>Dosering och riktning<\/p>\n<p>Den rekommenderade dosen av Valif Oral Jelly inneh\u00e5ller 20 mg Vardenafil, det \u00e4r finns i en p\u00e5se. Ta det en timme f\u00f6re samlag. Vid biverkningar rekommenderas att minska dosen till 5 mg dagligen. \u00d6verskrid inte den rekommenderade dosen. F\u00f6lj strikt alla rekommendationer fr\u00e5n din l\u00e4kare och ta aldrig l\u00e4kemedlet om det inte har ordinerats till dig.<\/p>\n<p>F\u00f6rsiktighets\u00e5tg\u00e4rder<\/p>\n<p>Valif Oral Jelly rekommenderas inte till patienter som har en stroke eller hj\u00e4rtsvikt, eller ett hj\u00e4rta attack i historien och s\u00e4rskilt under de senaste sex m\u00e5naderna. Innan du anv\u00e4nder Valif, informera din l\u00e4kare om du har allvarligt nedsatt njurfunktion, en bl\u00f6dningsrubbning, mags\u00e5r eller en \u00e4rftlig retinal st\u00f6rning s\u00e5som retinitis pigmentosa, allergisk reaktion mot detta l\u00e4kemedel eller andra l\u00e4kemedel, deformation av penis s\u00e5som vinkling, kavern\u00f6s fibros (Peyronies sjukdom), s\u00e5v\u00e4l som vid sjukdomar som bidrar till utvecklingen av priapism (sicklecellanemi, multipelt myelom, leukemi eller leukemi).<\/p>\n<p>Kontraindikationer<\/p>\n<p>Valif Oral Jelly kan inte f\u00f6rskrivas i patienter som \u00e4r \u00f6verk\u00e4nsliga mot dess ingredienser, s\u00e5dana som behandlats med organiska nitrater. Anv\u00e4ndning hos personer som inte har fyllt 16 \u00e5r. \u00e4r kontraindicerat. Samtidig anv\u00e4ndning av HIV-proteash\u00e4mmare som indinavir och ritonavir med Valif Oral Jelly \u00e4r f\u00f6rbjuden.<\/p>\n<p>M\u00f6jliga biverkningar<\/p>\n<p>Behandling med Valif Oral Jelly leder vanligtvis inte till allvarliga biverkningar och om n\u00e5gra \u00e4r de oftast \u00f6verg\u00e5ende. De vanligaste biverkningarna \u00e4r: huvudv\u00e4rk, rodnad (hyperemi hos personen), yrsel, diarr\u00e9, illam\u00e5ende, t\u00e4ppt n\u00e4sa. Mer s\u00e4llsynta och ovanliga biverkningar \u00e4r ljusk\u00e4nslighet i huden, h\u00f6gt blodtryck, ryggsm\u00e4rta, rinnande \u00f6gon, hypotoni, myalgi, priapism.<\/p>\n<p>L\u00e4kemedelsinteraktion<\/p>\n<p>Metabolism av Valif Oral Jelly h\u00e4mmas av erytromycin, ketokonazol (Nizoral) ), itrakonazol (Sporanox), indinavir (Crixivan) och ritonavir (Norvir). Valif minskar ocks\u00e5 blodkoncentrationen av ritonavir och indinavir. Br\u00f6stsm\u00e4rtor kan bli mer akuta hos patienter som behandlas med nitrater eftersom medicinen \u00f6kar hj\u00e4rtfrekvensen och s\u00e4nker blodtrycket. Valif kan \u00f6verdriva de blodtryckss\u00e4nkande effekterna av alfa-blockerande l\u00e4kemedel (terazosin eller Hytrin). Valif ska aldrig ges till patienter som behandlas med organiska nitrater.<\/p>\n<p>Missad dos<\/p>\n<p>Valif Oral Jelly tas vid behov men inte oftare \u00e4n en g\u00e5ng dagligen, s\u00e5 en missad dos \u00e4r inte t\u00e4nkt.<\/p>\n<p>\u00d6verdosering<\/p>\n<p>Symtom p\u00e5 \u00f6verdosering inkluderar sm\u00e4rta i rygg, k\u00e4ke, arm, br\u00f6st, blindhet, suddig eller nedsatt syn eller obehag.<\/p>\n<p>F\u00f6rvaring<\/p>\n<p>F\u00f6rvaras i rumstemperatur utanf\u00f6r r\u00e4ckvidd f\u00f6r barn och husdjur, borta fr\u00e5n fukt och solljus.<\/p>\n<p>Ansvarsfriskrivning<\/p>\n<p>Vi tillhandah\u00e5ller endast allm\u00e4n information om mediciner som inte t\u00e4cker alla riktningar, m\u00f6jliga l\u00e4kemedelsintegrationer eller f\u00f6rsiktighets\u00e5tg\u00e4rder. Information p\u00e5 webbplatsen kan inte anv\u00e4ndas f\u00f6r sj\u00e4lvbehandling och sj\u00e4lvdiagnos. Eventuella specifika instruktioner f\u00f6r en viss patient b\u00f6r \u00f6verenskommas med din h\u00e4lsor\u00e5dgivare eller l\u00e4kare som \u00e4r ansvarig f\u00f6r \u00e4rendet. Vi fr\u00e5ns\u00e4ger oss tillf\u00f6rlitligheten av denna information och misstag den kan inneh\u00e5lla. Vi ansvarar inte f\u00f6r n\u00e5gra direkta, indirekta, speciella eller andra indirekta skador till f\u00f6ljd av n\u00e5gon anv\u00e4ndning av informationen p\u00e5 denna webbplats och \u00e4ven f\u00f6r konsekvenser av egenbehandling.<\/p>\n","protected":false},"excerpt":{"rendered":"<p>Valif oral jelly Generic anv\u00e4nds f\u00f6r att behandla erektil dysfunktion hos m\u00e4n. Det \u00f6kar blodfl\u00f6det till penis f\u00f6r att hj\u00e4lpa m\u00e4n att f\u00e5 erektion. Det fungerar genom att hj\u00e4lpa till att slappna av blodk\u00e4rlen i din penis, vilket g\u00f6r att blod kan fl\u00f6da in i din penis n\u00e4r du blir sexuellt upphetsad.<\/p>\n","protected":false},"featured_media":4662,"comment_status":"open","ping_status":"closed","template":"","meta":[],"product_brand":[],"product_cat":[135],"product_tag":[],"class_list":{"0":"post-4704","1":"product","2":"type-product","3":"status-publish","4":"has-post-thumbnail","6":"product_cat-erektil-dysfunktion-sv","7":"pa_active_substance-vardenafil","9":"first","10":"instock","11":"shipping-taxable","12":"product-type-variable"},"jetpack_sharing_enabled":true,"_links":{"self":[{"href":"https:\/\/www.pharmacy-content.com\/wp-json\/wp\/v2\/product\/4704","targetHints":{"allow":["GET"]}}],"collection":[{"href":"https:\/\/www.pharmacy-content.com\/wp-json\/wp\/v2\/product"}],"about":[{"href":"https:\/\/www.pharmacy-content.com\/wp-json\/wp\/v2\/types\/product"}],"replies":[{"embeddable":true,"href":"https:\/\/www.pharmacy-content.com\/wp-json\/wp\/v2\/comments?post=4704"}],"wp:featuredmedia":[{"embeddable":true,"href":"https:\/\/www.pharmacy-content.com\/wp-json\/wp\/v2\/media\/4662"}],"wp:attachment":[{"href":"https:\/\/www.pharmacy-content.com\/wp-json\/wp\/v2\/media?parent=4704"}],"wp:term":[{"taxonomy":"product_brand","embeddable":true,"href":"https:\/\/www.pharmacy-content.com\/wp-json\/wp\/v2\/product_brand?post=4704"},{"taxonomy":"product_cat","embeddable":true,"href":"https:\/\/www.pharmacy-content.com\/wp-json\/wp\/v2\/product_cat?post=4704"},{"taxonomy":"product_tag","embeddable":true,"href":"https:\/\/www.pharmacy-content.com\/wp-json\/wp\/v2\/product_tag?post=4704"}],"curies":[{"name":"wp","href":"https:\/\/api.w.org\/{rel}","templated":true}]}}