{"id":4692,"date":"2026-04-22T06:54:42","date_gmt":"2026-04-22T06:54:42","guid":{"rendered":""},"modified":"2026-04-22T06:54:48","modified_gmt":"2026-04-22T06:54:48","slug":"valif-oral-jelly-6","status":"publish","type":"product","link":"https:\/\/www.pharmacy-content.com\/?product=valif-oral-jelly-6&lang=pl","title":{"rendered":"Valif Oral Jelly"},"content":{"rendered":"<p>Powszechne zastosowanie<\/p>\n<p>To silny lek na zaburzenia erekcji. Dzia\u0142a tylko w przypadku stymulacji seksualnej. Podniecenie seksualne uwalnia tlenek azotu z zako\u0144cze\u0144 nerwowych cia\u0142 jamistych pr\u0105cia i aktywuje enzym cyklaz\u0119 guanylanow\u0105. Cyklaza guanylanowa z kolei jest odpowiedzialna za produkcj\u0119 cyklicznego monofosforanu guanozyny (cGMP). Dzi\u0119ki cGMP naczynia krwiono\u015bne zaopatruj\u0105ce penisa w krew rozszerzaj\u0105 si\u0119 i rozlu\u017aniaj\u0105. Valif zapobiega niszczeniu cGMP przez enzym fosfodiesterazy-5 i w ten spos\u00f3b wspomaga przep\u0142yw krwi do pr\u0105cia.<\/p>\n<p>Dawkowanie i spos\u00f3b stosowania<\/p>\n<p>Zalecana dawka \u017celu Valif Oral Jelly zawiera 20 mg wardenafilu, jest to dost\u0119pny w opakowaniu saszetki. We\u017a go na godzin\u0119 przed stosunkiem. W przypadku wyst\u0105pienia dzia\u0142a\u0144 niepo\u017c\u0105danych zaleca si\u0119 zmniejszenie dawki do 5 mg na dob\u0119. Nie przekracza\u0107 zalecanej dawki. \u015aci\u015ble przestrzegaj wszystkich zalece\u0144 lekarza i nigdy nie przyjmuj leku, je\u015bli nie zosta\u0142 Ci przepisany.<\/p>\n<p>\u015arodki ostro\u017cno\u015bci<\/p>\n<p>Nie zaleca si\u0119 stosowania preparatu Valif Oral Jelly u pacjent\u00f3w po udarze, niewydolno\u015bci serca lub zawale serca atak w historii, a zw\u0142aszcza w ci\u0105gu ostatniego p\u00f3\u0142rocza. Przed zastosowaniem leku Valif nale\u017cy poinformowa\u0107 lekarza, je\u015bli u pacjenta wyst\u0119puje ci\u0119\u017cka niewydolno\u015b\u0107 nerek, zaburzenia krzepni\u0119cia, owrzodzenia \u017co\u0142\u0105dka lub dziedziczne schorzenie siatk\u00f3wki, takie jak barwnikowe zwyrodnienie siatk\u00f3wki, reakcja alergiczna na ten lek lub jakikolwiek inny lek, deformacja pr\u0105cia, taka jak zagi\u0119cie, zw\u0142\u00f3knienie cia\u0142 jamistych (choroba Peyroniego), a tak\u017ce w chorobach przyczyniaj\u0105cych si\u0119 do rozwoju priapizmu (niedokrwisto\u015b\u0107 sierpowatokrwinkowa, szpiczak mnogi, bia\u0142aczka lub bia\u0142aczka).<\/p>\n<p>Przeciwwskazania<\/p>\n<p>Valif Oral Jelly nie mo\u017ce by\u0107 przepisywany w u pacjent\u00f3w nadwra\u017cliwych na jego sk\u0142adniki, leczonych azotanami organicznymi. Stosowanie u os\u00f3b, kt\u00f3re nie uko\u0144czy\u0142y 16. roku \u017cycia. jest przeciwwskazane. Jednoczesne stosowanie inhibitor\u00f3w proteazy HIV, takich jak indynawir i rytonawir, z lekiem Valif w \u017celu doustnym jest zabronione.<\/p>\n<p>Mo\u017cliwe skutki uboczne<\/p>\n<p>Leczenie lekiem Valif w \u017celu doustnym zwykle nie prowadzi do powa\u017cnych dzia\u0142a\u0144 niepo\u017c\u0105danych, a je\u015bli wyst\u0119puj\u0105, s\u0105 one przewa\u017cnie przej\u015bciowy. Najcz\u0119stsze dzia\u0142ania niepo\u017c\u0105dane to: b\u00f3l g\u0142owy, zaczerwienienie (przekrwienie osoby), zawroty g\u0142owy, biegunka, nudno\u015bci, zatkany nos. Rzadsze i niezbyt cz\u0119ste dzia\u0142ania niepo\u017c\u0105dane to nadwra\u017cliwo\u015b\u0107 sk\u00f3ry na \u015bwiat\u0142o, nadci\u015bnienie, b\u00f3l plec\u00f3w, \u0142zawienie oczu, niedoci\u015bnienie, b\u00f3le mi\u0119\u015bni, priapizm.<\/p>\n<p>Interakcje lek\u00f3w<\/p>\n<p>Metabolizm Valif Oral Jelly jest hamowany przez erytromycyn\u0119, ketokonazol (Nizoral ), itrakonazol (Sporanox), indynawir (Crixivan) i rytonawir (Norvir). Valif zmniejsza r\u00f3wnie\u017c st\u0119\u017cenie rytonawiru i indynawiru we krwi. B\u00f3l w klatce piersiowej mo\u017ce sta\u0107 si\u0119 bardziej dotkliwy u pacjent\u00f3w leczonych azotanami, poniewa\u017c lek zwi\u0119ksza cz\u0119sto\u015b\u0107 akcji serca i obni\u017ca ci\u015bnienie krwi. Valif mo\u017ce nasila\u0107 dzia\u0142anie obni\u017caj\u0105ce ci\u015bnienie krwi lek\u00f3w blokuj\u0105cych receptory alfa (terazosyna lub Hytrin). Levitry nigdy nie nale\u017cy podawa\u0107 pacjentom leczonym azotanami organicznymi.<\/p>\n<p>Pomini\u0119ta dawka<\/p>\n<p>Valif Oral Jelly jest przyjmowana w razie potrzeby, ale nie cz\u0119\u015bciej ni\u017c raz dziennie, wi\u0119c nie nale\u017cy pomija\u0107 dawki.<\/p>\n<p>Przedawkowanie<\/p>\n<p>Objawy przedawkowania obejmuj\u0105 b\u00f3l plec\u00f3w, szcz\u0119ki, ramienia, klatki piersiowej, \u015blepot\u0119, niewyra\u017ane lub pogorszenie widzenia b\u0105d\u017a dyskomfort.<\/p>\n<p>Przechowywanie<\/p>\n<p>Przechowywa\u0107 w temperaturze pokojowej poza w miejscu niedost\u0119pnym dla dzieci i zwierz\u0105t domowych, z dala od wilgoci i \u015bwiat\u0142a s\u0142onecznego.<\/p>\n<p>Zastrze\u017cenie<\/p>\n<p>Podajemy jedynie og\u00f3lne informacje na temat lek\u00f3w, kt\u00f3re nie obejmuj\u0105 wszystkich wskaz\u00f3wek, mo\u017cliwych po\u0142\u0105cze\u0144 lek\u00f3w ani \u015brodk\u00f3w ostro\u017cno\u015bci. Informacje zawarte na stronie nie mog\u0105 by\u0107 wykorzystywane do samodzielnego leczenia i autodiagnozy. Wszelkie szczeg\u00f3\u0142owe instrukcje dla konkretnego pacjenta nale\u017cy uzgodni\u0107 z doradc\u0105 ds. opieki zdrowotnej lub lekarzem prowadz\u0105cym dany przypadek. Zrzekamy si\u0119 wiarygodno\u015bci tych informacji i b\u0142\u0119d\u00f3w, jakie mog\u0105 one zawiera\u0107. Nie ponosimy odpowiedzialno\u015bci za jakiekolwiek bezpo\u015brednie, po\u015brednie, szczeg\u00f3lne lub inne po\u015brednie szkody powsta\u0142e w wyniku wykorzystania informacji zawartych na tej stronie, a tak\u017ce za konsekwencje samoleczenia.<\/p>\n","protected":false},"excerpt":{"rendered":"<p>Valif w \u017celu doustnym Generic stosowany jest w leczeniu zaburze\u0144 erekcji u m\u0119\u017cczyzn. Zwi\u0119ksza przep\u0142yw krwi do pr\u0105cia, pomagaj\u0105c m\u0119\u017cczyznom uzyska\u0107 erekcj\u0119. Dzia\u0142a poprzez rozlu\u017anienie naczy\u0144 krwiono\u015bnych w pr\u0105ciu, umo\u017cliwiaj\u0105c przep\u0142yw krwi do pr\u0105cia podczas podniecenia seksualnego.<\/p>\n","protected":false},"featured_media":4662,"comment_status":"open","ping_status":"closed","template":"","meta":[],"product_brand":[],"product_cat":[129],"product_tag":[],"class_list":{"0":"post-4692","1":"product","2":"type-product","3":"status-publish","4":"has-post-thumbnail","6":"product_cat-dysfunkcja-erekcji-pl","7":"pa_active_substance-vardenafil","9":"first","10":"instock","11":"shipping-taxable","12":"product-type-variable"},"jetpack_sharing_enabled":true,"_links":{"self":[{"href":"https:\/\/www.pharmacy-content.com\/index.php?rest_route=\/wp\/v2\/product\/4692","targetHints":{"allow":["GET"]}}],"collection":[{"href":"https:\/\/www.pharmacy-content.com\/index.php?rest_route=\/wp\/v2\/product"}],"about":[{"href":"https:\/\/www.pharmacy-content.com\/index.php?rest_route=\/wp\/v2\/types\/product"}],"replies":[{"embeddable":true,"href":"https:\/\/www.pharmacy-content.com\/index.php?rest_route=%2Fwp%2Fv2%2Fcomments&post=4692"}],"wp:featuredmedia":[{"embeddable":true,"href":"https:\/\/www.pharmacy-content.com\/index.php?rest_route=\/wp\/v2\/media\/4662"}],"wp:attachment":[{"href":"https:\/\/www.pharmacy-content.com\/index.php?rest_route=%2Fwp%2Fv2%2Fmedia&parent=4692"}],"wp:term":[{"taxonomy":"product_brand","embeddable":true,"href":"https:\/\/www.pharmacy-content.com\/index.php?rest_route=%2Fwp%2Fv2%2Fproduct_brand&post=4692"},{"taxonomy":"product_cat","embeddable":true,"href":"https:\/\/www.pharmacy-content.com\/index.php?rest_route=%2Fwp%2Fv2%2Fproduct_cat&post=4692"},{"taxonomy":"product_tag","embeddable":true,"href":"https:\/\/www.pharmacy-content.com\/index.php?rest_route=%2Fwp%2Fv2%2Fproduct_tag&post=4692"}],"curies":[{"name":"wp","href":"https:\/\/api.w.org\/{rel}","templated":true}]}}