{"id":4686,"date":"2026-04-22T06:54:41","date_gmt":"2026-04-22T06:54:41","guid":{"rendered":""},"modified":"2026-04-22T06:54:48","modified_gmt":"2026-04-22T06:54:48","slug":"valif-oral-jelly-5","status":"publish","type":"product","link":"https:\/\/www.pharmacy-content.com\/es\/product\/valif-oral-jelly-5\/","title":{"rendered":"Valif Oral Jelly"},"content":{"rendered":"<p>Uso com\u00fan<\/p>\n<p>Este es un medicamento poderoso para tratar las disfunciones er\u00e9ctiles. Funciona s\u00f3lo si hay estimulaci\u00f3n sexual. La excitaci\u00f3n sexual libera \u00f3xido n\u00edtrico de las terminaciones nerviosas de los cuerpos cavernosos del pene y activa la enzima guanilato ciclasa. La guanilato ciclasa, a su vez, es responsable de la producci\u00f3n de monofosfato de guanosina c\u00edclico (cGMP). Debido al cGMP, los vasos sangu\u00edneos que suministran sangre al pene se ensanchan y relajan. Valif evita que la enzima fosfodiesterasa-5 destruya el cGMP y de esta manera ayuda a favorecer el flujo sangu\u00edneo al pene.<\/p>\n<p>Dosis y direcci\u00f3n<\/p>\n<p>La dosis recomendada de Valif Oral Jelly contiene 20 mg de Vardenafil, es disponible en un paquete de bolsita. T\u00f3melo una hora antes del coito. En caso de efectos adversos se recomienda reducir la dosis a 5 mg diarios. No exceda la dosis recomendada. Siga estrictamente todas las recomendaciones de su m\u00e9dico y nunca tome el medicamento si no se lo recetaron.<\/p>\n<p>Precauciones<\/p>\n<p>Valif Oral Jelly no se recomienda en pacientes que sufren un derrame cerebral o insuficiencia card\u00edaca, o un ataque en la historia y especialmente en los \u00faltimos seis meses. Antes de usar Valif, informe a su m\u00e9dico si tiene insuficiencia renal grave, un trastorno hemorr\u00e1gico, ulceraciones estomacales o un trastorno hereditario de la retina como retinitis pigmentosa, reacci\u00f3n al\u00e9rgica a este medicamento o a cualquier otro medicamento, deformaci\u00f3n del pene como angulaci\u00f3n, fibrosis cavernosa. (enfermedad de Peyronie), as\u00ed como en enfermedades que contribuyen al desarrollo del priapismo (anemia falciforme, mieloma m\u00faltiple, leucemia o leucemia).<\/p>\n<p>Contraindicaciones<\/p>\n<p>Valif Oral Jelly no se puede prescribir en pacientes hipersensibles a sus ingredientes, los tratados con nitratos org\u00e1nicos. Uso en personas menores de 16 a\u00f1os. est\u00e1 contraindicado. Est\u00e1 prohibido el uso concomitante de inhibidores de la proteasa del VIH como indinavir y ritonavir con Valif Oral Jelly.<\/p>\n<p>Posibles efectos secundarios<\/p>\n<p>El tratamiento con Valif Oral Jelly generalmente no produce efectos secundarios graves y, si los hay, en su mayor\u00eda transitorio. Los efectos secundarios m\u00e1s frecuentes son: dolor de cabeza, enrojecimiento (hiperemia de la persona), mareos, diarrea, n\u00e1useas, congesti\u00f3n nasal. Los efectos adversos m\u00e1s raros y poco comunes son fotosensibilidad de la piel, hipertensi\u00f3n, dolor de espalda, ojos llorosos, hipotensi\u00f3n, mialgia, priapismo.<\/p>\n<p>Interacci\u00f3n con otros medicamentos<\/p>\n<p>El metabolismo de Valif Oral Jelly es inhibido por eritromicina, ketoconazol (Nizoral ), itraconazol (Sporanox), indinavir (Crixivan) y ritonavir (Norvir). Valif tambi\u00e9n reduce la concentraci\u00f3n sangu\u00ednea de ritonavir e indinavir. El dolor de pecho puede volverse m\u00e1s agudo en pacientes tratados con nitratos ya que el medicamento aumenta la frecuencia card\u00edaca y reduce la presi\u00f3n arterial. Valif puede exagerar los efectos reductores de la presi\u00f3n arterial de los medicamentos alfabloqueantes (terazosina o Hytrin). Valif nunca debe administrarse a pacientes tratados con nitratos org\u00e1nicos.<\/p>\n<p>Dosis omitidas<\/p>\n<p>Valif Oral Jelly se toma cuando es necesario, pero no m\u00e1s de una vez al d\u00eda, por lo que no se debe omitir la dosis.<\/p>\n<p>Sobredosis<\/p>\n<p>Los s\u00edntomas de una sobredosis incluyen dolor en la espalda, mand\u00edbula, brazo, pecho, ceguera, visi\u00f3n borrosa o disminuida o malestar.<\/p>\n<p>Almacenamiento<\/p>\n<p>Almacenar a temperatura ambiente fuera de alcance de ni\u00f1os y mascotas, lejos de la humedad y la luz solar.<\/p>\n<p>Descargo de responsabilidad<\/p>\n<p>Solo proporcionamos informaci\u00f3n general sobre medicamentos que no cubre todas las instrucciones, posibles integraciones de medicamentos o precauciones. La informaci\u00f3n del sitio no se puede utilizar para autotratamiento y autodiagn\u00f3stico. Cualquier instrucci\u00f3n espec\u00edfica para un paciente en particular debe acordarse con su asesor de atenci\u00f3n m\u00e9dica o m\u00e9dico a cargo del caso. Renunciamos a la fiabilidad de esta informaci\u00f3n y a los errores que pueda contener. No somos responsables de ning\u00fan da\u00f1o directo, indirecto, especial u otro da\u00f1o indirecto como resultado de cualquier uso de la informaci\u00f3n en este sitio y tampoco de las consecuencias del autotratamiento.<\/p>\n","protected":false},"excerpt":{"rendered":"<p>La jalea oral Valif Generic se usa para tratar la disfunci\u00f3n er\u00e9ctil en los hombres. Aumenta el flujo sangu\u00edneo al pene para ayudar a los hombres a lograr una erecci\u00f3n. Funciona ayudando a relajar los vasos sangu\u00edneos del pene, permitiendo que la sangre fluya hacia el pene cuando se excita sexualmente.<\/p>\n","protected":false},"featured_media":4662,"comment_status":"open","ping_status":"closed","template":"","meta":[],"product_brand":[],"product_cat":[126],"product_tag":[],"class_list":{"0":"post-4686","1":"product","2":"type-product","3":"status-publish","4":"has-post-thumbnail","6":"product_cat-disfuncion-erectil-es","7":"pa_active_substance-vardenafil","9":"first","10":"instock","11":"shipping-taxable","12":"product-type-variable"},"jetpack_sharing_enabled":true,"_links":{"self":[{"href":"https:\/\/www.pharmacy-content.com\/wp-json\/wp\/v2\/product\/4686","targetHints":{"allow":["GET"]}}],"collection":[{"href":"https:\/\/www.pharmacy-content.com\/wp-json\/wp\/v2\/product"}],"about":[{"href":"https:\/\/www.pharmacy-content.com\/wp-json\/wp\/v2\/types\/product"}],"replies":[{"embeddable":true,"href":"https:\/\/www.pharmacy-content.com\/wp-json\/wp\/v2\/comments?post=4686"}],"wp:featuredmedia":[{"embeddable":true,"href":"https:\/\/www.pharmacy-content.com\/wp-json\/wp\/v2\/media\/4662"}],"wp:attachment":[{"href":"https:\/\/www.pharmacy-content.com\/wp-json\/wp\/v2\/media?parent=4686"}],"wp:term":[{"taxonomy":"product_brand","embeddable":true,"href":"https:\/\/www.pharmacy-content.com\/wp-json\/wp\/v2\/product_brand?post=4686"},{"taxonomy":"product_cat","embeddable":true,"href":"https:\/\/www.pharmacy-content.com\/wp-json\/wp\/v2\/product_cat?post=4686"},{"taxonomy":"product_tag","embeddable":true,"href":"https:\/\/www.pharmacy-content.com\/wp-json\/wp\/v2\/product_tag?post=4686"}],"curies":[{"name":"wp","href":"https:\/\/api.w.org\/{rel}","templated":true}]}}