{"id":4680,"date":"2026-04-22T06:54:40","date_gmt":"2026-04-22T06:54:40","guid":{"rendered":""},"modified":"2026-04-22T06:54:48","modified_gmt":"2026-04-22T06:54:48","slug":"valif-oral-jelly-4","status":"publish","type":"product","link":"https:\/\/www.pharmacy-content.com\/?product=valif-oral-jelly-4&lang=it","title":{"rendered":"Valif Oral Jelly"},"content":{"rendered":"<p>Uso comune<\/p>\n<p>Questo \u00e8 un potente medicinale per il trattamento delle disfunzioni erettili. Funziona solo se c&#8217;\u00e8 stimolazione sessuale. L&#8217;eccitazione sessuale rilascia ossido nitrico dalle terminazioni nervose dei corpi cavernosi del pene e attiva l&#8217;enzima guanilato ciclasi. La guanilato ciclasi a sua volta \u00e8 responsabile della produzione di guanosina monofosfato ciclico (cGMP). Grazie al cGMP i vasi sanguigni che forniscono sangue al pene si allargano e si rilassano. Valif impedisce all&#8217;enzima fosfodiesterasi-5 di distruggere il cGMP e in questo modo aiuta a sostenere il flusso sanguigno al pene.<\/p>\n<p>Dosaggio e direzioni<\/p>\n<p>La dose raccomandata di Valif Oral Jelly contiene 20 mg di Vardenafil, \u00e8 disponibile in una confezione di bustina. Prendilo un&#8217;ora prima del rapporto. In caso di effetti avversi si consiglia di ridurre la dose a 5 mg al giorno. Non superare la dose raccomandata. Segui rigorosamente tutte le raccomandazioni del tuo medico e non assumere mai il farmaco se non ti \u00e8 stato prescritto.<\/p>\n<p>Precauzioni<\/p>\n<p>Valif Oral Jelly non \u00e8 raccomandato nei pazienti che hanno un ictus o un&#8217;insufficienza cardiaca o un disturbo cardiaco attacco nella storia e soprattutto negli ultimi sei mesi. Prima di usare Valif informa il tuo medico se soffri di grave insufficienza renale, disturbi emorragici, ulcere allo stomaco o disturbi ereditari della retina come retinite pigmentosa, reazione allergica a questo medicinale o ad altri medicinali, deformazione del pene come angolazione, fibrosi cavernosa (malattia di Peyronie), cos\u00ec come nelle malattie che contribuiscono allo sviluppo del priapismo (anemia falciforme, mieloma multiplo, leucemia o leucemia).<\/p>\n<p>Controindicazioni<\/p>\n<p>Valif Oral Jelly non pu\u00f2 essere prescritto in pazienti che sono ipersensibili ai suoi ingredienti, quelli trattati con nitrati organici. Uso in soggetti che non hanno raggiunto i 16 anni di et\u00e0. \u00e8 controindicato. \u00c8 vietato l&#8217;uso concomitante di inibitori della proteasi dell&#8217;HIV come indinavir e ritonavir con Valif Oral Jelly.<\/p>\n<p>Possibili effetti collaterali<\/p>\n<p>Il trattamento con Valif Oral Jelly di solito non porta a effetti collaterali gravi e se presenti sono per lo pi\u00f9 transitorio. Gli effetti collaterali pi\u00f9 frequenti sono: mal di testa, vampate di calore (iperemia della persona), vertigini, diarrea, nausea, naso chiuso. Effetti avversi pi\u00f9 rari e non comuni sono fotosensibilit\u00e0 della pelle, ipertensione, mal di schiena, lacrimazione, ipotensione, mialgia, priapismo.<\/p>\n<p>Interazione farmacologica<\/p>\n<p>Il metabolismo di Valif Oral Jelly \u00e8 inibito dall&#8217;eritromicina, dal ketoconazolo (Nizoral ), itraconazolo (Sporanox), indinavir (Crixivan) e ritonavir (Norvir). Valif riduce anche la concentrazione nel sangue di ritonavir e indinavir. Il dolore toracico pu\u00f2 diventare pi\u00f9 acuto nei pazienti trattati con nitrati poich\u00e9 il farmaco aumenta la frequenza cardiaca e abbassa la pressione sanguigna. Valif \u00e8 in grado di esagerare gli effetti di abbassamento della pressione sanguigna dei farmaci alfa-bloccanti (terazosina o Hytrin). Valif non deve mai essere somministrato a pazienti trattati con nitrati organici.<\/p>\n<p>Dose mancata<\/p>\n<p>Valif Oral Jelly viene assunto quando necessario ma non pi\u00f9 spesso di una volta al giorno, quindi non \u00e8 prevista la mancata somministrazione di una dose.<\/p>\n<p>Sovradosaggio<\/p>\n<p>I sintomi di sovradosaggio includono dolore alla schiena, alla mascella, al braccio, al torace, cecit\u00e0, visione offuscata o ridotta o disagio.<\/p>\n<p>Conservazione<\/p>\n<p>Conservare a temperatura ambiente fuori portata di bambini e animali domestici, lontano dall&#8217;umidit\u00e0 e dalla luce solare.<\/p>\n<p>Disclaimer<\/p>\n<p>Forniamo solo informazioni generali sui farmaci che non coprono tutte le indicazioni, possibili integrazioni di farmaci o precauzioni. Le informazioni presenti sul sito non possono essere utilizzate per l&#8217;autotrattamento e l&#8217;autodiagnosi. Eventuali istruzioni specifiche per un particolare paziente devono essere concordate con il proprio consulente sanitario o medico responsabile del caso. Decliniamo l&#8217;affidabilit\u00e0 di queste informazioni e gli errori che potrebbero contenere. Non siamo responsabili per eventuali danni diretti, indiretti, speciali o altri danni indiretti derivanti dall&#8217;uso delle informazioni contenute in questo sito e anche per le conseguenze dell&#8217;autotrattamento.<\/p>\n","protected":false},"excerpt":{"rendered":"<p>Valif gelatina orale Generic \u00e8 usata per trattare la disfunzione erettile negli uomini. Aumenta il flusso sanguigno al pene per aiutare gli uomini ad avere un\u2019erezione. Funziona aiutando a rilassare i vasi sanguigni del pene, consentendo al sangue di fluire nel pene quando sei sessualmente eccitato.<\/p>\n","protected":false},"featured_media":4662,"comment_status":"open","ping_status":"closed","template":"","meta":[],"product_brand":[],"product_cat":[123],"product_tag":[],"class_list":{"0":"post-4680","1":"product","2":"type-product","3":"status-publish","4":"has-post-thumbnail","6":"product_cat-disfunzione-erettile-it","7":"pa_active_substance-vardenafil","9":"first","10":"instock","11":"shipping-taxable","12":"product-type-variable"},"jetpack_sharing_enabled":true,"_links":{"self":[{"href":"https:\/\/www.pharmacy-content.com\/index.php?rest_route=\/wp\/v2\/product\/4680","targetHints":{"allow":["GET"]}}],"collection":[{"href":"https:\/\/www.pharmacy-content.com\/index.php?rest_route=\/wp\/v2\/product"}],"about":[{"href":"https:\/\/www.pharmacy-content.com\/index.php?rest_route=\/wp\/v2\/types\/product"}],"replies":[{"embeddable":true,"href":"https:\/\/www.pharmacy-content.com\/index.php?rest_route=%2Fwp%2Fv2%2Fcomments&post=4680"}],"wp:featuredmedia":[{"embeddable":true,"href":"https:\/\/www.pharmacy-content.com\/index.php?rest_route=\/wp\/v2\/media\/4662"}],"wp:attachment":[{"href":"https:\/\/www.pharmacy-content.com\/index.php?rest_route=%2Fwp%2Fv2%2Fmedia&parent=4680"}],"wp:term":[{"taxonomy":"product_brand","embeddable":true,"href":"https:\/\/www.pharmacy-content.com\/index.php?rest_route=%2Fwp%2Fv2%2Fproduct_brand&post=4680"},{"taxonomy":"product_cat","embeddable":true,"href":"https:\/\/www.pharmacy-content.com\/index.php?rest_route=%2Fwp%2Fv2%2Fproduct_cat&post=4680"},{"taxonomy":"product_tag","embeddable":true,"href":"https:\/\/www.pharmacy-content.com\/index.php?rest_route=%2Fwp%2Fv2%2Fproduct_tag&post=4680"}],"curies":[{"name":"wp","href":"https:\/\/api.w.org\/{rel}","templated":true}]}}