{"id":4421,"date":"2026-04-22T06:53:36","date_gmt":"2026-04-22T06:53:36","guid":{"rendered":""},"modified":"2026-04-22T06:53:41","modified_gmt":"2026-04-22T06:53:41","slug":"tadalista-8","status":"publish","type":"product","link":"https:\/\/www.pharmacy-content.com\/?product=tadalista-8&lang=sv","title":{"rendered":"Tadalista"},"content":{"rendered":"<p>Vanlig anv\u00e4ndning<br \/>\nTadalista \u00e4r en effektiv, reversibel, selektiv h\u00e4mmare av fosfodiesteras typ 5 (PDE 5) specifik f\u00f6r cykliskt guanosinmonofosfat (cGMP). N\u00e4r sexuell stimulering orsakar lokal fris\u00e4ttning av kv\u00e4veoxid, leder h\u00e4mning av PDE 5 av Tadalista till en \u00f6kning av cGMP-niv\u00e5er i den kavern\u00f6sa peniskroppen. Det resulterar i avslappning av arteriella glatta muskler och blodfl\u00f6de till penisv\u00e4vnaderna som orsakar erektion. Tadalista har ingen effekt n\u00e4r sexuell stimulans saknas. Tadalista f\u00f6rb\u00e4ttrar erektionen och m\u00f6jligg\u00f6r ett framg\u00e5ngsrikt samlag. L\u00e4kemedlet verkar under 36 timmar. Om sexuell upphetsning f\u00f6rekommer upptr\u00e4der effekten \u00e4ven efter 16 minuter efter att medicinen togs.<\/p>\n<p>Dosering och anvisning<br \/>\nDen rekommenderade dosen Tadalista \u00e4r 20 mg, den b\u00f6r tas minst 16 minuter f\u00f6re den sexuella aktiviteten. Effekten kvarst\u00e5r under 36 timmar. Ta Tadalista en g\u00e5ng dagligen och \u00f6verskrid inte den rekommenderade dosen.<\/p>\n<p>F\u00f6rsiktighets\u00e5tg\u00e4rder<br \/>\nDet \u00e4r att f\u00f6redra att inte anv\u00e4nda Tadalista med grapefruktjuice, alkoholhaltiga drycker, tobak. Om du r\u00f6ker tobak och tar Tadalista samtidigt kan detta leda till ett tillst\u00e5nd som kallas NAION (pl\u00f6tslig synnervsrelaterad synf\u00f6rlust). Informera din l\u00e4kare innan du tar Tadalista om du har onormal penis, inklusive kr\u00f6kt penis och fosterskador i penis, hade kransk\u00e4rlssjukdom, arytmi, angina, hj\u00e4rtinfarkt eller hj\u00e4rtsvikt, hypo- eller h\u00f6gt blodtryck, bl\u00f6dning, mags\u00e5r, diabetes, hyperlipidemi (\u00f6verskott av lipider i blodet), sicklecellanemi, lever- eller njursvikt i historien.<\/p>\n<p>Kontraindikationer<br \/>\nTadalista \u00e4r kontraindicerat hos patienter som anv\u00e4nder n\u00e5gon form av organiskt nitrat, antingen regelbundet och\/eller intermittent som det \u00e4r kan f\u00f6rst\u00e4rka den hypotensiva effekten av nitrater.<\/p>\n<p>M\u00f6jliga biverkningar<br \/>\nDe vanligaste biverkningarna av Tadalista \u00e4r rodnad i ansiktet (rodnad), huvudv\u00e4rk, magbesv\u00e4r, diarr\u00e9, influensaliknande symtom och illam\u00e5ende. I mer s\u00e4llsynta fall kan l\u00e5gt blodtryck, dimsyn och f\u00f6r\u00e4ndringar i f\u00e4rgseendet och onormal utl\u00f6sning f\u00f6rekomma. L\u00e5ngvariga erektioner eller priapism (sm\u00e4rtsamma erektioner som varar mer \u00e4n 6 timmar) \u00e4r ocks\u00e5 m\u00f6jliga. Om din erektion \u00e4r l\u00e4ngre \u00e4n 4 timmar, s\u00f6k omedelbar medicinsk hj\u00e4lp eftersom det kan skada din penis permanent. F\u00f6rv\u00e4rring av hj\u00e4rtproblem hos patienter med redan existerande hj\u00e4rtsjukdom med Tadalista rapporterades.<\/p>\n<p>L\u00e4kemedelsinteraktioner<br \/>\nSamadministrering med l\u00e4kemedel som inneh\u00e5ller organiska nitrater kan orsaka allvarlig hypotoni som \u00e4r farlig i vissa fall. Undvik att ta Calis med mediciner som Erythrityl Tetranitrate, Isosorbide Dinitrate, Isosorbide Mononitrat, Nitroglycerin, Pentaerythritol Tetranitrate. Niv\u00e5er och toxicitet av Tadalista \u00f6kas av erytromycin, ketokonazol (Nizoral), itrakonazol (Sporanox), indinavir (Crixivan) och ritonavir (Norvir). Informera din l\u00e4kare om du tar Atazanavir, Bunazosin, Clarithromycin, Doxazosin, Erytromycin, Indinavir, Itraconazole, Ketoconazole, Moxisylyte, Nefazodone, Nelfinavir, Phenoxybenzamine, Phentolamin, Prazosin, Saquinavir, Telitromycin, Trimazoil kan kr\u00e4va din dos av din dos Usintromycin korrigering.<\/p>\n<p>Missad dos<br \/>\nMissad dos \u00e4r inte t\u00e4nkt om Tadalista tas f\u00f6r behandling av erektil dysfunktion eftersom den anv\u00e4nds vid behov.<\/p>\n<p>\u00d6verdosering<br \/>\n\u00d6verdosering av Tadalista orsakar symtom som beskrivs som biverkningar. S\u00f6k omedelbar medicinsk hj\u00e4lp om du enligt din \u00e5sikt tagit f\u00f6r mycket av denna medicin.<\/p>\n<p>F\u00f6rvaring<br \/>\nF\u00f6rvara i rumstemperatur borta fr\u00e5n fukt, solljus, barn och husdjur i en t\u00e4t beh\u00e5llare.<\/p>\n<p>Friskrivning<br \/>\nVi tillhandah\u00e5ller endast allm\u00e4nna information om mediciner som inte t\u00e4cker alla riktningar, m\u00f6jliga l\u00e4kemedelsintegrationer eller f\u00f6rsiktighets\u00e5tg\u00e4rder. Information p\u00e5 webbplatsen kan inte anv\u00e4ndas f\u00f6r sj\u00e4lvbehandling och sj\u00e4lvdiagnos. Eventuella specifika instruktioner f\u00f6r en viss patient b\u00f6r \u00f6verenskommas med din h\u00e4lsor\u00e5dgivare eller l\u00e4kare som \u00e4r ansvarig f\u00f6r \u00e4rendet. Vi fr\u00e5ns\u00e4ger oss tillf\u00f6rlitligheten av denna information och misstag den kan inneh\u00e5lla.<\/p>\n","protected":false},"excerpt":{"rendered":"<p>Tadalista Generic anv\u00e4nds f\u00f6r behandling av mannen med erectiestoornissen (ocks\u00e5 kallad sexuell impotentie). Tadalista h\u00f6r till en grupp l\u00e4kemedel som n\u00e4mns fosfodi\u00ebsterase 5 (PDE5). Dessa l\u00e4kemedel f\u00f6rebygger ett enzym som kallas fosfodi\u00ebsterase typ 5 och fungerar snabbt.<\/p>\n","protected":false},"featured_media":4379,"comment_status":"open","ping_status":"closed","template":"","meta":[],"product_brand":[],"product_cat":[135],"product_tag":[],"class_list":{"0":"post-4421","1":"product","2":"type-product","3":"status-publish","4":"has-post-thumbnail","6":"product_cat-erektil-dysfunktion-sv","7":"pa_active_substance-tadalafil","9":"first","10":"instock","11":"shipping-taxable","12":"product-type-variable"},"jetpack_sharing_enabled":true,"_links":{"self":[{"href":"https:\/\/www.pharmacy-content.com\/index.php?rest_route=\/wp\/v2\/product\/4421","targetHints":{"allow":["GET"]}}],"collection":[{"href":"https:\/\/www.pharmacy-content.com\/index.php?rest_route=\/wp\/v2\/product"}],"about":[{"href":"https:\/\/www.pharmacy-content.com\/index.php?rest_route=\/wp\/v2\/types\/product"}],"replies":[{"embeddable":true,"href":"https:\/\/www.pharmacy-content.com\/index.php?rest_route=%2Fwp%2Fv2%2Fcomments&post=4421"}],"wp:featuredmedia":[{"embeddable":true,"href":"https:\/\/www.pharmacy-content.com\/index.php?rest_route=\/wp\/v2\/media\/4379"}],"wp:attachment":[{"href":"https:\/\/www.pharmacy-content.com\/index.php?rest_route=%2Fwp%2Fv2%2Fmedia&parent=4421"}],"wp:term":[{"taxonomy":"product_brand","embeddable":true,"href":"https:\/\/www.pharmacy-content.com\/index.php?rest_route=%2Fwp%2Fv2%2Fproduct_brand&post=4421"},{"taxonomy":"product_cat","embeddable":true,"href":"https:\/\/www.pharmacy-content.com\/index.php?rest_route=%2Fwp%2Fv2%2Fproduct_cat&post=4421"},{"taxonomy":"product_tag","embeddable":true,"href":"https:\/\/www.pharmacy-content.com\/index.php?rest_route=%2Fwp%2Fv2%2Fproduct_tag&post=4421"}],"curies":[{"name":"wp","href":"https:\/\/api.w.org\/{rel}","templated":true}]}}