{"id":4372,"date":"2026-04-22T06:53:22","date_gmt":"2026-04-22T06:53:22","guid":{"rendered":""},"modified":"2026-04-22T06:53:25","modified_gmt":"2026-04-22T06:53:25","slug":"tadalis-sx-10","status":"publish","type":"product","link":"https:\/\/www.pharmacy-content.com\/cs\/product\/tadalis-sx-10\/","title":{"rendered":"Tadalis SX"},"content":{"rendered":"<p>B\u011b\u017en\u00e9 pou\u017eit\u00ed<\/p>\n<p>Tadalis SX je forma generick\u00e9ho tadalafilu pou\u017e\u00edvan\u00e1 p\u0159i l\u00e9\u010db\u011b erektiln\u00ed dysfunkce. Tadalis SX se p\u0159edepisuje mu\u017e\u016fm s probl\u00e9my s dosa\u017een\u00edm a udr\u017een\u00edm erekce, p\u016fsob\u00ed pouze p\u0159i sexu\u00e1ln\u00ed stimulaci. L\u00e9k je inhibitor fosfodiester\u00e1zy typu 5. L\u00e9k uvol\u0148uje krevn\u00ed c\u00e9vy v penisu, aby se uvolnil a umo\u017enil pr\u016ftok krve v penisu. Tadalis nen\u00ed drah\u00fd, proto\u017ee jeho v\u00fdrobci nemusej\u00ed investovat do marketingu, propagace nebo v\u00fdvoje.<\/p>\n<p>D\u00e1vkov\u00e1n\u00ed a sm\u011br<\/p>\n<p>Tadalis SX tab 20 mg by se m\u011bl u\u017e\u00edvat asi p\u016fl hodiny p\u0159ed za\u010d\u00e1tkem jak\u00e9hokoli sexu\u00e1ln\u00edho aktivita. U\u017e\u00edvejte peror\u00e1ln\u011b a zapijte vodou s j\u00eddlem nebo bez j\u00eddla. L\u00e9k za\u010dne \u00fa\u010dinkovat do 30 minut po po\u017eit\u00ed a vydr\u017e\u00ed a\u017e 36 hodin.<\/p>\n<p>Bezpe\u010dnostn\u00ed opat\u0159en\u00ed<\/p>\n<p>L\u00e9k nen\u00ed ur\u010den k pou\u017eit\u00ed u \u017een a d\u011bt\u00ed. U\u017e\u00edvejte p\u0159esn\u011b podle p\u0159edpisu a nep\u0159ekra\u010dujte doporu\u010denou d\u00e1vku. Tadalis SX nelze doporu\u010dit pacient\u016fm, kte\u0159\u00ed byli varov\u00e1ni p\u0159ed sexu\u00e1ln\u00ed aktivitou kv\u016fli srde\u010dn\u00edm probl\u00e9m\u016fm. Neu\u017e\u00edvejte s jin\u00fdmi l\u00e9ky k l\u00e9\u010db\u011b erektiln\u00ed dysfunkce, pokud v\u00e1m l\u00e9ka\u0159 nedoporu\u010dil jin\u00e9 l\u00e9ky. Vyhn\u011bte se u\u017e\u00edv\u00e1n\u00ed s j\u00eddlem s vysok\u00fdm obsahem tuku a alkoholem, proto\u017ee m\u016f\u017ee sn\u00ed\u017eit \u00fa\u010dinnost p\u0159\u00edpravku Tadalis SX. Informujte sv\u00e9ho l\u00e9ka\u0159e, pokud m\u00e1te srpkovitou an\u00e9mii, myelom, leuk\u00e9mii nebo jakoukoli deformaci penisu, z\u00e1va\u017en\u00e9 po\u0161kozen\u00ed ledvin nebo jater.<\/p>\n<p>Kontraindikace<\/p>\n<p>Tadalis SX je kontraindikov\u00e1n u jedinc\u016f, kte\u0159\u00ed jsou sou\u010dasn\u011b l\u00e9\u010deni nitr\u00e1ty, proto\u017ee m\u016f\u017ee v\u00e9st k n\u00e1hl\u00fdm a \u017eivot ohro\u017euj\u00edc\u00edm pokles\u016fm krevn\u00edho tlaku.<\/p>\n<p>Mo\u017en\u00fd vedlej\u0161\u00ed \u00fa\u010dinek<\/p>\n<p>Ne\u017e\u00e1douc\u00ed \u00fa\u010dinky l\u00e9ku mohou zahrnovat bolest hlavy, myalgii (bolesti sval\u016f), bolesti zad, dyspepsii (poruchy tr\u00e1ven\u00ed), p\u00e1len\u00ed \u017e\u00e1hy, n\u00e1valy horka, r\u00fdma, celkov\u00e9 rozmazan\u00e9 vid\u011bn\u00ed, neschopnost rozli\u0161ovat modrou a zelenou barvu, pr\u016fjem a infekce mo\u010dov\u00fdch cest. Sn\u00ed\u017een\u00edm d\u00e1vky lze minimalizovat \u00fa\u010dinky. M\u00e9n\u011b \u010dast\u00e9 ne\u017e\u00e1douc\u00ed \u00fa\u010dinky jsou vyr\u00e1\u017eky na obli\u010deji, zv\u00fd\u0161en\u00e1 citlivost na sv\u011btlo, zimnice, ztr\u00e1ta rovnov\u00e1hy, bolest na hrudi a slabost, migr\u00e9ny, abnorm\u00e1ln\u00ed funkce jater, kolitida, sucho v \u00fastech, z\u00e1n\u011bt d\u00e1sn\u00ed, srde\u010dn\u00ed selh\u00e1n\u00ed, zrychlen\u00e1 srde\u010dn\u00ed frekvence, n\u00edzk\u00fd krevn\u00ed tlak mdloby v d\u016fsledku poklesu krevn\u00edho tlaku a tvorbu krevn\u00edch sra\u017eenin.<\/p>\n<p>L\u00e9kov\u00e9 interakce<\/p>\n<p>Nikdy neu\u017e\u00edvejte Tadalis SX s \u017e\u00e1dn\u00fdmi l\u00e9ky, kter\u00e9 obsahuj\u00ed dusi\u010dnany, nap\u0159\u00edklad l\u00e9ky k l\u00e9\u010db\u011b anginy pectoris, jako je nitro- glycerin (ve form\u011b tablet, mast\u00ed, sprej\u016f, ko\u017en\u00edch n\u00e1plast\u00ed nebo past), isosorbidmononitr\u00e1t a isosorbiddinitr\u00e1t nebo rekrea\u010dn\u00ed drogy (\u201epoppers\u201c), jako je amylnitr\u00e1t nebo dusitan.<\/p>\n<p>Vynechan\u00e1 d\u00e1vka<\/p>\n<p>The l\u00e9ky se berou v p\u0159\u00edpad\u011b pot\u0159eby. Nep\u0159ekra\u010dujte doporu\u010denou d\u00e1vku.<\/p>\n<p>P\u0159ed\u00e1vkov\u00e1n\u00ed<\/p>\n<p>V p\u0159\u00edpad\u011b podez\u0159en\u00ed na p\u0159ed\u00e1vkov\u00e1n\u00ed vyhledejte okam\u017eitou l\u00e9ka\u0159skou pomoc.<\/p>\n<p>Skladujte<\/p>\n<p>Uchov\u00e1vejte p\u0159i pokojov\u00e9 teplot\u011b v such\u00e9 a t\u011bsn\u00e9 n\u00e1dob\u011b mimo v dosahu d\u011bt\u00ed a dom\u00e1c\u00edch zv\u00ed\u0159at. Neskladujte po uplynut\u00ed doby pou\u017eitelnosti, nepou\u017eit\u00fd l\u00e9k vyho\u010fte.<\/p>\n<p>Z\u0159eknut\u00ed se odpov\u011bdnosti<\/p>\n<p>Poskytujeme pouze obecn\u00e9 informace o l\u00e9c\u00edch, kter\u00e9 nepokr\u00fdvaj\u00ed v\u0161echny pokyny, mo\u017en\u00e9 integrace l\u00e9k\u016f nebo preventivn\u00ed opat\u0159en\u00ed. Informace na m\u00edst\u011b nelze pou\u017e\u00edt pro samol\u00e9\u010dbu a autodiagnostiku. Jak\u00e9koli specifick\u00e9 pokyny pro konkr\u00e9tn\u00edho pacienta by m\u011bly b\u00fdt dohodnuty se sv\u00fdm zdravotn\u00edm poradcem nebo l\u00e9ka\u0159em, kter\u00fd m\u00e1 na starosti dan\u00fd p\u0159\u00edpad. Odm\u00edt\u00e1me spolehlivost t\u011bchto informac\u00ed a chyby, kter\u00e9 by mohly obsahovat. Nejsme zodpov\u011bdn\u00ed za \u017e\u00e1dn\u00e9 p\u0159\u00edm\u00e9, nep\u0159\u00edm\u00e9, zvl\u00e1\u0161tn\u00ed nebo jin\u00e9 nep\u0159\u00edm\u00e9 \u0161kody v d\u016fsledku jak\u00e9hokoli pou\u017eit\u00ed informac\u00ed na t\u011bchto str\u00e1nk\u00e1ch a tak\u00e9 za n\u00e1sledky samol\u00e9\u010dby.<\/p>\n","protected":false},"excerpt":{"rendered":"<p>Tadalis SX Generic se pou\u017e\u00edv\u00e1 k l\u00e9\u010db\u011b erektiln\u00ed dysfunkce.<\/p>\n","protected":false},"featured_media":4318,"comment_status":"open","ping_status":"closed","template":"","meta":[],"product_brand":[],"product_cat":[141],"product_tag":[],"class_list":{"0":"post-4372","1":"product","2":"type-product","3":"status-publish","4":"has-post-thumbnail","6":"product_cat-erektilni-dysfunkce-cs","7":"pa_active_substance-tadalafil","9":"first","10":"instock","11":"shipping-taxable","12":"product-type-variable"},"jetpack_sharing_enabled":true,"_links":{"self":[{"href":"https:\/\/www.pharmacy-content.com\/wp-json\/wp\/v2\/product\/4372","targetHints":{"allow":["GET"]}}],"collection":[{"href":"https:\/\/www.pharmacy-content.com\/wp-json\/wp\/v2\/product"}],"about":[{"href":"https:\/\/www.pharmacy-content.com\/wp-json\/wp\/v2\/types\/product"}],"replies":[{"embeddable":true,"href":"https:\/\/www.pharmacy-content.com\/wp-json\/wp\/v2\/comments?post=4372"}],"wp:featuredmedia":[{"embeddable":true,"href":"https:\/\/www.pharmacy-content.com\/wp-json\/wp\/v2\/media\/4318"}],"wp:attachment":[{"href":"https:\/\/www.pharmacy-content.com\/wp-json\/wp\/v2\/media?parent=4372"}],"wp:term":[{"taxonomy":"product_brand","embeddable":true,"href":"https:\/\/www.pharmacy-content.com\/wp-json\/wp\/v2\/product_brand?post=4372"},{"taxonomy":"product_cat","embeddable":true,"href":"https:\/\/www.pharmacy-content.com\/wp-json\/wp\/v2\/product_cat?post=4372"},{"taxonomy":"product_tag","embeddable":true,"href":"https:\/\/www.pharmacy-content.com\/wp-json\/wp\/v2\/product_tag?post=4372"}],"curies":[{"name":"wp","href":"https:\/\/api.w.org\/{rel}","templated":true}]}}