{"id":4360,"date":"2026-04-22T06:53:20","date_gmt":"2026-04-22T06:53:20","guid":{"rendered":""},"modified":"2026-04-22T06:53:24","modified_gmt":"2026-04-22T06:53:24","slug":"tadalis-sx-8","status":"publish","type":"product","link":"https:\/\/www.pharmacy-content.com\/?product=tadalis-sx-8&lang=sv","title":{"rendered":"Tadalis SX"},"content":{"rendered":"<p>Vanlig anv\u00e4ndning<\/p>\n<p>Tadalis SX \u00e4r en form av generisk tadalafil som anv\u00e4nds vid behandling av erektil dysfunktion. Tadalis SX ordineras till m\u00e4n med problem att f\u00e5 och beh\u00e5lla erektion, den verkar endast med sexuell stimulering. L\u00e4kemedlet \u00e4r fosfodiesteras typ 5-h\u00e4mmare. L\u00e4kemedlet slappnar av blodk\u00e4rlen i penis f\u00f6r att slappna av s\u00e5 att blodet kan fl\u00f6da i penis. Tadalis \u00e4r inte dyrt eftersom dess tillverkare inte beh\u00f6ver investera i marknadsf\u00f6ring, marknadsf\u00f6ring eller utveckling.<\/p>\n<p>Dosering och v\u00e4gledning<\/p>\n<p>Tadalis SX tablett p\u00e5 20 mg b\u00f6r tas ungef\u00e4r en halvtimme innan man b\u00f6rjar med n\u00e5gon sexuell aktivitet. Ta det oralt och sv\u00e4lj med vatten med eller utan m\u00e5ltid. L\u00e4kemedlet blir effektivt inom 30 minuter efter intag och varar upp till 36 timmar.<\/p>\n<p>F\u00f6rsiktighets\u00e5tg\u00e4rder<\/p>\n<p>L\u00e4kemedlet \u00e4r inte avsett att anv\u00e4ndas till kvinnor och barn. Ta exakt som f\u00f6reskrivet och \u00f6verskrid inte den rekommenderade dosen. Tadalis SX kan inte rekommenderas till patienter som varnades f\u00f6r sexuell aktivitet p\u00e5 grund av hj\u00e4rtproblem. Ta inte med andra l\u00e4kemedel f\u00f6r behandling av erektil dysfunktion om din l\u00e4kare inte r\u00e5dde dig till den andra. Undvik att ta med mat med h\u00f6g fetthalt och alkohol eftersom det kan g\u00f6ra Tadalis SX-\u00e5tg\u00e4rden mindre effektiv. Informera din l\u00e4kare om du har sicklecellanemi, myelom, leukemi eller n\u00e5gon deformation av din penis, gravt nedsatt njur- eller leverfunktion.<\/p>\n<p>Kontraindikationer<\/p>\n<p>Tadalis SX \u00e4r kontraindicerat f\u00f6r personer som samtidigt behandlas med nitrater eftersom det kan leda till pl\u00f6tsliga och livshotande blodtrycksfall.<\/p>\n<p>M\u00f6jliga biverkningar<\/p>\n<p>Biverkningar p\u00e5 medicinen kan vara huvudv\u00e4rk, myalgi (muskelsm\u00e4rta), ryggsm\u00e4rta, dyspepsi (matsm\u00e4ltningsbesv\u00e4r), halsbr\u00e4nna, rodnad, rinnande n\u00e4sa, allm\u00e4n suddig syn, of\u00f6rm\u00e5ga att skilja bl\u00e5 och gr\u00f6na f\u00e4rger, diarr\u00e9 och urinv\u00e4gsinfektioner. S\u00e4nkning av dosen kan minimera effekterna. Mindre frekventa biverkningar \u00e4r utslag i ansiktet, \u00f6kad ljusk\u00e4nslighet, frossa, f\u00f6rlust av balans, br\u00f6stsm\u00e4rtor och svaghet, migr\u00e4n, onormal leverfunktion, kolit, muntorrhet, gingivit, hj\u00e4rtsvikt, \u00f6kad hj\u00e4rtfrekvens, l\u00e5gt blodtryck , svimning p\u00e5 grund av ett blodtrycksfall och bildandet av blodproppar.<\/p>\n<p>L\u00e4kemedelsinteraktion<\/p>\n<p>Ta aldrig Tadalis SX med n\u00e5gon medicin som inneh\u00e5ller nitrater, till exempel f\u00f6r att behandla angina s\u00e5som nitro- glycerin (i form av tabletter, salvor, sprayer, hudpl\u00e5ster eller pasta) isosorbidmononitrat och isosorbiddinitrat, eller rekreationsdroger (poppers) som amylnitrat eller nitrit.<\/p>\n<p>Missad dos<\/p>\n<p>Den medicin tas vid behov. \u00d6verskrid inte den rekommenderade dosen.<\/p>\n<p>\u00d6verdosering<\/p>\n<p>Vid misst\u00e4nkt \u00f6verdos, s\u00f6k omedelbar l\u00e4karv\u00e5rd.<\/p>\n<p>F\u00f6rvaring<\/p>\n<p>F\u00f6rvara i rumstemperatur i en torr och t\u00e4t beh\u00e5llare. r\u00e4ckh\u00e5ll f\u00f6r barn och husdjur. F\u00f6rvara inte efter utg\u00e5ngstiden, sl\u00e4ng eventuellt oanv\u00e4nt l\u00e4kemedel.<\/p>\n<p>Friskrivning<\/p>\n<p>Vi tillhandah\u00e5ller endast allm\u00e4n information om mediciner som inte t\u00e4cker alla riktningar, m\u00f6jliga l\u00e4kemedelsintegrationer eller f\u00f6rsiktighets\u00e5tg\u00e4rder. Information p\u00e5 webbplatsen kan inte anv\u00e4ndas f\u00f6r sj\u00e4lvbehandling och sj\u00e4lvdiagnos. Eventuella specifika instruktioner f\u00f6r en viss patient b\u00f6r \u00f6verenskommas med din h\u00e4lsor\u00e5dgivare eller l\u00e4kare som \u00e4r ansvarig f\u00f6r \u00e4rendet. Vi fr\u00e5ns\u00e4ger oss tillf\u00f6rlitligheten av denna information och misstag den kan inneh\u00e5lla. Vi ansvarar inte f\u00f6r n\u00e5gra direkta, indirekta, speciella eller andra indirekta skador till f\u00f6ljd av n\u00e5gon anv\u00e4ndning av informationen p\u00e5 denna webbplats och \u00e4ven f\u00f6r konsekvenser av egenbehandling.<\/p>\n","protected":false},"excerpt":{"rendered":"<p>Tadalis SX Generic anv\u00e4nds vid behandling av erektil dysfunktion.<\/p>\n","protected":false},"featured_media":4318,"comment_status":"open","ping_status":"closed","template":"","meta":[],"product_brand":[],"product_cat":[135],"product_tag":[],"class_list":{"0":"post-4360","1":"product","2":"type-product","3":"status-publish","4":"has-post-thumbnail","6":"product_cat-erektil-dysfunktion-sv","7":"pa_active_substance-tadalafil","9":"first","10":"instock","11":"shipping-taxable","12":"product-type-variable"},"jetpack_sharing_enabled":true,"_links":{"self":[{"href":"https:\/\/www.pharmacy-content.com\/index.php?rest_route=\/wp\/v2\/product\/4360","targetHints":{"allow":["GET"]}}],"collection":[{"href":"https:\/\/www.pharmacy-content.com\/index.php?rest_route=\/wp\/v2\/product"}],"about":[{"href":"https:\/\/www.pharmacy-content.com\/index.php?rest_route=\/wp\/v2\/types\/product"}],"replies":[{"embeddable":true,"href":"https:\/\/www.pharmacy-content.com\/index.php?rest_route=%2Fwp%2Fv2%2Fcomments&post=4360"}],"wp:featuredmedia":[{"embeddable":true,"href":"https:\/\/www.pharmacy-content.com\/index.php?rest_route=\/wp\/v2\/media\/4318"}],"wp:attachment":[{"href":"https:\/\/www.pharmacy-content.com\/index.php?rest_route=%2Fwp%2Fv2%2Fmedia&parent=4360"}],"wp:term":[{"taxonomy":"product_brand","embeddable":true,"href":"https:\/\/www.pharmacy-content.com\/index.php?rest_route=%2Fwp%2Fv2%2Fproduct_brand&post=4360"},{"taxonomy":"product_cat","embeddable":true,"href":"https:\/\/www.pharmacy-content.com\/index.php?rest_route=%2Fwp%2Fv2%2Fproduct_cat&post=4360"},{"taxonomy":"product_tag","embeddable":true,"href":"https:\/\/www.pharmacy-content.com\/index.php?rest_route=%2Fwp%2Fv2%2Fproduct_tag&post=4360"}],"curies":[{"name":"wp","href":"https:\/\/api.w.org\/{rel}","templated":true}]}}