{"id":4354,"date":"2026-04-22T06:53:19","date_gmt":"2026-04-22T06:53:19","guid":{"rendered":""},"modified":"2026-04-22T06:53:24","modified_gmt":"2026-04-22T06:53:24","slug":"tadalis-sx-7","status":"publish","type":"product","link":"https:\/\/www.pharmacy-content.com\/pt\/product\/tadalis-sx-7\/","title":{"rendered":"Tadalis SX"},"content":{"rendered":"<p>Uso comum<\/p>\n<p>Tadalis SX \u00e9 uma forma de Tadalafil Gen\u00e9rico usado no tratamento da disfun\u00e7\u00e3o er\u00e9til. Tadalis SX \u00e9 prescrito em homens com problemas para obter e manter a ere\u00e7\u00e3o, atua apenas com estimula\u00e7\u00e3o sexual. O medicamento \u00e9 um inibidor da fosfodiesterase tipo 5. O medicamento relaxa os vasos sangu\u00edneos do p\u00eanis para relaxar, permitindo que o sangue flua no p\u00eanis. Tadalis n\u00e3o \u00e9 caro porque seus fabricantes n\u00e3o precisam investir em marketing, promo\u00e7\u00e3o ou desenvolvimento.<\/p>\n<p>Dosagem e orienta\u00e7\u00e3o<\/p>\n<p>O comprimido de Tadalis SX de 20 mg deve ser tomado cerca de meia hora antes do in\u00edcio de qualquer atividade sexual. atividade. Tome por via oral e engula com \u00e1gua com ou sem refei\u00e7\u00e3o. O medicamento entra em vigor 30 minutos ap\u00f3s sua ingest\u00e3o e dura at\u00e9 36 horas.<\/p>\n<p>Precau\u00e7\u00f5es<\/p>\n<p>O medicamento n\u00e3o se destina ao uso em mulheres e crian\u00e7as. Tome exatamente como prescrito e n\u00e3o exceda a dose recomendada. Tadalis SX n\u00e3o pode ser recomendado em pacientes que foram alertados contra a atividade sexual devido a problemas card\u00edacos. N\u00e3o tome com outros medicamentos para tratamento da disfun\u00e7\u00e3o er\u00e9til se o seu m\u00e9dico n\u00e3o lhe tiver recomendado o outro. Evite tomar com alimentos ricos em gordura e \u00e1lcool, pois pode tornar a a\u00e7\u00e3o do Tadalis SX menos eficaz. Informe o seu m\u00e9dico se tiver anemia falciforme, mieloma, leucemia ou qualquer deforma\u00e7\u00e3o do seu p\u00e9nis, insufici\u00eancia renal ou hep\u00e1tica grave.<\/p>\n<p>Contra-indica\u00e7\u00f5es<\/p>\n<p>Tadalis SX est\u00e1 contra-indicado em indiv\u00edduos tratados concomitantemente com nitratos, pois pode levar a quedas repentinas e potencialmente fatais da press\u00e3o arterial.<\/p>\n<p>Poss\u00edveis efeitos colaterais<\/p>\n<p>As rea\u00e7\u00f5es adversas ao medicamento podem incluir dor de cabe\u00e7a, mialgia (dor muscular), dor nas costas, dispepsia (indigest\u00e3o), azia, rubor, coriza, vis\u00e3o turva geral, incapacidade de distinguir as cores azul e verde, diarr\u00e9ia e infec\u00e7\u00f5es do trato urin\u00e1rio. A redu\u00e7\u00e3o da dose pode minimizar os efeitos. Os efeitos colaterais menos frequentes s\u00e3o erup\u00e7\u00f5es cut\u00e2neas no rosto, aumento da sensibilidade \u00e0 luz, calafrios, perda de equil\u00edbrio, dor no peito e fraqueza, enxaquecas, fun\u00e7\u00e3o hep\u00e1tica anormal, colite, boca seca, gengivite, insufici\u00eancia card\u00edaca, aumento da frequ\u00eancia card\u00edaca, press\u00e3o arterial baixa. , desmaios devido \u00e0 queda da press\u00e3o arterial e forma\u00e7\u00e3o de co\u00e1gulos sangu\u00edneos.<\/p>\n<p>Intera\u00e7\u00e3o medicamentosa<\/p>\n<p>Nunca tome Tadalis SX com qualquer medicamento que contenha nitratos, por exemplo, aqueles para tratar angina, como nitro- glicerina (na forma de comprimidos, pomadas, sprays, adesivos para a pele ou pastas), mononitrato de isossorbida e dinitrato de isossorbida, ou drogas recreativas (&#8216;poppers&#8217;), como nitrato ou nitrito de amila.<\/p>\n<p>Dose esquecida<\/p>\n<p>O medica\u00e7\u00e3o \u00e9 tomada quando necess\u00e1rio. N\u00e3o exceda a dose recomendada.<\/p>\n<p>Sobredosagem<\/p>\n<p>Em caso de suspeita de sobredosagem, procure atendimento m\u00e9dico urgente.<\/p>\n<p>Armazenamento<\/p>\n<p>Mantenha em temperatura ambiente em um recipiente herm\u00e9tico e seco. do alcance de crian\u00e7as e animais de estima\u00e7\u00e3o. N\u00e3o armazene ap\u00f3s o prazo de validade, jogue fora qualquer medicamento n\u00e3o utilizado.<\/p>\n<p>Isen\u00e7\u00e3o de responsabilidade<\/p>\n<p>Fornecemos apenas informa\u00e7\u00f5es gerais sobre medicamentos que n\u00e3o cobrem todas as instru\u00e7\u00f5es, poss\u00edveis integra\u00e7\u00f5es de medicamentos ou precau\u00e7\u00f5es. As informa\u00e7\u00f5es do site n\u00e3o podem ser utilizadas para autotratamento e autodiagn\u00f3stico. Quaisquer instru\u00e7\u00f5es espec\u00edficas para um determinado paciente devem ser acordadas com o seu conselheiro de sa\u00fade ou m\u00e9dico respons\u00e1vel pelo caso. N\u00f3s nos isentamos da confiabilidade dessas informa\u00e7\u00f5es e dos erros que elas possam conter. N\u00e3o nos responsabilizamos por quaisquer danos diretos, indiretos, especiais ou outros danos indiretos resultantes de qualquer uso das informa\u00e7\u00f5es deste site e tamb\u00e9m pelas consequ\u00eancias do autotratamento.<\/p>\n","protected":false},"excerpt":{"rendered":"<p>Tadalis SX Generic \u00e9 utilizado no tratamento da disfun\u00e7\u00e3o er\u00e9til.<\/p>\n","protected":false},"featured_media":4318,"comment_status":"open","ping_status":"closed","template":"","meta":[],"product_brand":[],"product_cat":[132],"product_tag":[],"class_list":{"0":"post-4354","1":"product","2":"type-product","3":"status-publish","4":"has-post-thumbnail","6":"product_cat-disfuncao-eretil-pt","7":"pa_active_substance-tadalafil","9":"first","10":"instock","11":"shipping-taxable","12":"product-type-variable"},"jetpack_sharing_enabled":true,"_links":{"self":[{"href":"https:\/\/www.pharmacy-content.com\/wp-json\/wp\/v2\/product\/4354","targetHints":{"allow":["GET"]}}],"collection":[{"href":"https:\/\/www.pharmacy-content.com\/wp-json\/wp\/v2\/product"}],"about":[{"href":"https:\/\/www.pharmacy-content.com\/wp-json\/wp\/v2\/types\/product"}],"replies":[{"embeddable":true,"href":"https:\/\/www.pharmacy-content.com\/wp-json\/wp\/v2\/comments?post=4354"}],"wp:featuredmedia":[{"embeddable":true,"href":"https:\/\/www.pharmacy-content.com\/wp-json\/wp\/v2\/media\/4318"}],"wp:attachment":[{"href":"https:\/\/www.pharmacy-content.com\/wp-json\/wp\/v2\/media?parent=4354"}],"wp:term":[{"taxonomy":"product_brand","embeddable":true,"href":"https:\/\/www.pharmacy-content.com\/wp-json\/wp\/v2\/product_brand?post=4354"},{"taxonomy":"product_cat","embeddable":true,"href":"https:\/\/www.pharmacy-content.com\/wp-json\/wp\/v2\/product_cat?post=4354"},{"taxonomy":"product_tag","embeddable":true,"href":"https:\/\/www.pharmacy-content.com\/wp-json\/wp\/v2\/product_tag?post=4354"}],"curies":[{"name":"wp","href":"https:\/\/api.w.org\/{rel}","templated":true}]}}