{"id":4348,"date":"2026-04-22T06:53:18","date_gmt":"2026-04-22T06:53:18","guid":{"rendered":""},"modified":"2026-04-22T06:53:24","modified_gmt":"2026-04-22T06:53:24","slug":"tadalis-sx-6","status":"publish","type":"product","link":"https:\/\/www.pharmacy-content.com\/pl\/product\/tadalis-sx-6\/","title":{"rendered":"Tadalis SX"},"content":{"rendered":"<p>Powszechne zastosowanie<\/p>\n<p>Tadalis SX to posta\u0107 generycznego Tadalafilu stosowanego w leczeniu zaburze\u0144 erekcji. Tadalis SX przepisywany jest m\u0119\u017cczyznom maj\u0105cym problemy z uzyskaniem i utrzymaniem erekcji, dzia\u0142a wy\u0142\u0105cznie przy pobudzeniu seksualnym. Lek jest lekiem b\u0119d\u0105cym inhibitorem fosfodiesterazy typu 5. Lek rozlu\u017ania naczynia krwiono\u015bne w pr\u0105ciu, umo\u017cliwiaj\u0105c przep\u0142yw krwi w pr\u0105ciu. Tadalis nie jest drogi, poniewa\u017c jego producenci nie musz\u0105 inwestowa\u0107 w marketing, promocj\u0119 czy rozw\u00f3j.<\/p>\n<p>Dawkowanie i spos\u00f3b u\u017cycia<\/p>\n<p>Tadalis SX w dawce 20 mg nale\u017cy za\u017cywa\u0107 oko\u0142o p\u00f3\u0142 godziny przed rozpocz\u0119ciem jakiegokolwiek stosunku seksualnego dzia\u0142alno\u015b\u0107. Nale\u017cy go przyjmowa\u0107 doustnie i po\u0142yka\u0107, popijaj\u0105c wod\u0105, z posi\u0142kiem lub bez posi\u0142ku. Lek zaczyna dzia\u0142a\u0107 w ci\u0105gu 30 minut od jego przyj\u0119cia i dzia\u0142a do 36 godzin.<\/p>\n<p>\u015arodki ostro\u017cno\u015bci<\/p>\n<p>Lek nie jest przeznaczony do stosowania u kobiet i dzieci. Nale\u017cy przyjmowa\u0107 dok\u0142adnie zgodnie z zaleceniami i nie przekracza\u0107 zalecanej dawki. Tadalis SX nie mo\u017ce by\u0107 zalecany pacjentom, kt\u00f3rzy zostali ostrze\u017ceni przed wsp\u00f3\u0142\u017cyciem ze wzgl\u0119du na problemy z sercem. Nie nale\u017cy przyjmowa\u0107 z innymi lekami stosowanymi w leczeniu zaburze\u0144 erekcji, je\u015bli lekarz nie zaleci\u0142 inaczej. Unikaj przyjmowania z pokarmami o du\u017cej zawarto\u015bci t\u0142uszczu i alkoholem, poniewa\u017c mo\u017ce to spowodowa\u0107, \u017ce dzia\u0142anie Tadalis SX b\u0119dzie mniej skuteczne. Poinformuj swojego lekarza, je\u015bli cierpisz na anemi\u0119 sierpowatokrwinkow\u0105, szpiczaka, bia\u0142aczk\u0119 lub jak\u0105kolwiek deformacj\u0119 pr\u0105cia, ci\u0119\u017ckie zaburzenia czynno\u015bci nerek lub w\u0105troby.<\/p>\n<p>Przeciwwskazania<\/p>\n<p>Tadalis SX jest przeciwwskazany u os\u00f3b leczonych jednocze\u015bnie azotanami, poniewa\u017c mo\u017ce prowadzi\u0107 do nag\u0142ych i zagra\u017caj\u0105cych \u017cyciu spadk\u00f3w ci\u015bnienia krwi.<\/p>\n<p>Mo\u017cliwe skutki uboczne<\/p>\n<p>Niepo\u017c\u0105dane reakcje na lek mog\u0105 obejmowa\u0107 b\u00f3l g\u0142owy, b\u00f3le mi\u0119\u015bni (b\u00f3le mi\u0119\u015bni), b\u00f3l plec\u00f3w, niestrawno\u015b\u0107 (niestrawno\u015b\u0107), zgag\u0119, uderzenia gor\u0105ca, katar, og\u00f3lne niewyra\u017ane widzenie, niemo\u017cno\u015b\u0107 rozr\u00f3\u017cnienia koloru niebieskiego i zielonego, biegunka i infekcje dr\u00f3g moczowych. Obni\u017cenie dawki mo\u017ce zminimalizowa\u0107 skutki. Rzadziej wyst\u0119puj\u0105ce dzia\u0142ania niepo\u017c\u0105dane to wysypka na twarzy, zwi\u0119kszona wra\u017cliwo\u015b\u0107 na \u015bwiat\u0142o, dreszcze, utrata r\u00f3wnowagi, b\u00f3l w klatce piersiowej i os\u0142abienie, migreny, nieprawid\u0142owa czynno\u015b\u0107 w\u0105troby, zapalenie okr\u0119\u017cnicy, sucho\u015b\u0107 w ustach, zapalenie dzi\u0105se\u0142, niewydolno\u015b\u0107 serca, przyspieszona czynno\u015b\u0107 serca, niskie ci\u015bnienie krwi , omdlenia spowodowane spadkiem ci\u015bnienia krwi i tworzeniem si\u0119 zakrzep\u00f3w krwi.<\/p>\n<p>Interakcje lek\u00f3w<\/p>\n<p>Nigdy nie nale\u017cy stosowa\u0107 Tadalis SX z \u017cadnymi lekami zawieraj\u0105cymi azotany, np. stosowanymi w leczeniu dusznicy bolesnej, takimi jak nitro- gliceryna (w postaci tabletek, ma\u015bci, spray\u00f3w, plastr\u00f3w lub past) monoazotan i diazotan izosorbidu lub leki rekreacyjne (poppersy), takie jak azotan lub azotyn amylu.<\/p>\n<p>Pomini\u0119ta dawka<\/p>\n<p>The leki s\u0105 przyjmowane w razie potrzeby. Nie przekracza\u0107 zalecanej dawki.<\/p>\n<p>Przedawkowanie<\/p>\n<p>W przypadku podejrzenia przedawkowania nale\u017cy pilnie zwr\u00f3ci\u0107 si\u0119 o pomoc lekarsk\u0105.<\/p>\n<p>Przechowywanie<\/p>\n<p>Przechowywa\u0107 w temperaturze pokojowej, w suchym, szczelnym pojemniku, na zewn\u0105trz zasi\u0119gu dzieci i zwierz\u0105t domowych. Nie przechowywa\u0107 po up\u0142ywie terminu wa\u017cno\u015bci, wyrzuci\u0107 niewykorzystany lek.<\/p>\n<p>Zastrze\u017cenie<\/p>\n<p>Podajemy jedynie og\u00f3lne informacje o lekach, kt\u00f3re nie obejmuj\u0105 wszystkich wskaz\u00f3wek, mo\u017cliwych po\u0142\u0105cze\u0144 lek\u00f3w ani \u015brodk\u00f3w ostro\u017cno\u015bci. Informacje zawarte na stronie nie mog\u0105 by\u0107 wykorzystywane do samodzielnego leczenia i autodiagnozy. Wszelkie szczeg\u00f3\u0142owe instrukcje dla konkretnego pacjenta nale\u017cy uzgodni\u0107 z doradc\u0105 ds. opieki zdrowotnej lub lekarzem prowadz\u0105cym dany przypadek. Zrzekamy si\u0119 wiarygodno\u015bci tych informacji i b\u0142\u0119d\u00f3w, jakie mog\u0105 one zawiera\u0107. Nie ponosimy odpowiedzialno\u015bci za jakiekolwiek bezpo\u015brednie, po\u015brednie, szczeg\u00f3lne lub inne po\u015brednie szkody powsta\u0142e w wyniku wykorzystania informacji zawartych na tej stronie, a tak\u017ce za konsekwencje samoleczenia.<\/p>\n","protected":false},"excerpt":{"rendered":"<p>Tadalis SX Generic stosowany jest w leczeniu zaburze\u0144 erekcji.<\/p>\n","protected":false},"featured_media":4318,"comment_status":"open","ping_status":"closed","template":"","meta":[],"product_brand":[],"product_cat":[129],"product_tag":[],"class_list":{"0":"post-4348","1":"product","2":"type-product","3":"status-publish","4":"has-post-thumbnail","6":"product_cat-dysfunkcja-erekcji-pl","7":"pa_active_substance-tadalafil","9":"first","10":"instock","11":"shipping-taxable","12":"product-type-variable"},"jetpack_sharing_enabled":true,"_links":{"self":[{"href":"https:\/\/www.pharmacy-content.com\/wp-json\/wp\/v2\/product\/4348","targetHints":{"allow":["GET"]}}],"collection":[{"href":"https:\/\/www.pharmacy-content.com\/wp-json\/wp\/v2\/product"}],"about":[{"href":"https:\/\/www.pharmacy-content.com\/wp-json\/wp\/v2\/types\/product"}],"replies":[{"embeddable":true,"href":"https:\/\/www.pharmacy-content.com\/wp-json\/wp\/v2\/comments?post=4348"}],"wp:featuredmedia":[{"embeddable":true,"href":"https:\/\/www.pharmacy-content.com\/wp-json\/wp\/v2\/media\/4318"}],"wp:attachment":[{"href":"https:\/\/www.pharmacy-content.com\/wp-json\/wp\/v2\/media?parent=4348"}],"wp:term":[{"taxonomy":"product_brand","embeddable":true,"href":"https:\/\/www.pharmacy-content.com\/wp-json\/wp\/v2\/product_brand?post=4348"},{"taxonomy":"product_cat","embeddable":true,"href":"https:\/\/www.pharmacy-content.com\/wp-json\/wp\/v2\/product_cat?post=4348"},{"taxonomy":"product_tag","embeddable":true,"href":"https:\/\/www.pharmacy-content.com\/wp-json\/wp\/v2\/product_tag?post=4348"}],"curies":[{"name":"wp","href":"https:\/\/api.w.org\/{rel}","templated":true}]}}