{"id":4342,"date":"2026-04-22T06:53:17","date_gmt":"2026-04-22T06:53:17","guid":{"rendered":""},"modified":"2026-04-22T06:53:24","modified_gmt":"2026-04-22T06:53:24","slug":"tadalis-sx-5","status":"publish","type":"product","link":"https:\/\/www.pharmacy-content.com\/es\/product\/tadalis-sx-5\/","title":{"rendered":"Tadalis SX"},"content":{"rendered":"<p>\u00bfQu\u00e9 es este medicamento?<br \/>\nEl TADALAFILO se utiliza para tratar los problemas de erecci\u00f3n en hombres.<br \/>\n\u00bfQu\u00e9 le deber\u00eda decir a mi m\u00e9dico antes de utilizar esta medicaci\u00f3n?<br \/>\nNecesita saber si usted tiene cualquiera de estas enfermedades: problemas de la vista o de los ojos, incluyendo una rara enfermedad ocular llamada retinitis pigmentaria enfermedades cardiacas, angina de pecho, antecedentes de ataques al coraz\u00f3n, ritmo cardiaco irregular, u otros problemas cardiacos presi\u00f3n arterial alta o baja enfermedad hep\u00e1tica o renal derrame cerebral una reacci\u00f3n inusual o al\u00e9rgica al tadalafilo, a otros medicamentos, a alimentos, a colorantes, o a conservantes s\u00ed est\u00e1 embarazada o est\u00e1 tratando de quedarse s\u00ed est\u00e1 dando el pecho<br \/>\n\u00bfC\u00f3mo debo de tomar este medicamento?<br \/>\nTome este medicamento por v\u00eda oral con un vaso de agua. Sigua las instrucciones indicadas en el prospecto del medicamento. Puede tomar este medicamento con o sin comida. La dosis se toma normalmente 30 a 60 minutos antes de la actividad sexual. Usted nunca deber\u00eda de tomar m\u00e1s de una dosis al d\u00eda. No tome su medicamento m\u00e1s seguido de lo indicado.<br \/>\nHable con su pediatra sobre la utilizaci\u00f3n de este medicamento en ni\u00f1os. Se podr\u00edan necesitar cuidados especiales.<br \/>\nSobredosis: Si piensa que ha tomado demasiada medicaci\u00f3n, p\u00f3ngase en contacto con el Servicio de Informaci\u00f3n Toxicol\u00f3gica o dir\u00edjase de inmediato a urgencias.<br \/>\nNOTA: Este medicamento es s\u00f3lo suyo. No comparta este medicamento con otros.<br \/>\n\u00bfQu\u00e9 pasa si me olvido una dosis?<br \/>\nSi se le olvid\u00f3 tomar su dosis, tome la dosis cuando lo recuerde, pero no tome m\u00e1s de una dosis al d\u00eda.<br \/>\n\u00bfQu\u00e9 puede interactuar con este medicamento?<br \/>\nNo tome este medicamento conjuntamente con cualquiera de las siguientes medicaciones: nitratos como el nitrito de amilo, el dinitrato de isosorbida, el mononitrato de isosorbida, la nitroglicerina<br \/>\nEste medicamento tambi\u00e9n puede interactuar con los siguientes medicamentos: ciertos medicamentos para la hipertensi\u00f3n ciertos medicamentos para el tratamiento de la infecci\u00f3n por VIH o del SIDA ciertos medicamentos para las infecciones por hongos o por levaduras, como el fluconazol, el itraconazol, el ketoconazol, y el voriconazol ciertos anticonvulsivos como la carbamazepina, la fenito\u00edna, y el fenobarbital zumo de toronja (pomelo) antibi\u00f3ticos como la claritromicina, la eritromicina, y la troleandomicina medicamentos para problemas de pr\u00f3stata rifampina, rifabutina o rifapentina<br \/>\nEs posible que este listado no describa todas las posibles interacciones. Dele a su m\u00e9dico un listado con todos los medicamentos, hierbas, medicamentos sin receta, o suplementos diet\u00e9ticos, que est\u00e9 tomando. Tambi\u00e9n inf\u00f3rmeles s\u00ed fuma, bebe alcohol, o usa drogas ilegales. Algunas cosas pueden interactuar con su medicamento.<br \/>\n\u00bfQu\u00e9 debo tener en cuenta mientras tomo este medicamento?<br \/>\nS\u00ed nota cambios en su vista mientras est\u00e9 tomando este medicamento, llame a su m\u00e9dico tan pronto como le sea posible. Deje de usar este medicamento y llame inmediatamente a su m\u00e9dico s\u00ed pierde la vista en un ojo o en ambos.<br \/>\nLlame inmediatamente a su m\u00e9dico s\u00ed la erecci\u00f3n dura m\u00e1s de 4 horas o se vuelve dolorosa. Esto puede ser una se\u00f1al de un problema grave y debe de ser tratado inmediatamente para prevenir un da\u00f1o permanente.<br \/>\nS\u00ed experimenta s\u00edntomas de nausea, mareos, dolor en el pecho o en el brazo al empezar la actividad sexual despu\u00e9s de haber tomado el medicamento, usted deber\u00eda abstenerse de continuar la actividad y ponerse en contacto con su m\u00e9dico inmediatamente.<br \/>\nNo beba alcohol en exceso (ejemplos, 5 copas de vino o 5 chupitos de whiskey) Cuando se bebe alcohol en exceso, pueden aumentar las probabilidades que le duela la cabeza o se mare, aumentando su ritmo cardiaco o disminuyendo su presi\u00f3n arterial.<br \/>\nEl uso de este medicamento no lo protege a usted o a su compa\u00f1ero\/compa\u00f1era de la infecci\u00f3n por VIH (el virus que causa el SIDA) u otras enfermedades de transmisi\u00f3n sexual.<br \/>\n\u00bfQu\u00e9 efectos secundarios puede causar este medicamento?<br \/>\nAvise a su m\u00e9dico o profesional de la salud lo antes posible s\u00ed observa alguno de estos efectos secundarios: reacciones al\u00e9rgicas como erupciones en la piel, picaz\u00f3n o urticaria, inflamaci\u00f3n de la cara, de los labios, o de la lengua problemas respiratorios cambios en la audici\u00f3n dolor en el pecho ritmo cardiaco irregular, r\u00e1pido<br \/>\nEstos son los efectos secundarios que normalmente no requieren atenci\u00f3n m\u00e9dica (inf\u00f3rmele a su m\u00e9dico o profesional de la salud si contin\u00faan o son molestos): dolor de espalda mareos rubor (bochorno) dolor de cabeza indigesti\u00f3n dolores musculares congesti\u00f3n o secreci\u00f3n nasal<br \/>\nEs posible que en este listado no est\u00e9n todos los efectos secundarios.<br \/>\n\u00bfD\u00f3nde deber\u00eda guardar mi medicaci\u00f3n?<br \/>\nMantenga este medicamento fuera del alcance de los ni\u00f1os.<br \/>\nCons\u00e9rvelo a temperatura ambiente entre 15\u00ba y 30\u00ba grados C (59\u00ba y 86\u00ba grados F). Tire a la basura cualquier medicamento sin usar pasada la fecha de caducidad.<\/p>\n","protected":false},"excerpt":{"rendered":"<p>Tadalis SX se utiliza para tratar problemas de la funci\u00f3n sexual, como la impotencia o la disfunci\u00f3n er\u00e9ctil. Est\u00e1 fabricado por Ajanta. Su principio activo principal es el mismo que el de Cialis<\/p>\n","protected":false},"featured_media":4318,"comment_status":"open","ping_status":"closed","template":"","meta":[],"product_brand":[],"product_cat":[126],"product_tag":[],"class_list":{"0":"post-4342","1":"product","2":"type-product","3":"status-publish","4":"has-post-thumbnail","6":"product_cat-disfuncion-erectil-es","7":"pa_active_substance-tadalafil","9":"first","10":"instock","11":"shipping-taxable","12":"product-type-variable"},"jetpack_sharing_enabled":true,"_links":{"self":[{"href":"https:\/\/www.pharmacy-content.com\/wp-json\/wp\/v2\/product\/4342","targetHints":{"allow":["GET"]}}],"collection":[{"href":"https:\/\/www.pharmacy-content.com\/wp-json\/wp\/v2\/product"}],"about":[{"href":"https:\/\/www.pharmacy-content.com\/wp-json\/wp\/v2\/types\/product"}],"replies":[{"embeddable":true,"href":"https:\/\/www.pharmacy-content.com\/wp-json\/wp\/v2\/comments?post=4342"}],"wp:featuredmedia":[{"embeddable":true,"href":"https:\/\/www.pharmacy-content.com\/wp-json\/wp\/v2\/media\/4318"}],"wp:attachment":[{"href":"https:\/\/www.pharmacy-content.com\/wp-json\/wp\/v2\/media?parent=4342"}],"wp:term":[{"taxonomy":"product_brand","embeddable":true,"href":"https:\/\/www.pharmacy-content.com\/wp-json\/wp\/v2\/product_brand?post=4342"},{"taxonomy":"product_cat","embeddable":true,"href":"https:\/\/www.pharmacy-content.com\/wp-json\/wp\/v2\/product_cat?post=4342"},{"taxonomy":"product_tag","embeddable":true,"href":"https:\/\/www.pharmacy-content.com\/wp-json\/wp\/v2\/product_tag?post=4342"}],"curies":[{"name":"wp","href":"https:\/\/api.w.org\/{rel}","templated":true}]}}