{"id":4336,"date":"2026-04-22T06:53:16","date_gmt":"2026-04-22T06:53:16","guid":{"rendered":""},"modified":"2026-04-22T06:53:24","modified_gmt":"2026-04-22T06:53:24","slug":"tadalis-sx-4","status":"publish","type":"product","link":"https:\/\/www.pharmacy-content.com\/it\/product\/tadalis-sx-4\/","title":{"rendered":"Tadalis SX"},"content":{"rendered":"<p>Indicazioni<br \/>\nTADALAFIL \u00e8 usato nel trattamento della disfunzione erettile negli uomini.<br \/>\nSpeciali avvertenze e precauzioni per l\u2019uso<br \/>\nPrima di iniziare la somministrazione del farmaco avvisare il medico curante se una delle seguenti condizioni \u00e8 occorsa: disturbi della vista, compresa la retinite pigmentosa, una rara malattia genetica dell&#8217;occhio malattie cardiache, angina, ipertensione, ipotensione, attacco di cuore o altri problemi cardiaci malattie epatiche malattie renali infarto ipersensibilit\u00e0 o allergie al tadalafil, altre medicine, cibo, coloranti o conservanti gravidanza o intenzione di rimanere incinta allattamento<br \/>\nPosologia e modo di somministrazione<br \/>\nAssumere il farmaco per via orale con acqua. Seguire attentamente le avvertenze. Si pu\u00f2 prendere con o senza cibo. La dose va assunta 30-60 minuti prima dell&#8217;attivit\u00e0 sessuale. Non assumere il farmaco pi\u00f9 di una volta al giorno. Non superare le dosi consigliate<br \/>\nLa somministrazione del farmaco ai bambini va preventivamente discussa con il pediatra.<br \/>\nSovradosaggio: In caso di sovradosaggio si consiglia di ricorrere ai normali presidi di pronto soccorso.<br \/>\nNOTA BENE: il farmaco \u00e8 prescritto per uso personale.<br \/>\nAssunzione irregolare<br \/>\nSe si dimentica una dose assumerla non appena ci si ricordi di farlo, ma non assumere due o pi\u00f9 dosi in un giorno.<br \/>\nInterazioni<br \/>\nNon assumere il farmaco contemporaneamente con: nitrati quali, nitrito, isosorbide dinitrato, isosorbide mononitrato, nitroglicerina<br \/>\nAltre note interazioni medicamentose: farmaci per l&#8217;ipertensione farmaci per il trattamento dell&#8217;HIV e dell&#8217;AIDS anitmicotici quali fluconazolo, itraconazolo, ketoconazolo e voriconazolo anticonvulsivi quali carbamazepina, fenitoina e fenobarbitale succo di pompelmo antibiotici macrolidi, quali claritromicina, eritromicina, troleandomicina farmaci per i disturbi alla prostata rifabutina, rifapentina, e rifampina<br \/>\nLa lista di cui sopra non \u00e8 esaustiva delle interazioni medicamentose. Contattare il medico curante e indicare i farmaci e medicamenti che si stanno assumendo e se si fuma o si fa consumo di bevande alcoliche e di droghe. Consultare il medico prima di iniziare con nuovi farmaci.<br \/>\nSpeciali avvertenze e precauzioni per l\u2019uso<br \/>\nAvvisare il medico immediatamente se si notano variazioni della vista durante l&#8217;assunzione del farmaco. Interrompere l&#8217;assunzione del farmaco e contattare immediatamente il medico se si perde la vista da uno o entrambi gli occhi.<br \/>\nAvvisare immediatamente il medico se l&#8217;erezione dura pi\u00f9 di quattro ore e in caso di erezione dolorosa. Questi possono essere sintomi di gravi problemi che devono essere trattati immediatamente onde evitare danni permanenti.<br \/>\nSe dopo aver preso il farmaco e all&#8217;inizio del rapporto sessuale si avvertono nausea, vertigini, dolore al petto e al braccio, interrompere il rapporto e contattare il medico il prima possibile.<br \/>\nNon bere eccessive quantit\u00e0 di alcol quando si assume il farmaco (es. 5 bicchieri di vino o 5 shot di whiskey). L&#8217;alcol pu\u00f2 aumentare l&#8217;insorgenza di cefalea e vertigini e aumentare il battito cardiaco e diminuire la pressione arteriosa.<br \/>\nL&#8217;uso del farmaco non protegge dall&#8217;HIV (il virus che causa l&#8217;AIDS) e da altre malattie a trasmissione sessuale.<br \/>\nEffetti indesiderati<br \/>\nConsultare il medico curante il prima possibile se uno sei seguenti sintomi si dovesse manifestare: reazioni allergiche quali rash cutanei, pruriti o orticaria, gonfiori della faccia, labbra e lingua variazione dell&#8217;udito dolore al petto tachicardia<br \/>\nAltri effetti indesiderati, che non richiedono l\u2019immediata assistenza del medico, da riportare in caso di prolungato fastidio: mal di schiena vertigini cefalea rossore indigestione congestione nasale dolore muscolare<br \/>\nLa lista di cui sopra non \u00e8 esaustiva degli effetti indesiderati.<br \/>\nSpeciali precauzioni per la conservazione<br \/>\nTenere fuori dalla portata dei bambini.<br \/>\nConservare a temperatura ambiente (15-30\u00b0C). Eliminare i farmaci scaduti negli appositi contenitori.<\/p>\n","protected":false},"excerpt":{"rendered":"<p>Tadalis SX si utilizza per il trattamento di problemi di disfunzione sessuale come l\u2019impotenza o disfunzione erettile. \u00c8 prodotto da Ajanta. Il suo principio attivo \u00e8 lo stesso del Cialis &#8211; il Tadalafil.<\/p>\n","protected":false},"featured_media":4318,"comment_status":"open","ping_status":"closed","template":"","meta":[],"product_brand":[],"product_cat":[123],"product_tag":[],"class_list":{"0":"post-4336","1":"product","2":"type-product","3":"status-publish","4":"has-post-thumbnail","6":"product_cat-disfunzione-erettile-it","7":"pa_active_substance-tadalafil","9":"first","10":"instock","11":"shipping-taxable","12":"product-type-variable"},"jetpack_sharing_enabled":true,"_links":{"self":[{"href":"https:\/\/www.pharmacy-content.com\/wp-json\/wp\/v2\/product\/4336","targetHints":{"allow":["GET"]}}],"collection":[{"href":"https:\/\/www.pharmacy-content.com\/wp-json\/wp\/v2\/product"}],"about":[{"href":"https:\/\/www.pharmacy-content.com\/wp-json\/wp\/v2\/types\/product"}],"replies":[{"embeddable":true,"href":"https:\/\/www.pharmacy-content.com\/wp-json\/wp\/v2\/comments?post=4336"}],"wp:featuredmedia":[{"embeddable":true,"href":"https:\/\/www.pharmacy-content.com\/wp-json\/wp\/v2\/media\/4318"}],"wp:attachment":[{"href":"https:\/\/www.pharmacy-content.com\/wp-json\/wp\/v2\/media?parent=4336"}],"wp:term":[{"taxonomy":"product_brand","embeddable":true,"href":"https:\/\/www.pharmacy-content.com\/wp-json\/wp\/v2\/product_brand?post=4336"},{"taxonomy":"product_cat","embeddable":true,"href":"https:\/\/www.pharmacy-content.com\/wp-json\/wp\/v2\/product_cat?post=4336"},{"taxonomy":"product_tag","embeddable":true,"href":"https:\/\/www.pharmacy-content.com\/wp-json\/wp\/v2\/product_tag?post=4336"}],"curies":[{"name":"wp","href":"https:\/\/api.w.org\/{rel}","templated":true}]}}