{"id":4324,"date":"2026-04-22T06:53:14","date_gmt":"2026-04-22T06:53:14","guid":{"rendered":""},"modified":"2026-04-22T06:53:24","modified_gmt":"2026-04-22T06:53:24","slug":"tadalis-sx-2","status":"publish","type":"product","link":"https:\/\/www.pharmacy-content.com\/de\/product\/tadalis-sx-2\/","title":{"rendered":"Tadalis SX"},"content":{"rendered":"<p>Allgemeine Anwendung<\/p>\n<p>Tadalis SX ist eine Form des generischen Tadalafil, das zur Behandlung von erektiler Dysfunktion eingesetzt wird. Tadalis SX wird M\u00e4nnern mit Problemen beim Erreichen und Aufrechterhalten einer Erektion verschrieben und wirkt nur bei sexueller Stimulation. Das Medikament ist ein Phosphodiesterase-Typ-5-Hemmer. Das Medikament entspannt die Blutgef\u00e4\u00dfe im Penis, sodass das Blut im Penis flie\u00dfen kann. Tadalis ist nicht teuer, da die Hersteller nicht in Marketing, Werbung oder Entwicklung investieren m\u00fcssen.<\/p>\n<p>Dosierung und Anwendung<\/p>\n<p>Tadalis SX Tab mit 20 mg sollte etwa eine halbe Stunde vor Beginn des Geschlechtsverkehrs eingenommen werden Aktivit\u00e4t. Nehmen Sie es oral ein und schlucken Sie es mit Wasser zu oder ohne eine Mahlzeit. Das Medikament entfaltet seine Wirkung innerhalb von 30 Minuten nach der Einnahme und h\u00e4lt bis zu 36 Stunden an.<\/p>\n<p>Vorsichtsma\u00dfnahmen<\/p>\n<p>Das Medikament ist nicht f\u00fcr die Anwendung bei Frauen und Kindern bestimmt. Nehmen Sie es genau nach Anweisung ein und \u00fcberschreiten Sie nicht die empfohlene Dosis. Tadalis SX kann Patienten nicht empfohlen werden, denen aufgrund von Herzproblemen vor sexueller Aktivit\u00e4t gewarnt wurde. Nehmen Sie es nicht zusammen mit anderen Medikamenten zur Behandlung der erektilen Dysfunktion ein, es sei denn, Ihr Arzt hat Ihnen etwas anderes empfohlen. Vermeiden Sie die Einnahme zusammen mit fettreichen Nahrungsmitteln und Alkohol, da dies die Wirkung von Tadalis SX beeintr\u00e4chtigen kann. Informieren Sie Ihren Arzt, wenn Sie an Sichelzellenan\u00e4mie, Myelom, Leuk\u00e4mie oder einer Deformierung Ihres Penis oder einer schweren Nieren- oder Leberfunktionsst\u00f6rung leiden.<\/p>\n<p>Kontraindikationen<\/p>\n<p>Tadalis SX ist bei Personen, die gleichzeitig mit Nitraten behandelt werden, kontraindiziert kann zu pl\u00f6tzlichen und lebensbedrohlichen Blutdruckabf\u00e4llen f\u00fchren.<\/p>\n<p>M\u00f6gliche Nebenwirkungen<\/p>\n<p>Zu den Nebenwirkungen des Medikaments k\u00f6nnen Kopfschmerzen, Myalgie (Muskelschmerzen), R\u00fcckenschmerzen, Dyspepsie (Verdauungsst\u00f6rungen), Sodbrennen, Hitzewallungen, laufende Nase, allgemeine verschwommene Sicht, Unf\u00e4higkeit, blaue und gr\u00fcne Farben zu unterscheiden, Durchfall und Harnwegsinfektionen. Eine Verringerung der Dosis kann die Auswirkungen minimieren. Weniger h\u00e4ufige Nebenwirkungen sind Hautausschl\u00e4ge im Gesicht, erh\u00f6hte Lichtempfindlichkeit, Sch\u00fcttelfrost, Gleichgewichtsverlust, Brustschmerzen und -schw\u00e4che, Migr\u00e4ne, Leberfunktionsst\u00f6rungen, Kolitis, Mundtrockenheit, Zahnfleischentz\u00fcndung, Herzversagen, erh\u00f6hte Herzfrequenz, niedriger Blutdruck , Ohnmacht aufgrund eines Blutdruckabfalls und Bildung von Blutgerinnseln.<\/p>\n<p>Wechselwirkungen mit anderen Arzneimitteln<\/p>\n<p>Nehmen Sie Tadalis SX niemals zusammen mit Arzneimitteln ein, die Nitrate enthalten, beispielsweise solche zur Behandlung von Angina pectoris wie Nitro- Glycerin (in Form von Tabletten, Salben, Sprays, Hautpflastern oder Pasten), Isosorbidmononitrat und Isosorbiddinitrat oder Freizeitdrogen (\u2018Poppers\u2019) wie Amylnitrat oder Nitrit.<\/p>\n<p>Verpasste Dosis<\/p>\n<p>Die Medikamente werden bei Bedarf eingenommen. \u00dcberschreiten Sie nicht die empfohlene Dosis.<\/p>\n<p>\u00dcberdosierung<\/p>\n<p>Bei Verdacht auf eine \u00dcberdosierung suchen Sie dringend einen Arzt auf.<\/p>\n<p>Lagerung<\/p>\n<p>Bei Raumtemperatur in einem trockenen, dichten Beh\u00e4lter aufbewahren au\u00dferhalb der Reichweite von Kindern und Haustieren. Lagern Sie das Arzneimittel nicht nach Ablauf des Verfallsdatums und entsorgen Sie nicht verwendete Arzneimittel.<\/p>\n<p>Haftungsausschluss<\/p>\n<p>Wir stellen nur allgemeine Informationen zu Medikamenten zur Verf\u00fcgung, die nicht alle Anweisungen, m\u00f6gliche Arzneimittelkombinationen oder Vorsichtsma\u00dfnahmen abdecken. Die Informationen auf der Website k\u00f6nnen nicht zur Selbstbehandlung und Selbstdiagnose verwendet werden. Spezifische Anweisungen f\u00fcr einen bestimmten Patienten sollten mit Ihrem Gesundheitsberater oder dem f\u00fcr den Fall zust\u00e4ndigen Arzt vereinbart werden. Wir lehnen die Zuverl\u00e4ssigkeit dieser Informationen und die darin enthaltenen Fehler ab. Wir haften nicht f\u00fcr direkte, indirekte, besondere oder sonstige indirekte Sch\u00e4den, die sich aus der Nutzung der Informationen auf dieser Website ergeben und auch nicht f\u00fcr Folgen der Selbstbehandlung.<\/p>\n","protected":false},"excerpt":{"rendered":"<p>Tadalis SX Generic wird zur Behandlung der erektilen Dysfunktion eingesetzt.<\/p>\n","protected":false},"featured_media":4318,"comment_status":"open","ping_status":"closed","template":"","meta":[],"product_brand":[],"product_cat":[117],"product_tag":[],"class_list":{"0":"post-4324","1":"product","2":"type-product","3":"status-publish","4":"has-post-thumbnail","6":"product_cat-erektile-dysfunktion-de","7":"pa_active_substance-tadalafil","9":"first","10":"instock","11":"shipping-taxable","12":"product-type-variable"},"jetpack_sharing_enabled":true,"_links":{"self":[{"href":"https:\/\/www.pharmacy-content.com\/wp-json\/wp\/v2\/product\/4324","targetHints":{"allow":["GET"]}}],"collection":[{"href":"https:\/\/www.pharmacy-content.com\/wp-json\/wp\/v2\/product"}],"about":[{"href":"https:\/\/www.pharmacy-content.com\/wp-json\/wp\/v2\/types\/product"}],"replies":[{"embeddable":true,"href":"https:\/\/www.pharmacy-content.com\/wp-json\/wp\/v2\/comments?post=4324"}],"wp:featuredmedia":[{"embeddable":true,"href":"https:\/\/www.pharmacy-content.com\/wp-json\/wp\/v2\/media\/4318"}],"wp:attachment":[{"href":"https:\/\/www.pharmacy-content.com\/wp-json\/wp\/v2\/media?parent=4324"}],"wp:term":[{"taxonomy":"product_brand","embeddable":true,"href":"https:\/\/www.pharmacy-content.com\/wp-json\/wp\/v2\/product_brand?post=4324"},{"taxonomy":"product_cat","embeddable":true,"href":"https:\/\/www.pharmacy-content.com\/wp-json\/wp\/v2\/product_cat?post=4324"},{"taxonomy":"product_tag","embeddable":true,"href":"https:\/\/www.pharmacy-content.com\/wp-json\/wp\/v2\/product_tag?post=4324"}],"curies":[{"name":"wp","href":"https:\/\/api.w.org\/{rel}","templated":true}]}}