{"id":4293,"date":"2026-04-22T06:53:04","date_gmt":"2026-04-22T06:53:04","guid":{"rendered":""},"modified":"2026-04-22T06:53:09","modified_gmt":"2026-04-22T06:53:09","slug":"tadacip-7","status":"publish","type":"product","link":"https:\/\/www.pharmacy-content.com\/?product=tadacip-7&lang=pt","title":{"rendered":"Tadacip"},"content":{"rendered":"<p>Uso comum<\/p>\n<p>Tadacip pertence \u00e0 classe de medicamentos conhecidos como fosfodiesterase-5 (PDE-5). Quando ocorre a estimula\u00e7\u00e3o sexual, o Tadacip permite que o p\u00eanis do homem se encha com sangue suficiente para causar uma ere\u00e7\u00e3o. Em homens com disfun\u00e7\u00e3o er\u00e9til, o fluxo sangu\u00edneo para o p\u00eanis n\u00e3o \u00e9 suficiente para produzir ere\u00e7\u00e3o. O principal componente do Tadacip \u00e9 o Tadalafil, ele relaxa os m\u00fasculos lisos, dilata os vasos sangu\u00edneos do p\u00eanis e isso permite que o sangue preencha os corpos cavernosos e resulte na ere\u00e7\u00e3o. Ap\u00f3s o ato sexual, a ere\u00e7\u00e3o desaparece como em circunst\u00e2ncias normais. A ere\u00e7\u00e3o n\u00e3o pode ser alcan\u00e7ada apenas tomando Tadacip, requer estimula\u00e7\u00e3o sexual. A subst\u00e2ncia ativa do medicamento \u00e9 o Tadalafil.<\/p>\n<p>Dosagem e dire\u00e7\u00e3o<\/p>\n<p>A dose habitual recomendada \u00e9 um comprimido de Tadacip (Cialis Gen\u00e9rico) de 20 mg por dia. Consulte o seu m\u00e9dico, pois pode necessitar de corre\u00e7\u00e3o da sua dose devido a certas condi\u00e7\u00f5es que tem. Os idosos podem estar mais sujeitos aos efeitos colaterais do Tadalafil; portanto, recomenda-se cautela ao praticar exerc\u00edcios neste grupo.<\/p>\n<p>Precau\u00e7\u00f5es<\/p>\n<p>Tadacip n\u00e3o deve ser usado em homens com doen\u00e7a card\u00edaca para os quais a atividade sexual \u00e9 desaconselh\u00e1vel. N\u00e3o h\u00e1 informa\u00e7\u00f5es sobre priapismo quando a disfun\u00e7\u00e3o er\u00e9til \u00e9 tratada com Tadacip, mas em pacientes tratados com outro inibidor da PDE5, sildenafil, pode ocorrer. Se a sua ere\u00e7\u00e3o durar 4 horas ou mais, voc\u00ea deve procurar assist\u00eancia m\u00e9dica imediata para evitar danos permanentes ao seu p\u00eanis. Informe o seu m\u00e9dico antes de tomar Tadacip se voc\u00ea tem p\u00eanis anormal, incluindo p\u00eanis curvo e defeitos cong\u00eanitos do p\u00eanis, teve doen\u00e7a arterial coronariana, arritmia, angina, ataque card\u00edaco ou insufici\u00eancia card\u00edaca, hipo ou hipertens\u00e3o, sangramento, \u00falceras estomacais, diabetes, hiperlipidemia (excesso de lip\u00eddios no sangue), anemia falciforme, hist\u00f3ria de insufici\u00eancia hep\u00e1tica ou renal.<\/p>\n<p>Contra-indica\u00e7\u00f5es<\/p>\n<p>Tadacip \u00e9 contra-indicado em pacientes que estejam usando qualquer forma de nitrato org\u00e2nico, regularmente e \/ ou intermitentemente, pois \u00e9 capaz de potencializar seu efeito hipotensor.<\/p>\n<p>Poss\u00edvel efeito colateral<\/p>\n<p>Os efeitos colaterais mais comuns do Tadacip s\u00e3o dor de cabe\u00e7a, mialgia (dor muscular), dispepsia (dor de est\u00f4mago ap\u00f3s as refei\u00e7\u00f5es) e costas dor. Alguns pacientes podem apresentar rubor facial (vermelhid\u00e3o), dores de cabe\u00e7a, dores de est\u00f4mago, diarreia, sintomas semelhantes aos da gripe e n\u00e1useas. Em casos mais raros, podem ocorrer press\u00e3o arterial baixa, vis\u00e3o turva e altera\u00e7\u00f5es na vis\u00e3o das cores, al\u00e9m de ejacula\u00e7\u00e3o anormal.<\/p>\n<p>Intera\u00e7\u00e3o medicamentosa<\/p>\n<p>Tente evitar suco de toranja, bebidas alco\u00f3licas e tabaco ao usar Tadacip. Se voc\u00ea fuma tabaco e toma Tadacip concomitantemente, isso pode levar a uma condi\u00e7\u00e3o chamada NAION (perda s\u00fabita de vis\u00e3o relacionada ao nervo \u00f3ptico). Evite tomar Tadacip com medicamentos como Tetranitrato de Eritritila, Dinitrato de Isossorbida, Mononitrato de Isossorbida, Nitroglicerina, Tetranitrato de Pentaeritritol. Os n\u00edveis e a toxicidade do Tadacip s\u00e3o aumentados pela eritromicina, cetoconazol (Nizoral), itraconazol (Sporanox), indinavir (Crixivan) e ritonavir (Norvir). Informe o seu m\u00e9dico se estiver tomando Atazanavir, Bunazosina, Claritromicina, Doxazosina, Eritromicina, Indinavir, Itraconazol, Cetoconazol, Moxisylyte, Nefazodona, Nelfinavir, Fenoxibenzamina, Fentolamina, Prazosina, Saquinavir, Telitromicina, Terazosina, Trimazosina, Urapidil conforme sua dose de Tadacip pode exigir corre\u00e7\u00e3o. Informe o seu m\u00e9dico sobre todos os medicamentos e produtos fitoter\u00e1picos prescritos e vendidos no pa\u00eds que voc\u00ea est\u00e1 tomando.<\/p>\n<p>Dose esquecida<\/p>\n<p>Tadacip \u00e9 tomado quando necess\u00e1rio antes da rela\u00e7\u00e3o sexual, portanto, nenhuma dose esquecida \u00e9 suposta.<\/p>\n<p>Overdose<\/p>\n<p>Procure ajuda m\u00e9dica imediata se voc\u00ea acredita que tomou muito deste medicamento.<\/p>\n<p>Armazenamento<\/p>\n<p>Armazene em temperatura ambiente entre 59-86 F (15-30 C) ) longe da luz e da umidade.<\/p>\n<p>Isen\u00e7\u00e3o de responsabilidade<\/p>\n<p>Fornecemos apenas informa\u00e7\u00f5es gerais sobre medicamentos que n\u00e3o cobrem todas as instru\u00e7\u00f5es, poss\u00edveis integra\u00e7\u00f5es de medicamentos ou precau\u00e7\u00f5es. As informa\u00e7\u00f5es do site n\u00e3o podem ser utilizadas para autotratamento e autodiagn\u00f3stico. Quaisquer instru\u00e7\u00f5es espec\u00edficas para um determinado paciente devem ser acordadas com o seu conselheiro de sa\u00fade ou m\u00e9dico respons\u00e1vel pelo caso. N\u00f3s nos isentamos da confiabilidade dessas informa\u00e7\u00f5es e dos erros que elas possam conter. N\u00e3o nos responsabilizamos por quaisquer danos diretos, indiretos, especiais ou outros danos indiretos resultantes de qualquer uso das informa\u00e7\u00f5es deste site e tamb\u00e9m pelas consequ\u00eancias do autotratamento.<\/p>\n","protected":false},"excerpt":{"rendered":"<p>Tadacip Generic permite que o p\u00eanis do homem se encha com sangue suficiente para causar uma ere\u00e7\u00e3o.<\/p>\n","protected":false},"featured_media":4257,"comment_status":"open","ping_status":"closed","template":"","meta":[],"product_brand":[],"product_cat":[132],"product_tag":[],"class_list":{"0":"post-4293","1":"product","2":"type-product","3":"status-publish","4":"has-post-thumbnail","6":"product_cat-disfuncao-eretil-pt","7":"pa_active_substance-tadalafil","9":"first","10":"instock","11":"shipping-taxable","12":"product-type-variable"},"jetpack_sharing_enabled":true,"_links":{"self":[{"href":"https:\/\/www.pharmacy-content.com\/index.php?rest_route=\/wp\/v2\/product\/4293","targetHints":{"allow":["GET"]}}],"collection":[{"href":"https:\/\/www.pharmacy-content.com\/index.php?rest_route=\/wp\/v2\/product"}],"about":[{"href":"https:\/\/www.pharmacy-content.com\/index.php?rest_route=\/wp\/v2\/types\/product"}],"replies":[{"embeddable":true,"href":"https:\/\/www.pharmacy-content.com\/index.php?rest_route=%2Fwp%2Fv2%2Fcomments&post=4293"}],"wp:featuredmedia":[{"embeddable":true,"href":"https:\/\/www.pharmacy-content.com\/index.php?rest_route=\/wp\/v2\/media\/4257"}],"wp:attachment":[{"href":"https:\/\/www.pharmacy-content.com\/index.php?rest_route=%2Fwp%2Fv2%2Fmedia&parent=4293"}],"wp:term":[{"taxonomy":"product_brand","embeddable":true,"href":"https:\/\/www.pharmacy-content.com\/index.php?rest_route=%2Fwp%2Fv2%2Fproduct_brand&post=4293"},{"taxonomy":"product_cat","embeddable":true,"href":"https:\/\/www.pharmacy-content.com\/index.php?rest_route=%2Fwp%2Fv2%2Fproduct_cat&post=4293"},{"taxonomy":"product_tag","embeddable":true,"href":"https:\/\/www.pharmacy-content.com\/index.php?rest_route=%2Fwp%2Fv2%2Fproduct_tag&post=4293"}],"curies":[{"name":"wp","href":"https:\/\/api.w.org\/{rel}","templated":true}]}}