{"id":4189,"date":"2026-04-22T06:52:38","date_gmt":"2026-04-22T06:52:38","guid":{"rendered":""},"modified":"2026-04-22T06:52:40","modified_gmt":"2026-04-22T06:52:40","slug":"super-p-force-10","status":"publish","type":"product","link":"https:\/\/www.pharmacy-content.com\/cs\/product\/super-p-force-10\/","title":{"rendered":"Super P-Force"},"content":{"rendered":"<p>B\u011b\u017en\u00e9 pou\u017eit\u00ed<\/p>\n<p>Super P-Force je l\u00e9k ur\u010den\u00fd k l\u00e9\u010db\u011b dvou mu\u017esk\u00fdch probl\u00e9m\u016f: mu\u017esk\u00e9 erektiln\u00ed dysfunkce a p\u0159ed\u010dasn\u00e9 ejakulace. Jedn\u00e1 se o velmi \u010dast\u00e9 stavy u mu\u017e\u016f mezi 18 a 64 lety. Ka\u017ed\u00e1 tableta obsahuje 100 mg sildenafil citr\u00e1tu a 60 mg dapoxetinu.<\/p>\n<p>D\u00e1vkov\u00e1n\u00ed a sm\u011br<\/p>\n<p>Po\u010d\u00e1te\u010dn\u00ed d\u00e1vka je 25-100 mg, u\u017e\u00edvejte jednou denn\u011b mezi 30 minut a 4 hodiny p\u0159ed pl\u00e1novanou sexu\u00e1ln\u00ed aktivitou.<\/p>\n<p>Bezpe\u010dnostn\u00ed opat\u0159en\u00ed<\/p>\n<p>Informujte sv\u00e9ho l\u00e9ka\u0159e, pokud m\u00e1te hypotenzi nebo hypertenzi, srde\u010dn\u00ed selh\u00e1n\u00ed, onemocn\u011bn\u00ed koron\u00e1rn\u00edch tepen, deformace penisu, srpkovitou an\u00e9mii, mnoho\u010detnou myelom, leuk\u00e9mie, retinitus pigmentosa a tak\u00e9 anamn\u00e9za srde\u010dn\u00ed dysfunkce, infarkt myokardu, c\u00e9vn\u00ed mozkov\u00e1 arytmie, \u017eivot ohro\u017euj\u00edc\u00ed arytmie, kardiovaskul\u00e1rn\u00ed probl\u00e9my, alergie. Neu\u017e\u00edvejte Super P-Force spole\u010dn\u011b s jin\u00fdmi l\u00e9ky na ED.<\/p>\n<p>Kontraindikace<\/p>\n<p>Super P-Force nelze pou\u017e\u00edt u pacient\u016f s alergi\u00ed na l\u00e9k a jeho slo\u017eky a d\u00e1le u jedinc\u016f l\u00e9\u010den\u00fdch nitr\u00e1ty (nap\u0159. jako nitroglycerin). Tato kombinace m\u016f\u017ee zp\u016fsobit velmi n\u00edzk\u00fd krevn\u00ed tlak, kter\u00fd m\u016f\u017ee m\u00edt za n\u00e1sledek mrtvici, srde\u010dn\u00ed infarkt nebo smrt. Neu\u017e\u00edvejte tento l\u00e9k, pokud je v\u00e1m m\u00e9n\u011b ne\u017e 18 let<\/p>\n<p>Mo\u017en\u00e9 vedlej\u0161\u00ed \u00fa\u010dinky<\/p>\n<p>N\u011bkte\u0159\u00ed pacienti mohou poci\u0165ovat k\u00fdch\u00e1n\u00ed, bolest hlavy, pr\u016fjem, z\u00e1vrat\u011b, \u017ealude\u010dn\u00ed nevolnost, zvracen\u00ed, ucpan\u00fd nos, sv\u011btloplachost. Super P-Force m\u016f\u017ee zp\u016fsobit vz\u00e1cn\u00fd, ale v\u00e1\u017en\u00fd stav zn\u00e1m\u00fd jako priapismus nebo prodlou\u017een\u00e1 erekce. Okam\u017eit\u011b kontaktujte sv\u00e9ho poskytovatele zdravotn\u00ed p\u00e9\u010de, pokud va\u0161e erekce trv\u00e1 d\u00e9le ne\u017e n\u011bkolik hodin, bez okam\u017eit\u00e9 l\u00e9ka\u0159sk\u00e9 pomoci m\u016f\u017ee tento stav trvale po\u0161kodit v\u00e1\u0161 penis.<\/p>\n<p>L\u00e9kov\u00e9 interakce<\/p>\n<p>Super P-Force by nem\u011bl b\u00fdt pacient\u016fm p\u0159edepisov\u00e1n l\u00e9\u010deni l\u00e9ky, kter\u00e9 obsahuj\u00ed organick\u00e9 nitr\u00e1ty. Hladinu Super P-Force v krvi zvy\u0161uje erytromycin, ketokonazol, itrakonazol a saquinavir.<\/p>\n<p>Vynechan\u00e1 d\u00e1vka<\/p>\n<p>V p\u0159\u00edpad\u011b pot\u0159eby u\u017e\u00edvejte Super P-Force, ale ne v\u00edce ne\u017e jednu tabletu denn\u011b. Pravideln\u00fd denn\u00ed p\u0159\u00edjem by m\u011bl b\u00fdt dohodnut se sv\u00fdm l\u00e9ka\u0159em<\/p>\n<p>P\u0159ed\u00e1vkov\u00e1n\u00ed<\/p>\n<p>Erekce, kter\u00e1 je del\u0161\u00ed ne\u017e \u010dty\u0159i hodiny, m\u016f\u017ee b\u00fdt zn\u00e1mkou p\u0159ed\u00e1vkov\u00e1n\u00ed. Pokud po u\u017eit\u00ed Super P-Force zaznamen\u00e1te siln\u00e9 mdloby, bolest na hrudi, nevolnost, nepravideln\u00fd srde\u010dn\u00ed tep, z\u00e1vrat\u011b b\u011bhem sexu, kontaktujte sv\u00e9ho l\u00e9ka\u0159e, proto\u017ee mo\u017en\u00e1 budete pot\u0159ebovat okam\u017eitou l\u00e9ka\u0159skou pomoc.<\/p>\n<p>Skladujte<\/p>\n<p>Uchov\u00e1vejte p\u0159i pokojov\u00e9 teplot\u011b mimo p\u0159ed vlhkost\u00ed, slune\u010dn\u00edm z\u00e1\u0159en\u00edm, d\u011btmi a dom\u00e1c\u00edmi mazl\u00ed\u010dky v t\u011bsn\u00e9 n\u00e1dob\u011b.<\/p>\n<p>Z\u0159eknut\u00ed se odpov\u011bdnosti<\/p>\n<p>Poskytujeme pouze obecn\u00e9 informace o l\u00e9c\u00edch, kter\u00e9 nepokr\u00fdvaj\u00ed v\u0161echny pokyny, mo\u017en\u00e1 integrace l\u00e9k\u016f nebo preventivn\u00ed opat\u0159en\u00ed. Informace na m\u00edst\u011b nelze pou\u017e\u00edt pro samol\u00e9\u010dbu a autodiagnostiku. Jak\u00e9koli specifick\u00e9 pokyny pro konkr\u00e9tn\u00edho pacienta by m\u011bly b\u00fdt dohodnuty se sv\u00fdm zdravotn\u00edm poradcem nebo l\u00e9ka\u0159em, kter\u00fd m\u00e1 na starosti dan\u00fd p\u0159\u00edpad. Odm\u00edt\u00e1me spolehlivost t\u011bchto informac\u00ed a chyby, kter\u00e9 by mohly obsahovat. Nejsme zodpov\u011bdn\u00ed za \u017e\u00e1dn\u00e9 p\u0159\u00edm\u00e9, nep\u0159\u00edm\u00e9, zvl\u00e1\u0161tn\u00ed nebo jin\u00e9 nep\u0159\u00edm\u00e9 \u0161kody v d\u016fsledku jak\u00e9hokoli pou\u017eit\u00ed informac\u00ed na t\u011bchto str\u00e1nk\u00e1ch a tak\u00e9 za n\u00e1sledky samol\u00e9\u010dby.<\/p>\n","protected":false},"excerpt":{"rendered":"<p>Super P-Force Generic je l\u00e9k k l\u00e9\u010db\u011b mu\u017esk\u00e9 erektiln\u00ed dysfunkce a p\u0159ed\u010dasn\u00e9 ejakulace.<\/p>\n","protected":false},"featured_media":4135,"comment_status":"open","ping_status":"closed","template":"","meta":[],"product_brand":[],"product_cat":[141],"product_tag":[],"class_list":{"0":"post-4189","1":"product","2":"type-product","3":"status-publish","4":"has-post-thumbnail","6":"product_cat-erektilni-dysfunkce-cs","7":"pa_active_substance-dapoxetine","8":"pa_active_substance-sildenafil","10":"first","11":"instock","12":"shipping-taxable","13":"product-type-variable"},"jetpack_sharing_enabled":true,"_links":{"self":[{"href":"https:\/\/www.pharmacy-content.com\/wp-json\/wp\/v2\/product\/4189","targetHints":{"allow":["GET"]}}],"collection":[{"href":"https:\/\/www.pharmacy-content.com\/wp-json\/wp\/v2\/product"}],"about":[{"href":"https:\/\/www.pharmacy-content.com\/wp-json\/wp\/v2\/types\/product"}],"replies":[{"embeddable":true,"href":"https:\/\/www.pharmacy-content.com\/wp-json\/wp\/v2\/comments?post=4189"}],"wp:featuredmedia":[{"embeddable":true,"href":"https:\/\/www.pharmacy-content.com\/wp-json\/wp\/v2\/media\/4135"}],"wp:attachment":[{"href":"https:\/\/www.pharmacy-content.com\/wp-json\/wp\/v2\/media?parent=4189"}],"wp:term":[{"taxonomy":"product_brand","embeddable":true,"href":"https:\/\/www.pharmacy-content.com\/wp-json\/wp\/v2\/product_brand?post=4189"},{"taxonomy":"product_cat","embeddable":true,"href":"https:\/\/www.pharmacy-content.com\/wp-json\/wp\/v2\/product_cat?post=4189"},{"taxonomy":"product_tag","embeddable":true,"href":"https:\/\/www.pharmacy-content.com\/wp-json\/wp\/v2\/product_tag?post=4189"}],"curies":[{"name":"wp","href":"https:\/\/api.w.org\/{rel}","templated":true}]}}