{"id":4165,"date":"2026-04-22T06:52:34","date_gmt":"2026-04-22T06:52:34","guid":{"rendered":""},"modified":"2026-04-22T06:52:40","modified_gmt":"2026-04-22T06:52:40","slug":"super-p-force-6","status":"publish","type":"product","link":"https:\/\/www.pharmacy-content.com\/pl\/product\/super-p-force-6\/","title":{"rendered":"Super P-Force"},"content":{"rendered":"<p>Powszechne zastosowanie<\/p>\n<p>Super P-Force to lek przeznaczony do leczenia dw\u00f3ch m\u0119skich problem\u00f3w: zaburze\u0144 erekcji u m\u0119\u017cczyzn i przedwczesnego wytrysku. S\u0105 to bardzo cz\u0119ste schorzenia u m\u0119\u017cczyzn w wieku od 18 do 64 lat. Ka\u017cda tabletka zawiera 100 mg cytrynianu sildenafilu i 60 mg dapoksetyny.<\/p>\n<p>Dawkowanie i kierunek<\/p>\n<p>Dawka pocz\u0105tkowa wynosi 25-100 mg, nale\u017cy j\u0105 przyjmowa\u0107 raz dziennie pomi\u0119dzy 30 minut i 4 godziny przed planowan\u0105 aktywno\u015bci\u0105 seksualn\u0105.<\/p>\n<p>\u015arodki ostro\u017cno\u015bci<\/p>\n<p>Poinformuj swojego lekarza, je\u015bli cierpisz na niedoci\u015bnienie lub nadci\u015bnienie, niewydolno\u015b\u0107 serca, chorob\u0119 wie\u0144cow\u0105, deformacje pr\u0105cia, anemi\u0119 sierpowat\u0105, mnogie szpiczak, bia\u0142aczka, siatk\u00f3wka barwnikowa, a tak\u017ce przebyta dysfunkcja serca, zawa\u0142 mi\u0119\u015bnia sercowego, arytmia udarowa, arytmia zagra\u017caj\u0105ca \u017cyciu, problemy sercowo-naczyniowe, alergie. Nie nale\u017cy przyjmowa\u0107 Super P-Force razem z innymi lekami na zaburzenia erekcji.<\/p>\n<p>Przeciwwskazania<\/p>\n<p>Super P-Force nie mo\u017cna stosowa\u0107 u pacjent\u00f3w z alergi\u0105 na lek i jego sk\u0142adniki, a tak\u017ce u os\u00f3b leczonych azotanami (np. jak nitrogliceryna). To po\u0142\u0105czenie mo\u017ce powodowa\u0107 bardzo niskie ci\u015bnienie krwi, co mo\u017ce skutkowa\u0107 udarem, zawa\u0142em serca lub \u015bmierci\u0105. Nie za\u017cywaj tego leku, je\u015bli nie masz uko\u0144czonych 18 lat.<\/p>\n<p>Mo\u017cliwe skutki uboczne<\/p>\n<p>U niekt\u00f3rych pacjent\u00f3w mo\u017ce wyst\u0105pi\u0107 kichanie, b\u00f3l g\u0142owy, biegunka, zawroty g\u0142owy, rozstr\u00f3j \u017co\u0142\u0105dka, wymioty, przekrwienie nosa, \u015bwiat\u0142owstr\u0119t. Super P-Force mo\u017ce powodowa\u0107 rzadk\u0105, ale powa\u017cn\u0105 chorob\u0119 znan\u0105 jako priapizm lub d\u0142ugotrwa\u0142a erekcja. Je\u015bli erekcja utrzymuje si\u0119 d\u0142u\u017cej ni\u017c kilka godzin, natychmiast skontaktuj si\u0119 ze swoim lekarzem. Bez natychmiastowej pomocy lekarskiej stan ten mo\u017ce trwale uszkodzi\u0107 Twojego penisa.<\/p>\n<p>Interakcja lek\u00f3w<\/p>\n<p>Nie nale\u017cy przepisywa\u0107 leku Super P-Force pacjentom leczonych lekami zawieraj\u0105cymi azotany organiczne. Poziom leku Super P-Force we krwi wzrasta pod wp\u0142ywem erytromycyny, ketokonazolu, itrakonazolu i sakwinawiru.<\/p>\n<p>Pomini\u0119ta dawka<\/p>\n<p>Przyjmuj Super P-Force w razie potrzeby, ale nie wi\u0119cej ni\u017c jedn\u0105 tabletk\u0119 dziennie. Regularne dzienne spo\u017cycie nale\u017cy uzgodni\u0107 z lekarzem.<\/p>\n<p>Przedawkowanie<\/p>\n<p>Erekcja trwaj\u0105ca d\u0142u\u017cej ni\u017c cztery godziny mo\u017ce by\u0107 oznak\u0105 przedawkowania. Je\u015bli po za\u017cyciu Super P-Force do\u015bwiadczysz ci\u0119\u017ckiego omdlenia, b\u00f3lu w klatce piersiowej, nudno\u015bci, nieregularnego bicia serca, zawrot\u00f3w g\u0142owy podczas seksu, skontaktuj si\u0119 ze swoim lekarzem, poniewa\u017c mo\u017cesz potrzebowa\u0107 natychmiastowej pomocy medycznej.<\/p>\n<p>Przechowywanie<\/p>\n<p>Przechowywa\u0107 w temperaturze pokojowej przed wilgoci\u0105, \u015bwiat\u0142em s\u0142onecznym, dzie\u0107mi i zwierz\u0119tami domowymi w szczelnym pojemniku.<\/p>\n<p>Zastrze\u017cenie<\/p>\n<p>Podajemy jedynie og\u00f3lne informacje na temat lek\u00f3w, kt\u00f3re nie obejmuj\u0105 wszystkich wskaz\u00f3wek, mo\u017cliwych po\u0142\u0105cze\u0144 lek\u00f3w ani \u015brodk\u00f3w ostro\u017cno\u015bci. Informacje zawarte na stronie nie mog\u0105 by\u0107 wykorzystywane do samodzielnego leczenia i autodiagnozy. Wszelkie szczeg\u00f3\u0142owe instrukcje dla konkretnego pacjenta nale\u017cy uzgodni\u0107 z doradc\u0105 ds. opieki zdrowotnej lub lekarzem prowadz\u0105cym dany przypadek. Zrzekamy si\u0119 wiarygodno\u015bci tych informacji i b\u0142\u0119d\u00f3w, jakie mog\u0105 one zawiera\u0107. Nie ponosimy odpowiedzialno\u015bci za jakiekolwiek bezpo\u015brednie, po\u015brednie, szczeg\u00f3lne lub inne po\u015brednie szkody powsta\u0142e w wyniku wykorzystania informacji zawartych na tej stronie, a tak\u017ce za konsekwencje samoleczenia.<\/p>\n","protected":false},"excerpt":{"rendered":"<p>Super P-Force Generic to lek stosowany w leczeniu zaburze\u0144 erekcji u m\u0119\u017cczyzn i przedwczesnego wytrysku.<\/p>\n","protected":false},"featured_media":4135,"comment_status":"open","ping_status":"closed","template":"","meta":[],"product_brand":[],"product_cat":[129],"product_tag":[],"class_list":{"0":"post-4165","1":"product","2":"type-product","3":"status-publish","4":"has-post-thumbnail","6":"product_cat-dysfunkcja-erekcji-pl","7":"pa_active_substance-dapoxetine","8":"pa_active_substance-sildenafil","10":"first","11":"instock","12":"shipping-taxable","13":"product-type-variable"},"jetpack_sharing_enabled":true,"_links":{"self":[{"href":"https:\/\/www.pharmacy-content.com\/wp-json\/wp\/v2\/product\/4165","targetHints":{"allow":["GET"]}}],"collection":[{"href":"https:\/\/www.pharmacy-content.com\/wp-json\/wp\/v2\/product"}],"about":[{"href":"https:\/\/www.pharmacy-content.com\/wp-json\/wp\/v2\/types\/product"}],"replies":[{"embeddable":true,"href":"https:\/\/www.pharmacy-content.com\/wp-json\/wp\/v2\/comments?post=4165"}],"wp:featuredmedia":[{"embeddable":true,"href":"https:\/\/www.pharmacy-content.com\/wp-json\/wp\/v2\/media\/4135"}],"wp:attachment":[{"href":"https:\/\/www.pharmacy-content.com\/wp-json\/wp\/v2\/media?parent=4165"}],"wp:term":[{"taxonomy":"product_brand","embeddable":true,"href":"https:\/\/www.pharmacy-content.com\/wp-json\/wp\/v2\/product_brand?post=4165"},{"taxonomy":"product_cat","embeddable":true,"href":"https:\/\/www.pharmacy-content.com\/wp-json\/wp\/v2\/product_cat?post=4165"},{"taxonomy":"product_tag","embeddable":true,"href":"https:\/\/www.pharmacy-content.com\/wp-json\/wp\/v2\/product_tag?post=4165"}],"curies":[{"name":"wp","href":"https:\/\/api.w.org\/{rel}","templated":true}]}}