{"id":4147,"date":"2026-04-22T06:52:31","date_gmt":"2026-04-22T06:52:31","guid":{"rendered":""},"modified":"2026-04-22T06:52:39","modified_gmt":"2026-04-22T06:52:39","slug":"super-p-force-3","status":"publish","type":"product","link":"https:\/\/www.pharmacy-content.com\/fr\/product\/super-p-force-3\/","title":{"rendered":"Super P-Force"},"content":{"rendered":"<p>Usage courant<\/p>\n<p>Super P-Force est un m\u00e9dicament con\u00e7u pour traiter simultan\u00e9ment deux probl\u00e8mes masculins : la dysfonction \u00e9rectile masculine et l&#8217;\u00e9jaculation pr\u00e9coce. Ce sont des affections tr\u00e8s courantes chez les hommes entre 18 et 64 ans. Chaque comprim\u00e9 contient 100 mg de citrate de sild\u00e9nafil et 60 mg de dapox\u00e9tine.<\/p>\n<p>Posologie et administration<\/p>\n<p>La posologie initiale est de 25 \u00e0 100 mg, \u00e0 prendre une fois par jour entre 30 minutes et 4 heures avant l&#8217;activit\u00e9 sexuelle pr\u00e9vue.<\/p>\n<p>Pr\u00e9cautions<\/p>\n<p>Informez votre m\u00e9decin si vous souffrez d&#8217;hypotension ou d&#8217;hypertension, d&#8217;insuffisance cardiaque, de maladie coronarienne, de d\u00e9formations du p\u00e9nis, de dr\u00e9panocytose, de multiples my\u00e9lome, leuc\u00e9mie, r\u00e9tinite pigmentaire, ainsi que des ant\u00e9c\u00e9dents de dysfonctionnement cardiaque, d&#8217;infarctus du myocarde, d&#8217;arythmie accidentelle, d&#8217;arythmie potentiellement mortelle, de probl\u00e8mes cardiovasculaires, d&#8217;allergies. Ne prenez pas Super P-Force avec d&#8217;autres m\u00e9dicaments contre la dysfonction \u00e9rectile.<\/p>\n<p>Contre-indications<\/p>\n<p>Super P-Force ne peut pas \u00eatre utilis\u00e9 chez les patients allergiques au m\u00e9dicament et \u00e0 ses composants, ni chez les personnes trait\u00e9es avec des nitrates (tels que comme la nitroglyc\u00e9rine). Cette combinaison peut provoquer une pression art\u00e9rielle tr\u00e8s basse, potentiellement dangereuse, pouvant entra\u00eener un accident vasculaire c\u00e9r\u00e9bral, une crise cardiaque ou la mort. Ne prenez pas ce m\u00e9dicament si vous avez moins de 18 ans.<\/p>\n<p>Effets secondaires possibles<\/p>\n<p>Certains patients peuvent ressentir des \u00e9ternuements, des maux de t\u00eate, de la diarrh\u00e9e, des \u00e9tourdissements, des maux d&#8217;estomac, des vomissements, une congestion nasale, une photophobie. Super P-Force peut provoquer une maladie rare mais grave connue sous le nom de priapisme ou \u00e9rection prolong\u00e9e. Contactez imm\u00e9diatement votre fournisseur de soins de sant\u00e9 si votre \u00e9rection dure plus de quelques heures. Sans soins m\u00e9dicaux imm\u00e9diats, cette condition peut endommager votre p\u00e9nis de mani\u00e8re permanente.<\/p>\n<p>Interaction m\u00e9dicamenteuse<\/p>\n<p>Super P-Force ne doit pas \u00eatre prescrit aux patients. trait\u00e9 avec des m\u00e9dicaments contenant des nitrates organiques. Les taux sanguins de Super P-Force sont augment\u00e9s par l&#8217;\u00e9rythromycine, le k\u00e9toconazole, l&#8217;itraconazole et le saquinavir.<\/p>\n<p>Dose oubli\u00e9e<\/p>\n<p>Prenez Super P-Force si n\u00e9cessaire, mais pas plus d&#8217;un comprim\u00e9 par jour. Une prise quotidienne r\u00e9guli\u00e8re doit \u00eatre convenue avec votre m\u00e9decin.<\/p>\n<p>Surdosage<\/p>\n<p>Une \u00e9rection qui dure plus de quatre heures peut \u00eatre un signe de surdosage. Si vous ressentez des \u00e9vanouissements s\u00e9v\u00e8res, des douleurs thoraciques, des naus\u00e9es, un rythme cardiaque irr\u00e9gulier, des \u00e9tourdissements pendant les rapports sexuels apr\u00e8s avoir pris Super P-Force, contactez votre m\u00e9decin car vous pourriez avoir besoin d&#8217;une aide m\u00e9dicale imm\u00e9diate.<\/p>\n<p>Conservation<\/p>\n<p>Conserver \u00e0 temp\u00e9rature ambiante, \u00e0 l&#8217;\u00e9cart. de l&#8217;humidit\u00e9, du soleil, des enfants et des animaux domestiques dans un contenant herm\u00e9tique.<\/p>\n<p>Avertissement<\/p>\n<p>Nous fournissons uniquement des informations g\u00e9n\u00e9rales sur les m\u00e9dicaments qui ne couvrent pas toutes les directions, les int\u00e9grations possibles de m\u00e9dicaments ou les pr\u00e9cautions. Les informations pr\u00e9sentes sur le site ne peuvent pas \u00eatre utilis\u00e9es pour l\u2019auto-traitement et l\u2019autodiagnostic. Toute instruction sp\u00e9cifique pour un patient particulier doit \u00eatre convenue avec votre conseiller en soins de sant\u00e9 ou votre m\u00e9decin en charge du cas. Nous d\u00e9clinons la fiabilit\u00e9 de ces informations et des erreurs qu&#8217;elles pourraient contenir. Nous ne sommes pas responsables de tout dommage direct, indirect, sp\u00e9cial ou autre indirect r\u00e9sultant de toute utilisation des informations pr\u00e9sentes sur ce site ainsi que des cons\u00e9quences de l&#8217;auto-traitement.<\/p>\n","protected":false},"excerpt":{"rendered":"<p>Super P-Force est indiqu\u00e9 dans le traitement de la dysfonction \u00e9rectile et de l&#8217;\u00e9jaculation pr\u00e9matur\u00e9e.<\/p>\n","protected":false},"featured_media":4135,"comment_status":"open","ping_status":"closed","template":"","meta":[],"product_brand":[],"product_cat":[120],"product_tag":[],"class_list":{"0":"post-4147","1":"product","2":"type-product","3":"status-publish","4":"has-post-thumbnail","6":"product_cat-dysfonction-erectile-fr","7":"pa_active_substance-dapoxetine","8":"pa_active_substance-sildenafil","10":"first","11":"instock","12":"shipping-taxable","13":"product-type-variable"},"jetpack_sharing_enabled":true,"_links":{"self":[{"href":"https:\/\/www.pharmacy-content.com\/wp-json\/wp\/v2\/product\/4147","targetHints":{"allow":["GET"]}}],"collection":[{"href":"https:\/\/www.pharmacy-content.com\/wp-json\/wp\/v2\/product"}],"about":[{"href":"https:\/\/www.pharmacy-content.com\/wp-json\/wp\/v2\/types\/product"}],"replies":[{"embeddable":true,"href":"https:\/\/www.pharmacy-content.com\/wp-json\/wp\/v2\/comments?post=4147"}],"wp:featuredmedia":[{"embeddable":true,"href":"https:\/\/www.pharmacy-content.com\/wp-json\/wp\/v2\/media\/4135"}],"wp:attachment":[{"href":"https:\/\/www.pharmacy-content.com\/wp-json\/wp\/v2\/media?parent=4147"}],"wp:term":[{"taxonomy":"product_brand","embeddable":true,"href":"https:\/\/www.pharmacy-content.com\/wp-json\/wp\/v2\/product_brand?post=4147"},{"taxonomy":"product_cat","embeddable":true,"href":"https:\/\/www.pharmacy-content.com\/wp-json\/wp\/v2\/product_cat?post=4147"},{"taxonomy":"product_tag","embeddable":true,"href":"https:\/\/www.pharmacy-content.com\/wp-json\/wp\/v2\/product_tag?post=4147"}],"curies":[{"name":"wp","href":"https:\/\/api.w.org\/{rel}","templated":true}]}}