{"id":4092,"date":"2026-04-22T06:52:18","date_gmt":"2026-04-22T06:52:18","guid":{"rendered":""},"modified":"2026-04-22T06:52:25","modified_gmt":"2026-04-22T06:52:25","slug":"sildamax-4","status":"publish","type":"product","link":"https:\/\/www.pharmacy-content.com\/it\/product\/sildamax-4\/","title":{"rendered":"Sildamax"},"content":{"rendered":"<p>Uso comune<br \/>\nSildamax \u00e8 usato per trattare la disfunzione erettile (impotenza) negli uomini. Sildamax pu\u00f2 anche essere usato per trattare l&#8217;ipertensione arteriosa polmonare e migliorare la capacit\u00e0 di esercizio fisico. Sildamax rilassa i muscoli delle pareti dei vasi sanguigni e aumenta il flusso sanguigno in determinate aree del corpo.<\/p>\n<p>Dosaggio e modalit\u00e0 d&#8217;uso<br \/>\nAssumere Sildamax esattamente come prescritto. Non assumere questo medicinale in quantit\u00e0 maggiori o minori o per un periodo pi\u00f9 lungo di quello raccomandato. Sildamax viene solitamente assunto solo al bisogno, da 30 minuti a 1 ora prima dell&#8217;attivit\u00e0 sessuale. \u00c8 possibile assumerlo fino a 4 ore prima dell&#8217;attivit\u00e0 sessuale. Non assumere Sildamax pi\u00f9 di una volta al giorno. Sildamax pu\u00f2 aiutare ad avere un&#8217;erezione in presenza di stimolazione sessuale. L&#8217;erezione non si verifica semplicemente assumendo una pillola. Seguire le istruzioni del medico.<\/p>\n<p>Precauzioni<br \/>\nPer assicurarti che Sildamax sia sicuro per te, informa il tuo medico se hai mai avuto: malattie cardiache o problemi di aritmia, coronaropatia; infarto, ictus o insufficienza cardiaca congestizia; pressione alta o bassa; malattie epatiche o renali; una malattia delle cellule del sangue come l&#8217;anemia falciforme, il mieloma multiplo o la leucemia; una malattia emorragica come l&#8217;emofilia; un&#8217;ulcera allo stomaco; retinite pigmentosa (una malattia ereditaria dell&#8217;occhio); una deformit\u00e0 fisica del pene (come la malattia di La Peyronie); o se ti \u00e8 stato detto di non avere rapporti sessuali per motivi di salute.<br \/>\nBere alcolici con questo medicinale pu\u00f2 causare effetti collaterali.<br \/>\nIl pompelmo e il succo di pompelmo possono interagire con il sildenafil e causare effetti collaterali indesiderati. Evita l&#8217;uso di prodotti a base di pompelmo durante l&#8217;assunzione di sildenafil.<\/p>\n<p>Controindicazioni<br \/>\nSildamax \u00e8 controindicato nei pazienti con una storia di ipersensibilit\u00e0 al Sildenafil. \u00c8 inoltre controindicato nei pazienti con malattia veno-occlusiva polmonare, ulcera gastrica, malattie cardiache, malattie renali, malattie epatiche, pazienti che hanno avuto un infarto, insufficienza cardiaca, angina, battito cardiaco irregolare, ictus, dolore toracico, pressione alta o bassa, colesterolo alto, disturbi emorragici, problemi circolatori, problemi alle cellule del sangue come anemia falciforme, mieloma multiplo, leucemia, malattie oculari o diabete.<\/p>\n<p>Possibili effetti collaterali<br \/>\nConsultare un medico di emergenza se si manifestano segni di una reazione allergica a Sildamax: orticaria; difficolt\u00e0 respiratorie; gonfiore di viso, labbra, lingua o gola.<br \/>\nInterrompere l&#8217;assunzione di Sildamax e richiedere assistenza medica di emergenza in caso di: sintomi di infarto &#8211; dolore o pressione al petto, dolore che si diffonde alla mascella o alla spalla, nausea, sudorazione; alterazioni della vista o improvvisa perdita della vista; erezione dolorosa o che dura pi\u00f9 di 4 ore (un&#8217;erezione prolungata pu\u00f2 danneggiare il pene); ronzio nelle orecchie o improvvisa perdita dell&#8217;udito; battito cardiaco irregolare; gonfiore a mani, caviglie o piedi; respiro corto; convulsioni; o sensazione di testa leggera, come se si stesse per svenire.<br \/>\nGli effetti collaterali comuni di Sildamax possono includere: vampate di calore (sensazione di calore, rossore o formicolio); mal di testa, vertigini; visione anomala (visione offuscata, alterazioni della percezione dei colori); naso che cola o chiuso, epistassi; problemi di sonno (insonnia); dolori muscolari, mal di schiena; o mal di stomaco.<\/p>\n<p>Interazione farmacologica<br \/>\nNon assumere Sildamax con farmaci simili come avanafil (Stendra), tadalafil (Cialis) o vardenafil (Levitra). Informi il medico di tutti gli altri farmaci che assume per la disfunzione erettile.<br \/>\nInformi il medico di tutti i farmaci che sta assumendo e di quelli che inizia o interrompe l&#8217;uso, in particolare: farmaci per il trattamento dell&#8217;ipertensione o di disturbi alla prostata; antibiotici &#8211; claritromicina, eritromicina o telitromicina; antimicotici &#8211; ketoconazolo o itraconazolo; farmaci per il trattamento dell&#8217;HIV\/AIDS &#8211; atazanavir, indinavir, ritonavir o saquinavir; nitrati; farmaci usati per il trattamento dell&#8217;ipertensione arteriosa polmonare.<br \/>\nEviti di usare altri farmaci per il trattamento dell&#8217;impotenza, come alprostadil o yohimbina, senza prima consultare il medico.<\/p>\n<p>Dose dimenticata<br \/>\nPoich\u00e9 Sildamax viene assunto al bisogno, \u00e8 improbabile che si dimentichi una dose. Non assumere Sildamax pi\u00f9 di una volta al giorno.<\/p>\n<p>Sovradosaggio<br \/>\nIn caso di sovradosaggio accidentale di questo farmaco e di gravi effetti collaterali, consultare il medico. \u00c8 essenziale attenersi scrupolosamente alla dose prescritta.<\/p>\n<p>Conservazione<br \/>\nConservare a temperatura ambiente, al riparo da umidit\u00e0 e calore. Tenere lontano dalla portata dei bambini e degli animali domestici.<\/p>\n","protected":false},"excerpt":{"rendered":"<p>Sildamax Tablet (100 mg di Sildenafil Citrate) \u00e8 usato per trattare la disfunzione erettile (impotenza) negli uomini. Sildamax lavora con l\u2019inibitore della fosfodiesterasi di tipo 5, che determina un flusso sanguigno pi\u00f9 rapido e pi\u00f9 radicato.<\/p>\n","protected":false},"featured_media":4074,"comment_status":"open","ping_status":"closed","template":"","meta":[],"product_brand":[],"product_cat":[123],"product_tag":[],"class_list":{"0":"post-4092","1":"product","2":"type-product","3":"status-publish","4":"has-post-thumbnail","6":"product_cat-disfunzione-erettile-it","7":"pa_active_substance-sildenafilcitrate","9":"first","10":"instock","11":"shipping-taxable","12":"product-type-variable"},"jetpack_sharing_enabled":true,"_links":{"self":[{"href":"https:\/\/www.pharmacy-content.com\/wp-json\/wp\/v2\/product\/4092","targetHints":{"allow":["GET"]}}],"collection":[{"href":"https:\/\/www.pharmacy-content.com\/wp-json\/wp\/v2\/product"}],"about":[{"href":"https:\/\/www.pharmacy-content.com\/wp-json\/wp\/v2\/types\/product"}],"replies":[{"embeddable":true,"href":"https:\/\/www.pharmacy-content.com\/wp-json\/wp\/v2\/comments?post=4092"}],"wp:featuredmedia":[{"embeddable":true,"href":"https:\/\/www.pharmacy-content.com\/wp-json\/wp\/v2\/media\/4074"}],"wp:attachment":[{"href":"https:\/\/www.pharmacy-content.com\/wp-json\/wp\/v2\/media?parent=4092"}],"wp:term":[{"taxonomy":"product_brand","embeddable":true,"href":"https:\/\/www.pharmacy-content.com\/wp-json\/wp\/v2\/product_brand?post=4092"},{"taxonomy":"product_cat","embeddable":true,"href":"https:\/\/www.pharmacy-content.com\/wp-json\/wp\/v2\/product_cat?post=4092"},{"taxonomy":"product_tag","embeddable":true,"href":"https:\/\/www.pharmacy-content.com\/wp-json\/wp\/v2\/product_tag?post=4092"}],"curies":[{"name":"wp","href":"https:\/\/api.w.org\/{rel}","templated":true}]}}