{"id":4080,"date":"2026-04-22T06:52:16","date_gmt":"2026-04-22T06:52:16","guid":{"rendered":""},"modified":"2026-04-22T06:52:25","modified_gmt":"2026-04-22T06:52:25","slug":"sildamax-2","status":"publish","type":"product","link":"https:\/\/www.pharmacy-content.com\/?product=sildamax-2&lang=de","title":{"rendered":"Sildamax"},"content":{"rendered":"<p>Allgemeine Anwendung<br \/>\nDer Hauptbestandteil von Sildamax ist Sildenafilcitrat. Sildenafilcitrat beeinflusst die Reaktion auf sexuelle Stimulation. Es wirkt, indem es die Entspannung der glatten Muskulatur durch Stickstoffmonoxid f\u00f6rdert, eine Chemikalie, die normalerweise als Reaktion auf sexuelle Stimulation freigesetzt wird. Diese Entspannung der glatten Muskulatur erm\u00f6glicht eine erh\u00f6hte Durchblutung bestimmter Bereiche des Penis, was zu einer Erektion f\u00fchrt. Sildenafilcitrat wird zur Behandlung der erektilen Dysfunktion (Impotenz) bei M\u00e4nnern und der pulmonalen arteriellen Hypertonie eingesetzt. Sildenafilcitrat kann auch f\u00fcr andere Zwecke verwendet werden, die oben nicht aufgef\u00fchrt sind.<\/p>\n<p>Dosierung und Anwendungsgebiet<br \/>\nNormalerweise betr\u00e4gt die empfohlene Dosis 50 mg. Die Einnahme erfolgt etwa 0,5\u20131 Stunde vor der sexuellen Aktivit\u00e4t. Nehmen Sie Sildamax nicht mehr als einmal t\u00e4glich ein. Eine fettreiche Mahlzeit kann die Wirkungszeit dieses Arzneimittels verz\u00f6gern. Versuchen Sie, w\u00e4hrend der Behandlung mit Sildenafilcitrat keine Grapefruit zu essen oder Grapefruitsaft zu trinken.<\/p>\n<p>Vorsichtsma\u00dfnahmen<br \/>\nBevor Sie mit der Einnahme von Sildenafilcitrat beginnen, informieren Sie Ihren Arzt oder Apotheker, wenn Sie allergisch darauf reagieren oder andere Allergien haben. \u00c4ltere Menschen reagieren m\u00f6glicherweise empfindlicher auf die Nebenwirkungen des Arzneimittels.<\/p>\n<p>Kontraindikationen<br \/>\nSildamax ist bei Patienten kontraindiziert, die ein anderes Arzneimittel zur Behandlung von Impotenz einnehmen oder ein Nitratmedikament gegen Brustschmerzen oder Herzprobleme verwenden. Dieses Arzneimittel sollte nicht von Frauen und Kindern sowie von Patienten mit bekannter \u00dcberempfindlichkeit gegen einen der Bestandteile der Tablette eingenommen werden.<\/p>\n<p>M\u00f6gliche Nebenwirkungen<br \/>\nDie h\u00e4ufigsten Nebenwirkungen sind Kopfschmerzen, Hitzewallungen, Sodbrennen, Magenbeschwerden, Nasennebenh\u00f6hlenentz\u00fcndung Verstopfung, Benommenheit, Schwindel oder Durchfall. Eine schwerwiegende allergische Reaktion auf dieses Arzneimittel ist sehr selten. Suchen Sie jedoch sofort einen Arzt auf, wenn sie auftritt. Viele Menschen, die dieses Arzneimittel anwenden, haben keine schwerwiegenden Nebenwirkungen. Sollten Sie Nebenwirkungen bemerken, die nicht oben aufgef\u00fchrt sind, wenden Sie sich an Ihren Arzt oder Apotheker.<\/p>\n<p>Wechselwirkungen mit anderen Medikamenten<br \/>\nDieses Medikament sollte nicht zusammen mit Nitraten und Freizeitdrogen namens \u201ePoppers\u201c verwendet werden, die Amyl- oder Butylnitrit enthalten. Alpha-Blocker-Medikamente; andere Medikamente gegen Impotenz; Medikamente gegen Bluthochdruck usw. Fragen Sie Ihren Arzt oder Apotheker nach weiteren Einzelheiten.<\/p>\n<p>Verpasste Dosis<br \/>\nSildamax wird nach Bedarf verwendet, daher ist es unwahrscheinlich, dass Sie einen Dosierungsplan einhalten.<\/p>\n<p>\u00dcberdosierung<br \/>\nWenn Sie glauben, dass Sie es eingenommen haben Wenn Sie zu viel von diesem Arzneimittel einnehmen, suchen Sie sofort einen Notarzt auf. Zu den Symptomen einer \u00dcberdosierung geh\u00f6ren normalerweise Brustschmerzen, \u00dcbelkeit, unregelm\u00e4\u00dfiger Herzschlag und Benommenheit oder Ohnmacht.<\/p>\n<p>Aufbewahrung<br \/>\nBewahren Sie Ihre Arzneimittel bei Raumtemperatur zwischen 20 und 25 \u00b0C (68\u201377 \u00b0F) und vor Licht gesch\u00fctzt auf Feuchtigkeit. Bewahren Sie die Medikamente nicht im Badezimmer auf. Bewahren Sie alle Medikamente au\u00dferhalb der Reichweite von Kindern und Haustieren auf.<\/p>\n<p>Haftungsausschluss<br \/>\nWir stellen nur allgemeine Informationen zu Medikamenten zur Verf\u00fcgung, die nicht alle Anwendungsgebiete, m\u00f6gliche Medikamentenkombinationen oder Vorsichtsma\u00dfnahmen abdecken. Die Informationen auf der Website k\u00f6nnen nicht zur Selbstbehandlung und Selbstdiagnose verwendet werden. Spezifische Anweisungen f\u00fcr einen bestimmten Patienten sollten mit Ihrem Gesundheitsberater oder dem f\u00fcr den Fall zust\u00e4ndigen Arzt vereinbart werden. Wir lehnen die Zuverl\u00e4ssigkeit dieser Informationen und etwaige darin enthaltene Fehler ab. Wir haften nicht f\u00fcr direkte, indirekte, besondere oder sonstige indirekte Sch\u00e4den, die sich aus der Nutzung der Informationen auf dieser Website ergeben und auch nicht f\u00fcr Folgen der Selbstbehandlung.<\/p>\n","protected":false},"excerpt":{"rendered":"<p>Sildamax Generic 100 mg Tabletten sind ein wirksames Arzneimittel gegen erektile Dysfunktion. Es hat den gleichen Inhalt wie Viagra, Malegra oder Kamagra, n\u00e4mlich Sildenafilcitrat 100 mg.<\/p>\n","protected":false},"featured_media":4074,"comment_status":"open","ping_status":"closed","template":"","meta":[],"product_brand":[],"product_cat":[117],"product_tag":[],"class_list":{"0":"post-4080","1":"product","2":"type-product","3":"status-publish","4":"has-post-thumbnail","6":"product_cat-erektile-dysfunktion-de","7":"pa_active_substance-sildenafilcitrate","9":"first","10":"instock","11":"shipping-taxable","12":"product-type-variable"},"jetpack_sharing_enabled":true,"_links":{"self":[{"href":"https:\/\/www.pharmacy-content.com\/index.php?rest_route=\/wp\/v2\/product\/4080","targetHints":{"allow":["GET"]}}],"collection":[{"href":"https:\/\/www.pharmacy-content.com\/index.php?rest_route=\/wp\/v2\/product"}],"about":[{"href":"https:\/\/www.pharmacy-content.com\/index.php?rest_route=\/wp\/v2\/types\/product"}],"replies":[{"embeddable":true,"href":"https:\/\/www.pharmacy-content.com\/index.php?rest_route=%2Fwp%2Fv2%2Fcomments&post=4080"}],"wp:featuredmedia":[{"embeddable":true,"href":"https:\/\/www.pharmacy-content.com\/index.php?rest_route=\/wp\/v2\/media\/4074"}],"wp:attachment":[{"href":"https:\/\/www.pharmacy-content.com\/index.php?rest_route=%2Fwp%2Fv2%2Fmedia&parent=4080"}],"wp:term":[{"taxonomy":"product_brand","embeddable":true,"href":"https:\/\/www.pharmacy-content.com\/index.php?rest_route=%2Fwp%2Fv2%2Fproduct_brand&post=4080"},{"taxonomy":"product_cat","embeddable":true,"href":"https:\/\/www.pharmacy-content.com\/index.php?rest_route=%2Fwp%2Fv2%2Fproduct_cat&post=4080"},{"taxonomy":"product_tag","embeddable":true,"href":"https:\/\/www.pharmacy-content.com\/index.php?rest_route=%2Fwp%2Fv2%2Fproduct_tag&post=4080"}],"curies":[{"name":"wp","href":"https:\/\/api.w.org\/{rel}","templated":true}]}}