{"id":4016,"date":"2026-04-22T06:51:50","date_gmt":"2026-04-22T06:51:50","guid":{"rendered":""},"modified":"2026-04-22T07:01:51","modified_gmt":"2026-04-22T07:01:51","slug":"sextreme-power-xl-10","status":"publish","type":"product","link":"https:\/\/www.pharmacy-content.com\/?product=sextreme-power-xl-10&lang=cs","title":{"rendered":"Sextreme Power XL"},"content":{"rendered":"<p>B\u011b\u017en\u00e9 pou\u017eit\u00ed<\/p>\n<p>Sextreme Power XL s Dapoxetinem je kombinace \u00fa\u010dinn\u00fdch l\u00e1tek, kter\u00e9 se pou\u017e\u00edvaj\u00ed k l\u00e9\u010db\u011b erektiln\u00ed dysfunkce a p\u0159ed\u010dasn\u00e9 ejakulace. Pom\u00e1h\u00e1 tak udr\u017eet erekci a prodlou\u017eit pohlavn\u00ed styk. Sildenafil a dapoxetin jsou hlavn\u00edmi slo\u017ekami tohoto l\u00e9ku. Vyzna\u010duj\u00ed se vazodilata\u010dn\u00edmi a serotoninov\u00fdmi udr\u017eovac\u00edmi \u00fa\u010dinky.<\/p>\n<p>D\u00e1vkov\u00e1n\u00ed a sm\u011br<\/p>\n<p>Upozor\u0148ujeme, \u017ee bezpe\u010dn\u00e1 d\u00e1vka l\u00e9ku na ED je jedna tableta denn\u011b. St\u00e1v\u00e1 se \u00fa\u010dinn\u00fdm b\u011bhem jedn\u00e9 hodiny. \u00da\u010dinek m\u016f\u017ee trvat 4 nebo 6 hodin. Pilulku je nutn\u00e9 spolknout a zap\u00edt velkou sklenic\u00ed vody. Pokud m\u00e1te v \u00famyslu vz\u00edt pr\u00e1\u0161ky, vyhn\u011bte se t\u011b\u017ek\u00fdm j\u00eddl\u016fm. Je lep\u0161\u00ed obr\u00e1tit se na sv\u00e9ho l\u00e9ka\u0159e, aby stanovil nejvhodn\u011bj\u0161\u00ed d\u00e1vkov\u00e1n\u00ed.<\/p>\n<p>Bezpe\u010dnostn\u00ed opat\u0159en\u00ed<\/p>\n<p>Je pozoruhodn\u00e9, \u017ee alkohol interaguje s hlavn\u00edmi slo\u017ekami l\u00e9ku a vede ke sn\u00ed\u017een\u00ed krevn\u00edho tlaku nebo ke zv\u00fd\u0161en\u00ed n\u011bkter\u00fdch dal\u0161\u00ed vedlej\u0161\u00ed \u00fa\u010dinky. B\u011bhem l\u00e9\u010dby byste tak\u00e9 m\u011bli uniknout grapefruitu a jeho \u0161\u0165\u00e1v\u011b. Uva\u017eovan\u00e9 l\u00e9ky mohou u\u017e\u00edvat pouze osoby star\u0161\u00ed 18 let.<\/p>\n<p>Kontraindikace<\/p>\n<p>Pokud m\u00e1te n\u00ed\u017ee uveden\u00e9 probl\u00e9my, nesm\u00edte b\u00fdt l\u00e9\u010deni Sextreme Power XL s pilulkami Dapoxetine. Je d\u016fle\u017eit\u00e9 poradit se s l\u00e9ka\u0159em, abyste zjistili v\u0161echny osobn\u00ed zvl\u00e1\u0161tnosti l\u00e9\u010dby. Srde\u010dn\u00ed nebo kardiovaskul\u00e1rn\u00ed onemocn\u011bn\u00ed, mrtvice, infarkty, angina pectoris, probl\u00e9my s krevn\u00edm tlakem, retinitis pigmentosa, an\u00e9mie a probl\u00e9my s HIV jsou pova\u017eov\u00e1ny za hlavn\u00ed kontraindikace.<\/p>\n<p>Mo\u017en\u00e9 vedlej\u0161\u00ed \u00fa\u010dinky<\/p>\n<p>Existuje mnoho vedlej\u0161\u00edch \u00fa\u010dink\u016f, kter\u00e9 lze pozorovat b\u011bhem l\u00e9\u010dby. Z\u00e1vis\u00ed na individu\u00e1ln\u00edch zvl\u00e1\u0161tnostech. Pokud zaznamen\u00e1te n\u011bkter\u00e9 z t\u011bchto p\u0159\u00edznak\u016f, mus\u00edte okam\u017eit\u011b nav\u0161t\u00edvit l\u00e9ka\u0159e: z\u010derven\u00e1n\u00ed obli\u010deje, siln\u00e1 bolest hlavy, nevolnost, probl\u00e9my se sluchem, ucpan\u00fd nos, prodlou\u017een\u00e1 erekce, bolest v t\u011ble a t\u011b\u017ek\u00e1 ztr\u00e1ta zraku a sluchu.<\/p>\n<p>L\u00e9kov\u00e9 interakce<\/p>\n<p>Sextreme Power XL se slo\u017ekami Dapoxetine interaguj\u00ed s \u0159adou dal\u0161\u00edch chemick\u00fdch l\u00e1tek. Tento l\u00e9k byste nem\u011bli u\u017e\u00edvat se speci\u00e1ln\u00edmi l\u00e9ky uveden\u00fdmi n\u00ed\u017ee: nitroprusidov\u00e9 l\u00e9ky, amylnitr\u00e1t, antidepresiva, l\u00e9ky zvy\u0161uj\u00edc\u00ed hladinu serotoninu, tramadol, linezolid, n\u011bkter\u00e9 HIV l\u00e1tky. Pamatujte, \u017ee po terapii Sextreme Power XL s dapoxetinem mus\u00ed uplynout asi 7 dn\u00ed, ne\u017e budete moci tyto l\u00e9ky u\u017e\u00edvat.<\/p>\n<p>Vynechan\u00e1 d\u00e1vka<\/p>\n<p>P\u0159i vynech\u00e1n\u00ed d\u00e1vky se dr\u017ete sv\u00e9ho obvykl\u00e9ho sch\u00e9matu l\u00e9\u010dby a vynechanou porci jednodu\u0161e vynechejte . Nikdy neu\u017e\u00edvejte dvojn\u00e1sobnou d\u00e1vku, proto\u017ee to m\u016f\u017ee v\u00e9st k p\u0159ed\u00e1vkov\u00e1n\u00ed. Pamatujte, \u017ee bezpe\u010dn\u00e9 doporu\u010den\u00e9 d\u00e1vkov\u00e1n\u00ed p\u0159edpokl\u00e1d\u00e1 u\u017e\u00edv\u00e1n\u00ed pouze jedn\u00e9 tablety denn\u011b.<\/p>\n<p>P\u0159ed\u00e1vkov\u00e1n\u00ed<\/p>\n<p>Siln\u00e9 p\u0159\u00edznaky p\u0159ed\u00e1vkov\u00e1n\u00ed mohou b\u00fdt nebezpe\u010dn\u00e9 pro v\u00e1\u0161 \u017eivot. Proto se p\u0159i podez\u0159en\u00ed na p\u0159ed\u00e1vkov\u00e1n\u00ed mus\u00edte obr\u00e1tit na odbornou l\u00e9ka\u0159skou slu\u017ebu. Vlivy velk\u00fdch porc\u00ed mohou b\u00fdt charakterizov\u00e1ny z\u00e1va\u017en\u00fdmi vedlej\u0161\u00edmi \u00fa\u010dinky, kter\u00e9 trvaj\u00ed dlouhou dobu.<\/p>\n<p>Skladov\u00e1n\u00ed<\/p>\n<p>Skladujte pilulky mimo dosah mal\u00fdch d\u011bt\u00ed a dom\u00e1c\u00edch mazl\u00ed\u010dk\u016f. Such\u00e1, tmav\u00e1 m\u00edsta s pr\u016fm\u011brnou dom\u00e1c\u00ed teplotou jsou pova\u017eov\u00e1na za nejlep\u0161\u00ed podm\u00ednky pro skladov\u00e1n\u00ed. Je rozumn\u00e9 ponechat pilulky v p\u016fvodn\u00edm balen\u00ed.<\/p>\n<p>Z\u0159eknut\u00ed se odpov\u011bdnosti<\/p>\n<p>Poskytujeme pouze obecn\u00e9 informace o l\u00e9c\u00edch, kter\u00e9 nepokr\u00fdvaj\u00ed v\u0161echny pokyny, mo\u017en\u00e9 integrace l\u00e9k\u016f nebo preventivn\u00ed opat\u0159en\u00ed. Informace na m\u00edst\u011b nelze pou\u017e\u00edt pro samol\u00e9\u010dbu a autodiagnostiku. Jak\u00e9koli specifick\u00e9 pokyny pro konkr\u00e9tn\u00edho pacienta by m\u011bly b\u00fdt dohodnuty se sv\u00fdm zdravotn\u00edm poradcem nebo l\u00e9ka\u0159em, kter\u00fd m\u00e1 na starosti dan\u00fd p\u0159\u00edpad. Odm\u00edt\u00e1me spolehlivost t\u011bchto informac\u00ed a chyby, kter\u00e9 by mohly obsahovat. Nejsme zodpov\u011bdn\u00ed za \u017e\u00e1dn\u00e9 p\u0159\u00edm\u00e9, nep\u0159\u00edm\u00e9, zvl\u00e1\u0161tn\u00ed nebo jin\u00e9 nep\u0159\u00edm\u00e9 \u0161kody v d\u016fsledku jak\u00e9hokoli pou\u017eit\u00ed informac\u00ed na t\u011bchto str\u00e1nk\u00e1ch a tak\u00e9 za n\u00e1sledky samol\u00e9\u010dby.<\/p>\n","protected":false},"excerpt":{"rendered":"<p>Tablety Sextreme Power Generic XL jsou kombinac\u00ed Sildenafil Citrate 100 mg a Dapoxetine Hydrochloride 60 mg. Tento l\u00e9k lze aplikovat u obou typ\u016f pacient\u016f, kte\u0159\u00ed \u010del\u00ed erektiln\u00ed dysfunkci a p\u0159ed\u010dasn\u00e9 ejakulaci.<\/p>\n","protected":false},"featured_media":6248,"comment_status":"open","ping_status":"closed","template":"","meta":[],"product_brand":[],"product_cat":[231],"product_tag":[],"class_list":{"0":"post-4016","1":"product","2":"type-product","3":"status-publish","4":"has-post-thumbnail","6":"product_cat-predcasna-ejakulace-cs","7":"pa_active_substance-dapoxetine","8":"pa_active_substance-sildenafil","10":"first","11":"instock","12":"shipping-taxable","13":"product-type-simple"},"jetpack_sharing_enabled":true,"_links":{"self":[{"href":"https:\/\/www.pharmacy-content.com\/index.php?rest_route=\/wp\/v2\/product\/4016","targetHints":{"allow":["GET"]}}],"collection":[{"href":"https:\/\/www.pharmacy-content.com\/index.php?rest_route=\/wp\/v2\/product"}],"about":[{"href":"https:\/\/www.pharmacy-content.com\/index.php?rest_route=\/wp\/v2\/types\/product"}],"replies":[{"embeddable":true,"href":"https:\/\/www.pharmacy-content.com\/index.php?rest_route=%2Fwp%2Fv2%2Fcomments&post=4016"}],"wp:featuredmedia":[{"embeddable":true,"href":"https:\/\/www.pharmacy-content.com\/index.php?rest_route=\/wp\/v2\/media\/6248"}],"wp:attachment":[{"href":"https:\/\/www.pharmacy-content.com\/index.php?rest_route=%2Fwp%2Fv2%2Fmedia&parent=4016"}],"wp:term":[{"taxonomy":"product_brand","embeddable":true,"href":"https:\/\/www.pharmacy-content.com\/index.php?rest_route=%2Fwp%2Fv2%2Fproduct_brand&post=4016"},{"taxonomy":"product_cat","embeddable":true,"href":"https:\/\/www.pharmacy-content.com\/index.php?rest_route=%2Fwp%2Fv2%2Fproduct_cat&post=4016"},{"taxonomy":"product_tag","embeddable":true,"href":"https:\/\/www.pharmacy-content.com\/index.php?rest_route=%2Fwp%2Fv2%2Fproduct_tag&post=4016"}],"curies":[{"name":"wp","href":"https:\/\/api.w.org\/{rel}","templated":true}]}}