{"id":3833,"date":"2026-04-22T06:51:03","date_gmt":"2026-04-22T06:51:03","guid":{"rendered":""},"modified":"2026-04-22T06:51:05","modified_gmt":"2026-04-22T06:51:05","slug":"viagra-oral-jelly-10","status":"publish","type":"product","link":"https:\/\/www.pharmacy-content.com\/?product=viagra-oral-jelly-10&lang=cs","title":{"rendered":"Viagra Oral Jelly"},"content":{"rendered":"<p>P\u0159i po\u0159izov\u00e1n\u00ed l\u00e9\u010div\u00fdch p\u0159\u00edpravk\u016f obnovuj\u00edc\u00edch sexu\u00e1ln\u00ed v\u00fdkonnost je t\u0159eba zvolit nejen \u00fa\u010dinn\u00e9 a bezpe\u010dn\u00e9 l\u00e9ky, ale i l\u00e9ky, kter\u00e9 se pohodln\u011b u\u017e\u00edvaj\u00ed. V sou\u010dasn\u00e9 dob\u011b je na trhu k dispozici spousta \u00fa\u010dinn\u00fdch metod a l\u00e9\u010div\u00fdch prost\u0159edk\u016f pom\u00e1haj\u00edc\u00edch p\u0159i zbavov\u00e1n\u00ed se probl\u00e9mu, jako je oslaben\u00e1 erekce. Velk\u00e9mu z\u00e1jmu se t\u011b\u0161\u00ed gel Viagra, kter\u00fd je relativn\u011b novinkou, funguje ale t\u00e9m\u011b\u0159 identicky jako tradi\u010dn\u00ed modr\u00e9 tablety. V\u00fdjimkou mezi jeho vlastnostmi je rychlost n\u00e1stupu \u00fa\u010dinku. Viagra ve form\u011b gelu je stejn\u011b jako sildenafil inhibitor fosfodiester\u00e1zy typu 5 vyvinut\u00fd specialisty na mu\u017ee, kte\u0159\u00ed necht\u011bj\u00ed u\u017e\u00edvat tablety kv\u016fli zvracec\u00edmu reflexu, ke kter\u00e9mu p\u0159i jejich u\u017e\u00edv\u00e1n\u00ed doch\u00e1z\u00ed. Tento l\u00e9\u010div\u00fd p\u0159\u00edpravek pat\u0159\u00ed mezi generika ur\u010den\u00e1 ke zv\u00fd\u0161en\u00ed potence, p\u0159i\u010dem\u017e ve srovn\u00e1n\u00ed s origin\u00e1ln\u00edmi tabletami m\u00e1 gel n\u011bkolik v\u00fdhod. Jeho u\u017e\u00edv\u00e1n\u00ed je pohodln\u00e9, m\u00e1 p\u0159\u00edjemnou chu\u0165 a v\u016fni, p\u016fsob\u00ed rychleji ne\u017e tablety, je cenov\u011b dostupn\u00fd a vst\u0159eb\u00e1v\u00e1 se do krevn\u00edho ob\u011bhu v kr\u00e1tk\u00e9m \u010dasov\u00e9m \u00faseku. Viagra Oral Jelly je v\u00fdhodnou alternativou klasick\u00e9ho sildenafilu a u z\u00e1stupc\u016f siln\u011bj\u0161\u00edho pohlav\u00ed \u00fasp\u011b\u0161n\u011b eliminuje p\u0159\u00edznaky impotence.<\/p>\n","protected":false},"excerpt":{"rendered":"<p>Viagra Oral Jelly \u2013 nov\u00e9 forma l\u00e9ku Viagra. Sildenafil \u2013 100 mg. Je p\u0159edepisov\u00e1n mu\u017e\u016fm se sn\u00ed\u017eenou impotenc\u00ed. Pom\u00e1h\u00e1 s obnoven\u00edm libida a povzbuzen\u00edm sexu\u00e1ln\u00edch aktivit. Urychluje proces vzru\u0161en\u00ed reproduk\u010dn\u00edho syst\u00e9mu. Zvy\u0161uje erekci. V\u00fdrazn\u011b prodlu\u017euje d\u00e9lku trv\u00e1n\u00ed pohlavn\u00edho styku. Krom\u011b toho m\u00e1 tento l\u00e9k i rozmanit\u00e9 p\u0159\u00edjemn\u00e9 p\u0159\u00edchut\u011b a d\u00e1 se pohodln\u011b nosit v kapse nebo kabelce. Posp\u011b\u0161te si a vyzkou\u0161ejte ho!<\/p>\n","protected":false},"featured_media":3779,"comment_status":"open","ping_status":"closed","template":"","meta":[],"product_brand":[],"product_cat":[141],"product_tag":[],"class_list":{"0":"post-3833","1":"product","2":"type-product","3":"status-publish","4":"has-post-thumbnail","6":"product_cat-erektilni-dysfunkce-cs","7":"pa_active_substance-sildenafil","9":"first","10":"instock","11":"shipping-taxable","12":"product-type-variable"},"jetpack_sharing_enabled":true,"_links":{"self":[{"href":"https:\/\/www.pharmacy-content.com\/index.php?rest_route=\/wp\/v2\/product\/3833","targetHints":{"allow":["GET"]}}],"collection":[{"href":"https:\/\/www.pharmacy-content.com\/index.php?rest_route=\/wp\/v2\/product"}],"about":[{"href":"https:\/\/www.pharmacy-content.com\/index.php?rest_route=\/wp\/v2\/types\/product"}],"replies":[{"embeddable":true,"href":"https:\/\/www.pharmacy-content.com\/index.php?rest_route=%2Fwp%2Fv2%2Fcomments&post=3833"}],"wp:featuredmedia":[{"embeddable":true,"href":"https:\/\/www.pharmacy-content.com\/index.php?rest_route=\/wp\/v2\/media\/3779"}],"wp:attachment":[{"href":"https:\/\/www.pharmacy-content.com\/index.php?rest_route=%2Fwp%2Fv2%2Fmedia&parent=3833"}],"wp:term":[{"taxonomy":"product_brand","embeddable":true,"href":"https:\/\/www.pharmacy-content.com\/index.php?rest_route=%2Fwp%2Fv2%2Fproduct_brand&post=3833"},{"taxonomy":"product_cat","embeddable":true,"href":"https:\/\/www.pharmacy-content.com\/index.php?rest_route=%2Fwp%2Fv2%2Fproduct_cat&post=3833"},{"taxonomy":"product_tag","embeddable":true,"href":"https:\/\/www.pharmacy-content.com\/index.php?rest_route=%2Fwp%2Fv2%2Fproduct_tag&post=3833"}],"curies":[{"name":"wp","href":"https:\/\/api.w.org\/{rel}","templated":true}]}}